{"id":2628,"date":"2022-12-12T14:01:50","date_gmt":"2022-12-12T14:01:50","guid":{"rendered":"https:\/\/ivinj.com\/?page_id=2628"},"modified":"2025-01-13T10:09:00","modified_gmt":"2025-01-13T10:09:00","slug":"proslava-blagdana-sv-martina","status":"publish","type":"page","link":"https:\/\/ivinj.com\/en\/proslava-blagdana-sv-martina\/","title":{"rendered":"CELEBRATION OF THE FEAST OF ST. MARTIN"},"content":{"rendered":"\t\t<div data-elementor-type=\"wp-page\" data-elementor-id=\"2628\" class=\"elementor elementor-2628\">\n\t\t\t\t<div class=\"elementor-element elementor-element-34b5681 e-flex e-con-boxed wpr-particle-no wpr-jarallax-no wpr-parallax-no wpr-sticky-section-no wpr-equal-height-no e-con e-parent\" data-id=\"34b5681\" data-element_type=\"container\" data-e-type=\"container\" data-settings=\"{&quot;background_background&quot;:&quot;classic&quot;}\">\n\t\t\t\t\t<div class=\"e-con-inner\">\n\t\t\t\t<div class=\"elementor-element elementor-element-1a1f471 elementor-widget elementor-widget-page-title\" data-id=\"1a1f471\" data-element_type=\"widget\" data-e-type=\"widget\" data-settings=\"{&quot;align_mobile&quot;:&quot;center&quot;}\" data-widget_type=\"page-title.default\">\n\t\t\t\t<div class=\"elementor-widget-container\">\n\t\t\t\t\t\t\t\n\t\t<div class=\"hfe-page-title hfe-page-title-wrapper elementor-widget-heading\">\n\n\t\t\t\t\t\t\t\t\t\t\t<a href=\"https:\/\/ivinj.com\/en\">\n\t\t\t\t\t\t<h2 class=\"elementor-heading-title elementor-size-default\">\n\t\t\t\t\t\t\t\t\n\t\t\t\tPROSLAVA BLAGDANA SVETOG MARTINA  \n\t\t\t<\/h2 > \n\t\t\t\t\t\t\t\t\t<\/a>\n\t\t\t\t\t<\/div>\n\t\t\t\t\t\t<\/div>\n\t\t\t\t<\/div>\n\t\t\t\t<div class=\"elementor-element elementor-element-d660cff elementor-widget elementor-widget-hfe-breadcrumbs-widget\" data-id=\"d660cff\" data-element_type=\"widget\" data-e-type=\"widget\" data-widget_type=\"hfe-breadcrumbs-widget.default\">\n\t\t\t\t<div class=\"elementor-widget-container\">\n\t\t\t\t\t<nav aria-label=\"Breadcrumb\"><ul class=\"hfe-breadcrumbs hfe-breadcrumbs-show-home\"><li class=\"hfe-breadcrumbs-item hfe-breadcrumbs-first\"><span class=\"hfe-breadcrumbs-home-icon\"><\/span><a href=\"https:\/\/ivinj.com\/en\"><span class=\"hfe-breadcrumbs-text\">NASLOVNICA<\/span><\/a><\/li><\/ul><\/nav>\t\t\t\t<\/div>\n\t\t\t\t<\/div>\n\t\t\t\t\t<\/div>\n\t\t\t\t<\/div>\n\t\t\t\t<section class=\"elementor-section elementor-top-section elementor-element elementor-element-5dc35547 elementor-section-boxed elementor-section-height-default elementor-section-height-default wpr-particle-no wpr-jarallax-no wpr-parallax-no wpr-sticky-section-no wpr-equal-height-no\" data-id=\"5dc35547\" data-element_type=\"section\" data-e-type=\"section\">\n\t\t\t\t\t\t<div class=\"elementor-container elementor-column-gap-default\">\n\t\t\t\t\t<div class=\"elementor-column elementor-col-100 elementor-top-column elementor-element elementor-element-1fb36155\" data-id=\"1fb36155\" data-element_type=\"column\" data-e-type=\"column\">\n\t\t\t<div class=\"elementor-widget-wrap elementor-element-populated\">\n\t\t\t\t\t\t<div class=\"elementor-element elementor-element-228fa217 acenter elementor-widget elementor-widget-wgl-double-heading\" data-id=\"228fa217\" data-element_type=\"widget\" data-e-type=\"widget\" data-widget_type=\"wgl-double-heading.default\">\n\t\t\t\t<div class=\"elementor-widget-container\">\n\t\t\t\t\t<div class=\"wgl-double-heading\"><div class=\"dblh__subtitle\">11. studeni<\/div><h3 class=\"dblh__title-wrapper\"><span class=\"dblh__title dblh__title-1\">Blagdan Svetog Martina<\/span><\/h3><\/div>\t\t\t\t<\/div>\n\t\t\t\t<\/div>\n\t\t\t\t<div class=\"elementor-element elementor-element-46a6c612 elementor-widget__width-initial elementor-widget elementor-widget-text-editor\" data-id=\"46a6c612\" data-element_type=\"widget\" data-e-type=\"widget\" data-widget_type=\"text-editor.default\">\n\t\t\t\t<div class=\"elementor-widget-container\">\n\t\t\t\t\t\t\t\t\t<p><span>Sveti Martin za\u0161titnik je Op\u0107ine Tisno, pa se ti dani uvijek obilje\u017eavaju uz vi\u0161ednevni bogati program za djecu i odrasle. Nakon misnog slavlja, slijedi proslava blagdana Svetog Martina koja se odr\u017eava u blizini arheolo\u0161kog nalazi\u0161ta i crkve koja je ime dobila po njemu. Na sljede\u0107ih nekoliko fotografija mo\u017eete vidjeti kako to izgleda svakog 11. studenog u Op\u0107ini Tisno. <\/span><\/p>\t\t\t\t\t\t\t\t<\/div>\n\t\t\t\t<\/div>\n\t\t\t\t<div class=\"elementor-element elementor-element-d635725 elementor-widget elementor-widget-spacer\" data-id=\"d635725\" data-element_type=\"widget\" data-e-type=\"widget\" data-widget_type=\"spacer.default\">\n\t\t\t\t<div class=\"elementor-widget-container\">\n\t\t\t\t\t\t\t<div class=\"elementor-spacer\">\n\t\t\t<div class=\"elementor-spacer-inner\"><\/div>\n\t\t<\/div>\n\t\t\t\t\t\t<\/div>\n\t\t\t\t<\/div>\n\t\t\t\t<div class=\"elementor-element elementor-element-2b1818af elementor-widget elementor-widget-wgl-portfolio\" data-id=\"2b1818af\" data-element_type=\"widget\" data-e-type=\"widget\" data-widget_type=\"wgl-portfolio.default\">\n\t\t\t\t<div class=\"elementor-widget-container\">\n\t\t\t\t\t<section class=\"wgl_cpt_section\"><div class=\"wgl-portfolio\" id=\"portfolio_module_69f25f27784b9\"><div class=\"wgl-portfolio_wrapper\"><div class=\"wgl-portfolio_container container-grid row grid col-3\"><article class=\"portfolio__item item proslava\"><div class=\"item__wrapper gallery_mode\"><div class=\"item__image\"><img decoding=\"async\" src=\"https:\/\/ivinj.com\/wp-content\/uploads\/2022\/12\/DSC_6826-1170x690.jpg\" alt=\"\"><\/div><a href=\"https:\/\/ivinj.com\/wp-content\/uploads\/2022\/12\/DSC_6826.jpg\" class=\"overlay\" data-elementor-open-lightbox=\"yes\" data-elementor-lightbox-slideshow=\"portfolio_module_69f25f27784b9\"><i aria-hidden=\"true\" class=\"flaticon flaticon-loupe\"><\/i><\/a><\/div><\/article><article class=\"portfolio__item item proslava\"><div class=\"item__wrapper gallery_mode\"><div class=\"item__image\"><img decoding=\"async\" src=\"https:\/\/ivinj.com\/wp-content\/uploads\/2022\/12\/DSC_6858-1170x690.jpg\" alt=\"\"><\/div><a href=\"https:\/\/ivinj.com\/wp-content\/uploads\/2022\/12\/DSC_6858.jpg\" class=\"overlay\" data-elementor-open-lightbox=\"yes\" data-elementor-lightbox-slideshow=\"portfolio_module_69f25f27784b9\"><i aria-hidden=\"true\" class=\"flaticon flaticon-loupe\"><\/i><\/a><\/div><\/article><article class=\"portfolio__item item proslava\"><div class=\"item__wrapper gallery_mode\"><div class=\"item__image\"><img decoding=\"async\" src=\"https:\/\/ivinj.com\/wp-content\/uploads\/2022\/12\/DSC_6861-1170x690.jpg\" alt=\"\"><\/div><a href=\"https:\/\/ivinj.com\/wp-content\/uploads\/2022\/12\/DSC_6861.jpg\" class=\"overlay\" data-elementor-open-lightbox=\"yes\" data-elementor-lightbox-slideshow=\"portfolio_module_69f25f27784b9\"><i aria-hidden=\"true\" class=\"flaticon flaticon-loupe\"><\/i><\/a><\/div><\/article><article class=\"portfolio__item item proslava\"><div class=\"item__wrapper gallery_mode\"><div class=\"item__image\"><img decoding=\"async\" src=\"https:\/\/ivinj.com\/wp-content\/uploads\/2022\/12\/DSC_6888-1170x690.jpg\" alt=\"\"><\/div><a href=\"https:\/\/ivinj.com\/wp-content\/uploads\/2022\/12\/DSC_6888.jpg\" class=\"overlay\" data-elementor-open-lightbox=\"yes\" data-elementor-lightbox-slideshow=\"portfolio_module_69f25f27784b9\"><i aria-hidden=\"true\" class=\"flaticon flaticon-loupe\"><\/i><\/a><\/div><\/article><article class=\"portfolio__item item proslava\"><div class=\"item__wrapper gallery_mode\"><div class=\"item__image\"><img decoding=\"async\" src=\"https:\/\/ivinj.com\/wp-content\/uploads\/2022\/12\/DSC_6893-1170x690.jpg\" alt=\"\"><\/div><a href=\"https:\/\/ivinj.com\/wp-content\/uploads\/2022\/12\/DSC_6893.jpg\" class=\"overlay\" data-elementor-open-lightbox=\"yes\" data-elementor-lightbox-slideshow=\"portfolio_module_69f25f27784b9\"><i aria-hidden=\"true\" class=\"flaticon flaticon-loupe\"><\/i><\/a><\/div><\/article><article class=\"portfolio__item item proslava\"><div class=\"item__wrapper gallery_mode\"><div class=\"item__image\"><img decoding=\"async\" src=\"https:\/\/ivinj.com\/wp-content\/uploads\/2022\/12\/DSC_6899-1170x690.jpg\" alt=\"\"><\/div><a href=\"https:\/\/ivinj.com\/wp-content\/uploads\/2022\/12\/DSC_6899.jpg\" class=\"overlay\" data-elementor-open-lightbox=\"yes\" data-elementor-lightbox-slideshow=\"portfolio_module_69f25f27784b9\"><i aria-hidden=\"true\" class=\"flaticon flaticon-loupe\"><\/i><\/a><\/div><\/article><\/div><\/div><div class=\"clear\"><\/div><div class=\"load_more_wrapper\"><div class=\"button_wrapper\"><button class=\"load_more_item\"><span class=\"load_more__text\">U\u010cITAJ VI\u0160E<\/span><\/button><\/div><form class=\"posts_grid_ajax\"><input type=\"hidden\" class=\"ajax_data\" name=\"69f25f277bef6_ajax_data\" value=\"{&quot;remainings_loading_type&quot;:&quot;load_more&quot;,&quot;load_more_text&quot;:&quot;U\\u010cITAJ VI\\u0160E&quot;,&quot;number_of_posts&quot;:6,&quot;_margin&quot;:{&quot;unit&quot;:&quot;px&quot;,&quot;top&quot;:&quot;20&quot;,&quot;right&quot;:&quot;0&quot;,&quot;bottom&quot;:&quot;0&quot;,&quot;left&quot;:&quot;0&quot;,&quot;isLinked&quot;:false},&quot;remainings_loading_btn_items_amount&quot;:3,&quot;gallery_mode_enabled&quot;:&quot;yes&quot;,&quot;taxonomies&quot;:[&quot;portfolio-category:proslava&quot;],&quot;img_size_string&quot;:&quot;full&quot;,&quot;order&quot;:&quot;ASC&quot;,&quot;layout&quot;:&quot;grid&quot;,&quot;posts_per_row&quot;:3,&quot;grid_gap&quot;:30,&quot;order_by&quot;:&quot;date&quot;,&quot;images_grayscale_idle&quot;:{&quot;unit&quot;:&quot;px&quot;,&quot;size&quot;:&quot;&quot;,&quot;sizes&quot;:[]},&quot;images_grayscale_hover&quot;:{&quot;unit&quot;:&quot;px&quot;,&quot;size&quot;:&quot;&quot;,&quot;sizes&quot;:[]},&quot;cat_margin&quot;:{&quot;unit&quot;:&quot;px&quot;,&quot;top&quot;:&quot;&quot;,&quot;right&quot;:&quot;&quot;,&quot;bottom&quot;:&quot;&quot;,&quot;left&quot;:&quot;&quot;,&quot;isLinked&quot;:true},&quot;cat_radius&quot;:{&quot;unit&quot;:&quot;px&quot;,&quot;top&quot;:&quot;&quot;,&quot;right&quot;:&quot;&quot;,&quot;bottom&quot;:&quot;&quot;,&quot;left&quot;:&quot;&quot;,&quot;isLinked&quot;:true},&quot;cat_padding_idle&quot;:{&quot;unit&quot;:&quot;px&quot;,&quot;top&quot;:&quot;&quot;,&quot;right&quot;:&quot;&quot;,&quot;bottom&quot;:&quot;&quot;,&quot;left&quot;:&quot;&quot;,&quot;isLinked&quot;:true},&quot;cat_padding_hover&quot;:{&quot;unit&quot;:&quot;px&quot;,&quot;top&quot;:&quot;&quot;,&quot;right&quot;:&quot;&quot;,&quot;bottom&quot;:&quot;&quot;,&quot;left&quot;:&quot;&quot;,&quot;isLinked&quot;:true},&quot;load_more_alignment&quot;:&quot;center&quot;,&quot;load_more_margin&quot;:{&quot;unit&quot;:&quot;px&quot;,&quot;top&quot;:&quot;&quot;,&quot;right&quot;:&quot;&quot;,&quot;bottom&quot;:&quot;&quot;,&quot;left&quot;:&quot;&quot;,&quot;isLinked&quot;:true},&quot;load_more_padding&quot;:{&quot;unit&quot;:&quot;px&quot;,&quot;top&quot;:&quot;&quot;,&quot;right&quot;:&quot;&quot;,&quot;bottom&quot;:&quot;&quot;,&quot;left&quot;:&quot;&quot;,&quot;isLinked&quot;:true},&quot;load_more_radius&quot;:{&quot;unit&quot;:&quot;px&quot;,&quot;top&quot;:&quot;&quot;,&quot;right&quot;:&quot;&quot;,&quot;bottom&quot;:&quot;&quot;,&quot;left&quot;:&quot;&quot;,&quot;isLinked&quot;:true},&quot;_padding&quot;:{&quot;unit&quot;:&quot;px&quot;,&quot;top&quot;:&quot;&quot;,&quot;right&quot;:&quot;&quot;,&quot;bottom&quot;:&quot;&quot;,&quot;left&quot;:&quot;&quot;,&quot;isLinked&quot;:true},&quot;_transform_keep_proportions&quot;:&quot;yes&quot;,&quot;_transform_keep_proportions_hover&quot;:&quot;yes&quot;,&quot;_transform_transition_hover&quot;:{&quot;unit&quot;:&quot;px&quot;,&quot;size&quot;:&quot;&quot;,&quot;sizes&quot;:[]},&quot;_background_hover_transition&quot;:{&quot;unit&quot;:&quot;px&quot;,&quot;size&quot;:&quot;&quot;,&quot;sizes&quot;:[]},&quot;_border_radius&quot;:{&quot;unit&quot;:&quot;px&quot;,&quot;top&quot;:&quot;&quot;,&quot;right&quot;:&quot;&quot;,&quot;bottom&quot;:&quot;&quot;,&quot;left&quot;:&quot;&quot;,&quot;isLinked&quot;:true},&quot;_border_radius_hover&quot;:{&quot;unit&quot;:&quot;px&quot;,&quot;top&quot;:&quot;&quot;,&quot;right&quot;:&quot;&quot;,&quot;bottom&quot;:&quot;&quot;,&quot;left&quot;:&quot;&quot;,&quot;isLinked&quot;:true},&quot;_border_hover_transition&quot;:{&quot;unit&quot;:&quot;px&quot;,&quot;size&quot;:&quot;&quot;,&quot;sizes&quot;:[]},&quot;module_id&quot;:&quot;portfolio_module_69f25f27784b9&quot;,&quot;query_args&quot;:{&quot;post_status&quot;:&quot;publish&quot;,&quot;posts_per_page&quot;:6,&quot;tax_query&quot;:{&quot;relation&quot;:&quot;AND&quot;,&quot;0&quot;:{&quot;field&quot;:&quot;slug&quot;,&quot;taxonomy&quot;:&quot;portfolio-category&quot;,&quot;terms&quot;:[&quot;proslava&quot;],&quot;operator&quot;:&quot;IN&quot;}},&quot;order&quot;:&quot;ASC&quot;,&quot;orderby&quot;:&quot;date&quot;,&quot;paged&quot;:1,&quot;post_type&quot;:&quot;portfolio&quot;},&quot;post_count&quot;:6,&quot;found_posts&quot;:6,&quot;masonry_post_index&quot;:6}\"><\/form><\/div><\/div><\/section>\t\t\t\t<\/div>\n\t\t\t\t<\/div>\n\t\t\t\t<div class=\"elementor-element elementor-element-42eff3de elementor-widget elementor-widget-spacer\" data-id=\"42eff3de\" data-element_type=\"widget\" data-e-type=\"widget\" data-widget_type=\"spacer.default\">\n\t\t\t\t<div class=\"elementor-widget-container\">\n\t\t\t\t\t\t\t<div class=\"elementor-spacer\">\n\t\t\t<div class=\"elementor-spacer-inner\"><\/div>\n\t\t<\/div>\n\t\t\t\t\t\t<\/div>\n\t\t\t\t<\/div>\n\t\t\t\t\t<\/div>\n\t\t<\/div>\n\t\t\t\t\t<\/div>\n\t\t<\/section>\n\t\t\t\t<\/div>\n\t\t","protected":false},"excerpt":{"rendered":"<p>PROSLAVA BLAGDANA SVETOG MARTINA NASLOVNICA 11. studeni Blagdan Svetog Martina Sveti Martin za\u0161titnik je Op\u0107ine Tisno, pa se ti dani uvijek obilje\u017eavaju uz vi\u0161ednevni bogati program za djecu i odrasle. Nakon misnog slavlja, slijedi proslava blagdana Svetog Martina koja se odr\u017eava u blizini arheolo\u0161kog nalazi\u0161ta i crkve koja je ime dobila po njemu. Na sljede\u0107ih nekoliko fotografija mo\u017eete vidjeti kako to izgleda svakog 11. studenog u Op\u0107ini Tisno. U\u010cITAJ VI\u0160E<\/p>","protected":false},"author":1,"featured_media":0,"parent":0,"menu_order":0,"comment_status":"closed","ping_status":"closed","template":"elementor_header_footer","meta":{"footnotes":""},"class_list":["post-2628","page","type-page","status-publish","hentry"],"_links":{"self":[{"href":"https:\/\/ivinj.com\/en\/wp-json\/wp\/v2\/pages\/2628","targetHints":{"allow":["GET"]}}],"collection":[{"href":"https:\/\/ivinj.com\/en\/wp-json\/wp\/v2\/pages"}],"about":[{"href":"https:\/\/ivinj.com\/en\/wp-json\/wp\/v2\/types\/page"}],"author":[{"embeddable":true,"href":"https:\/\/ivinj.com\/en\/wp-json\/wp\/v2\/users\/1"}],"replies":[{"embeddable":true,"href":"https:\/\/ivinj.com\/en\/wp-json\/wp\/v2\/comments?post=2628"}],"version-history":[{"count":30,"href":"https:\/\/ivinj.com\/en\/wp-json\/wp\/v2\/pages\/2628\/revisions"}],"predecessor-version":[{"id":5443,"href":"https:\/\/ivinj.com\/en\/wp-json\/wp\/v2\/pages\/2628\/revisions\/5443"}],"wp:attachment":[{"href":"https:\/\/ivinj.com\/en\/wp-json\/wp\/v2\/media?parent=2628"}],"curies":[{"name":"wp","href":"https:\/\/api.w.org\/{rel}","templated":true}]}}