{"id":2643,"date":"2022-12-12T14:44:51","date_gmt":"2022-12-12T14:44:51","guid":{"rendered":"https:\/\/ivinj.com\/?page_id=2643"},"modified":"2025-01-13T10:06:06","modified_gmt":"2025-01-13T10:06:06","slug":"od-argonaute-za-tisno","status":"publish","type":"page","link":"https:\/\/ivinj.com\/en\/od-argonaute-za-tisno\/","title":{"rendered":"From Argonauta for Tisno 2022."},"content":{"rendered":"<div data-elementor-type=\"wp-page\" data-elementor-id=\"2643\" class=\"elementor elementor-2643\">\n\t\t\t\t<div class=\"elementor-element elementor-element-93d8af1 e-flex e-con-boxed wpr-particle-no wpr-jarallax-no wpr-parallax-no wpr-sticky-section-no wpr-equal-height-no e-con e-parent\" data-id=\"93d8af1\" data-element_type=\"container\" data-e-type=\"container\" data-settings=\"{&quot;background_background&quot;:&quot;classic&quot;}\">\n\t\t\t\t\t<div class=\"e-con-inner\">\n\t\t\t\t<div class=\"elementor-element elementor-element-4b8d476 elementor-widget elementor-widget-page-title\" data-id=\"4b8d476\" data-element_type=\"widget\" data-e-type=\"widget\" data-settings=\"{&quot;align_mobile&quot;:&quot;center&quot;}\" data-widget_type=\"page-title.default\">\n\t\t\t\t<div class=\"elementor-widget-container\">\n\t\t\t\t\t\t\t\n\t\t<div class=\"hfe-page-title hfe-page-title-wrapper elementor-widget-heading\">\n\n\t\t\t\t\t\t\t\t\t\t\t<a href=\"https:\/\/ivinj.com\/en\">\n\t\t\t\t\t\t<h2 class=\"elementor-heading-title elementor-size-default\">\n\t\t\t\t\t\t\t\t\n\t\t\t\tFrom Argonauta for Tisno 2022.  \n\t\t\t<\/h2> \n\t\t\t\t\t\t\t\t\t<\/a>\n\t\t\t\t\t<\/div>\n\t\t\t\t\t\t<\/div>\n\t\t\t\t<\/div>\n\t\t\t\t<div class=\"elementor-element elementor-element-d956480 elementor-widget elementor-widget-hfe-breadcrumbs-widget\" data-id=\"d956480\" data-element_type=\"widget\" data-e-type=\"widget\" data-widget_type=\"hfe-breadcrumbs-widget.default\">\n\t\t\t\t<div class=\"elementor-widget-container\">\n\t\t\t\t\t<nav aria-label=\"Breadcrumb\"><ul class=\"hfe-breadcrumbs hfe-breadcrumbs-show-home\"><li class=\"hfe-breadcrumbs-item hfe-breadcrumbs-first\"><span class=\"hfe-breadcrumbs-home-icon\"><\/span><a href=\"https:\/\/ivinj.com\/en\"><span class=\"hfe-breadcrumbs-text\">HOME PAGE<\/span><\/a><\/li><\/ul><\/nav>\t\t\t\t<\/div>\n\t\t\t\t<\/div>\n\t\t\t\t\t<\/div>\n\t\t\t\t<\/div>\n\t\t\t\t<section class=\"elementor-section elementor-top-section elementor-element elementor-element-43fd9132 elementor-reverse-tablet elementor-reverse-mobile elementor-section-boxed elementor-section-height-default elementor-section-height-default wpr-particle-no wpr-jarallax-no wpr-parallax-no wpr-sticky-section-no wpr-equal-height-no\" data-id=\"43fd9132\" data-element_type=\"section\" data-e-type=\"section\">\n\t\t\t\t\t\t<div class=\"elementor-container elementor-column-gap-default\">\n\t\t\t\t\t<div class=\"elementor-column elementor-col-100 elementor-top-column elementor-element elementor-element-32f57ef1\" data-id=\"32f57ef1\" data-element_type=\"column\" data-e-type=\"column\">\n\t\t\t<div class=\"elementor-widget-wrap elementor-element-populated\">\n\t\t\t\t\t\t<div class=\"elementor-element elementor-element-31f1e74b aleft elementor-widget elementor-widget-wgl-double-heading\" data-id=\"31f1e74b\" data-element_type=\"widget\" data-e-type=\"widget\" data-widget_type=\"wgl-double-heading.default\">\n\t\t\t\t<div class=\"elementor-widget-container\">\n\t\t\t\t\t<div class=\"wgl-double-heading\"><h3 class=\"dblh__title-wrapper\"><span class=\"dblh__title dblh__title-1\">From Argonauta for Tisno 2022.<\/span><\/h3><\/div>\t\t\t\t<\/div>\n\t\t\t\t<\/div>\n\t\t\t\t<div class=\"elementor-element elementor-element-51f43c19 elementor-widget elementor-widget-text-editor\" data-id=\"51f43c19\" data-element_type=\"widget\" data-e-type=\"widget\" data-widget_type=\"text-editor.default\">\n\t\t\t\t<div class=\"elementor-widget-container\">\n\t\t\t\t\t\t\t\t\t<p>You know the saying \"if it's not online, it's like it doesn't exist\"?<\/p><p>Guided by her, we decided to digitize the Ti\u0161njan heritage, more precisely the archaeological site next to the church of St. Martin on Ivinje. This archaeological site is located next to the church of St. Martin at the bottom of the Pirova\u010dki canal, records the continuity of the population from the 1st to the 13th century and is one of the most valuable archaeological sites in Dalmatia. After the conducted research and excavations and compliance with the conservator's guidelines, the site was included in the Register of Cultural Properties of the Republic of Croatia and declared a protected cultural property. In 2013, the Municipality of Tisno \"completed the story\" by opening the Archaeological Collection of St. Martin.<\/p>\t\t\t\t\t\t\t\t<\/div>\n\t\t\t\t<\/div>\n\t\t\t\t\t<\/div>\n\t\t<\/div>\n\t\t\t\t\t<\/div>\n\t\t<\/section>\n\t\t\t\t<section class=\"elementor-section elementor-top-section elementor-element elementor-element-30a10546 elementor-section-boxed elementor-section-height-default elementor-section-height-default wpr-particle-no wpr-jarallax-no wpr-parallax-no wpr-sticky-section-no wpr-equal-height-no\" data-id=\"30a10546\" data-element_type=\"section\" data-e-type=\"section\" data-settings=\"{&quot;background_background&quot;:&quot;classic&quot;}\">\n\t\t\t\t\t\t<div class=\"elementor-container elementor-column-gap-default\">\n\t\t\t\t\t<div class=\"elementor-column elementor-col-100 elementor-top-column elementor-element elementor-element-46526ae\" data-id=\"46526ae\" data-element_type=\"column\" data-e-type=\"column\">\n\t\t\t<div class=\"elementor-widget-wrap elementor-element-populated\">\n\t\t\t\t\t\t<div class=\"elementor-element elementor-element-e9ca3d1 elementor-widget__width-initial elementor-widget-tablet__width-inherit aleft elementor-widget elementor-widget-wgl-double-heading\" data-id=\"e9ca3d1\" data-element_type=\"widget\" data-e-type=\"widget\" data-widget_type=\"wgl-double-heading.default\">\n\t\t\t\t<div class=\"elementor-widget-container\">\n\t\t\t\t\t<div class=\"wgl-double-heading\"><div class=\"dblh__subtitle\">Recognition of heritage by the local population is the basis for its valorization and the creation of programs and activities related to the locality. <\/div><\/div>\t\t\t\t<\/div>\n\t\t\t\t<\/div>\n\t\t\t\t\t<\/div>\n\t\t<\/div>\n\t\t\t\t\t<\/div>\n\t\t<\/section>\n\t\t\t\t<section class=\"elementor-section elementor-top-section elementor-element elementor-element-8a9e111 elementor-section-boxed elementor-section-height-default elementor-section-height-default wpr-particle-no wpr-jarallax-no wpr-parallax-no wpr-sticky-section-no wpr-equal-height-no\" data-id=\"8a9e111\" data-element_type=\"section\" data-e-type=\"section\">\n\t\t\t\t\t\t<div class=\"elementor-container elementor-column-gap-default\">\n\t\t\t\t\t<div class=\"elementor-column elementor-col-100 elementor-top-column elementor-element elementor-element-81bb304\" data-id=\"81bb304\" data-element_type=\"column\" data-e-type=\"column\">\n\t\t\t<div class=\"elementor-widget-wrap elementor-element-populated\">\n\t\t\t\t\t\t<div class=\"elementor-element elementor-element-64fc4f6 elementor-widget elementor-widget-text-editor\" data-id=\"64fc4f6\" data-element_type=\"widget\" data-e-type=\"widget\" data-widget_type=\"text-editor.default\">\n\t\t\t\t<div class=\"elementor-widget-container\">\n\t\t\t\t\t\t\t\t\t<p>Although it is located in a place with high traffic, due to the lack of proper signage and lack of information, the locality is unknown to most tourists and visitors, and the local population rarely knows the real value of the locality.<\/p><p>In order to contribute to the valorization of this locality, we decided to create a website in order to finally gather in one place all the materials related to this site and to make the locality more present among the community. Consequently, the level of awareness of the significance of this archaeological site would be raised among the resident population, and then also among tourists and visitors.<\/p>\t\t\t\t\t\t\t\t<\/div>\n\t\t\t\t<\/div>\n\t\t\t\t\t<\/div>\n\t\t<\/div>\n\t\t\t\t\t<\/div>\n\t\t<\/section>\n\t\t\t\t<section class=\"elementor-section elementor-top-section elementor-element elementor-element-3a3d466 elementor-section-boxed elementor-section-height-default elementor-section-height-default wpr-particle-no wpr-jarallax-no wpr-parallax-no wpr-sticky-section-no wpr-equal-height-no\" data-id=\"3a3d466\" data-element_type=\"section\" data-e-type=\"section\">\n\t\t\t\t\t\t<div class=\"elementor-container elementor-column-gap-default\">\n\t\t\t\t\t<div class=\"elementor-column elementor-col-100 elementor-top-column elementor-element elementor-element-e00a41f\" data-id=\"e00a41f\" data-element_type=\"column\" data-e-type=\"column\">\n\t\t\t<div class=\"elementor-widget-wrap elementor-element-populated\">\n\t\t\t\t\t\t<div class=\"elementor-element elementor-element-99d7798 elementor-widget elementor-widget-image\" data-id=\"99d7798\" data-element_type=\"widget\" data-e-type=\"widget\" data-widget_type=\"image.default\">\n\t\t\t\t<div class=\"elementor-widget-container\">\n\t\t\t\t\t\t\t\t\t\t\t\t\t\t\t<img fetchpriority=\"high\" decoding=\"async\" width=\"2560\" height=\"1280\" src=\"https:\/\/ivinj.com\/wp-content\/uploads\/2022\/12\/1820_910_2-scaled.jpg\" class=\"attachment-full size-full wp-image-3008\" alt=\"\" srcset=\"https:\/\/ivinj.com\/wp-content\/uploads\/2022\/12\/1820_910_2-scaled.jpg 2560w, https:\/\/ivinj.com\/wp-content\/uploads\/2022\/12\/1820_910_2-300x150.jpg 300w, https:\/\/ivinj.com\/wp-content\/uploads\/2022\/12\/1820_910_2-1024x512.jpg 1024w, https:\/\/ivinj.com\/wp-content\/uploads\/2022\/12\/1820_910_2-768x384.jpg 768w, https:\/\/ivinj.com\/wp-content\/uploads\/2022\/12\/1820_910_2-1536x768.jpg 1536w, https:\/\/ivinj.com\/wp-content\/uploads\/2022\/12\/1820_910_2-2048x1024.jpg 2048w, https:\/\/ivinj.com\/wp-content\/uploads\/2022\/12\/1820_910_2-1080x540.jpg 1080w\" sizes=\"(max-width: 2560px) 100vw, 2560px\" \/>\t\t\t\t\t\t\t\t\t\t\t\t\t\t\t<\/div>\n\t\t\t\t<\/div>\n\t\t\t\t\t<\/div>\n\t\t<\/div>\n\t\t\t\t\t<\/div>\n\t\t<\/section>\n\t\t\t\t<section class=\"elementor-section elementor-top-section elementor-element elementor-element-4021aa33 elementor-section-boxed elementor-section-height-default elementor-section-height-default wpr-particle-no wpr-jarallax-no wpr-parallax-no wpr-sticky-section-no wpr-equal-height-no\" data-id=\"4021aa33\" data-element_type=\"section\" data-e-type=\"section\" data-settings=\"{&quot;background_background&quot;:&quot;classic&quot;}\">\n\t\t\t\t\t\t<div class=\"elementor-container elementor-column-gap-default\">\n\t\t\t\t\t<div class=\"elementor-column elementor-col-100 elementor-top-column elementor-element elementor-element-54a50253\" data-id=\"54a50253\" data-element_type=\"column\" data-e-type=\"column\">\n\t\t\t<div class=\"elementor-widget-wrap elementor-element-populated\">\n\t\t\t\t\t\t<div class=\"elementor-element elementor-element-711f829a aleft elementor-widget elementor-widget-wgl-double-heading\" data-id=\"711f829a\" data-element_type=\"widget\" data-e-type=\"widget\" data-widget_type=\"wgl-double-heading.default\">\n\t\t\t\t<div class=\"elementor-widget-container\">\n\t\t\t\t\t<div class=\"wgl-double-heading\"><h3 class=\"dblh__title-wrapper\"><span class=\"dblh__title dblh__title-1\">PROJECT INFO<\/span><\/h3><\/div>\t\t\t\t<\/div>\n\t\t\t\t<\/div>\n\t\t\t\t<div class=\"elementor-element elementor-element-3ffe5ccf elementor-view-stacked elementor-shape-circle elementor-widget__width-initial aleft elementor-widget-icon-box wgl-icon-box elementor-widget elementor-widget-wgl-info-box\" data-id=\"3ffe5ccf\" data-element_type=\"widget\" data-e-type=\"widget\" data-widget_type=\"wgl-info-box.default\">\n\t\t\t\t<div class=\"elementor-widget-container\">\n\t\t\t\t\t<div class=\"wgl-infobox\"><div class=\"wgl-infobox_wrapper wgl-layout-left\"><div class=\"media-wrapper icon-wrapper\"><span class=\"wgl-icon\" ><i class=\"icon elementor-icon far fa-list-alt\" aria-hidden=\"true\"><\/i><\/span><\/div><div class=\"content_wrapper\"><div class=\"wgl-infobox-title_wrapper\"><h3 class=\"wgl-infobox_title\"><span class=\"wgl-infobox_title-idle\">Goals:<\/span><\/h3><\/div><div class=\"wgl-infobox_content\"><p>The short-term goal is to present all the natural and cultural heritage associated with the locality on the web platform and social networks. The long-term goal is the structured and planned valorization of the cultural and natural heritage of Tisno for the purpose of protecting and preserving the traditional and environmental heritage for future generations and using it in the tourist offer.<\/p><\/div><\/div><\/div><\/div>\t\t\t\t<\/div>\n\t\t\t\t<\/div>\n\t\t\t\t<div class=\"elementor-element elementor-element-20973c2d elementor-view-stacked elementor-shape-circle elementor-widget__width-initial aleft elementor-widget-icon-box wgl-icon-box elementor-widget elementor-widget-wgl-info-box\" data-id=\"20973c2d\" data-element_type=\"widget\" data-e-type=\"widget\" data-widget_type=\"wgl-info-box.default\">\n\t\t\t\t<div class=\"elementor-widget-container\">\n\t\t\t\t\t<div class=\"wgl-infobox\"><div class=\"wgl-infobox_wrapper wgl-layout-left\"><div class=\"media-wrapper icon-wrapper\"><span class=\"wgl-icon\" ><i class=\"icon elementor-icon far fa-calendar-alt\" aria-hidden=\"true\"><\/i><\/span><\/div><div class=\"content_wrapper\"><div class=\"wgl-infobox-title_wrapper\"><h3 class=\"wgl-infobox_title\"><span class=\"wgl-infobox_title-idle\">Duration:<\/span><\/h3><\/div><div class=\"wgl-infobox_content\"><p>March-December 2022.<\/p><\/div><\/div><\/div><\/div>\t\t\t\t<\/div>\n\t\t\t\t<\/div>\n\t\t\t\t<div class=\"elementor-element elementor-element-5e7b885 elementor-view-stacked elementor-shape-circle elementor-widget__width-initial aleft elementor-widget-icon-box wgl-icon-box elementor-widget elementor-widget-wgl-info-box\" data-id=\"5e7b885\" data-element_type=\"widget\" data-e-type=\"widget\" data-widget_type=\"wgl-info-box.default\">\n\t\t\t\t<div class=\"elementor-widget-container\">\n\t\t\t\t\t<div class=\"wgl-infobox\"><div class=\"wgl-infobox_wrapper wgl-layout-left\"><div class=\"media-wrapper icon-wrapper\"><span class=\"wgl-icon\" ><i class=\"icon elementor-icon far fa-user\" aria-hidden=\"true\"><\/i><\/span><\/div><div class=\"content_wrapper\"><div class=\"wgl-infobox-title_wrapper\"><h3 class=\"wgl-infobox_title\"><span class=\"wgl-infobox_title-idle\">Users:<\/span><\/h3><\/div><div class=\"wgl-infobox_content\"><p>The local population, tourists, visitors<\/p><\/div><\/div><\/div><\/div>\t\t\t\t<\/div>\n\t\t\t\t<\/div>\n\t\t\t\t<div class=\"elementor-element elementor-element-ef473df elementor-view-stacked elementor-shape-circle elementor-widget__width-initial aleft elementor-widget-icon-box wgl-icon-box elementor-widget elementor-widget-wgl-info-box\" data-id=\"ef473df\" data-element_type=\"widget\" data-e-type=\"widget\" data-widget_type=\"wgl-info-box.default\">\n\t\t\t\t<div class=\"elementor-widget-container\">\n\t\t\t\t\t<div class=\"wgl-infobox\"><div class=\"wgl-infobox_wrapper wgl-layout-left\"><div class=\"media-wrapper icon-wrapper\"><span class=\"wgl-icon\" ><i class=\"icon elementor-icon far fa-handshake\" aria-hidden=\"true\"><\/i><\/span><\/div><div class=\"content_wrapper\"><div class=\"wgl-infobox-title_wrapper\"><h3 class=\"wgl-infobox_title\"><span class=\"wgl-infobox_title-idle\">Donor:<\/span><\/h3><\/div><div class=\"wgl-infobox_content\"><p>The municipality of Tisno<\/p><\/div><\/div><\/div><\/div>\t\t\t\t<\/div>\n\t\t\t\t<\/div>\n\t\t\t\t<div class=\"elementor-element elementor-element-1526865 elementor-view-stacked elementor-shape-circle elementor-widget__width-initial aleft elementor-widget-icon-box wgl-icon-box elementor-widget elementor-widget-wgl-info-box\" data-id=\"1526865\" data-element_type=\"widget\" data-e-type=\"widget\" data-widget_type=\"wgl-info-box.default\">\n\t\t\t\t<div class=\"elementor-widget-container\">\n\t\t\t\t\t<div class=\"wgl-infobox\"><div class=\"wgl-infobox_wrapper wgl-layout-left\"><div class=\"media-wrapper icon-wrapper\"><span class=\"wgl-icon\" ><i class=\"icon elementor-icon far fa-money-bill-alt\" aria-hidden=\"true\"><\/i><\/span><\/div><div class=\"content_wrapper\"><div class=\"wgl-infobox-title_wrapper\"><h3 class=\"wgl-infobox_title\"><span class=\"wgl-infobox_title-idle\">Project value:<\/span><\/h3><\/div><div class=\"wgl-infobox_content\"><p>25.000,00 HRK\u00a0<\/p><\/div><\/div><\/div><\/div>\t\t\t\t<\/div>\n\t\t\t\t<\/div>\n\t\t\t\t\t<\/div>\n\t\t<\/div>\n\t\t\t\t\t<\/div>\n\t\t<\/section>\n\t\t\t\t<\/div>","protected":false},"excerpt":{"rendered":"<p>Od Argonaute za Tisno 2022. NASLOVNICA Od Argonaute za Tisno 2022. Poznata vam je izreka \u201eako nije online, kao da ne postoji\u201c? Vo\u0111eni upravo njom, odlu\u010dili smo digitalizirati ti\u0161njansku ba\u0161tinu,\u00a0to\u010dnije arheolo\u0161ki\u00a0lokalitet uz crkvu sv. Martina na Ivinju.\u00a0Ovaj arheolo\u0161ki lokalitet smje\u0161ten uz crkvu sv.\u00a0Martina na dnu Pirova\u010dkog kanala,\u00a0bilje\u017ei kontinuitet naseljenosti od 1. do 13. stolje\u0107a i jedan je od najvrjednijih arheolo\u0161kih nalazi\u0161ta u Dalmaciji. Nakon provedenih istra\u017eivanja i iskapanja te uskla\u0111ivanja sa smjernicama konzervatora, lokalitet je uvr\u0161ten u Registar kulturnih dobara RH i progla\u0161en za\u0161ti\u0107enim kulturnim dobrom. 2013. godine, Op\u0107ina Tisno &#8220;zaokru\u017eila je pri\u010du&#8221; otvaranjem Arheolo\u0161ke zbirke sv. Martin. Prepoznavanje ba\u0161tine od strane lokalnog stanovni\u0161tva temelj je za njegovu valorizaciju i kreiranje programa i aktivnosti vezane uz lokalitet. Iako se nalazi na prometno izrazito frekventnom mjestu, zbog nepostojanja pravovaljane signalizacije i manjka informacija, lokalitet je nepoznat ve\u0107ini turista i posjetitelja, a i doma\u0107e stanovni\u0161tvo rijetko zna pravu vrijednost lokaliteta. Kako bi pridonijeli valorizaciji ovog lokaliteta odlu\u010dili smo izraditi web stranicu kako bi se kona\u010dno okupili na jednom mjestu svi materijali vezani za ovo nalazi\u0161te te kako bi lokalitet postao prisutniji me\u0111u zajednicom. Posljedi\u010dno, podigla bi se razina svijesti o zna\u010daju ovog arheolo\u0161kog lokaliteta kod domicilnog stanovni\u0161tva, a onda i kod turista i posjetitelja. INFORMACIJE O PROJEKTU Ciljevi: Kratkoro\u010dni cilj je prezentirati svu prirodnu i kulturnu ba\u0161tinu povezanu s lokalitetom na web platformi i dru\u0161tvenim mre\u017eama. Dugoro\u010dni cilj je strukturirana i planirana valorizacija kulturne i prirodne ba\u0161tine mjesta Tisno u svrhu za\u0161tite i o\u010duvanja tradicijskog i okoli\u0161nog naslje\u0111a za budu\u0107e generacije te kori\u0161tenja istog u turisti\u010dkoj ponudi. Trajanje: O\u017eujak-prosinac 2022. Korisnici: Lokalno stanovni\u0161tvo, turisti i posjetitelji Donator: Op\u0107ina Tisno Vrijednost: 25.000,00 kn\u00a0<\/p>","protected":false},"author":1,"featured_media":0,"parent":0,"menu_order":0,"comment_status":"closed","ping_status":"closed","template":"elementor_header_footer","meta":{"footnotes":""},"class_list":["post-2643","page","type-page","status-publish","hentry"],"_links":{"self":[{"href":"https:\/\/ivinj.com\/en\/wp-json\/wp\/v2\/pages\/2643","targetHints":{"allow":["GET"]}}],"collection":[{"href":"https:\/\/ivinj.com\/en\/wp-json\/wp\/v2\/pages"}],"about":[{"href":"https:\/\/ivinj.com\/en\/wp-json\/wp\/v2\/types\/page"}],"author":[{"embeddable":true,"href":"https:\/\/ivinj.com\/en\/wp-json\/wp\/v2\/users\/1"}],"replies":[{"embeddable":true,"href":"https:\/\/ivinj.com\/en\/wp-json\/wp\/v2\/comments?post=2643"}],"version-history":[{"count":79,"href":"https:\/\/ivinj.com\/en\/wp-json\/wp\/v2\/pages\/2643\/revisions"}],"predecessor-version":[{"id":5433,"href":"https:\/\/ivinj.com\/en\/wp-json\/wp\/v2\/pages\/2643\/revisions\/5433"}],"wp:attachment":[{"href":"https:\/\/ivinj.com\/en\/wp-json\/wp\/v2\/media?parent=2643"}],"curies":[{"name":"wp","href":"https:\/\/api.w.org\/{rel}","templated":true}]}}