{"id":2679,"date":"2022-12-13T08:17:16","date_gmt":"2022-12-13T08:17:16","guid":{"rendered":"https:\/\/ivinj.com\/?page_id=2679"},"modified":"2025-01-13T09:47:10","modified_gmt":"2025-01-13T09:47:10","slug":"arheoloska-zbirka","status":"publish","type":"page","link":"https:\/\/ivinj.com\/en\/arheoloska-zbirka\/","title":{"rendered":"ARCHAEOLOGICAL COLLECTION"},"content":{"rendered":"\t\t<div data-elementor-type=\"wp-page\" data-elementor-id=\"2679\" class=\"elementor elementor-2679\">\n\t\t\t\t<div class=\"elementor-element elementor-element-2bb92f2 e-flex e-con-boxed wpr-particle-no wpr-jarallax-no wpr-parallax-no wpr-sticky-section-no wpr-equal-height-no e-con e-parent\" data-id=\"2bb92f2\" data-element_type=\"container\" data-e-type=\"container\" data-settings=\"{&quot;background_background&quot;:&quot;classic&quot;}\">\n\t\t\t\t\t<div class=\"e-con-inner\">\n\t\t\t\t<div class=\"elementor-element elementor-element-7c8f86e elementor-widget elementor-widget-page-title\" data-id=\"7c8f86e\" data-element_type=\"widget\" data-e-type=\"widget\" data-settings=\"{&quot;align_mobile&quot;:&quot;center&quot;}\" data-widget_type=\"page-title.default\">\n\t\t\t\t<div class=\"elementor-widget-container\">\n\t\t\t\t\t\t\t\n\t\t<div class=\"hfe-page-title hfe-page-title-wrapper elementor-widget-heading\">\n\n\t\t\t\t\t\t\t\t\t\t\t<a href=\"https:\/\/ivinj.com\/en\">\n\t\t\t\t\t\t<h2 class=\"elementor-heading-title elementor-size-default\">\n\t\t\t\t\t\t\t\t\n\t\t\t\tARHEOLO\u0160KA ZBIRKA  \n\t\t\t<\/h2 > \n\t\t\t\t\t\t\t\t\t<\/a>\n\t\t\t\t\t<\/div>\n\t\t\t\t\t\t<\/div>\n\t\t\t\t<\/div>\n\t\t\t\t<div class=\"elementor-element elementor-element-ab40ddf elementor-widget elementor-widget-hfe-breadcrumbs-widget\" data-id=\"ab40ddf\" data-element_type=\"widget\" data-e-type=\"widget\" data-widget_type=\"hfe-breadcrumbs-widget.default\">\n\t\t\t\t<div class=\"elementor-widget-container\">\n\t\t\t\t\t<nav aria-label=\"Breadcrumb\"><ul class=\"hfe-breadcrumbs hfe-breadcrumbs-show-home\"><li class=\"hfe-breadcrumbs-item hfe-breadcrumbs-first\"><span class=\"hfe-breadcrumbs-home-icon\"><\/span><a href=\"https:\/\/ivinj.com\/en\"><span class=\"hfe-breadcrumbs-text\">NASLOVNICA<\/span><\/a><\/li><\/ul><\/nav>\t\t\t\t<\/div>\n\t\t\t\t<\/div>\n\t\t\t\t\t<\/div>\n\t\t\t\t<\/div>\n\t\t\t\t<section class=\"elementor-section elementor-top-section elementor-element elementor-element-3bd15b69 elementor-section-boxed elementor-section-height-default elementor-section-height-default wpr-particle-no wpr-jarallax-no wpr-parallax-no wpr-sticky-section-no wpr-equal-height-no\" data-id=\"3bd15b69\" data-element_type=\"section\" data-e-type=\"section\">\n\t\t\t\t\t\t<div class=\"elementor-container elementor-column-gap-default\">\n\t\t\t\t\t<div class=\"elementor-column elementor-col-100 elementor-top-column elementor-element elementor-element-3f499761\" data-id=\"3f499761\" data-element_type=\"column\" data-e-type=\"column\">\n\t\t\t<div class=\"elementor-widget-wrap elementor-element-populated\">\n\t\t\t\t\t\t<div class=\"elementor-element elementor-element-54b9a484 acenter elementor-widget elementor-widget-wgl-double-heading\" data-id=\"54b9a484\" data-element_type=\"widget\" data-e-type=\"widget\" data-widget_type=\"wgl-double-heading.default\">\n\t\t\t\t<div class=\"elementor-widget-container\">\n\t\t\t\t\t<div class=\"wgl-double-heading\"><h3 class=\"dblh__title-wrapper\"><span class=\"dblh__title dblh__title-1\">arheolo\u0161ka zbirka<\/span><\/h3><\/div>\t\t\t\t<\/div>\n\t\t\t\t<\/div>\n\t\t\t\t<div class=\"elementor-element elementor-element-bd16341 elementor-widget elementor-widget-text-editor\" data-id=\"bd16341\" data-element_type=\"widget\" data-e-type=\"widget\" data-widget_type=\"text-editor.default\">\n\t\t\t\t<div class=\"elementor-widget-container\">\n\t\t\t\t\t\t\t\t\t<p>Arheolo\u0161ka zbirka nalazi se u prizemlju pala\u010de Katunari\u0107 u Tisnom (zgrada Op\u0107ine Tisno), ali trenutno nije otvorena za javnost.<\/p><p>Preko 160 izlo\u017eaka je u zbirci arheolo\u0161kih nalaza s lokaliteta uz crkvu sv. Martin, na Ivinju. Izlo\u0161ci obuhva\u0107aju razdoblja od 1. do 6. stolje\u0107a te od 12. do 17. stolje\u0107a, a predstavljaju predmete za osobnu upotrebu (nakit, dugmad, kop\u010de, posu\u0111e\u2026), ali i predmete kori\u0161tene u poljoprivredi i ribarstvu. Isti\u010du se trojagodne srednjovjekovne nau\u0161nice i prstenje, uklapaju\u0107i se u op\u0107u sliku nakitnog repertoara karakteristi\u010dnog od 12. stolje\u0107a na dalje.<\/p><p>Tako\u0111er, novac, keramika i staklo koji su prona\u0111eni na lokalitetu svjedo\u010de da su tu \u017eivjeli ljudi u 1. stolje\u0107u poslije Krista. Navedeni artefakti izlo\u017eeni su u zbirci.<\/p><p>Prezentirani su i gra\u0111evinski elementi tog vremena; kerami\u010dki i mramorni ulomci, dijelovi mozaika interijera te kameni predmeti raznih namjena. \u00a0<\/p>\t\t\t\t\t\t\t\t<\/div>\n\t\t\t\t<\/div>\n\t\t\t\t\t<\/div>\n\t\t<\/div>\n\t\t\t\t\t<\/div>\n\t\t<\/section>\n\t\t\t\t<section class=\"elementor-section elementor-top-section elementor-element elementor-element-49edee79 elementor-section-boxed elementor-section-height-default elementor-section-height-default wpr-particle-no wpr-jarallax-no wpr-parallax-no wpr-sticky-section-no wpr-equal-height-no\" data-id=\"49edee79\" data-element_type=\"section\" data-e-type=\"section\">\n\t\t\t\t\t\t<div class=\"elementor-container elementor-column-gap-default\">\n\t\t\t\t\t<div class=\"elementor-column elementor-col-100 elementor-top-column elementor-element elementor-element-478c63c4\" data-id=\"478c63c4\" data-element_type=\"column\" data-e-type=\"column\">\n\t\t\t<div class=\"elementor-widget-wrap elementor-element-populated\">\n\t\t\t\t\t\t<div class=\"elementor-element elementor-element-283af90c elementor-widget elementor-widget-spacer\" data-id=\"283af90c\" data-element_type=\"widget\" data-e-type=\"widget\" data-widget_type=\"spacer.default\">\n\t\t\t\t<div class=\"elementor-widget-container\">\n\t\t\t\t\t\t\t<div class=\"elementor-spacer\">\n\t\t\t<div class=\"elementor-spacer-inner\"><\/div>\n\t\t<\/div>\n\t\t\t\t\t\t<\/div>\n\t\t\t\t<\/div>\n\t\t\t\t<div class=\"elementor-element elementor-element-5c6b9a9f elementor-widget elementor-widget-wgl-portfolio\" data-id=\"5c6b9a9f\" data-element_type=\"widget\" data-e-type=\"widget\" data-widget_type=\"wgl-portfolio.default\">\n\t\t\t\t<div class=\"elementor-widget-container\">\n\t\t\t\t\t<section class=\"wgl_cpt_section\"><div class=\"wgl-portfolio\" id=\"portfolio_module_69f2751f8e9d9\"><div class=\"wgl-portfolio_wrapper\"><div class=\"wgl-portfolio_container container-grid row grid col-3\"><article class=\"portfolio__item item arheoloska-zbirka\"><div class=\"item__wrapper gallery_mode\"><div class=\"item__image\"><img decoding=\"async\" src=\"https:\/\/ivinj.com\/wp-content\/uploads\/2022\/12\/IMG_3038a_1-886x886.jpg\" alt=\"\"><\/div><a href=\"https:\/\/ivinj.com\/wp-content\/uploads\/2022\/12\/IMG_3038a_1.jpg\" class=\"overlay\" data-elementor-open-lightbox=\"yes\" data-elementor-lightbox-slideshow=\"portfolio_module_69f2751f8e9d9\"><i aria-hidden=\"true\" class=\"flaticon flaticon-loupe\"><\/i><\/a><\/div><\/article><article class=\"portfolio__item item arheoloska-zbirka\"><div class=\"item__wrapper gallery_mode\"><div class=\"item__image\"><img decoding=\"async\" src=\"https:\/\/ivinj.com\/wp-content\/uploads\/2022\/12\/IMG_3018_1-886x886.jpg\" alt=\"\"><\/div><a href=\"https:\/\/ivinj.com\/wp-content\/uploads\/2022\/12\/IMG_3018_1.jpg\" class=\"overlay\" data-elementor-open-lightbox=\"yes\" data-elementor-lightbox-slideshow=\"portfolio_module_69f2751f8e9d9\"><i aria-hidden=\"true\" class=\"flaticon flaticon-loupe\"><\/i><\/a><\/div><\/article><article class=\"portfolio__item item arheoloska-zbirka\"><div class=\"item__wrapper gallery_mode\"><div class=\"item__image\"><img decoding=\"async\" src=\"https:\/\/ivinj.com\/wp-content\/uploads\/2022\/12\/IMG_3050_1-886x886.jpg\" alt=\"\"><\/div><a href=\"https:\/\/ivinj.com\/wp-content\/uploads\/2022\/12\/IMG_3050_1.jpg\" class=\"overlay\" data-elementor-open-lightbox=\"yes\" data-elementor-lightbox-slideshow=\"portfolio_module_69f2751f8e9d9\"><i aria-hidden=\"true\" class=\"flaticon flaticon-loupe\"><\/i><\/a><\/div><\/article><article class=\"portfolio__item item arheoloska-zbirka\"><div class=\"item__wrapper gallery_mode\"><div class=\"item__image\"><img decoding=\"async\" src=\"https:\/\/ivinj.com\/wp-content\/uploads\/2022\/12\/IMG_3074_1-886x886.jpg\" alt=\"\"><\/div><a href=\"https:\/\/ivinj.com\/wp-content\/uploads\/2022\/12\/IMG_3074_1.jpg\" class=\"overlay\" data-elementor-open-lightbox=\"yes\" data-elementor-lightbox-slideshow=\"portfolio_module_69f2751f8e9d9\"><i aria-hidden=\"true\" class=\"flaticon flaticon-loupe\"><\/i><\/a><\/div><\/article><article class=\"portfolio__item item arheoloska-zbirka\"><div class=\"item__wrapper gallery_mode\"><div class=\"item__image\"><img decoding=\"async\" src=\"https:\/\/ivinj.com\/wp-content\/uploads\/2022\/12\/IMG_3020_1-886x886.jpg\" alt=\"\"><\/div><a href=\"https:\/\/ivinj.com\/wp-content\/uploads\/2022\/12\/IMG_3020_1.jpg\" class=\"overlay\" data-elementor-open-lightbox=\"yes\" data-elementor-lightbox-slideshow=\"portfolio_module_69f2751f8e9d9\"><i aria-hidden=\"true\" class=\"flaticon flaticon-loupe\"><\/i><\/a><\/div><\/article><article class=\"portfolio__item item arheoloska-zbirka\"><div class=\"item__wrapper gallery_mode\"><div class=\"item__image\"><img decoding=\"async\" src=\"https:\/\/ivinj.com\/wp-content\/uploads\/2022\/12\/IMG_3016_1-886x886.jpg\" alt=\"\"><\/div><a href=\"https:\/\/ivinj.com\/wp-content\/uploads\/2022\/12\/IMG_3016_1.jpg\" class=\"overlay\" data-elementor-open-lightbox=\"yes\" data-elementor-lightbox-slideshow=\"portfolio_module_69f2751f8e9d9\"><i aria-hidden=\"true\" class=\"flaticon flaticon-loupe\"><\/i><\/a><\/div><\/article><\/div><\/div><div class=\"clear\"><\/div><div class=\"load_more_wrapper\"><div class=\"button_wrapper\"><button class=\"load_more_item\"><span class=\"load_more__text\">U\u010cITAJ VI\u0160E<\/span><\/button><\/div><form class=\"posts_grid_ajax\"><input type=\"hidden\" class=\"ajax_data\" name=\"69f2751f96f1a_ajax_data\" value=\"{&quot;remainings_loading_type&quot;:&quot;load_more&quot;,&quot;load_more_text&quot;:&quot;U\\u010cITAJ VI\\u0160E&quot;,&quot;number_of_posts&quot;:6,&quot;_margin&quot;:{&quot;unit&quot;:&quot;px&quot;,&quot;top&quot;:&quot;20&quot;,&quot;right&quot;:&quot;0&quot;,&quot;bottom&quot;:&quot;0&quot;,&quot;left&quot;:&quot;0&quot;,&quot;isLinked&quot;:false},&quot;remainings_loading_btn_items_amount&quot;:3,&quot;gallery_mode_enabled&quot;:&quot;yes&quot;,&quot;img_size_string&quot;:&quot;886&quot;,&quot;order_by&quot;:&quot;title&quot;,&quot;order&quot;:&quot;ASC&quot;,&quot;taxonomies&quot;:[&quot;portfolio-category:arheoloska-zbirka&quot;],&quot;layout&quot;:&quot;grid&quot;,&quot;posts_per_row&quot;:3,&quot;grid_gap&quot;:30,&quot;images_grayscale_idle&quot;:{&quot;unit&quot;:&quot;px&quot;,&quot;size&quot;:&quot;&quot;,&quot;sizes&quot;:[]},&quot;images_grayscale_hover&quot;:{&quot;unit&quot;:&quot;px&quot;,&quot;size&quot;:&quot;&quot;,&quot;sizes&quot;:[]},&quot;cat_margin&quot;:{&quot;unit&quot;:&quot;px&quot;,&quot;top&quot;:&quot;&quot;,&quot;right&quot;:&quot;&quot;,&quot;bottom&quot;:&quot;&quot;,&quot;left&quot;:&quot;&quot;,&quot;isLinked&quot;:true},&quot;cat_radius&quot;:{&quot;unit&quot;:&quot;px&quot;,&quot;top&quot;:&quot;&quot;,&quot;right&quot;:&quot;&quot;,&quot;bottom&quot;:&quot;&quot;,&quot;left&quot;:&quot;&quot;,&quot;isLinked&quot;:true},&quot;cat_padding_idle&quot;:{&quot;unit&quot;:&quot;px&quot;,&quot;top&quot;:&quot;&quot;,&quot;right&quot;:&quot;&quot;,&quot;bottom&quot;:&quot;&quot;,&quot;left&quot;:&quot;&quot;,&quot;isLinked&quot;:true},&quot;cat_padding_hover&quot;:{&quot;unit&quot;:&quot;px&quot;,&quot;top&quot;:&quot;&quot;,&quot;right&quot;:&quot;&quot;,&quot;bottom&quot;:&quot;&quot;,&quot;left&quot;:&quot;&quot;,&quot;isLinked&quot;:true},&quot;load_more_alignment&quot;:&quot;center&quot;,&quot;load_more_margin&quot;:{&quot;unit&quot;:&quot;px&quot;,&quot;top&quot;:&quot;&quot;,&quot;right&quot;:&quot;&quot;,&quot;bottom&quot;:&quot;&quot;,&quot;left&quot;:&quot;&quot;,&quot;isLinked&quot;:true},&quot;load_more_padding&quot;:{&quot;unit&quot;:&quot;px&quot;,&quot;top&quot;:&quot;&quot;,&quot;right&quot;:&quot;&quot;,&quot;bottom&quot;:&quot;&quot;,&quot;left&quot;:&quot;&quot;,&quot;isLinked&quot;:true},&quot;load_more_radius&quot;:{&quot;unit&quot;:&quot;px&quot;,&quot;top&quot;:&quot;&quot;,&quot;right&quot;:&quot;&quot;,&quot;bottom&quot;:&quot;&quot;,&quot;left&quot;:&quot;&quot;,&quot;isLinked&quot;:true},&quot;_padding&quot;:{&quot;unit&quot;:&quot;px&quot;,&quot;top&quot;:&quot;&quot;,&quot;right&quot;:&quot;&quot;,&quot;bottom&quot;:&quot;&quot;,&quot;left&quot;:&quot;&quot;,&quot;isLinked&quot;:true},&quot;_transform_keep_proportions&quot;:&quot;yes&quot;,&quot;_transform_keep_proportions_hover&quot;:&quot;yes&quot;,&quot;_transform_transition_hover&quot;:{&quot;unit&quot;:&quot;px&quot;,&quot;size&quot;:&quot;&quot;,&quot;sizes&quot;:[]},&quot;_background_hover_transition&quot;:{&quot;unit&quot;:&quot;px&quot;,&quot;size&quot;:&quot;&quot;,&quot;sizes&quot;:[]},&quot;_border_radius&quot;:{&quot;unit&quot;:&quot;px&quot;,&quot;top&quot;:&quot;&quot;,&quot;right&quot;:&quot;&quot;,&quot;bottom&quot;:&quot;&quot;,&quot;left&quot;:&quot;&quot;,&quot;isLinked&quot;:true},&quot;_border_radius_hover&quot;:{&quot;unit&quot;:&quot;px&quot;,&quot;top&quot;:&quot;&quot;,&quot;right&quot;:&quot;&quot;,&quot;bottom&quot;:&quot;&quot;,&quot;left&quot;:&quot;&quot;,&quot;isLinked&quot;:true},&quot;_border_hover_transition&quot;:{&quot;unit&quot;:&quot;px&quot;,&quot;size&quot;:&quot;&quot;,&quot;sizes&quot;:[]},&quot;module_id&quot;:&quot;portfolio_module_69f2751f8e9d9&quot;,&quot;query_args&quot;:{&quot;post_status&quot;:&quot;publish&quot;,&quot;posts_per_page&quot;:6,&quot;orderby&quot;:&quot;title&quot;,&quot;order&quot;:&quot;ASC&quot;,&quot;tax_query&quot;:{&quot;relation&quot;:&quot;AND&quot;,&quot;0&quot;:{&quot;field&quot;:&quot;slug&quot;,&quot;taxonomy&quot;:&quot;portfolio-category&quot;,&quot;terms&quot;:[&quot;arheoloska-zbirka&quot;],&quot;operator&quot;:&quot;IN&quot;}},&quot;paged&quot;:1,&quot;post_type&quot;:&quot;portfolio&quot;},&quot;post_count&quot;:6,&quot;found_posts&quot;:8,&quot;masonry_post_index&quot;:6}\"><\/form><\/div><\/div><\/section>\t\t\t\t<\/div>\n\t\t\t\t<\/div>\n\t\t\t\t<div class=\"elementor-element elementor-element-35b143ce elementor-widget elementor-widget-spacer\" data-id=\"35b143ce\" data-element_type=\"widget\" data-e-type=\"widget\" data-widget_type=\"spacer.default\">\n\t\t\t\t<div class=\"elementor-widget-container\">\n\t\t\t\t\t\t\t<div class=\"elementor-spacer\">\n\t\t\t<div class=\"elementor-spacer-inner\"><\/div>\n\t\t<\/div>\n\t\t\t\t\t\t<\/div>\n\t\t\t\t<\/div>\n\t\t\t\t\t<\/div>\n\t\t<\/div>\n\t\t\t\t\t<\/div>\n\t\t<\/section>\n\t\t\t\t<\/div>\n\t\t","protected":false},"excerpt":{"rendered":"<p>ARHEOLO\u0160KA ZBIRKA NASLOVNICA arheolo\u0161ka zbirka Arheolo\u0161ka zbirka nalazi se u prizemlju pala\u010de Katunari\u0107 u Tisnom (zgrada Op\u0107ine Tisno), ali trenutno nije otvorena za javnost. Preko 160 izlo\u017eaka je u zbirci arheolo\u0161kih nalaza s lokaliteta uz crkvu sv. Martin, na Ivinju. Izlo\u0161ci obuhva\u0107aju razdoblja od 1. do 6. stolje\u0107a te od 12. do 17. stolje\u0107a, a predstavljaju predmete za osobnu upotrebu (nakit, dugmad, kop\u010de, posu\u0111e\u2026), ali i predmete kori\u0161tene u poljoprivredi i ribarstvu. Isti\u010du se trojagodne srednjovjekovne nau\u0161nice i prstenje, uklapaju\u0107i se u op\u0107u sliku nakitnog repertoara karakteristi\u010dnog od 12. stolje\u0107a na dalje. Tako\u0111er, novac, keramika i staklo koji su prona\u0111eni na lokalitetu svjedo\u010de da su tu \u017eivjeli ljudi u 1. stolje\u0107u poslije Krista. Navedeni artefakti izlo\u017eeni su u zbirci. Prezentirani su i gra\u0111evinski elementi tog vremena; kerami\u010dki i mramorni ulomci, dijelovi mozaika interijera te kameni predmeti raznih namjena. \u00a0 U\u010cITAJ VI\u0160E<\/p>","protected":false},"author":1,"featured_media":0,"parent":0,"menu_order":0,"comment_status":"closed","ping_status":"closed","template":"elementor_header_footer","meta":{"footnotes":""},"class_list":["post-2679","page","type-page","status-publish","hentry"],"_links":{"self":[{"href":"https:\/\/ivinj.com\/en\/wp-json\/wp\/v2\/pages\/2679","targetHints":{"allow":["GET"]}}],"collection":[{"href":"https:\/\/ivinj.com\/en\/wp-json\/wp\/v2\/pages"}],"about":[{"href":"https:\/\/ivinj.com\/en\/wp-json\/wp\/v2\/types\/page"}],"author":[{"embeddable":true,"href":"https:\/\/ivinj.com\/en\/wp-json\/wp\/v2\/users\/1"}],"replies":[{"embeddable":true,"href":"https:\/\/ivinj.com\/en\/wp-json\/wp\/v2\/comments?post=2679"}],"version-history":[{"count":47,"href":"https:\/\/ivinj.com\/en\/wp-json\/wp\/v2\/pages\/2679\/revisions"}],"predecessor-version":[{"id":5393,"href":"https:\/\/ivinj.com\/en\/wp-json\/wp\/v2\/pages\/2679\/revisions\/5393"}],"wp:attachment":[{"href":"https:\/\/ivinj.com\/en\/wp-json\/wp\/v2\/media?parent=2679"}],"curies":[{"name":"wp","href":"https:\/\/api.w.org\/{rel}","templated":true}]}}