{"id":2681,"date":"2022-12-13T08:17:28","date_gmt":"2022-12-13T08:17:28","guid":{"rendered":"https:\/\/ivinj.com\/?page_id=2681"},"modified":"2025-01-13T09:48:11","modified_gmt":"2025-01-13T09:48:11","slug":"bratovstina","status":"publish","type":"page","link":"https:\/\/ivinj.com\/en\/bratovstina\/","title":{"rendered":"SAINT MARTINS BROTHERHOOD"},"content":{"rendered":"<div data-elementor-type=\"wp-page\" data-elementor-id=\"2681\" class=\"elementor elementor-2681\">\n\t\t\t\t<div class=\"elementor-element elementor-element-c4a6bad e-flex e-con-boxed wpr-particle-no wpr-jarallax-no wpr-parallax-no wpr-sticky-section-no wpr-equal-height-no e-con e-parent\" data-id=\"c4a6bad\" data-element_type=\"container\" data-e-type=\"container\" data-settings=\"{&quot;background_background&quot;:&quot;classic&quot;}\">\n\t\t\t\t\t<div class=\"e-con-inner\">\n\t\t\t\t<div class=\"elementor-element elementor-element-011804d elementor-widget elementor-widget-page-title\" data-id=\"011804d\" data-element_type=\"widget\" data-e-type=\"widget\" data-settings=\"{&quot;align_mobile&quot;:&quot;center&quot;}\" data-widget_type=\"page-title.default\">\n\t\t\t\t<div class=\"elementor-widget-container\">\n\t\t\t\t\t\t\t\n\t\t<div class=\"hfe-page-title hfe-page-title-wrapper elementor-widget-heading\">\n\n\t\t\t\t\t\t\t\t\t\t\t<a href=\"https:\/\/ivinj.com\/en\">\n\t\t\t\t\t\t<h2 class=\"elementor-heading-title elementor-size-default\">\n\t\t\t\t\t\t\t\t\n\t\t\t\tSAINT MARTINS BROTHERHOOD  \n\t\t\t<\/h2> \n\t\t\t\t\t\t\t\t\t<\/a>\n\t\t\t\t\t<\/div>\n\t\t\t\t\t\t<\/div>\n\t\t\t\t<\/div>\n\t\t\t\t<div class=\"elementor-element elementor-element-e0f3864 elementor-widget elementor-widget-hfe-breadcrumbs-widget\" data-id=\"e0f3864\" data-element_type=\"widget\" data-e-type=\"widget\" data-widget_type=\"hfe-breadcrumbs-widget.default\">\n\t\t\t\t<div class=\"elementor-widget-container\">\n\t\t\t\t\t<nav aria-label=\"Breadcrumb\"><ul class=\"hfe-breadcrumbs hfe-breadcrumbs-show-home\"><li class=\"hfe-breadcrumbs-item hfe-breadcrumbs-first\"><span class=\"hfe-breadcrumbs-home-icon\"><\/span><a href=\"https:\/\/ivinj.com\/en\"><span class=\"hfe-breadcrumbs-text\">HOME PAGE<\/span><\/a><\/li><\/ul><\/nav>\t\t\t\t<\/div>\n\t\t\t\t<\/div>\n\t\t\t\t\t<\/div>\n\t\t\t\t<\/div>\n\t\t\t\t<section class=\"elementor-section elementor-top-section elementor-element elementor-element-713daa3d elementor-section-boxed elementor-section-height-default elementor-section-height-default wpr-particle-no wpr-jarallax-no wpr-parallax-no wpr-sticky-section-no wpr-equal-height-no\" data-id=\"713daa3d\" data-element_type=\"section\" data-e-type=\"section\">\n\t\t\t\t\t\t<div class=\"elementor-container elementor-column-gap-default\">\n\t\t\t\t\t<div class=\"elementor-column elementor-col-100 elementor-top-column elementor-element elementor-element-5f76849b\" data-id=\"5f76849b\" data-element_type=\"column\" data-e-type=\"column\">\n\t\t\t<div class=\"elementor-widget-wrap elementor-element-populated\">\n\t\t\t\t\t\t<div class=\"elementor-element elementor-element-44644686 acenter elementor-widget elementor-widget-wgl-double-heading\" data-id=\"44644686\" data-element_type=\"widget\" data-e-type=\"widget\" data-widget_type=\"wgl-double-heading.default\">\n\t\t\t\t<div class=\"elementor-widget-container\">\n\t\t\t\t\t<div class=\"wgl-double-heading\"><h3 class=\"dblh__title-wrapper\"><span class=\"dblh__title dblh__title-1\">SAINT MARTINS BROTHERHOOD<\/span><\/h3><\/div>\t\t\t\t<\/div>\n\t\t\t\t<\/div>\n\t\t\t\t<div class=\"elementor-element elementor-element-e3f3707 elementor-widget elementor-widget-text-editor\" data-id=\"e3f3707\" data-element_type=\"widget\" data-e-type=\"widget\" data-widget_type=\"text-editor.default\">\n\t\t\t\t<div class=\"elementor-widget-container\">\n\t\t\t\t\t\t\t\t\t<p>The titular of the church in Ivinja is St. Martin. This saint is extremely popular in France, which worships him as its original patron, but thanks to the Benedictines, the cult of St. Martina spread throughout the European area. The presence of his cult in a country is considered a sign of the presence of Western Christianity, that is European culture.<\/p><p>St. Martin is said to be one of the greatest among bishops, at the same time the first saint who was not a martyr, and he has his own liturgical holiday - November 11. In literature, his mercy and miracle-working powers are highlighted, while in art, scenes related to the military call of St. Martin, which he dealt with before his ordination.<\/p>\t\t\t\t\t\t\t\t<\/div>\n\t\t\t\t<\/div>\n\t\t\t\t\t<\/div>\n\t\t<\/div>\n\t\t\t\t\t<\/div>\n\t\t<\/section>\n\t\t\t\t<section class=\"elementor-section elementor-top-section elementor-element elementor-element-2788349 elementor-section-boxed elementor-section-height-default elementor-section-height-default wpr-particle-no wpr-jarallax-no wpr-parallax-no wpr-sticky-section-no wpr-equal-height-no\" data-id=\"2788349\" data-element_type=\"section\" data-e-type=\"section\">\n\t\t\t\t\t\t<div class=\"elementor-container elementor-column-gap-default\">\n\t\t\t\t\t<div class=\"elementor-column elementor-col-50 elementor-top-column elementor-element elementor-element-68b4015\" data-id=\"68b4015\" data-element_type=\"column\" data-e-type=\"column\">\n\t\t\t<div class=\"elementor-widget-wrap elementor-element-populated\">\n\t\t\t\t\t\t<div class=\"elementor-element elementor-element-0c46e78 elementor-widget elementor-widget-text-editor\" data-id=\"0c46e78\" data-element_type=\"widget\" data-e-type=\"widget\" data-widget_type=\"text-editor.default\">\n\t\t\t\t<div class=\"elementor-widget-container\">\n\t\t\t\t\t\t\t\t\t<p>Historically, Tisno was full of fraternities, and some of them still exist today.<\/p><p>To begin with, we bring you the definition of fraternities, the source; <em>Croatian encyclopedia, online edition. Lexicographic Institute Miroslav Krle\u017ea, 2021<\/em><\/p><p><strong><u>Brotherhood<\/u><\/strong> (fraternities, brotherhoods, fraternities, schools; lat. confraternites, fraternitates, fratiliae, scholae), socio-religious, or class-professional associations of believers. In the Middle Ages, brotherhoods were organized on a class basis, and in recent times their task is to promote special devotions. Although brotherhoods most often gathered individuals of similar or the same social position, they differ from guilds, which are primarily professional associations. The basic task of brotherhoods is to foster piety, charity, and social protection of members (brothers). In addition, they often take care of hospitals, parish churches, etc.<\/p><p>One of them is the Brotherhood of St. Martina, which was mentioned back in 1536. In 1811, the confraternities were abolished by the French administration in Dalmatia, but so each parish was allowed to keep only one confraternity - only the confraternities of the Blessed Sacrament and Souls in Purgatory were spared. After the fall of the French administration in Dalmatia, brotherhoods were restored, and since Tisno had 1,689 inhabitants in 1910, it can be concluded that many were simultaneously members of brotherhoods and pious societies. It is noticeable that the old brotherhoods, dating back to the 16th century, survive even with few members, and that many were restored or re-established after the end of French rule.<\/p><p>Today, one of the \"tasks\" of the brotherhood of St. Martina is to mark the feast of St. Martin. After the solemn sung evening mass, the brotherhood in the area near the church of St. Martina organizes gatherings with appropriate food and drinks. Everyone is welcome to celebrate their patron saint.<\/p>\t\t\t\t\t\t\t\t<\/div>\n\t\t\t\t<\/div>\n\t\t\t\t\t<\/div>\n\t\t<\/div>\n\t\t\t\t<div class=\"elementor-column elementor-col-50 elementor-top-column elementor-element elementor-element-c31639e\" data-id=\"c31639e\" data-element_type=\"column\" data-e-type=\"column\">\n\t\t\t<div class=\"elementor-widget-wrap elementor-element-populated\">\n\t\t\t\t\t\t<div class=\"elementor-element elementor-element-d221ee3 elementor-widget elementor-widget-image\" data-id=\"d221ee3\" data-element_type=\"widget\" data-e-type=\"widget\" data-widget_type=\"image.default\">\n\t\t\t\t<div class=\"elementor-widget-container\">\n\t\t\t\t\t\t\t\t\t\t\t\t\t\t\t<img fetchpriority=\"high\" decoding=\"async\" width=\"573\" height=\"851\" src=\"https:\/\/ivinj.com\/wp-content\/uploads\/2022\/12\/KipSvMartina-1.jpg\" class=\"attachment-full size-full wp-image-3433\" alt=\"\" srcset=\"https:\/\/ivinj.com\/wp-content\/uploads\/2022\/12\/KipSvMartina-1.jpg 573w, https:\/\/ivinj.com\/wp-content\/uploads\/2022\/12\/KipSvMartina-1-202x300.jpg 202w, https:\/\/ivinj.com\/wp-content\/uploads\/2022\/12\/KipSvMartina-1-8x12.jpg 8w\" sizes=\"(max-width: 573px) 100vw, 573px\" \/>\t\t\t\t\t\t\t\t\t\t\t\t\t\t\t<\/div>\n\t\t\t\t<\/div>\n\t\t\t\t<div class=\"elementor-element elementor-element-1cdda25 elementor-widget elementor-widget-text-editor\" data-id=\"1cdda25\" data-element_type=\"widget\" data-e-type=\"widget\" data-widget_type=\"text-editor.default\">\n\t\t\t\t<div class=\"elementor-widget-container\">\n\t\t\t\t\t\t\t\t\t<p style=\"text-align: center;\">Statue of St. Martin, located in the church of St. Martin, Ivinj<\/p>\t\t\t\t\t\t\t\t<\/div>\n\t\t\t\t<\/div>\n\t\t\t\t\t<\/div>\n\t\t<\/div>\n\t\t\t\t\t<\/div>\n\t\t<\/section>\n\t\t\t\t<\/div>","protected":false},"excerpt":{"rendered":"<p>BRATOV\u0160TINA SVETOG MARTINA NASLOVNICA BRATOV\u0160TINA SVETOG MARTINA Titular ivinjske crkve je sv. Martin. Ovaj svetac izuzetno je popularan u Francuskoj koja ga \u0161tuje kao svog prvobitnog za\u0161titnika, no zaslugom benediktinaca kult sv. Martina ra\u0161irio se po cijelom europskom podru\u010dju. Prisustvo njegova kulta u jednoj zemlji smatra se znamenom prisutnosti zapadnog kr\u0161\u0107anstva, odnosno europske kulture. O sv. Martinu govori se da je jedan od najve\u0107ih me\u0111u biskupima, ujedno i prvi svetac koji nije bio mu\u010denik, a ima svoj liturgijski blagdan \u2013 11. studenog. U literaturi, isti\u010de se njegova milosrdnost i \u010dudotvorne mo\u0107i, dok se u umjetnosti naj\u010de\u0161\u0107e susre\u0107u prizori koji se odnose na vojni\u010dki poziv sv. Martina kojim se bavio prije zare\u0111enja. Tisno je u povijesti obilovalo bratov\u0161tinama, a neke od njih postoje i danas. Za po\u010detak, donosimo vam definiciju bratov\u0161tina, izvor; Hrvatska enciklopedija, mre\u017eno izdanje. Leksikografski zavod Miroslav Krle\u017ea, 2021. bratov\u0161tine (brati\u0161tine, bratstva, bratija, skule; lat. confraternites, fraternitates, fratiliae, scholae), dru\u0161tveno-vjerske, odnosno stale\u0161ko-stru\u010dne udruge vjernika. U srednjem vijeku bratov\u0161tine su se organizirale na stale\u0161koj osnovi, a u novije im je doba zada\u0107a promicanje posebnih pobo\u017enosti. Iako su bratov\u0161tine naj\u010de\u0161\u0107e okupljale pojedince sli\u010dna ili istoga dru\u0161tvenog polo\u017eaja, razlikuju se od cehova, koji su prije svega strukovne udruge. Osnovna je zada\u0107a bratov\u0161tina njegovanje pobo\u017enosti, dobrotvornosti i socijalne za\u0161tite \u010dlanova (bratima). Osim toga, nerijetko se brinu i za hospitale, \u017eupne crkve i sl. Jedna od njih je i bratov\u0161tina sv. Martina koja se spominje davne 1536. godine. Godine 1811., bratov\u0161tine je ukinula francuska uprava u Dalmaciji, ali tako da je svaka \u017eupa smjela zadr\u017eati samo jednu bratov\u0161tinu &#8211; po\u0161te\u0111ene su jedino bratov\u0161tine Presvetog Sakramenta i Du\u0161a u \u010distili\u0161tu. Nakon pada francuske uprave u Dalmaciji, bratov\u0161tine se obnavljaju, a budu\u0107i da je Tisno 1910. godine imalo 1689 stanovnika mo\u017ee se zaklju\u010diti da su mnogi bili istovremeno i \u010dlanovi bratov\u0161tina i pobo\u017enih dru\u0161tava. Uo\u010dljivo je da stare bratov\u0161tine, jo\u0161 iz 16. stolje\u0107a, opstaju i uz malo \u010dlanova te da su mnoge obnovljene ili nanovo uspostavljene nakon prestanka francuske uprave. Danas, jedan od \u201ezadataka\u201c bratov\u0161tine sv. Martina je da obilje\u017ei blagdan sv. Martina. Nakon sve\u010dane pjevane ve\u010dernje mise, bratov\u0161tina na prostoru u blizini crkve sv. Martina organizira dru\u017eenje uz prigodnu hranu i pi\u0107e. Svi su dobrodo\u0161li slaviti njihovog za\u0161titnika. Kip sv. Martina koji se nalazi u crkvi sv. Martina, Ivinj<\/p>","protected":false},"author":1,"featured_media":0,"parent":0,"menu_order":0,"comment_status":"closed","ping_status":"closed","template":"elementor_header_footer","meta":{"footnotes":""},"class_list":["post-2681","page","type-page","status-publish","hentry"],"_links":{"self":[{"href":"https:\/\/ivinj.com\/en\/wp-json\/wp\/v2\/pages\/2681","targetHints":{"allow":["GET"]}}],"collection":[{"href":"https:\/\/ivinj.com\/en\/wp-json\/wp\/v2\/pages"}],"about":[{"href":"https:\/\/ivinj.com\/en\/wp-json\/wp\/v2\/types\/page"}],"author":[{"embeddable":true,"href":"https:\/\/ivinj.com\/en\/wp-json\/wp\/v2\/users\/1"}],"replies":[{"embeddable":true,"href":"https:\/\/ivinj.com\/en\/wp-json\/wp\/v2\/comments?post=2681"}],"version-history":[{"count":31,"href":"https:\/\/ivinj.com\/en\/wp-json\/wp\/v2\/pages\/2681\/revisions"}],"predecessor-version":[{"id":5396,"href":"https:\/\/ivinj.com\/en\/wp-json\/wp\/v2\/pages\/2681\/revisions\/5396"}],"wp:attachment":[{"href":"https:\/\/ivinj.com\/en\/wp-json\/wp\/v2\/media?parent=2681"}],"curies":[{"name":"wp","href":"https:\/\/api.w.org\/{rel}","templated":true}]}}