{"id":3076,"date":"2022-12-20T14:50:17","date_gmt":"2022-12-20T14:50:17","guid":{"rendered":"https:\/\/ivinj.com\/?page_id=3076"},"modified":"2025-01-13T09:49:31","modified_gmt":"2025-01-13T09:49:31","slug":"crkva-svetog-martina","status":"publish","type":"page","link":"https:\/\/ivinj.com\/en\/crkva-svetog-martina\/","title":{"rendered":"CHURCH OF SAINT MARTIN"},"content":{"rendered":"<div data-elementor-type=\"wp-page\" data-elementor-id=\"3076\" class=\"elementor elementor-3076\">\n\t\t\t\t<div class=\"elementor-element elementor-element-9876d3d e-flex e-con-boxed wpr-particle-no wpr-jarallax-no wpr-parallax-no wpr-sticky-section-no wpr-equal-height-no e-con e-parent\" data-id=\"9876d3d\" data-element_type=\"container\" data-e-type=\"container\" data-settings=\"{&quot;background_background&quot;:&quot;classic&quot;}\">\n\t\t\t\t\t<div class=\"e-con-inner\">\n\t\t\t\t<div class=\"elementor-element elementor-element-308caf7 elementor-widget elementor-widget-page-title\" data-id=\"308caf7\" data-element_type=\"widget\" data-e-type=\"widget\" data-settings=\"{&quot;align_mobile&quot;:&quot;center&quot;}\" data-widget_type=\"page-title.default\">\n\t\t\t\t<div class=\"elementor-widget-container\">\n\t\t\t\t\t\t\t\n\t\t<div class=\"hfe-page-title hfe-page-title-wrapper elementor-widget-heading\">\n\n\t\t\t\t\t\t\t\t\t\t\t<a href=\"https:\/\/ivinj.com\/en\">\n\t\t\t\t\t\t<h2 class=\"elementor-heading-title elementor-size-default\">\n\t\t\t\t\t\t\t\t\n\t\t\t\tCHURCH OF SAINT MARTIN  \n\t\t\t<\/h2> \n\t\t\t\t\t\t\t\t\t<\/a>\n\t\t\t\t\t<\/div>\n\t\t\t\t\t\t<\/div>\n\t\t\t\t<\/div>\n\t\t\t\t<div class=\"elementor-element elementor-element-3c5a492 elementor-widget elementor-widget-hfe-breadcrumbs-widget\" data-id=\"3c5a492\" data-element_type=\"widget\" data-e-type=\"widget\" data-widget_type=\"hfe-breadcrumbs-widget.default\">\n\t\t\t\t<div class=\"elementor-widget-container\">\n\t\t\t\t\t<nav aria-label=\"Breadcrumb\"><ul class=\"hfe-breadcrumbs hfe-breadcrumbs-show-home\"><li class=\"hfe-breadcrumbs-item hfe-breadcrumbs-first\"><span class=\"hfe-breadcrumbs-home-icon\"><\/span><a href=\"https:\/\/ivinj.com\/en\"><span class=\"hfe-breadcrumbs-text\">HOME PAGE<\/span><\/a><\/li><\/ul><\/nav>\t\t\t\t<\/div>\n\t\t\t\t<\/div>\n\t\t\t\t\t<\/div>\n\t\t\t\t<\/div>\n\t\t\t\t<section class=\"elementor-section elementor-top-section elementor-element elementor-element-33f0268 elementor-section-boxed elementor-section-height-default elementor-section-height-default wpr-particle-no wpr-jarallax-no wpr-parallax-no wpr-sticky-section-no wpr-equal-height-no\" data-id=\"33f0268\" data-element_type=\"section\" data-e-type=\"section\" data-settings=\"{&quot;background_background&quot;:&quot;classic&quot;}\">\n\t\t\t\t\t\t<div class=\"elementor-container elementor-column-gap-default\">\n\t\t\t\t\t<div class=\"elementor-column elementor-col-100 elementor-top-column elementor-element elementor-element-3f0826f2\" data-id=\"3f0826f2\" data-element_type=\"column\" data-e-type=\"column\">\n\t\t\t<div class=\"elementor-widget-wrap elementor-element-populated\">\n\t\t\t\t\t\t<div class=\"elementor-element elementor-element-7e9fed1d acenter elementor-widget elementor-widget-wgl-double-heading\" data-id=\"7e9fed1d\" data-element_type=\"widget\" data-e-type=\"widget\" data-widget_type=\"wgl-double-heading.default\">\n\t\t\t\t<div class=\"elementor-widget-container\">\n\t\t\t\t\t<div class=\"wgl-double-heading\"><div class=\"dblh__subtitle\">Romanesque church<\/div><h3 class=\"dblh__title-wrapper\"><span class=\"dblh__title dblh__title-1\">CHURCH OF SAINT MARTIN<\/span><\/h3><\/div>\t\t\t\t<\/div>\n\t\t\t\t<\/div>\n\t\t\t\t\t<\/div>\n\t\t<\/div>\n\t\t\t\t\t<\/div>\n\t\t<\/section>\n\t\t\t\t<section class=\"elementor-section elementor-top-section elementor-element elementor-element-68f6837 elementor-section-boxed elementor-section-height-default elementor-section-height-default wpr-particle-no wpr-jarallax-no wpr-parallax-no wpr-sticky-section-no wpr-equal-height-no\" data-id=\"68f6837\" data-element_type=\"section\" data-e-type=\"section\" data-settings=\"{&quot;background_background&quot;:&quot;classic&quot;}\">\n\t\t\t\t\t\t<div class=\"elementor-container elementor-column-gap-default\">\n\t\t\t\t\t<div class=\"elementor-column elementor-col-100 elementor-top-column elementor-element elementor-element-8c82fec\" data-id=\"8c82fec\" data-element_type=\"column\" data-e-type=\"column\">\n\t\t\t<div class=\"elementor-widget-wrap elementor-element-populated\">\n\t\t\t\t\t\t<div class=\"elementor-element elementor-element-18253fc elementor-widget elementor-widget-spacer\" data-id=\"18253fc\" data-element_type=\"widget\" data-e-type=\"widget\" data-widget_type=\"spacer.default\">\n\t\t\t\t<div class=\"elementor-widget-container\">\n\t\t\t\t\t\t\t<div class=\"elementor-spacer\">\n\t\t\t<div class=\"elementor-spacer-inner\"><\/div>\n\t\t<\/div>\n\t\t\t\t\t\t<\/div>\n\t\t\t\t<\/div>\n\t\t\t\t<div class=\"elementor-element elementor-element-7c3d662 elementor-widget elementor-widget-text-editor\" data-id=\"7c3d662\" data-element_type=\"widget\" data-e-type=\"widget\" data-widget_type=\"text-editor.default\">\n\t\t\t\t<div class=\"elementor-widget-container\">\n\t\t\t\t\t\t\t\t\t<ul class=\"emdene_arrow list_primary_color\"><li>The Romanesque church of St. Martin is a one-nave building with a prominent round apse, and its dimensions are 12.22 x 6.5 m. The main entrance in the form of a Romanesque portal with a lunette is located on the southern side wall. The year 1488 is carved into the top of the lunette arch, which could refer to some kind of reconstruction. Under the roof, on the left side of the portal, there are three stone consoles that probably supported the canopy. The facade consists of a simple portal and three narrow windows, and above the pediment is a belfry on a nacelle from a later period.<\/li><li>At the top of the apse is a small Romanesque arched window.<\/li><\/ul>\t\t\t\t\t\t\t\t<\/div>\n\t\t\t\t<\/div>\n\t\t\t\t\t<\/div>\n\t\t<\/div>\n\t\t\t\t\t<\/div>\n\t\t<\/section>\n\t\t\t\t<section class=\"elementor-section elementor-top-section elementor-element elementor-element-fceecbd elementor-section-boxed elementor-section-height-default elementor-section-height-default wpr-particle-no wpr-jarallax-no wpr-parallax-no wpr-sticky-section-no wpr-equal-height-no\" data-id=\"fceecbd\" data-element_type=\"section\" data-e-type=\"section\" data-settings=\"{&quot;background_background&quot;:&quot;classic&quot;}\">\n\t\t\t\t\t\t<div class=\"elementor-container elementor-column-gap-default\">\n\t\t\t\t\t<div class=\"elementor-column elementor-col-50 elementor-top-column elementor-element elementor-element-014c582\" data-id=\"014c582\" data-element_type=\"column\" data-e-type=\"column\">\n\t\t\t<div class=\"elementor-widget-wrap elementor-element-populated\">\n\t\t\t\t\t\t<div class=\"elementor-element elementor-element-d8c1e84 elementor-widget elementor-widget-spacer\" data-id=\"d8c1e84\" data-element_type=\"widget\" data-e-type=\"widget\" data-widget_type=\"spacer.default\">\n\t\t\t\t<div class=\"elementor-widget-container\">\n\t\t\t\t\t\t\t<div class=\"elementor-spacer\">\n\t\t\t<div class=\"elementor-spacer-inner\"><\/div>\n\t\t<\/div>\n\t\t\t\t\t\t<\/div>\n\t\t\t\t<\/div>\n\t\t\t\t<div class=\"elementor-element elementor-element-c259223 elementor-widget elementor-widget-text-editor\" data-id=\"c259223\" data-element_type=\"widget\" data-e-type=\"widget\" data-widget_type=\"text-editor.default\">\n\t\t\t\t<div class=\"elementor-widget-container\">\n\t\t\t\t\t\t\t\t\t<ul class=\"emdene_arrow list_primary_color\"><li>The interior of the church is divided by two pairs of couches, and on the eastern wall, next to the altar, the remains of medieval frescoes with the image of Saint Martin were found.<\/li><li>It was mentioned for the first time in 1396.<\/li><\/ul><ul class=\"emdene_arrow list_primary_color\"><li>In the late Middle Ages, it was the parish church of the Ivinj parish to which three settlements belonged: Ivinj, O\u0161trica and <strong><u>Jurjevgrad (today Tribunj)<\/u><\/strong> -&gt; 1460. later it was separated into a separate parish<\/li><li>The year 1548:<br \/><ul class=\"emdene_arrow list_primary_color\"><li>Unverified information states that in that year the Turks burned down the Ivinj settlement and the church of St. Martin, but if the church really perished, it was rebuilt soon after, as its judges are mentioned in 1564.<\/li><li>In the same year, with the consecration of the Church of the Holy Spirit, a new parish was founded in Tisno.<\/li><\/ul><\/li><\/ul>\t\t\t\t\t\t\t\t<\/div>\n\t\t\t\t<\/div>\n\t\t\t\t\t<\/div>\n\t\t<\/div>\n\t\t\t\t<div class=\"elementor-column elementor-col-50 elementor-top-column elementor-element elementor-element-a2f76c1\" data-id=\"a2f76c1\" data-element_type=\"column\" data-e-type=\"column\">\n\t\t\t<div class=\"elementor-widget-wrap elementor-element-populated\">\n\t\t\t\t\t\t<div class=\"elementor-element elementor-element-8480d47 elementor-widget elementor-widget-spacer\" data-id=\"8480d47\" data-element_type=\"widget\" data-e-type=\"widget\" data-widget_type=\"spacer.default\">\n\t\t\t\t<div class=\"elementor-widget-container\">\n\t\t\t\t\t\t\t<div class=\"elementor-spacer\">\n\t\t\t<div class=\"elementor-spacer-inner\"><\/div>\n\t\t<\/div>\n\t\t\t\t\t\t<\/div>\n\t\t\t\t<\/div>\n\t\t\t\t<div class=\"elementor-element elementor-element-ca6805a elementor-widget elementor-widget-image\" data-id=\"ca6805a\" data-element_type=\"widget\" data-e-type=\"widget\" data-widget_type=\"image.default\">\n\t\t\t\t<div class=\"elementor-widget-container\">\n\t\t\t\t\t\t\t\t\t\t\t\t\t\t\t<img fetchpriority=\"high\" decoding=\"async\" width=\"2560\" height=\"1936\" src=\"https:\/\/ivinj.com\/wp-content\/uploads\/2022\/12\/714_540-2-scaled.jpg\" class=\"attachment-full size-full wp-image-3095\" alt=\"\" srcset=\"https:\/\/ivinj.com\/wp-content\/uploads\/2022\/12\/714_540-2-scaled.jpg 2560w, https:\/\/ivinj.com\/wp-content\/uploads\/2022\/12\/714_540-2-300x227.jpg 300w, https:\/\/ivinj.com\/wp-content\/uploads\/2022\/12\/714_540-2-1024x774.jpg 1024w, https:\/\/ivinj.com\/wp-content\/uploads\/2022\/12\/714_540-2-768x581.jpg 768w, https:\/\/ivinj.com\/wp-content\/uploads\/2022\/12\/714_540-2-1536x1161.jpg 1536w, https:\/\/ivinj.com\/wp-content\/uploads\/2022\/12\/714_540-2-2048x1548.jpg 2048w, https:\/\/ivinj.com\/wp-content\/uploads\/2022\/12\/714_540-2-1080x817.jpg 1080w\" sizes=\"(max-width: 2560px) 100vw, 2560px\" \/>\t\t\t\t\t\t\t\t\t\t\t\t\t\t\t<\/div>\n\t\t\t\t<\/div>\n\t\t\t\t<div class=\"elementor-element elementor-element-e230084 elementor-widget elementor-widget-spacer\" data-id=\"e230084\" data-element_type=\"widget\" data-e-type=\"widget\" data-widget_type=\"spacer.default\">\n\t\t\t\t<div class=\"elementor-widget-container\">\n\t\t\t\t\t\t\t<div class=\"elementor-spacer\">\n\t\t\t<div class=\"elementor-spacer-inner\"><\/div>\n\t\t<\/div>\n\t\t\t\t\t\t<\/div>\n\t\t\t\t<\/div>\n\t\t\t\t\t<\/div>\n\t\t<\/div>\n\t\t\t\t\t<\/div>\n\t\t<\/section>\n\t\t\t\t<\/div>","protected":false},"excerpt":{"rendered":"<p>CRKVA SVETOG MARTINA NASLOVNICA Romani\u010dka crkva Crkva Svetog Martina Romani\u010dka crkva sv. Martina jednobrodna je gra\u0111evina s istaknutom oblom apsidom, a dimenzije joj iznose 12,22 x 6,5 m. Glavni ulaz u obliku romani\u010dkog portala s lunetom nalazi se na ju\u017enom bo\u010dnom zidu. U tjemenu luka lunete uklesana je godina 1488. koja bi se mogla odnositi na neku pregradnju. Pod krovom, s lijeve strane portala, nalaze se tri kamene konzole koje su vjerojatno nosile nadstre\u0161nicu. Pro\u010delje se sastoji od jednostavna portala i tri uska prozora, a povi\u0161e zabata postavljen je zvonik na preslicu iz kasnijeg razdoblja. U tjemenu apside je mali romani\u010dki lu\u010dni prozor. Unutra\u0161njost crkve je ra\u0161\u010dlanjena s dva para lezena, a na isto\u010dnom zidu, pokraj oltara, prona\u0111eni su ostatci srednjovjekovnih freski s likom Svetog Martina. Prvi put se spominje 1396. godine. U kasnom srednjem vijeku bila je \u017eupna crkva ivinjske \u017eupe kojoj su pripadala tri naselja: Ivinj, O\u0161trica i Jurjevgrad (dana\u0161nji Tribunj) -&gt; 1460. kasnije se izdvojio u zasebnu \u017eupu. 1548. godina: Neprovjereni podatak navodi kako su te godine Turci zapalili ivinjsko naselje i crkvu svetog Martina, no ako je crkva doista stradala, uskoro nakon toga je bila obnovljena jer se 1564. godine spominju njezini suci. Iste godine posve\u0107enjem crkve svetog Duha utemeljena je nova \u017eupa u Tisnom.<\/p>","protected":false},"author":1,"featured_media":0,"parent":0,"menu_order":0,"comment_status":"closed","ping_status":"closed","template":"elementor_header_footer","meta":{"footnotes":""},"class_list":["post-3076","page","type-page","status-publish","hentry"],"_links":{"self":[{"href":"https:\/\/ivinj.com\/en\/wp-json\/wp\/v2\/pages\/3076","targetHints":{"allow":["GET"]}}],"collection":[{"href":"https:\/\/ivinj.com\/en\/wp-json\/wp\/v2\/pages"}],"about":[{"href":"https:\/\/ivinj.com\/en\/wp-json\/wp\/v2\/types\/page"}],"author":[{"embeddable":true,"href":"https:\/\/ivinj.com\/en\/wp-json\/wp\/v2\/users\/1"}],"replies":[{"embeddable":true,"href":"https:\/\/ivinj.com\/en\/wp-json\/wp\/v2\/comments?post=3076"}],"version-history":[{"count":33,"href":"https:\/\/ivinj.com\/en\/wp-json\/wp\/v2\/pages\/3076\/revisions"}],"predecessor-version":[{"id":5399,"href":"https:\/\/ivinj.com\/en\/wp-json\/wp\/v2\/pages\/3076\/revisions\/5399"}],"wp:attachment":[{"href":"https:\/\/ivinj.com\/en\/wp-json\/wp\/v2\/media?parent=3076"}],"curies":[{"name":"wp","href":"https:\/\/api.w.org\/{rel}","templated":true}]}}