{"id":3537,"date":"2022-12-30T08:24:39","date_gmt":"2022-12-30T08:24:39","guid":{"rendered":"https:\/\/ivinj.com\/?page_id=3537"},"modified":"2025-01-13T09:59:34","modified_gmt":"2025-01-13T09:59:34","slug":"literatura","status":"publish","type":"page","link":"https:\/\/ivinj.com\/en\/literatura\/","title":{"rendered":"LITERATURE"},"content":{"rendered":"<div data-elementor-type=\"wp-page\" data-elementor-id=\"3537\" class=\"elementor elementor-3537\">\n\t\t\t\t<div class=\"elementor-element elementor-element-265e8fc e-flex e-con-boxed wpr-particle-no wpr-jarallax-no wpr-parallax-no wpr-sticky-section-no wpr-equal-height-no e-con e-parent\" data-id=\"265e8fc\" data-element_type=\"container\" data-e-type=\"container\" data-settings=\"{&quot;background_background&quot;:&quot;classic&quot;}\">\n\t\t\t\t\t<div class=\"e-con-inner\">\n\t\t\t\t<div class=\"elementor-element elementor-element-ad1e09c elementor-widget elementor-widget-page-title\" data-id=\"ad1e09c\" data-element_type=\"widget\" data-e-type=\"widget\" data-widget_type=\"page-title.default\">\n\t\t\t\t<div class=\"elementor-widget-container\">\n\t\t\t\t\t\t\t\n\t\t<div class=\"hfe-page-title hfe-page-title-wrapper elementor-widget-heading\">\n\n\t\t\t\t\t\t\t\t\t\t\t<a href=\"https:\/\/ivinj.com\/en\">\n\t\t\t\t\t\t<h2 class=\"elementor-heading-title elementor-size-default\">\n\t\t\t\t\t\t\t\t\n\t\t\t\tLITERATURE  \n\t\t\t<\/h2> \n\t\t\t\t\t\t\t\t\t<\/a>\n\t\t\t\t\t<\/div>\n\t\t\t\t\t\t<\/div>\n\t\t\t\t<\/div>\n\t\t\t\t<div class=\"elementor-element elementor-element-cfd9ae8 elementor-widget elementor-widget-hfe-breadcrumbs-widget\" data-id=\"cfd9ae8\" data-element_type=\"widget\" data-e-type=\"widget\" data-widget_type=\"hfe-breadcrumbs-widget.default\">\n\t\t\t\t<div class=\"elementor-widget-container\">\n\t\t\t\t\t<nav aria-label=\"Breadcrumb\"><ul class=\"hfe-breadcrumbs hfe-breadcrumbs-show-home\"><li class=\"hfe-breadcrumbs-item hfe-breadcrumbs-first\"><span class=\"hfe-breadcrumbs-home-icon\"><\/span><a href=\"https:\/\/ivinj.com\/en\"><span class=\"hfe-breadcrumbs-text\">HOME PAGE<\/span><\/a><\/li><\/ul><\/nav>\t\t\t\t<\/div>\n\t\t\t\t<\/div>\n\t\t\t\t\t<\/div>\n\t\t\t\t<\/div>\n\t\t\t\t<section class=\"elementor-section elementor-top-section elementor-element elementor-element-498c3fae elementor-section-content-middle elementor-reverse-tablet elementor-reverse-mobile elementor-section-boxed elementor-section-height-default elementor-section-height-default wpr-particle-no wpr-jarallax-no wpr-parallax-no wpr-sticky-section-no wpr-equal-height-no\" data-id=\"498c3fae\" data-element_type=\"section\" data-e-type=\"section\">\n\t\t\t\t\t\t<div class=\"elementor-container elementor-column-gap-default\">\n\t\t\t\t\t<div class=\"elementor-column elementor-col-100 elementor-top-column elementor-element elementor-element-37bdae15\" data-id=\"37bdae15\" data-element_type=\"column\" data-e-type=\"column\">\n\t\t\t<div class=\"elementor-widget-wrap elementor-element-populated\">\n\t\t\t\t\t\t<div class=\"elementor-element elementor-element-71bd2dd7 aleft elementor-widget elementor-widget-wgl-double-heading\" data-id=\"71bd2dd7\" data-element_type=\"widget\" data-e-type=\"widget\" data-widget_type=\"wgl-double-heading.default\">\n\t\t\t\t<div class=\"elementor-widget-container\">\n\t\t\t\t\t<div class=\"wgl-double-heading\"><h3 class=\"dblh__title-wrapper\"><span class=\"dblh__title dblh__title-1\">LITERATURE<\/span><\/h3><\/div>\t\t\t\t<\/div>\n\t\t\t\t<\/div>\n\t\t\t\t<div class=\"elementor-element elementor-element-6d5239 elementor-widget__width-initial elementor-widget-tablet__width-inherit elementor-widget elementor-widget-text-editor\" data-id=\"6d5239\" data-element_type=\"widget\" data-e-type=\"widget\" data-widget_type=\"text-editor.default\">\n\t\t\t\t<div class=\"elementor-widget-container\">\n\t\t\t\t\t\t\t\t\t<p>List of literature we used in creating this content;<\/p><ul><li style=\"list-style-type: none;\"><ul class=\"emdene_arrow list_primary_color\"><li>\u0106uzela, J., \u0160prljan, I. (2019.) <em>Otok Murter: pogled na ba\u0161tinu. <\/em>Tisno: Op\u0107ina Tisno.<\/li><li>(2010.)<em> Toponimija otoka Murtera. <\/em>Zadar: Sveu\u010dili\u0161te u Zadru, Centar za jadranska onomasti\u010dka istra\u017eivanja.<\/li><li>Marijan, L., Nimac, D. (2013.)<em> GLAGOLJA\u0160KO PU\u010cKO CRKVENO PJEVANJE U \u0160IBENSKOJ BISKUPIJI-TISNO. <\/em>Zagreb: Hrvatska kulturna udruga Pjevana ba\u0161tina te Institut za etnologiju i folkloristiku, Zagreb.<\/li><li>Katalog: IVINJ, CRKVA SV. MARTINA, REZULTATI ARHEOLO\u0160KOG ISTRA\u017dIVANJA + letak s otvorenja izlo\u017ebe 2013. godine<\/li><li><p><span>STO\u0160I\u0106, K.: Sela \u0161ibenskog kotora, \u0160ibenik, 1941., p.208<\/span><\/p><\/li><li><p><span><\/span><span>JURAN, K., SORI\u0106, S. : Spomenici sakralnoga graditeljstva na otoku Murteru,<\/span><\/p><\/li><li><p><span><\/span><span>Toponimija otoka Murtera. Zadar, Sveuc\u030cilis\u030cte u Zadru, 2010, p.97-1217<\/span><\/p><\/li><li><a href=\"https:\/\/www.nkc-tisno.hr\/index.php\/novosti\/400-tisno-i-tisnjani-kroz-stoljeca\">Branko Pavlov (2021) Tisno i Ti\u0161njani kroz stolje\u0107a<\/a><\/li><\/ul><\/li><\/ul><p>Many thanks to the professional collaborators - Mr. Josip \u0106uzela and Mrs. Magda Zori\u0107 for cooperation and the National Library and Reading Room Tisno for help.<\/p>\t\t\t\t\t\t\t\t<\/div>\n\t\t\t\t<\/div>\n\t\t\t\t\t<\/div>\n\t\t<\/div>\n\t\t\t\t\t<\/div>\n\t\t<\/section>\n\t\t\t\t<\/div>","protected":false},"excerpt":{"rendered":"<p>LITERATURA NASLOVNICA LITERATURA Popis literature koju smo koristili u kreiranju ovog sadr\u017eaja; \u0106uzela, J., \u0160prljan, I. (2019.) Otok Murter: pogled na ba\u0161tinu. Tisno: Op\u0107ina Tisno. (2010.) Toponimija otoka Murtera. Zadar: Sveu\u010dili\u0161te u Zadru, Centar za jadranska onomasti\u010dka istra\u017eivanja. Marijan, L., Nimac, D. (2013.) GLAGOLJA\u0160KO PU\u010cKO CRKVENO PJEVANJE U \u0160IBENSKOJ BISKUPIJI-TISNO. Zagreb: Hrvatska kulturna udruga Pjevana ba\u0161tina te Institut za etnologiju i folkloristiku, Zagreb. Katalog: IVINJ, CRKVA SV. MARTINA, REZULTATI ARHEOLO\u0160KOG ISTRA\u017dIVANJA + letak s otvorenja izlo\u017ebe 2013. godine STO\u0160I\u0106, K.: Sela \u0161ibenskog kotora, \u0160ibenik, 1941., p.208 JURAN, K., SORI\u0106, S. : Spomenici sakralnoga graditeljstva na otoku Murteru, Toponimija otoka Murtera. Zadar, Sveuc\u030cilis\u030cte u Zadru, 2010, p.97-1217 Branko Pavlov (2021) Tisno i Ti\u0161njani kroz stolje\u0107a Veliko hvala i stru\u010dnim suradnicima \u2013 g. Josipu \u0106uzeli i g\u0111i. Magdi Zori\u0107 na suradnji te Narodnoj knji\u017enici i \u010ditaonici Tisno na pomo\u0107i.<\/p>","protected":false},"author":1,"featured_media":0,"parent":0,"menu_order":0,"comment_status":"closed","ping_status":"closed","template":"elementor_header_footer","meta":{"footnotes":""},"class_list":["post-3537","page","type-page","status-publish","hentry"],"_links":{"self":[{"href":"https:\/\/ivinj.com\/en\/wp-json\/wp\/v2\/pages\/3537","targetHints":{"allow":["GET"]}}],"collection":[{"href":"https:\/\/ivinj.com\/en\/wp-json\/wp\/v2\/pages"}],"about":[{"href":"https:\/\/ivinj.com\/en\/wp-json\/wp\/v2\/types\/page"}],"author":[{"embeddable":true,"href":"https:\/\/ivinj.com\/en\/wp-json\/wp\/v2\/users\/1"}],"replies":[{"embeddable":true,"href":"https:\/\/ivinj.com\/en\/wp-json\/wp\/v2\/comments?post=3537"}],"version-history":[{"count":32,"href":"https:\/\/ivinj.com\/en\/wp-json\/wp\/v2\/pages\/3537\/revisions"}],"predecessor-version":[{"id":5421,"href":"https:\/\/ivinj.com\/en\/wp-json\/wp\/v2\/pages\/3537\/revisions\/5421"}],"wp:attachment":[{"href":"https:\/\/ivinj.com\/en\/wp-json\/wp\/v2\/media?parent=3537"}],"curies":[{"name":"wp","href":"https:\/\/api.w.org\/{rel}","templated":true}]}}