{"id":3722,"date":"2023-12-05T10:48:57","date_gmt":"2023-12-05T10:48:57","guid":{"rendered":"https:\/\/ivinj.com\/?page_id=3722"},"modified":"2025-02-12T13:33:56","modified_gmt":"2025-02-12T13:33:56","slug":"kuca-banchetti","status":"publish","type":"page","link":"https:\/\/ivinj.com\/en\/kuca-banchetti\/","title":{"rendered":"THE BANCHETTI HOUSE"},"content":{"rendered":"\t\t<div data-elementor-type=\"wp-page\" data-elementor-id=\"3722\" class=\"elementor elementor-3722\">\n\t\t\t\t<div class=\"elementor-element elementor-element-c39e3ef e-flex e-con-boxed wpr-particle-no wpr-jarallax-no wpr-parallax-no wpr-sticky-section-no wpr-equal-height-no e-con e-parent\" data-id=\"c39e3ef\" data-element_type=\"container\" data-e-type=\"container\" data-settings=\"{&quot;background_background&quot;:&quot;classic&quot;}\">\n\t\t\t\t\t<div class=\"e-con-inner\">\n\t\t\t\t<div class=\"elementor-element elementor-element-4bb9f5a elementor-widget elementor-widget-page-title\" data-id=\"4bb9f5a\" data-element_type=\"widget\" data-e-type=\"widget\" data-settings=\"{&quot;align_mobile&quot;:&quot;center&quot;}\" data-widget_type=\"page-title.default\">\n\t\t\t\t<div class=\"elementor-widget-container\">\n\t\t\t\t\t\t\t\n\t\t<div class=\"hfe-page-title hfe-page-title-wrapper elementor-widget-heading\">\n\n\t\t\t\t\t\t\t\t\t\t\t<a href=\"https:\/\/ivinj.com\/en\">\n\t\t\t\t\t\t<h2 class=\"elementor-heading-title elementor-size-default\">\n\t\t\t\t\t\t\t\t\n\t\t\t\tKU\u0106A BANCHETTI  \n\t\t\t<\/h2 > \n\t\t\t\t\t\t\t\t\t<\/a>\n\t\t\t\t\t<\/div>\n\t\t\t\t\t\t<\/div>\n\t\t\t\t<\/div>\n\t\t\t\t<div class=\"elementor-element elementor-element-34f0f97 elementor-widget elementor-widget-hfe-breadcrumbs-widget\" data-id=\"34f0f97\" data-element_type=\"widget\" data-e-type=\"widget\" data-widget_type=\"hfe-breadcrumbs-widget.default\">\n\t\t\t\t<div class=\"elementor-widget-container\">\n\t\t\t\t\t<nav aria-label=\"Breadcrumb\"><ul class=\"hfe-breadcrumbs hfe-breadcrumbs-show-home\"><li class=\"hfe-breadcrumbs-item hfe-breadcrumbs-first\"><span class=\"hfe-breadcrumbs-home-icon\"><\/span><a href=\"https:\/\/ivinj.com\/en\"><span class=\"hfe-breadcrumbs-text\">NASLOVNICA<\/span><\/a><\/li><\/ul><\/nav>\t\t\t\t<\/div>\n\t\t\t\t<\/div>\n\t\t\t\t\t<\/div>\n\t\t\t\t<\/div>\n\t\t\t\t<section class=\"elementor-section elementor-top-section elementor-element elementor-element-297709a2 elementor-section-boxed elementor-section-height-default elementor-section-height-default wpr-particle-no wpr-jarallax-no wpr-parallax-no wpr-sticky-section-no wpr-equal-height-no\" data-id=\"297709a2\" data-element_type=\"section\" data-e-type=\"section\">\n\t\t\t\t\t\t<div class=\"elementor-container elementor-column-gap-default\">\n\t\t\t\t\t<div class=\"elementor-column elementor-col-50 elementor-top-column elementor-element elementor-element-4cb5ea3d\" data-id=\"4cb5ea3d\" data-element_type=\"column\" data-e-type=\"column\">\n\t\t\t<div class=\"elementor-widget-wrap elementor-element-populated\">\n\t\t\t\t\t\t<div class=\"elementor-element elementor-element-3206236e aleft elementor-widget elementor-widget-wgl-double-heading\" data-id=\"3206236e\" data-element_type=\"widget\" data-e-type=\"widget\" data-widget_type=\"wgl-double-heading.default\">\n\t\t\t\t<div class=\"elementor-widget-container\">\n\t\t\t\t\t<div class=\"wgl-double-heading\"><div class=\"dblh__subtitle\">Ljepotica od klesanog kamena<\/div><h3 class=\"dblh__title-wrapper\"><span class=\"dblh__title dblh__title-1\">Dom legende o povijesti Tisnoga<\/span><\/h3><\/div>\t\t\t\t<\/div>\n\t\t\t\t<\/div>\n\t\t\t\t<div class=\"elementor-element elementor-element-e29101d elementor-widget elementor-widget-text-editor\" data-id=\"e29101d\" data-element_type=\"widget\" data-e-type=\"widget\" data-widget_type=\"text-editor.default\">\n\t\t\t\t<div class=\"elementor-widget-container\">\n\t\t\t\t\t\t\t\t\t<p><span style=\"font-weight: 400;\">U centru Tisnog, na putu prema crkvi sv. Roka, stoji jedna lijepa kamena vila, poznatija kao ku\u0107a Banchetti. Svoje ime dobila je po jednoj od najbogatijih obitelji u staroj Dalmaciji koja se nastanila u Tisnom kada je u 18. st., Talijan Andrija Banchetti do\u0161ao ovdje i kupio niz posjeda. Na njima su kasnije njegovi nasljednici izgradili ku\u0107u koja i danas postoji. Stoga nije ni \u010dudo da je prvi na\u010delnik Op\u0107ine, Toma, bio upravo potomak Andrije Banchettija. Ku\u0107a Banchetti bila je i ostala prekrasna. Prizemlje i dva kata zidana su klesanim kamenom, a prozore je \u0161titila ukrasna re\u0161etka od kovanog \u017eeljeza oblikovana u najljep\u0161e cvije\u0107e.\u00a0<\/span><\/p>\t\t\t\t\t\t\t\t<\/div>\n\t\t\t\t<\/div>\n\t\t\t\t<div class=\"elementor-element elementor-element-737d4374 elementor-widget elementor-widget-text-editor\" data-id=\"737d4374\" data-element_type=\"widget\" data-e-type=\"widget\" data-widget_type=\"text-editor.default\">\n\t\t\t\t<div class=\"elementor-widget-container\">\n\t\t\t\t\t\t\t\t\t<p><span style=\"font-weight: 400;\">Obitelj Banchetti ostavila je traga na cijelom otoku Murteru pa je tako jedan od potomaka, Antun posudio novac Jezeranima da se izgradi oltar u crkvi Gospe od Zdravlja. Banchettiji su pomagali i Veneciji, kako jedna legenda ka\u017ee, kojoj su navodno posudili 500.000 zlatnih cekina kada su Veneciju krajem 18. stolje\u0107a ratne okolnosti dovele u financijsku krizu.<\/span><\/p>\t\t\t\t\t\t\t\t<\/div>\n\t\t\t\t<\/div>\n\t\t\t\t<div class=\"elementor-element elementor-element-28280808 elementor-widget elementor-widget-text-editor\" data-id=\"28280808\" data-element_type=\"widget\" data-e-type=\"widget\" data-widget_type=\"text-editor.default\">\n\t\t\t\t<div class=\"elementor-widget-container\">\n\t\t\t\t\t\t\t\t\t<h4>GDJE JE NOVAC?<\/h4>\t\t\t\t\t\t\t\t<\/div>\n\t\t\t\t<\/div>\n\t\t\t\t<div class=\"elementor-element elementor-element-24005782 elementor-widget elementor-widget-text-editor\" data-id=\"24005782\" data-element_type=\"widget\" data-e-type=\"widget\" data-widget_type=\"text-editor.default\">\n\t\t\t\t<div class=\"elementor-widget-container\">\n\t\t\t\t\t\t\t\t\t<p><span style=\"font-weight: 400;\">Ovaj novac je kasnije vra\u0107en, <span>ali nitko ne\u00a0 zna gdje je zavr\u0161io jer je jedan od Banchettija, Giuseppe<\/span>, koji je novac Veneciji posudio, preminuo ne uspjev\u0161i re\u0107i gdje je novac pohranjen. Tko zna, mo\u017eda se i danas nalazi s desne strane u Uskoj ulici koja vodi od Rudine prema crkvi svetog Roka.<\/span><\/p><p><span style=\"font-weight: 400;\">U svakom slu\u010daju, ku\u0107a Banchetti i danas nam krasi Tisno te svjedo\u010di o bogatoj povijesti mjesta i ti\u0161njanskih imu\u0107nih obitelji.<\/span><\/p>\t\t\t\t\t\t\t\t<\/div>\n\t\t\t\t<\/div>\n\t\t\t\t<div class=\"elementor-element elementor-element-7d90a3e1 elementor-widget elementor-widget-text-editor\" data-id=\"7d90a3e1\" data-element_type=\"widget\" data-e-type=\"widget\" data-widget_type=\"text-editor.default\">\n\t\t\t\t<div class=\"elementor-widget-container\">\n\t\t\t\t\t\t\t\t\t<p><span style=\"font-size: 12px;\">Izvori: <br \/>Josip \u0106uzela, Ivo \u0160prljan (2019) Otok Murter: pogled na ba\u0161tinu. Op\u0107ina Tisno. <br \/><a href=\"https:\/\/www.nkc-tisno.hr\/index.php\/novosti\/400-tisno-i-tisnjani-kroz-stoljeca\">Branko Pavlov (2021) Tisno i Ti\u0161njani kroz stolje\u0107a.\u00a0<\/a><br \/><\/span><\/p>\t\t\t\t\t\t\t\t<\/div>\n\t\t\t\t<\/div>\n\t\t\t\t\t<\/div>\n\t\t<\/div>\n\t\t\t\t<div class=\"elementor-column elementor-col-50 elementor-top-column elementor-element elementor-element-31819f22\" data-id=\"31819f22\" data-element_type=\"column\" data-e-type=\"column\">\n\t\t\t<div class=\"elementor-widget-wrap elementor-element-populated\">\n\t\t\t\t\t\t<div class=\"elementor-element elementor-element-4f82102 elementor-widget elementor-widget-image\" data-id=\"4f82102\" data-element_type=\"widget\" data-e-type=\"widget\" data-widget_type=\"image.default\">\n\t\t\t\t<div class=\"elementor-widget-container\">\n\t\t\t\t\t\t\t\t\t\t\t\t\t\t\t<img fetchpriority=\"high\" decoding=\"async\" width=\"800\" height=\"600\" src=\"https:\/\/ivinj.com\/wp-content\/uploads\/2023\/12\/Ivinj-KucaBanchetti-Slika6.jpg\" class=\"attachment-full size-full wp-image-4003\" alt=\"\" srcset=\"https:\/\/ivinj.com\/wp-content\/uploads\/2023\/12\/Ivinj-KucaBanchetti-Slika6.jpg 800w, https:\/\/ivinj.com\/wp-content\/uploads\/2023\/12\/Ivinj-KucaBanchetti-Slika6-300x225.jpg 300w, https:\/\/ivinj.com\/wp-content\/uploads\/2023\/12\/Ivinj-KucaBanchetti-Slika6-768x576.jpg 768w, https:\/\/ivinj.com\/wp-content\/uploads\/2023\/12\/Ivinj-KucaBanchetti-Slika6-16x12.jpg 16w\" sizes=\"(max-width: 800px) 100vw, 800px\" \/>\t\t\t\t\t\t\t\t\t\t\t\t\t\t\t<\/div>\n\t\t\t\t<\/div>\n\t\t\t\t<div class=\"elementor-element elementor-element-48059456 elementor-widget elementor-widget-image\" data-id=\"48059456\" data-element_type=\"widget\" data-e-type=\"widget\" data-widget_type=\"image.default\">\n\t\t\t\t<div class=\"elementor-widget-container\">\n\t\t\t\t\t\t\t\t\t\t\t\t\t\t\t<img decoding=\"async\" width=\"800\" height=\"600\" src=\"https:\/\/ivinj.com\/wp-content\/uploads\/2023\/12\/Ivinj-KucaBanchetti-Slika7.jpg\" class=\"attachment-full size-full wp-image-4004\" alt=\"\" srcset=\"https:\/\/ivinj.com\/wp-content\/uploads\/2023\/12\/Ivinj-KucaBanchetti-Slika7.jpg 800w, https:\/\/ivinj.com\/wp-content\/uploads\/2023\/12\/Ivinj-KucaBanchetti-Slika7-300x225.jpg 300w, https:\/\/ivinj.com\/wp-content\/uploads\/2023\/12\/Ivinj-KucaBanchetti-Slika7-768x576.jpg 768w, https:\/\/ivinj.com\/wp-content\/uploads\/2023\/12\/Ivinj-KucaBanchetti-Slika7-16x12.jpg 16w\" sizes=\"(max-width: 800px) 100vw, 800px\" \/>\t\t\t\t\t\t\t\t\t\t\t\t\t\t\t<\/div>\n\t\t\t\t<\/div>\n\t\t\t\t<div class=\"elementor-element elementor-element-4e5349b6 elementor-widget elementor-widget-image\" data-id=\"4e5349b6\" data-element_type=\"widget\" data-e-type=\"widget\" data-widget_type=\"image.default\">\n\t\t\t\t<div class=\"elementor-widget-container\">\n\t\t\t\t\t\t\t\t\t\t\t\t\t\t\t<img decoding=\"async\" width=\"800\" height=\"600\" src=\"https:\/\/ivinj.com\/wp-content\/uploads\/2023\/12\/Ivinj-KucaBanchetti-Slika8.jpg\" class=\"attachment-full size-full wp-image-4005\" alt=\"\" srcset=\"https:\/\/ivinj.com\/wp-content\/uploads\/2023\/12\/Ivinj-KucaBanchetti-Slika8.jpg 800w, https:\/\/ivinj.com\/wp-content\/uploads\/2023\/12\/Ivinj-KucaBanchetti-Slika8-300x225.jpg 300w, https:\/\/ivinj.com\/wp-content\/uploads\/2023\/12\/Ivinj-KucaBanchetti-Slika8-768x576.jpg 768w, https:\/\/ivinj.com\/wp-content\/uploads\/2023\/12\/Ivinj-KucaBanchetti-Slika8-16x12.jpg 16w\" sizes=\"(max-width: 800px) 100vw, 800px\" \/>\t\t\t\t\t\t\t\t\t\t\t\t\t\t\t<\/div>\n\t\t\t\t<\/div>\n\t\t\t\t\t<\/div>\n\t\t<\/div>\n\t\t\t\t\t<\/div>\n\t\t<\/section>\n\t\t\t\t<section class=\"elementor-section elementor-top-section elementor-element elementor-element-bdf0404 elementor-section-boxed elementor-section-height-default elementor-section-height-default wpr-particle-no wpr-jarallax-no wpr-parallax-no wpr-sticky-section-no wpr-equal-height-no\" data-id=\"bdf0404\" data-element_type=\"section\" data-e-type=\"section\" data-settings=\"{&quot;background_background&quot;:&quot;classic&quot;}\">\n\t\t\t\t\t\t<div class=\"elementor-container elementor-column-gap-default\">\n\t\t\t\t\t<div class=\"elementor-column elementor-col-100 elementor-top-column elementor-element elementor-element-76286b1\" data-id=\"76286b1\" data-element_type=\"column\" data-e-type=\"column\">\n\t\t\t<div class=\"elementor-widget-wrap elementor-element-populated\">\n\t\t\t\t\t\t<div class=\"elementor-element elementor-element-b0e71cf col-3 col-tablet-2 col-mobile-1 elementor-widget elementor-widget-wgl-gallery\" data-id=\"b0e71cf\" data-element_type=\"widget\" data-e-type=\"widget\" data-widget_type=\"wgl-gallery.default\">\n\t\t\t\t<div class=\"elementor-widget-container\">\n\t\t\t\t\t<div class=\"wgl-gallery\"><div class=\"wgl-gallery_items gallery-carousel\"><div class=\"wgl-carousel_wrapper\"><div class=\"wgl-carousel swiper wgl-carousel_swiper swiper-container pagination_circle \" data-swiper='{\"animationDuration\":300,\"watchOverflow\":true,\"infinite\":true,\"variableWidth\":false,\"autoplay\":false,\"autoplaySpeed\":null,\"autoplayPause\":true,\"autoplayReverse\":false,\"arrows\":false,\"dots\":true,\"adaptiveHeight\":false,\"responsive\":[{\"breakpoint\":1601,\"slidesToShow\":\"3\",\"slidesToScroll\":\"3\"},{\"breakpoint\":1201,\"slidesToShow\":\"3\",\"slidesToScroll\":\"3\"},{\"breakpoint\":768,\"slidesToShow\":\"2\",\"slidesToScroll\":\"2\"},{\"breakpoint\":280,\"slidesToShow\":\"1\",\"slidesToScroll\":\"1\"}]}' data-item-carousel='wgl_carousel_69f21aa976146'><div class=\"swiper-wrapper\"><div class=\"wgl-gallery_item-wrapper swiper-slide\"><a class=\"wgl-gallery_item\" data-elementor-open-lightbox=\"yes\" data-elementor-lightbox-slideshow=\"all-b0e71cf\" data-elementor-lightbox-title=\"Ivinj-KucaBanchetti-Slika11\" data-e-action-hash=\"#elementor-action%3Aaction%3Dlightbox%26settings%3DeyJpZCI6NDA0NiwidXJsIjoiaHR0cHM6XC9cL2l2aW5qLmNvbVwvd3AtY29udGVudFwvdXBsb2Fkc1wvMjAyM1wvMTJcL0l2aW5qLUt1Y2FCYW5jaGV0dGktU2xpa2ExMS5qcGciLCJzbGlkZXNob3ciOiJhbGwtYjBlNzFjZiJ9\" href=\"https:\/\/ivinj.com\/wp-content\/uploads\/2023\/12\/Ivinj-KucaBanchetti-Slika11.jpg\"><img decoding=\"async\" class=\"wgl-gallery_image\" src=\"https:\/\/ivinj.com\/wp-content\/uploads\/2023\/12\/Ivinj-KucaBanchetti-Slika11-585x390.jpg\" alt=\"\" loading=\"lazy\"><\/a><\/div><div class=\"wgl-gallery_item-wrapper swiper-slide\"><a class=\"wgl-gallery_item\" data-elementor-open-lightbox=\"yes\" data-elementor-lightbox-slideshow=\"all-b0e71cf\" data-elementor-lightbox-title=\"Ivinj-KucaBanchetti-Slika9\" data-e-action-hash=\"#elementor-action%3Aaction%3Dlightbox%26settings%3DeyJpZCI6NDA0NCwidXJsIjoiaHR0cHM6XC9cL2l2aW5qLmNvbVwvd3AtY29udGVudFwvdXBsb2Fkc1wvMjAyM1wvMTJcL0l2aW5qLUt1Y2FCYW5jaGV0dGktU2xpa2E5LmpwZyIsInNsaWRlc2hvdyI6ImFsbC1iMGU3MWNmIn0%3D\" href=\"https:\/\/ivinj.com\/wp-content\/uploads\/2023\/12\/Ivinj-KucaBanchetti-Slika9.jpg\"><img decoding=\"async\" class=\"wgl-gallery_image\" src=\"https:\/\/ivinj.com\/wp-content\/uploads\/2023\/12\/Ivinj-KucaBanchetti-Slika9-585x390.jpg\" alt=\"\" loading=\"lazy\"><\/a><\/div><div class=\"wgl-gallery_item-wrapper swiper-slide\"><a class=\"wgl-gallery_item\" data-elementor-open-lightbox=\"yes\" data-elementor-lightbox-slideshow=\"all-b0e71cf\" data-elementor-lightbox-title=\"Ivinj-KucaBanchetti-Slika10\" data-e-action-hash=\"#elementor-action%3Aaction%3Dlightbox%26settings%3DeyJpZCI6NDA0NSwidXJsIjoiaHR0cHM6XC9cL2l2aW5qLmNvbVwvd3AtY29udGVudFwvdXBsb2Fkc1wvMjAyM1wvMTJcL0l2aW5qLUt1Y2FCYW5jaGV0dGktU2xpa2ExMC5qcGciLCJzbGlkZXNob3ciOiJhbGwtYjBlNzFjZiJ9\" href=\"https:\/\/ivinj.com\/wp-content\/uploads\/2023\/12\/Ivinj-KucaBanchetti-Slika10.jpg\"><img decoding=\"async\" class=\"wgl-gallery_image\" src=\"https:\/\/ivinj.com\/wp-content\/uploads\/2023\/12\/Ivinj-KucaBanchetti-Slika10-585x390.jpg\" alt=\"\" loading=\"lazy\"><\/a><\/div><div class=\"wgl-gallery_item-wrapper swiper-slide\"><a class=\"wgl-gallery_item\" data-elementor-open-lightbox=\"yes\" data-elementor-lightbox-slideshow=\"all-b0e71cf\" data-elementor-lightbox-title=\"Ivinj-KucaBanchetti-Slika6\" data-e-action-hash=\"#elementor-action%3Aaction%3Dlightbox%26settings%3DeyJpZCI6NDAwMywidXJsIjoiaHR0cHM6XC9cL2l2aW5qLmNvbVwvd3AtY29udGVudFwvdXBsb2Fkc1wvMjAyM1wvMTJcL0l2aW5qLUt1Y2FCYW5jaGV0dGktU2xpa2E2LmpwZyIsInNsaWRlc2hvdyI6ImFsbC1iMGU3MWNmIn0%3D\" href=\"https:\/\/ivinj.com\/wp-content\/uploads\/2023\/12\/Ivinj-KucaBanchetti-Slika6.jpg\"><img decoding=\"async\" class=\"wgl-gallery_image\" src=\"https:\/\/ivinj.com\/wp-content\/uploads\/2023\/12\/Ivinj-KucaBanchetti-Slika6-585x390.jpg\" alt=\"\" loading=\"lazy\"><\/a><\/div><div class=\"wgl-gallery_item-wrapper swiper-slide\"><a class=\"wgl-gallery_item\" data-elementor-open-lightbox=\"yes\" data-elementor-lightbox-slideshow=\"all-b0e71cf\" data-elementor-lightbox-title=\"Ivinj-KucaBanchetti-Slika7\" data-e-action-hash=\"#elementor-action%3Aaction%3Dlightbox%26settings%3DeyJpZCI6NDAwNCwidXJsIjoiaHR0cHM6XC9cL2l2aW5qLmNvbVwvd3AtY29udGVudFwvdXBsb2Fkc1wvMjAyM1wvMTJcL0l2aW5qLUt1Y2FCYW5jaGV0dGktU2xpa2E3LmpwZyIsInNsaWRlc2hvdyI6ImFsbC1iMGU3MWNmIn0%3D\" href=\"https:\/\/ivinj.com\/wp-content\/uploads\/2023\/12\/Ivinj-KucaBanchetti-Slika7.jpg\"><img decoding=\"async\" class=\"wgl-gallery_image\" src=\"https:\/\/ivinj.com\/wp-content\/uploads\/2023\/12\/Ivinj-KucaBanchetti-Slika7-585x390.jpg\" alt=\"\" loading=\"lazy\"><\/a><\/div><div class=\"wgl-gallery_item-wrapper swiper-slide\"><a class=\"wgl-gallery_item\" data-elementor-open-lightbox=\"yes\" data-elementor-lightbox-slideshow=\"all-b0e71cf\" data-elementor-lightbox-title=\"Ivinj-KucaBanchetti-Slika8\" data-e-action-hash=\"#elementor-action%3Aaction%3Dlightbox%26settings%3DeyJpZCI6NDAwNSwidXJsIjoiaHR0cHM6XC9cL2l2aW5qLmNvbVwvd3AtY29udGVudFwvdXBsb2Fkc1wvMjAyM1wvMTJcL0l2aW5qLUt1Y2FCYW5jaGV0dGktU2xpa2E4LmpwZyIsInNsaWRlc2hvdyI6ImFsbC1iMGU3MWNmIn0%3D\" href=\"https:\/\/ivinj.com\/wp-content\/uploads\/2023\/12\/Ivinj-KucaBanchetti-Slika8.jpg\"><img decoding=\"async\" class=\"wgl-gallery_image\" src=\"https:\/\/ivinj.com\/wp-content\/uploads\/2023\/12\/Ivinj-KucaBanchetti-Slika8-585x390.jpg\" alt=\"\" loading=\"lazy\"><\/a><\/div><\/div><ul class=\"swiper-pagination\" role=\"tablist\" data-carousel=\"wgl_carousel_69f21aa976146\"><\/ul><\/div><\/div><\/div><\/div>\t\t\t\t<\/div>\n\t\t\t\t<\/div>\n\t\t\t\t\t<\/div>\n\t\t<\/div>\n\t\t\t\t\t<\/div>\n\t\t<\/section>\n\t\t<div class=\"elementor-element elementor-element-2f97827 e-flex e-con-boxed wpr-particle-no wpr-jarallax-no wpr-parallax-no wpr-sticky-section-no wpr-equal-height-no e-con e-parent\" data-id=\"2f97827\" data-element_type=\"container\" data-e-type=\"container\" data-settings=\"{&quot;background_background&quot;:&quot;classic&quot;}\">\n\t\t\t\t\t<div class=\"e-con-inner\">\n\t\t\t\t<div class=\"elementor-element elementor-element-a1aaceb elementor-widget elementor-widget-text-editor\" data-id=\"a1aaceb\" data-element_type=\"widget\" data-e-type=\"widget\" data-widget_type=\"text-editor.default\">\n\t\t\t\t<div class=\"elementor-widget-container\">\n\t\t\t\t\t\t\t\t\t<p>Uputite se u <span style=\"text-decoration: underline;\"><a href=\"https:\/\/ivinj.com\/tematske-setnje\/\">tematsku \u0161etnju<\/a><\/span> po Tisnom<\/p>\t\t\t\t\t\t\t\t<\/div>\n\t\t\t\t<\/div>\n\t\t\t\t\t<\/div>\n\t\t\t\t<\/div>\n\t\t<div class=\"elementor-element elementor-element-34942de e-con-full e-flex wpr-particle-no wpr-jarallax-no wpr-parallax-no wpr-sticky-section-no wpr-equal-height-no e-con e-parent\" data-id=\"34942de\" data-element_type=\"container\" data-e-type=\"container\">\n\t\t<div class=\"elementor-element elementor-element-b62b098 e-con-full e-flex wpr-particle-no wpr-jarallax-no wpr-parallax-no wpr-sticky-section-no wpr-equal-height-no e-con e-child\" data-id=\"b62b098\" data-element_type=\"container\" data-e-type=\"container\">\n\t\t\t\t<div class=\"elementor-element elementor-element-2d401d5 elementor-widget elementor-widget-html\" data-id=\"2d401d5\" data-element_type=\"widget\" data-e-type=\"widget\" data-widget_type=\"html.default\">\n\t\t\t\t<div class=\"elementor-widget-container\">\n\t\t\t\t\t<iframe src=\"https:\/\/www.google.com\/maps\/d\/u\/0\/embed?mid=1gmu09TloMHcz2qBqTkGRCkFuKWCa8mg&ehbc=2E312F&noprof=1\" width=\"640\" height=\"700\"><\/iframe>\t\t\t\t<\/div>\n\t\t\t\t<\/div>\n\t\t\t\t<\/div>\n\t\t\t\t<\/div>\n\t\t\t\t<\/div>\n\t\t","protected":false},"excerpt":{"rendered":"<p>KU\u0106A BANCHETTI NASLOVNICA Ljepotica od klesanog kamena Dom legende o povijesti Tisnoga U centru Tisnog, na putu prema crkvi sv. Roka, stoji jedna lijepa kamena vila, poznatija kao ku\u0107a Banchetti. Svoje ime dobila je po jednoj od najbogatijih obitelji u staroj Dalmaciji koja se nastanila u Tisnom kada je u 18. st., Talijan Andrija Banchetti do\u0161ao ovdje i kupio niz posjeda. Na njima su kasnije njegovi nasljednici izgradili ku\u0107u koja i danas postoji. Stoga nije ni \u010dudo da je prvi na\u010delnik Op\u0107ine, Toma, bio upravo potomak Andrije Banchettija. Ku\u0107a Banchetti bila je i ostala prekrasna. Prizemlje i dva kata zidana su klesanim kamenom, a prozore je \u0161titila ukrasna re\u0161etka od kovanog \u017eeljeza oblikovana u najljep\u0161e cvije\u0107e.\u00a0 Obitelj Banchetti ostavila je traga na cijelom otoku Murteru pa je tako jedan od potomaka, Antun posudio novac Jezeranima da se izgradi oltar u crkvi Gospe od Zdravlja. Banchettiji su pomagali i Veneciji, kako jedna legenda ka\u017ee, kojoj su navodno posudili 500.000 zlatnih cekina kada su Veneciju krajem 18. stolje\u0107a ratne okolnosti dovele u financijsku krizu. GDJE JE NOVAC? Ovaj novac je kasnije vra\u0107en, ali nitko ne\u00a0 zna gdje je zavr\u0161io jer je jedan od Banchettija, Giuseppe, koji je novac Veneciji posudio, preminuo ne uspjev\u0161i re\u0107i gdje je novac pohranjen. Tko zna, mo\u017eda se i danas nalazi s desne strane u Uskoj ulici koja vodi od Rudine prema crkvi svetog Roka. U svakom slu\u010daju, ku\u0107a Banchetti i danas nam krasi Tisno te svjedo\u010di o bogatoj povijesti mjesta i ti\u0161njanskih imu\u0107nih obitelji. Izvori: Josip \u0106uzela, Ivo \u0160prljan (2019) Otok Murter: pogled na ba\u0161tinu. Op\u0107ina Tisno. Branko Pavlov (2021) Tisno i Ti\u0161njani kroz stolje\u0107a.\u00a0 Uputite se u tematsku \u0161etnju po Tisnom<\/p>","protected":false},"author":1,"featured_media":0,"parent":0,"menu_order":0,"comment_status":"closed","ping_status":"closed","template":"elementor_header_footer","meta":{"footnotes":""},"class_list":["post-3722","page","type-page","status-publish","hentry"],"_links":{"self":[{"href":"https:\/\/ivinj.com\/en\/wp-json\/wp\/v2\/pages\/3722","targetHints":{"allow":["GET"]}}],"collection":[{"href":"https:\/\/ivinj.com\/en\/wp-json\/wp\/v2\/pages"}],"about":[{"href":"https:\/\/ivinj.com\/en\/wp-json\/wp\/v2\/types\/page"}],"author":[{"embeddable":true,"href":"https:\/\/ivinj.com\/en\/wp-json\/wp\/v2\/users\/1"}],"replies":[{"embeddable":true,"href":"https:\/\/ivinj.com\/en\/wp-json\/wp\/v2\/comments?post=3722"}],"version-history":[{"count":68,"href":"https:\/\/ivinj.com\/en\/wp-json\/wp\/v2\/pages\/3722\/revisions"}],"predecessor-version":[{"id":5715,"href":"https:\/\/ivinj.com\/en\/wp-json\/wp\/v2\/pages\/3722\/revisions\/5715"}],"wp:attachment":[{"href":"https:\/\/ivinj.com\/en\/wp-json\/wp\/v2\/media?parent=3722"}],"curies":[{"name":"wp","href":"https:\/\/api.w.org\/{rel}","templated":true}]}}