{"id":3724,"date":"2023-12-05T10:49:20","date_gmt":"2023-12-05T10:49:20","guid":{"rendered":"https:\/\/ivinj.com\/?page_id=3724"},"modified":"2025-02-12T13:37:19","modified_gmt":"2025-02-12T13:37:19","slug":"kuca-matkovic","status":"publish","type":"page","link":"https:\/\/ivinj.com\/en\/kuca-matkovic\/","title":{"rendered":"THE MATKOVI\u0106 HOUSE"},"content":{"rendered":"\t\t<div data-elementor-type=\"wp-page\" data-elementor-id=\"3724\" class=\"elementor elementor-3724\">\n\t\t\t\t<div class=\"elementor-element elementor-element-1fea2a6 e-flex e-con-boxed wpr-particle-no wpr-jarallax-no wpr-parallax-no wpr-sticky-section-no wpr-equal-height-no e-con e-parent\" data-id=\"1fea2a6\" data-element_type=\"container\" data-e-type=\"container\" data-settings=\"{&quot;background_background&quot;:&quot;classic&quot;}\">\n\t\t\t\t\t<div class=\"e-con-inner\">\n\t\t\t\t<div class=\"elementor-element elementor-element-1148fdd elementor-widget elementor-widget-page-title\" data-id=\"1148fdd\" data-element_type=\"widget\" data-e-type=\"widget\" data-settings=\"{&quot;align_mobile&quot;:&quot;center&quot;}\" data-widget_type=\"page-title.default\">\n\t\t\t\t<div class=\"elementor-widget-container\">\n\t\t\t\t\t\t\t\n\t\t<div class=\"hfe-page-title hfe-page-title-wrapper elementor-widget-heading\">\n\n\t\t\t\t\t\t\t\t\t\t\t<a href=\"https:\/\/ivinj.com\/en\">\n\t\t\t\t\t\t<h2 class=\"elementor-heading-title elementor-size-default\">\n\t\t\t\t\t\t\t\t\n\t\t\t\tKU\u0106A MATKOVI\u0106  \n\t\t\t<\/h2 > \n\t\t\t\t\t\t\t\t\t<\/a>\n\t\t\t\t\t<\/div>\n\t\t\t\t\t\t<\/div>\n\t\t\t\t<\/div>\n\t\t\t\t<div class=\"elementor-element elementor-element-3e4c6c6 elementor-widget elementor-widget-hfe-breadcrumbs-widget\" data-id=\"3e4c6c6\" data-element_type=\"widget\" data-e-type=\"widget\" data-widget_type=\"hfe-breadcrumbs-widget.default\">\n\t\t\t\t<div class=\"elementor-widget-container\">\n\t\t\t\t\t<nav aria-label=\"Breadcrumb\"><ul class=\"hfe-breadcrumbs hfe-breadcrumbs-show-home\"><li class=\"hfe-breadcrumbs-item hfe-breadcrumbs-first\"><span class=\"hfe-breadcrumbs-home-icon\"><\/span><a href=\"https:\/\/ivinj.com\/en\"><span class=\"hfe-breadcrumbs-text\">NASLOVNICA<\/span><\/a><\/li><\/ul><\/nav>\t\t\t\t<\/div>\n\t\t\t\t<\/div>\n\t\t\t\t\t<\/div>\n\t\t\t\t<\/div>\n\t\t\t\t<section class=\"elementor-section elementor-top-section elementor-element elementor-element-7cbec3e3 elementor-section-boxed elementor-section-height-default elementor-section-height-default wpr-particle-no wpr-jarallax-no wpr-parallax-no wpr-sticky-section-no wpr-equal-height-no\" data-id=\"7cbec3e3\" data-element_type=\"section\" data-e-type=\"section\">\n\t\t\t\t\t\t<div class=\"elementor-container elementor-column-gap-default\">\n\t\t\t\t\t<div class=\"elementor-column elementor-col-50 elementor-top-column elementor-element elementor-element-1db9c008\" data-id=\"1db9c008\" data-element_type=\"column\" data-e-type=\"column\">\n\t\t\t<div class=\"elementor-widget-wrap elementor-element-populated\">\n\t\t\t\t\t\t<div class=\"elementor-element elementor-element-70a48875 aleft elementor-widget elementor-widget-wgl-double-heading\" data-id=\"70a48875\" data-element_type=\"widget\" data-e-type=\"widget\" data-widget_type=\"wgl-double-heading.default\">\n\t\t\t\t<div class=\"elementor-widget-container\">\n\t\t\t\t\t<div class=\"wgl-double-heading\"><div class=\"dblh__subtitle\">Perivoj u sjeni stare smokve<\/div><h3 class=\"dblh__title-wrapper\"><span class=\"dblh__title dblh__title-1\">Pod budnim okom lavova<\/span><\/h3><\/div>\t\t\t\t<\/div>\n\t\t\t\t<\/div>\n\t\t\t\t<div class=\"elementor-element elementor-element-2932823a elementor-widget elementor-widget-text-editor\" data-id=\"2932823a\" data-element_type=\"widget\" data-e-type=\"widget\" data-widget_type=\"text-editor.default\">\n\t\t\t\t<div class=\"elementor-widget-container\">\n\t\t\t\t\t\t\t\t\t<p><span style=\"font-weight: 400;\">Gra\u0111ena 1885. godine, ku\u0107a Matkovi\u0107 posjed je ugledne ti\u0161njanske obitelji. Pave Matkovi\u0107, prvi vlasnik, imao je \u010detiri brata, Enrica &#8211; urednika lista II Dalmata u Zadru, Matu trgovca te Petra i Antu o kojima se vrlo malo zna jer su navodno \u017eivjeli sama\u010dkim \u017eivotom. Od \u010detvorice bra\u0107e Matkovi\u0107, o Enricu se najvi\u0161e znalo s obzirom da je bio aktivan u politi\u010dkom i dru\u0161tvenom \u017eivotu kao \u010dlan Dalmatinskog sabora te se istaknuo kao dragovoljac u vojnim pohodima za ujedinjenje Italije. \u010cesto je bio opisivan i kao pustolov nemirnog duha.\u00a0<\/span><\/p>\t\t\t\t\t\t\t\t<\/div>\n\t\t\t\t<\/div>\n\t\t\t\t<div class=\"elementor-element elementor-element-b6c5d75 elementor-widget elementor-widget-text-editor\" data-id=\"b6c5d75\" data-element_type=\"widget\" data-e-type=\"widget\" data-widget_type=\"text-editor.default\">\n\t\t\t\t<div class=\"elementor-widget-container\">\n\t\t\t\t\t\t\t\t\t<h4>&#8220;MALENA, ALI MENI UGODNA&#8221;<\/h4>\t\t\t\t\t\t\t\t<\/div>\n\t\t\t\t<\/div>\n\t\t\t\t<div class=\"elementor-element elementor-element-5b284c5b elementor-widget elementor-widget-text-editor\" data-id=\"5b284c5b\" data-element_type=\"widget\" data-e-type=\"widget\" data-widget_type=\"text-editor.default\">\n\t\t\t\t<div class=\"elementor-widget-container\">\n\t\t\t\t\t\t\t\t\t<p><span style=\"font-weight: 400;\">Ku\u0107a Matkovi\u0107 jo\u0161 je od 1900. bila ljekarna, a to se zadr\u017ealo i do dana\u0161njeg dana. Annuziata di Denaro bila je vlasnica ljekarne za koju su joj Matkovi\u0107i iznajmili prizemlje, a 1911. Pavina \u017eena Jelka prodaje cijelu ku\u0107u Anuzziati, iako ju je jako voljela \u0161to se da zaklju\u010diti iz natpisa nad ulaznim vratima \u201cPARVA SED APTA MIHI&#8221; \u0161to zna\u010di \u201cMALENA, ALI MENI UGODNA&#8221;. Nije niti \u010dudo, jer grandiozni ulaz u ku\u0107u krasi prirodom oboga\u0107en perivoj i monumentalna vrata, kao i lavovi izliveni u salonitu. Pave Matkovi\u0107 je jako volio figure pa je tako uz lavove svoju oku\u0107nicu ukrasio vazama i drugom galanterijom od salonita te figurama djevojaka, navodno Ti\u0161njanki koje su mu upale u oko.\u00a0<\/span><\/p><p><span style=\"font-weight: 400;\">Iako se Enrico svojim radom vi\u0161e isticao u obitelji Matkovi\u0107, Pavina ku\u0107a postala je va\u017ean dio povijesti ti\u0161njanske kulturne i arhitektonske ba\u0161tine. Prekrasan spomenuti perivoj se i danas odr\u017eava u kojem se mo\u017eete odmoriti i u\u017eivati u hladu stare smokve.<\/span><\/p>\t\t\t\t\t\t\t\t<\/div>\n\t\t\t\t<\/div>\n\t\t\t\t<div class=\"elementor-element elementor-element-354edc48 elementor-widget elementor-widget-text-editor\" data-id=\"354edc48\" data-element_type=\"widget\" data-e-type=\"widget\" data-widget_type=\"text-editor.default\">\n\t\t\t\t<div class=\"elementor-widget-container\">\n\t\t\t\t\t\t\t\t\t<p><span style=\"font-size: 12px;\">Izvori: <br \/>Josip \u0106uzela, Ivo \u0160prljan (2019) Otok Murter: pogled na ba\u0161tinu. Op\u0107ina Tisno. <br \/><a href=\"https:\/\/www.nkc-tisno.hr\/index.php\/novosti\/400-tisno-i-tisnjani-kroz-stoljeca\">Branko Pavlov (2021) Tisno i Ti\u0161njani kroz stolje\u0107a.\u00a0<\/a><br \/><\/span><\/p>\t\t\t\t\t\t\t\t<\/div>\n\t\t\t\t<\/div>\n\t\t\t\t\t<\/div>\n\t\t<\/div>\n\t\t\t\t<div class=\"elementor-column elementor-col-50 elementor-top-column elementor-element elementor-element-1a6cc6d6\" data-id=\"1a6cc6d6\" data-element_type=\"column\" data-e-type=\"column\">\n\t\t\t<div class=\"elementor-widget-wrap elementor-element-populated\">\n\t\t\t\t\t\t<div class=\"elementor-element elementor-element-c7fa194 elementor-widget elementor-widget-image\" data-id=\"c7fa194\" data-element_type=\"widget\" data-e-type=\"widget\" data-widget_type=\"image.default\">\n\t\t\t\t<div class=\"elementor-widget-container\">\n\t\t\t\t\t\t\t\t\t\t\t\t\t\t\t<img fetchpriority=\"high\" decoding=\"async\" width=\"800\" height=\"600\" src=\"https:\/\/ivinj.com\/wp-content\/uploads\/2023\/12\/Ivinj-KucaMatkovic-Slika6.jpg\" class=\"attachment-full size-full wp-image-4013\" alt=\"\" srcset=\"https:\/\/ivinj.com\/wp-content\/uploads\/2023\/12\/Ivinj-KucaMatkovic-Slika6.jpg 800w, https:\/\/ivinj.com\/wp-content\/uploads\/2023\/12\/Ivinj-KucaMatkovic-Slika6-300x225.jpg 300w, https:\/\/ivinj.com\/wp-content\/uploads\/2023\/12\/Ivinj-KucaMatkovic-Slika6-768x576.jpg 768w, https:\/\/ivinj.com\/wp-content\/uploads\/2023\/12\/Ivinj-KucaMatkovic-Slika6-16x12.jpg 16w\" sizes=\"(max-width: 800px) 100vw, 800px\" \/>\t\t\t\t\t\t\t\t\t\t\t\t\t\t\t<\/div>\n\t\t\t\t<\/div>\n\t\t\t\t<div class=\"elementor-element elementor-element-47aed78b elementor-widget elementor-widget-image\" data-id=\"47aed78b\" data-element_type=\"widget\" data-e-type=\"widget\" data-widget_type=\"image.default\">\n\t\t\t\t<div class=\"elementor-widget-container\">\n\t\t\t\t\t\t\t\t\t\t\t\t\t\t\t<img decoding=\"async\" width=\"800\" height=\"600\" src=\"https:\/\/ivinj.com\/wp-content\/uploads\/2023\/12\/Ivinj-KucaMatkovic-Slika5.jpg\" class=\"attachment-full size-full wp-image-4014\" alt=\"\" srcset=\"https:\/\/ivinj.com\/wp-content\/uploads\/2023\/12\/Ivinj-KucaMatkovic-Slika5.jpg 800w, https:\/\/ivinj.com\/wp-content\/uploads\/2023\/12\/Ivinj-KucaMatkovic-Slika5-300x225.jpg 300w, https:\/\/ivinj.com\/wp-content\/uploads\/2023\/12\/Ivinj-KucaMatkovic-Slika5-768x576.jpg 768w, https:\/\/ivinj.com\/wp-content\/uploads\/2023\/12\/Ivinj-KucaMatkovic-Slika5-16x12.jpg 16w\" sizes=\"(max-width: 800px) 100vw, 800px\" \/>\t\t\t\t\t\t\t\t\t\t\t\t\t\t\t<\/div>\n\t\t\t\t<\/div>\n\t\t\t\t<div class=\"elementor-element elementor-element-9bd57a3 elementor-widget elementor-widget-image\" data-id=\"9bd57a3\" data-element_type=\"widget\" data-e-type=\"widget\" data-widget_type=\"image.default\">\n\t\t\t\t<div class=\"elementor-widget-container\">\n\t\t\t\t\t\t\t\t\t\t\t\t\t\t\t<img decoding=\"async\" width=\"800\" height=\"600\" src=\"https:\/\/ivinj.com\/wp-content\/uploads\/2023\/12\/Ivinj-KucaMatkovic-Slika7.jpg\" class=\"attachment-full size-full wp-image-4018\" alt=\"\" srcset=\"https:\/\/ivinj.com\/wp-content\/uploads\/2023\/12\/Ivinj-KucaMatkovic-Slika7.jpg 800w, https:\/\/ivinj.com\/wp-content\/uploads\/2023\/12\/Ivinj-KucaMatkovic-Slika7-300x225.jpg 300w, https:\/\/ivinj.com\/wp-content\/uploads\/2023\/12\/Ivinj-KucaMatkovic-Slika7-768x576.jpg 768w, https:\/\/ivinj.com\/wp-content\/uploads\/2023\/12\/Ivinj-KucaMatkovic-Slika7-16x12.jpg 16w\" sizes=\"(max-width: 800px) 100vw, 800px\" \/>\t\t\t\t\t\t\t\t\t\t\t\t\t\t\t<\/div>\n\t\t\t\t<\/div>\n\t\t\t\t\t<\/div>\n\t\t<\/div>\n\t\t\t\t\t<\/div>\n\t\t<\/section>\n\t\t\t\t<section class=\"elementor-section elementor-top-section elementor-element elementor-element-9af2394 elementor-section-boxed elementor-section-height-default elementor-section-height-default wpr-particle-no wpr-jarallax-no wpr-parallax-no wpr-sticky-section-no wpr-equal-height-no\" data-id=\"9af2394\" data-element_type=\"section\" data-e-type=\"section\" data-settings=\"{&quot;background_background&quot;:&quot;classic&quot;}\">\n\t\t\t\t\t\t<div class=\"elementor-container elementor-column-gap-default\">\n\t\t\t\t\t<div class=\"elementor-column elementor-col-100 elementor-top-column elementor-element elementor-element-e730e13\" data-id=\"e730e13\" data-element_type=\"column\" data-e-type=\"column\">\n\t\t\t<div class=\"elementor-widget-wrap elementor-element-populated\">\n\t\t\t\t\t\t<div class=\"elementor-element elementor-element-341f449 col-3 col-tablet-2 col-mobile-1 elementor-widget elementor-widget-wgl-gallery\" data-id=\"341f449\" data-element_type=\"widget\" data-e-type=\"widget\" data-widget_type=\"wgl-gallery.default\">\n\t\t\t\t<div class=\"elementor-widget-container\">\n\t\t\t\t\t<div class=\"wgl-gallery\"><div class=\"wgl-gallery_items gallery-carousel\"><div class=\"wgl-carousel_wrapper\"><div class=\"wgl-carousel swiper wgl-carousel_swiper swiper-container pagination_circle \" data-swiper='{\"animationDuration\":300,\"watchOverflow\":true,\"infinite\":true,\"variableWidth\":false,\"autoplay\":false,\"autoplaySpeed\":null,\"autoplayPause\":true,\"autoplayReverse\":false,\"arrows\":false,\"dots\":true,\"adaptiveHeight\":false,\"responsive\":[{\"breakpoint\":1601,\"slidesToShow\":\"3\",\"slidesToScroll\":\"3\"},{\"breakpoint\":1201,\"slidesToShow\":\"3\",\"slidesToScroll\":\"3\"},{\"breakpoint\":768,\"slidesToShow\":\"2\",\"slidesToScroll\":\"2\"},{\"breakpoint\":280,\"slidesToShow\":\"1\",\"slidesToScroll\":\"1\"}]}' data-item-carousel='wgl_carousel_69f21a7695b5a'><div class=\"swiper-wrapper\"><div class=\"wgl-gallery_item-wrapper swiper-slide\"><a class=\"wgl-gallery_item\" data-elementor-open-lightbox=\"yes\" data-elementor-lightbox-slideshow=\"all-341f449\" data-elementor-lightbox-title=\"Ivinj-KucaMatkovic-Slika8\" data-e-action-hash=\"#elementor-action%3Aaction%3Dlightbox%26settings%3DeyJpZCI6NDA1NCwidXJsIjoiaHR0cHM6XC9cL2l2aW5qLmNvbVwvd3AtY29udGVudFwvdXBsb2Fkc1wvMjAyM1wvMTJcL0l2aW5qLUt1Y2FNYXRrb3ZpYy1TbGlrYTguanBnIiwic2xpZGVzaG93IjoiYWxsLTM0MWY0NDkifQ%3D%3D\" href=\"https:\/\/ivinj.com\/wp-content\/uploads\/2023\/12\/Ivinj-KucaMatkovic-Slika8.jpg\"><img decoding=\"async\" class=\"wgl-gallery_image\" src=\"https:\/\/ivinj.com\/wp-content\/uploads\/2023\/12\/Ivinj-KucaMatkovic-Slika8-585x390.jpg\" alt=\"\" loading=\"lazy\"><\/a><\/div><div class=\"wgl-gallery_item-wrapper swiper-slide\"><a class=\"wgl-gallery_item\" data-elementor-open-lightbox=\"yes\" data-elementor-lightbox-slideshow=\"all-341f449\" data-elementor-lightbox-title=\"Ivinj-KucaMatkovic-Slika7\" data-e-action-hash=\"#elementor-action%3Aaction%3Dlightbox%26settings%3DeyJpZCI6NDAxOCwidXJsIjoiaHR0cHM6XC9cL2l2aW5qLmNvbVwvd3AtY29udGVudFwvdXBsb2Fkc1wvMjAyM1wvMTJcL0l2aW5qLUt1Y2FNYXRrb3ZpYy1TbGlrYTcuanBnIiwic2xpZGVzaG93IjoiYWxsLTM0MWY0NDkifQ%3D%3D\" href=\"https:\/\/ivinj.com\/wp-content\/uploads\/2023\/12\/Ivinj-KucaMatkovic-Slika7.jpg\"><img decoding=\"async\" class=\"wgl-gallery_image\" src=\"https:\/\/ivinj.com\/wp-content\/uploads\/2023\/12\/Ivinj-KucaMatkovic-Slika7-585x390.jpg\" alt=\"\" loading=\"lazy\"><\/a><\/div><div class=\"wgl-gallery_item-wrapper swiper-slide\"><a class=\"wgl-gallery_item\" data-elementor-open-lightbox=\"yes\" data-elementor-lightbox-slideshow=\"all-341f449\" data-elementor-lightbox-title=\"Ivinj-KucaMatkovic-Slika9\" data-e-action-hash=\"#elementor-action%3Aaction%3Dlightbox%26settings%3DeyJpZCI6NDA1NSwidXJsIjoiaHR0cHM6XC9cL2l2aW5qLmNvbVwvd3AtY29udGVudFwvdXBsb2Fkc1wvMjAyM1wvMTJcL0l2aW5qLUt1Y2FNYXRrb3ZpYy1TbGlrYTkuanBnIiwic2xpZGVzaG93IjoiYWxsLTM0MWY0NDkifQ%3D%3D\" href=\"https:\/\/ivinj.com\/wp-content\/uploads\/2023\/12\/Ivinj-KucaMatkovic-Slika9.jpg\"><img decoding=\"async\" class=\"wgl-gallery_image\" src=\"https:\/\/ivinj.com\/wp-content\/uploads\/2023\/12\/Ivinj-KucaMatkovic-Slika9-585x390.jpg\" alt=\"\" loading=\"lazy\"><\/a><\/div><div class=\"wgl-gallery_item-wrapper swiper-slide\"><a class=\"wgl-gallery_item\" data-elementor-open-lightbox=\"yes\" data-elementor-lightbox-slideshow=\"all-341f449\" data-elementor-lightbox-title=\"Ivinj-KucaMatkovic-Slika10\" data-e-action-hash=\"#elementor-action%3Aaction%3Dlightbox%26settings%3DeyJpZCI6NDA1NiwidXJsIjoiaHR0cHM6XC9cL2l2aW5qLmNvbVwvd3AtY29udGVudFwvdXBsb2Fkc1wvMjAyM1wvMTJcL0l2aW5qLUt1Y2FNYXRrb3ZpYy1TbGlrYTEwLmpwZyIsInNsaWRlc2hvdyI6ImFsbC0zNDFmNDQ5In0%3D\" href=\"https:\/\/ivinj.com\/wp-content\/uploads\/2023\/12\/Ivinj-KucaMatkovic-Slika10.jpg\"><img decoding=\"async\" class=\"wgl-gallery_image\" src=\"https:\/\/ivinj.com\/wp-content\/uploads\/2023\/12\/Ivinj-KucaMatkovic-Slika10-585x390.jpg\" alt=\"\" loading=\"lazy\"><\/a><\/div><div class=\"wgl-gallery_item-wrapper swiper-slide\"><a class=\"wgl-gallery_item\" data-elementor-open-lightbox=\"yes\" data-elementor-lightbox-slideshow=\"all-341f449\" data-elementor-lightbox-title=\"Ivinj-KucaMatkovic-Slika5\" data-e-action-hash=\"#elementor-action%3Aaction%3Dlightbox%26settings%3DeyJpZCI6NDAxNCwidXJsIjoiaHR0cHM6XC9cL2l2aW5qLmNvbVwvd3AtY29udGVudFwvdXBsb2Fkc1wvMjAyM1wvMTJcL0l2aW5qLUt1Y2FNYXRrb3ZpYy1TbGlrYTUuanBnIiwic2xpZGVzaG93IjoiYWxsLTM0MWY0NDkifQ%3D%3D\" href=\"https:\/\/ivinj.com\/wp-content\/uploads\/2023\/12\/Ivinj-KucaMatkovic-Slika5.jpg\"><img decoding=\"async\" class=\"wgl-gallery_image\" src=\"https:\/\/ivinj.com\/wp-content\/uploads\/2023\/12\/Ivinj-KucaMatkovic-Slika5-585x390.jpg\" alt=\"\" loading=\"lazy\"><\/a><\/div><div class=\"wgl-gallery_item-wrapper swiper-slide\"><a class=\"wgl-gallery_item\" data-elementor-open-lightbox=\"yes\" data-elementor-lightbox-slideshow=\"all-341f449\" data-elementor-lightbox-title=\"Ivinj-KucaMatkovic-Slika6\" data-e-action-hash=\"#elementor-action%3Aaction%3Dlightbox%26settings%3DeyJpZCI6NDAxMywidXJsIjoiaHR0cHM6XC9cL2l2aW5qLmNvbVwvd3AtY29udGVudFwvdXBsb2Fkc1wvMjAyM1wvMTJcL0l2aW5qLUt1Y2FNYXRrb3ZpYy1TbGlrYTYuanBnIiwic2xpZGVzaG93IjoiYWxsLTM0MWY0NDkifQ%3D%3D\" href=\"https:\/\/ivinj.com\/wp-content\/uploads\/2023\/12\/Ivinj-KucaMatkovic-Slika6.jpg\"><img decoding=\"async\" class=\"wgl-gallery_image\" src=\"https:\/\/ivinj.com\/wp-content\/uploads\/2023\/12\/Ivinj-KucaMatkovic-Slika6-585x390.jpg\" alt=\"\" loading=\"lazy\"><\/a><\/div><\/div><ul class=\"swiper-pagination\" role=\"tablist\" data-carousel=\"wgl_carousel_69f21a7695b5a\"><\/ul><\/div><\/div><\/div><\/div>\t\t\t\t<\/div>\n\t\t\t\t<\/div>\n\t\t\t\t\t<\/div>\n\t\t<\/div>\n\t\t\t\t\t<\/div>\n\t\t<\/section>\n\t\t<div class=\"elementor-element elementor-element-ee9df2b e-flex e-con-boxed wpr-particle-no wpr-jarallax-no wpr-parallax-no wpr-sticky-section-no wpr-equal-height-no e-con e-parent\" data-id=\"ee9df2b\" data-element_type=\"container\" data-e-type=\"container\" data-settings=\"{&quot;background_background&quot;:&quot;classic&quot;}\">\n\t\t\t\t\t<div class=\"e-con-inner\">\n\t\t\t\t<div class=\"elementor-element elementor-element-2aa105d elementor-widget elementor-widget-text-editor\" data-id=\"2aa105d\" data-element_type=\"widget\" data-e-type=\"widget\" data-widget_type=\"text-editor.default\">\n\t\t\t\t<div class=\"elementor-widget-container\">\n\t\t\t\t\t\t\t\t\t<p>Uputite se u <span style=\"text-decoration: underline;\"><a href=\"https:\/\/ivinj.com\/tematske-setnje\/\">tematsku \u0161etnju<\/a><\/span> po Tisnom<\/p>\t\t\t\t\t\t\t\t<\/div>\n\t\t\t\t<\/div>\n\t\t\t\t\t<\/div>\n\t\t\t\t<\/div>\n\t\t<div class=\"elementor-element elementor-element-452530b e-con-full e-flex wpr-particle-no wpr-jarallax-no wpr-parallax-no wpr-sticky-section-no wpr-equal-height-no e-con e-parent\" data-id=\"452530b\" data-element_type=\"container\" data-e-type=\"container\">\n\t\t<div class=\"elementor-element elementor-element-831403f e-con-full e-flex wpr-particle-no wpr-jarallax-no wpr-parallax-no wpr-sticky-section-no wpr-equal-height-no e-con e-child\" data-id=\"831403f\" data-element_type=\"container\" data-e-type=\"container\">\n\t\t\t\t<div class=\"elementor-element elementor-element-de4e103 elementor-widget elementor-widget-html\" data-id=\"de4e103\" data-element_type=\"widget\" data-e-type=\"widget\" data-widget_type=\"html.default\">\n\t\t\t\t<div class=\"elementor-widget-container\">\n\t\t\t\t\t<iframe src=\"https:\/\/www.google.com\/maps\/d\/u\/0\/embed?mid=1OZvCo591V9WDyW7w65gYWOe9hnwm8l8&ehbc=2E312F&noprof=1\" width=\"640\" height=\"700\"><\/iframe>\t\t\t\t<\/div>\n\t\t\t\t<\/div>\n\t\t\t\t<\/div>\n\t\t\t\t<\/div>\n\t\t\t\t<\/div>\n\t\t","protected":false},"excerpt":{"rendered":"<p>KU\u0106A MATKOVI\u0106 NASLOVNICA Perivoj u sjeni stare smokve Pod budnim okom lavova Gra\u0111ena 1885. godine, ku\u0107a Matkovi\u0107 posjed je ugledne ti\u0161njanske obitelji. Pave Matkovi\u0107, prvi vlasnik, imao je \u010detiri brata, Enrica &#8211; urednika lista II Dalmata u Zadru, Matu trgovca te Petra i Antu o kojima se vrlo malo zna jer su navodno \u017eivjeli sama\u010dkim \u017eivotom. Od \u010detvorice bra\u0107e Matkovi\u0107, o Enricu se najvi\u0161e znalo s obzirom da je bio aktivan u politi\u010dkom i dru\u0161tvenom \u017eivotu kao \u010dlan Dalmatinskog sabora te se istaknuo kao dragovoljac u vojnim pohodima za ujedinjenje Italije. \u010cesto je bio opisivan i kao pustolov nemirnog duha.\u00a0 &#8220;MALENA, ALI MENI UGODNA&#8221; Ku\u0107a Matkovi\u0107 jo\u0161 je od 1900. bila ljekarna, a to se zadr\u017ealo i do dana\u0161njeg dana. Annuziata di Denaro bila je vlasnica ljekarne za koju su joj Matkovi\u0107i iznajmili prizemlje, a 1911. Pavina \u017eena Jelka prodaje cijelu ku\u0107u Anuzziati, iako ju je jako voljela \u0161to se da zaklju\u010diti iz natpisa nad ulaznim vratima \u201cPARVA SED APTA MIHI&#8221; \u0161to zna\u010di \u201cMALENA, ALI MENI UGODNA&#8221;. Nije niti \u010dudo, jer grandiozni ulaz u ku\u0107u krasi prirodom oboga\u0107en perivoj i monumentalna vrata, kao i lavovi izliveni u salonitu. Pave Matkovi\u0107 je jako volio figure pa je tako uz lavove svoju oku\u0107nicu ukrasio vazama i drugom galanterijom od salonita te figurama djevojaka, navodno Ti\u0161njanki koje su mu upale u oko.\u00a0 Iako se Enrico svojim radom vi\u0161e isticao u obitelji Matkovi\u0107, Pavina ku\u0107a postala je va\u017ean dio povijesti ti\u0161njanske kulturne i arhitektonske ba\u0161tine. Prekrasan spomenuti perivoj se i danas odr\u017eava u kojem se mo\u017eete odmoriti i u\u017eivati u hladu stare smokve. Izvori: Josip \u0106uzela, Ivo \u0160prljan (2019) Otok Murter: pogled na ba\u0161tinu. Op\u0107ina Tisno. Branko Pavlov (2021) Tisno i Ti\u0161njani kroz stolje\u0107a.\u00a0 Uputite se u tematsku \u0161etnju po Tisnom<\/p>","protected":false},"author":1,"featured_media":0,"parent":0,"menu_order":0,"comment_status":"closed","ping_status":"closed","template":"elementor_header_footer","meta":{"footnotes":""},"class_list":["post-3724","page","type-page","status-publish","hentry"],"_links":{"self":[{"href":"https:\/\/ivinj.com\/en\/wp-json\/wp\/v2\/pages\/3724","targetHints":{"allow":["GET"]}}],"collection":[{"href":"https:\/\/ivinj.com\/en\/wp-json\/wp\/v2\/pages"}],"about":[{"href":"https:\/\/ivinj.com\/en\/wp-json\/wp\/v2\/types\/page"}],"author":[{"embeddable":true,"href":"https:\/\/ivinj.com\/en\/wp-json\/wp\/v2\/users\/1"}],"replies":[{"embeddable":true,"href":"https:\/\/ivinj.com\/en\/wp-json\/wp\/v2\/comments?post=3724"}],"version-history":[{"count":59,"href":"https:\/\/ivinj.com\/en\/wp-json\/wp\/v2\/pages\/3724\/revisions"}],"predecessor-version":[{"id":5724,"href":"https:\/\/ivinj.com\/en\/wp-json\/wp\/v2\/pages\/3724\/revisions\/5724"}],"wp:attachment":[{"href":"https:\/\/ivinj.com\/en\/wp-json\/wp\/v2\/media?parent=3724"}],"curies":[{"name":"wp","href":"https:\/\/api.w.org\/{rel}","templated":true}]}}