{"id":3851,"date":"2023-12-20T16:37:29","date_gmt":"2023-12-20T16:37:29","guid":{"rendered":"https:\/\/ivinj.com\/?page_id=3851"},"modified":"2025-01-13T10:09:42","modified_gmt":"2025-01-13T10:09:42","slug":"saluti-da-tisno","status":"publish","type":"page","link":"https:\/\/ivinj.com\/en\/saluti-da-tisno\/","title":{"rendered":"Saluti da Tisno"},"content":{"rendered":"<div data-elementor-type=\"wp-page\" data-elementor-id=\"3851\" class=\"elementor elementor-3851\">\n\t\t\t\t<div class=\"elementor-element elementor-element-e7a9b3d e-flex e-con-boxed wpr-particle-no wpr-jarallax-no wpr-parallax-no wpr-sticky-section-no wpr-equal-height-no e-con e-parent\" data-id=\"e7a9b3d\" data-element_type=\"container\" data-e-type=\"container\" data-settings=\"{&quot;background_background&quot;:&quot;classic&quot;}\">\n\t\t\t\t\t<div class=\"e-con-inner\">\n\t\t\t\t<div class=\"elementor-element elementor-element-b51e4dc elementor-widget elementor-widget-page-title\" data-id=\"b51e4dc\" data-element_type=\"widget\" data-e-type=\"widget\" data-settings=\"{&quot;align_mobile&quot;:&quot;center&quot;}\" data-widget_type=\"page-title.default\">\n\t\t\t\t<div class=\"elementor-widget-container\">\n\t\t\t\t\t\t\t\n\t\t<div class=\"hfe-page-title hfe-page-title-wrapper elementor-widget-heading\">\n\n\t\t\t\t\t\t\t\t\t\t\t<a href=\"https:\/\/ivinj.com\/en\">\n\t\t\t\t\t\t<h2 class=\"elementor-heading-title elementor-size-default\">\n\t\t\t\t\t\t\t\t\n\t\t\t\tSaluti da Tisno  \n\t\t\t<\/h2> \n\t\t\t\t\t\t\t\t\t<\/a>\n\t\t\t\t\t<\/div>\n\t\t\t\t\t\t<\/div>\n\t\t\t\t<\/div>\n\t\t\t\t<div class=\"elementor-element elementor-element-bc3513d elementor-widget elementor-widget-hfe-breadcrumbs-widget\" data-id=\"bc3513d\" data-element_type=\"widget\" data-e-type=\"widget\" data-widget_type=\"hfe-breadcrumbs-widget.default\">\n\t\t\t\t<div class=\"elementor-widget-container\">\n\t\t\t\t\t<nav aria-label=\"Breadcrumb\"><ul class=\"hfe-breadcrumbs hfe-breadcrumbs-show-home\"><li class=\"hfe-breadcrumbs-item hfe-breadcrumbs-first\"><span class=\"hfe-breadcrumbs-home-icon\"><\/span><a href=\"https:\/\/ivinj.com\/en\"><span class=\"hfe-breadcrumbs-text\">HOME PAGE<\/span><\/a><\/li><\/ul><\/nav>\t\t\t\t<\/div>\n\t\t\t\t<\/div>\n\t\t\t\t\t<\/div>\n\t\t\t\t<\/div>\n\t\t\t\t<section class=\"elementor-section elementor-top-section elementor-element elementor-element-d01863a elementor-section-boxed elementor-section-height-default elementor-section-height-default wpr-particle-no wpr-jarallax-no wpr-parallax-no wpr-sticky-section-no wpr-equal-height-no\" data-id=\"d01863a\" data-element_type=\"section\" data-e-type=\"section\" data-settings=\"{&quot;background_background&quot;:&quot;classic&quot;}\">\n\t\t\t\t\t\t<div class=\"elementor-container elementor-column-gap-default\">\n\t\t\t\t\t<div class=\"elementor-column elementor-col-100 elementor-top-column elementor-element elementor-element-5665f4e8\" data-id=\"5665f4e8\" data-element_type=\"column\" data-e-type=\"column\">\n\t\t\t<div class=\"elementor-widget-wrap elementor-element-populated\">\n\t\t\t\t\t\t<div class=\"elementor-element elementor-element-caa1f03 acenter elementor-widget elementor-widget-wgl-double-heading\" data-id=\"caa1f03\" data-element_type=\"widget\" data-e-type=\"widget\" data-widget_type=\"wgl-double-heading.default\">\n\t\t\t\t<div class=\"elementor-widget-container\">\n\t\t\t\t\t<div class=\"wgl-double-heading\"><h3 class=\"dblh__title-wrapper\"><span class=\"dblh__title dblh__title-2\">Contribution to the valorization and promotion of cultural heritage and tourist attractions in the area of \u200b\u200bTisno<\/span><\/h3><\/div>\t\t\t\t<\/div>\n\t\t\t\t<\/div>\n\t\t\t\t\t<\/div>\n\t\t<\/div>\n\t\t\t\t\t<\/div>\n\t\t<\/section>\n\t\t\t\t<section class=\"elementor-section elementor-top-section elementor-element elementor-element-649e9dc6 elementor-reverse-tablet elementor-reverse-mobile elementor-section-boxed elementor-section-height-default elementor-section-height-default wpr-particle-no wpr-jarallax-no wpr-parallax-no wpr-sticky-section-no wpr-equal-height-no\" data-id=\"649e9dc6\" data-element_type=\"section\" data-e-type=\"section\">\n\t\t\t\t\t\t<div class=\"elementor-container elementor-column-gap-default\">\n\t\t\t\t\t<div class=\"elementor-column elementor-col-100 elementor-top-column elementor-element elementor-element-573c388\" data-id=\"573c388\" data-element_type=\"column\" data-e-type=\"column\">\n\t\t\t<div class=\"elementor-widget-wrap elementor-element-populated\">\n\t\t\t\t\t\t<div class=\"elementor-element elementor-element-53360f5d elementor-widget elementor-widget-text-editor\" data-id=\"53360f5d\" data-element_type=\"widget\" data-e-type=\"widget\" data-widget_type=\"text-editor.default\">\n\t\t\t\t<div class=\"elementor-widget-container\">\n\t\t\t\t\t\t\t\t\t<p><span>The project \"SALUTI DA TISNO\" is dedicated to the valorization of the cultural and historical heritage of Tisno municipality through the marking and description of cultural and historical heritage objects.<\/span><\/p>\t\t\t\t\t\t\t\t<\/div>\n\t\t\t\t<\/div>\n\t\t\t\t\t<\/div>\n\t\t<\/div>\n\t\t\t\t\t<\/div>\n\t\t<\/section>\n\t\t\t\t<section class=\"elementor-section elementor-top-section elementor-element elementor-element-54ad1977 elementor-section-boxed elementor-section-height-default elementor-section-height-default wpr-particle-no wpr-jarallax-no wpr-parallax-no wpr-sticky-section-no wpr-equal-height-no\" data-id=\"54ad1977\" data-element_type=\"section\" data-e-type=\"section\">\n\t\t\t\t\t\t<div class=\"elementor-container elementor-column-gap-default\">\n\t\t\t\t\t<div class=\"elementor-column elementor-col-33 elementor-top-column elementor-element elementor-element-174c4ca4\" data-id=\"174c4ca4\" data-element_type=\"column\" data-e-type=\"column\">\n\t\t\t<div class=\"elementor-widget-wrap elementor-element-populated\">\n\t\t\t\t\t\t<div class=\"elementor-element elementor-element-4f11862 elementor-widget elementor-widget-image\" data-id=\"4f11862\" data-element_type=\"widget\" data-e-type=\"widget\" data-widget_type=\"image.default\">\n\t\t\t\t<div class=\"elementor-widget-container\">\n\t\t\t\t\t\t\t\t\t\t\t\t\t\t\t<img fetchpriority=\"high\" decoding=\"async\" width=\"1696\" height=\"1283\" src=\"https:\/\/ivinj.com\/wp-content\/uploads\/2023\/12\/KucaMatakovic-KuceTisnoga-Ivinj-Slika1-1.jpg\" class=\"attachment-full size-full wp-image-3835\" alt=\"\" srcset=\"https:\/\/ivinj.com\/wp-content\/uploads\/2023\/12\/KucaMatakovic-KuceTisnoga-Ivinj-Slika1-1.jpg 1696w, https:\/\/ivinj.com\/wp-content\/uploads\/2023\/12\/KucaMatakovic-KuceTisnoga-Ivinj-Slika1-1-300x227.jpg 300w, https:\/\/ivinj.com\/wp-content\/uploads\/2023\/12\/KucaMatakovic-KuceTisnoga-Ivinj-Slika1-1-1024x775.jpg 1024w, https:\/\/ivinj.com\/wp-content\/uploads\/2023\/12\/KucaMatakovic-KuceTisnoga-Ivinj-Slika1-1-768x581.jpg 768w, https:\/\/ivinj.com\/wp-content\/uploads\/2023\/12\/KucaMatakovic-KuceTisnoga-Ivinj-Slika1-1-1536x1162.jpg 1536w, https:\/\/ivinj.com\/wp-content\/uploads\/2023\/12\/KucaMatakovic-KuceTisnoga-Ivinj-Slika1-1-16x12.jpg 16w\" sizes=\"(max-width: 1696px) 100vw, 1696px\" \/>\t\t\t\t\t\t\t\t\t\t\t\t\t\t\t<\/div>\n\t\t\t\t<\/div>\n\t\t\t\t\t<\/div>\n\t\t<\/div>\n\t\t\t\t<div class=\"elementor-column elementor-col-66 elementor-top-column elementor-element elementor-element-e96e223\" data-id=\"e96e223\" data-element_type=\"column\" data-e-type=\"column\">\n\t\t\t<div class=\"elementor-widget-wrap elementor-element-populated\">\n\t\t\t\t\t\t<div class=\"elementor-element elementor-element-e1fd17d elementor-widget elementor-widget-image\" data-id=\"e1fd17d\" data-element_type=\"widget\" data-e-type=\"widget\" data-widget_type=\"image.default\">\n\t\t\t\t<div class=\"elementor-widget-container\">\n\t\t\t\t\t\t\t\t\t\t\t\t\t\t\t<img decoding=\"async\" width=\"770\" height=\"370\" src=\"https:\/\/ivinj.com\/wp-content\/uploads\/2023\/12\/Ivinj-KucaGelpi-Slika4.jpg\" class=\"attachment-full size-full wp-image-3819\" alt=\"\" srcset=\"https:\/\/ivinj.com\/wp-content\/uploads\/2023\/12\/Ivinj-KucaGelpi-Slika4.jpg 770w, https:\/\/ivinj.com\/wp-content\/uploads\/2023\/12\/Ivinj-KucaGelpi-Slika4-300x144.jpg 300w, https:\/\/ivinj.com\/wp-content\/uploads\/2023\/12\/Ivinj-KucaGelpi-Slika4-768x369.jpg 768w, https:\/\/ivinj.com\/wp-content\/uploads\/2023\/12\/Ivinj-KucaGelpi-Slika4-18x9.jpg 18w\" sizes=\"(max-width: 770px) 100vw, 770px\" \/>\t\t\t\t\t\t\t\t\t\t\t\t\t\t\t<\/div>\n\t\t\t\t<\/div>\n\t\t\t\t\t<\/div>\n\t\t<\/div>\n\t\t\t\t\t<\/div>\n\t\t<\/section>\n\t\t\t\t<section class=\"elementor-section elementor-top-section elementor-element elementor-element-2fda84e elementor-section-boxed elementor-section-height-default elementor-section-height-default wpr-particle-no wpr-jarallax-no wpr-parallax-no wpr-sticky-section-no wpr-equal-height-no\" data-id=\"2fda84e\" data-element_type=\"section\" data-e-type=\"section\">\n\t\t\t\t\t\t<div class=\"elementor-container elementor-column-gap-default\">\n\t\t\t\t\t<div class=\"elementor-column elementor-col-66 elementor-top-column elementor-element elementor-element-34a4723\" data-id=\"34a4723\" data-element_type=\"column\" data-e-type=\"column\">\n\t\t\t<div class=\"elementor-widget-wrap elementor-element-populated\">\n\t\t\t\t\t\t<div class=\"elementor-element elementor-element-27f2adc elementor-widget elementor-widget-image\" data-id=\"27f2adc\" data-element_type=\"widget\" data-e-type=\"widget\" data-widget_type=\"image.default\">\n\t\t\t\t<div class=\"elementor-widget-container\">\n\t\t\t\t\t\t\t\t\t\t\t\t\t\t\t<img decoding=\"async\" width=\"770\" height=\"370\" src=\"https:\/\/ivinj.com\/wp-content\/uploads\/2023\/12\/VillaMazzura-KuceTisnoga-Ivinj-Slika3.jpg\" class=\"attachment-full size-full wp-image-3778\" alt=\"\" srcset=\"https:\/\/ivinj.com\/wp-content\/uploads\/2023\/12\/VillaMazzura-KuceTisnoga-Ivinj-Slika3.jpg 770w, https:\/\/ivinj.com\/wp-content\/uploads\/2023\/12\/VillaMazzura-KuceTisnoga-Ivinj-Slika3-300x144.jpg 300w, https:\/\/ivinj.com\/wp-content\/uploads\/2023\/12\/VillaMazzura-KuceTisnoga-Ivinj-Slika3-768x369.jpg 768w, https:\/\/ivinj.com\/wp-content\/uploads\/2023\/12\/VillaMazzura-KuceTisnoga-Ivinj-Slika3-18x9.jpg 18w\" sizes=\"(max-width: 770px) 100vw, 770px\" \/>\t\t\t\t\t\t\t\t\t\t\t\t\t\t\t<\/div>\n\t\t\t\t<\/div>\n\t\t\t\t\t<\/div>\n\t\t<\/div>\n\t\t\t\t<div class=\"elementor-column elementor-col-33 elementor-top-column elementor-element elementor-element-0263901\" data-id=\"0263901\" data-element_type=\"column\" data-e-type=\"column\">\n\t\t\t<div class=\"elementor-widget-wrap elementor-element-populated\">\n\t\t\t\t\t\t<div class=\"elementor-element elementor-element-c85e8b1 elementor-widget elementor-widget-image\" data-id=\"c85e8b1\" data-element_type=\"widget\" data-e-type=\"widget\" data-widget_type=\"image.default\">\n\t\t\t\t<div class=\"elementor-widget-container\">\n\t\t\t\t\t\t\t\t\t\t\t\t\t\t\t<img loading=\"lazy\" decoding=\"async\" width=\"800\" height=\"600\" src=\"https:\/\/ivinj.com\/wp-content\/uploads\/2023\/12\/PalacaKatunaric-KuceTisnoga-Ivinj-Slika4.jpg\" class=\"attachment-full size-full wp-image-3792\" alt=\"\" srcset=\"https:\/\/ivinj.com\/wp-content\/uploads\/2023\/12\/PalacaKatunaric-KuceTisnoga-Ivinj-Slika4.jpg 800w, https:\/\/ivinj.com\/wp-content\/uploads\/2023\/12\/PalacaKatunaric-KuceTisnoga-Ivinj-Slika4-300x225.jpg 300w, https:\/\/ivinj.com\/wp-content\/uploads\/2023\/12\/PalacaKatunaric-KuceTisnoga-Ivinj-Slika4-768x576.jpg 768w, https:\/\/ivinj.com\/wp-content\/uploads\/2023\/12\/PalacaKatunaric-KuceTisnoga-Ivinj-Slika4-16x12.jpg 16w\" sizes=\"(max-width: 800px) 100vw, 800px\" \/>\t\t\t\t\t\t\t\t\t\t\t\t\t\t\t<\/div>\n\t\t\t\t<\/div>\n\t\t\t\t\t<\/div>\n\t\t<\/div>\n\t\t\t\t\t<\/div>\n\t\t<\/section>\n\t\t\t\t<section class=\"elementor-section elementor-top-section elementor-element elementor-element-a1eb78b elementor-reverse-tablet elementor-reverse-mobile elementor-section-boxed elementor-section-height-default elementor-section-height-default wpr-particle-no wpr-jarallax-no wpr-parallax-no wpr-sticky-section-no wpr-equal-height-no\" data-id=\"a1eb78b\" data-element_type=\"section\" data-e-type=\"section\">\n\t\t\t\t\t\t<div class=\"elementor-container elementor-column-gap-default\">\n\t\t\t\t\t<div class=\"elementor-column elementor-col-100 elementor-top-column elementor-element elementor-element-097b64b\" data-id=\"097b64b\" data-element_type=\"column\" data-e-type=\"column\">\n\t\t\t<div class=\"elementor-widget-wrap elementor-element-populated\">\n\t\t\t\t\t\t<div class=\"elementor-element elementor-element-c008ab0 elementor-widget elementor-widget-text-editor\" data-id=\"c008ab0\" data-element_type=\"widget\" data-e-type=\"widget\" data-widget_type=\"text-editor.default\">\n\t\t\t\t<div class=\"elementor-widget-container\">\n\t\t\t\t\t\t\t\t\t<p>The project consists of two components:<\/p>\t\t\t\t\t\t\t\t<\/div>\n\t\t\t\t<\/div>\n\t\t\t\t<div class=\"elementor-element elementor-element-c78cb89 elementor-widget elementor-widget-text-editor\" data-id=\"c78cb89\" data-element_type=\"widget\" data-e-type=\"widget\" data-widget_type=\"text-editor.default\">\n\t\t\t\t<div class=\"elementor-widget-container\">\n\t\t\t\t\t\t\t\t\t<p><strong>Interpretation of the cultural heritage objects of the Municipality of Tisno<\/strong><\/p><p>The first component includes objects that we recognized as potentially attractive and interesting to tourists, visitors, and the local population. These are Italian villas in the area of \u200b\u200bTisno. During the 18th century, rich families from Italy immigrated to Tisno, who over time assimilated and mixed with the local population. 11 villas remain from that time. The idea is to mark the villas in order to present to the public, so far mostly neglected and little known, but extremely valuable heritage. By marking the Italian villas, we will open a new, innovative and unique cultural-historical route.<\/p>\t\t\t\t\t\t\t\t<\/div>\n\t\t\t\t<\/div>\n\t\t\t\t<div class=\"elementor-element elementor-element-255c244 elementor-widget elementor-widget-text-editor\" data-id=\"255c244\" data-element_type=\"widget\" data-e-type=\"widget\" data-widget_type=\"text-editor.default\">\n\t\t\t\t<div class=\"elementor-widget-container\">\n\t\t\t\t\t\t\t\t\t<p><strong>Digitization of heritage - Church of St. Martina and the archaeological site of Ivinj<\/strong><\/p><p><span>With\u00a0<\/span><em>From Argonauta for Tisno 2022.<\/em><span>\u00a0the website of the archaeological site Ivinj (ivinj.eu) was created and it presented the historical, cultural and natural heritage associated with the said site. In order to continue to valorize the mentioned area, it is necessary to timely update and renew it with additional content, as well as to be actively present on social networks. By setting up the website of the archaeological site, all materials related to this site are gathered in one place, and by presenting the site on current social networks (Instagram and Facebook), the site becomes more present among the community. Also, the level of awareness of the significance of this archeological site among the resident population, and then also among tourists and visitors, is increasing.<\/span><\/p>\t\t\t\t\t\t\t\t<\/div>\n\t\t\t\t<\/div>\n\t\t\t\t<div class=\"elementor-element elementor-element-1bcb9bd elementor-widget elementor-widget-text-editor\" data-id=\"1bcb9bd\" data-element_type=\"widget\" data-e-type=\"widget\" data-widget_type=\"text-editor.default\">\n\t\t\t\t<div class=\"elementor-widget-container\">\n\t\t\t\t\t\t\t\t\t<p><span style=\"font-size: 12px;\">Sources: <br \/>Josip \u0106uzela, Ivo \u0160prljan (2019) Otok Murter: pogled na ba\u0161tinu. Op\u0107ina Tisno. <br \/><a href=\"https:\/\/www.nkc-tisno.hr\/index.php\/novosti\/400-tisno-i-tisnjani-kroz-stoljeca\">Branko Pavlov (2021) Tisno i Ti\u0161njani kroz stolje\u0107a.\u00a0<\/a><br \/><\/span><\/p>\t\t\t\t\t\t\t\t<\/div>\n\t\t\t\t<\/div>\n\t\t\t\t\t<\/div>\n\t\t<\/div>\n\t\t\t\t\t<\/div>\n\t\t<\/section>\n\t\t\t\t<section class=\"elementor-section elementor-top-section elementor-element elementor-element-5387940f elementor-section-boxed elementor-section-height-default elementor-section-height-default wpr-particle-no wpr-jarallax-no wpr-parallax-no wpr-sticky-section-no wpr-equal-height-no\" data-id=\"5387940f\" data-element_type=\"section\" data-e-type=\"section\" data-settings=\"{&quot;background_background&quot;:&quot;classic&quot;}\">\n\t\t\t\t\t\t<div class=\"elementor-container elementor-column-gap-default\">\n\t\t\t\t\t<div class=\"elementor-column elementor-col-100 elementor-top-column elementor-element elementor-element-28978000\" data-id=\"28978000\" data-element_type=\"column\" data-e-type=\"column\">\n\t\t\t<div class=\"elementor-widget-wrap elementor-element-populated\">\n\t\t\t\t\t\t<div class=\"elementor-element elementor-element-20c800d9 aleft elementor-widget elementor-widget-wgl-double-heading\" data-id=\"20c800d9\" data-element_type=\"widget\" data-e-type=\"widget\" data-widget_type=\"wgl-double-heading.default\">\n\t\t\t\t<div class=\"elementor-widget-container\">\n\t\t\t\t\t<div class=\"wgl-double-heading\"><h3 class=\"dblh__title-wrapper\"><span class=\"dblh__title dblh__title-1\">PROJECT INFO<\/span><\/h3><\/div>\t\t\t\t<\/div>\n\t\t\t\t<\/div>\n\t\t\t\t<div class=\"elementor-element elementor-element-ebc8774 elementor-view-stacked elementor-shape-circle elementor-widget__width-initial aleft elementor-widget-icon-box wgl-icon-box elementor-widget elementor-widget-wgl-info-box\" data-id=\"ebc8774\" data-element_type=\"widget\" data-e-type=\"widget\" data-widget_type=\"wgl-info-box.default\">\n\t\t\t\t<div class=\"elementor-widget-container\">\n\t\t\t\t\t<div class=\"wgl-infobox\"><div class=\"wgl-infobox_wrapper wgl-layout-left\"><div class=\"media-wrapper icon-wrapper\"><span class=\"wgl-icon\" ><i class=\"icon elementor-icon far fa-list-alt\" aria-hidden=\"true\"><\/i><\/span><\/div><div class=\"content_wrapper\"><div class=\"wgl-infobox-title_wrapper\"><h3 class=\"wgl-infobox_title\"><span class=\"wgl-infobox_title-idle\">Goals:<\/span><\/h3><\/div><div class=\"wgl-infobox_content\"><p><span>1. Interpretation of the cultural heritage objects of the Municipality of Tisno Marking of cultural heritage objects and the creation and branding of a new cultural and heritage route. 2. Digitization of heritage - Church of St. Martina and the archaeological site of Ivinj The goal is to update the website ivinj.eu, which presents all the natural and cultural heritage of this site, with additional content in a timely manner in order to achieve the greatest possible engagement and reach to the desired target groups, as well as to promote related content and the site itself on social networks.<\/span><\/p><\/div><\/div><\/div><\/div>\t\t\t\t<\/div>\n\t\t\t\t<\/div>\n\t\t\t\t<div class=\"elementor-element elementor-element-27aabad elementor-view-stacked elementor-shape-circle elementor-widget__width-initial aleft elementor-widget-icon-box wgl-icon-box elementor-widget elementor-widget-wgl-info-box\" data-id=\"27aabad\" data-element_type=\"widget\" data-e-type=\"widget\" data-widget_type=\"wgl-info-box.default\">\n\t\t\t\t<div class=\"elementor-widget-container\">\n\t\t\t\t\t<div class=\"wgl-infobox\"><div class=\"wgl-infobox_wrapper wgl-layout-left\"><div class=\"media-wrapper icon-wrapper\"><span class=\"wgl-icon\" ><i class=\"icon elementor-icon far fa-calendar-alt\" aria-hidden=\"true\"><\/i><\/span><\/div><div class=\"content_wrapper\"><div class=\"wgl-infobox-title_wrapper\"><h3 class=\"wgl-infobox_title\"><span class=\"wgl-infobox_title-idle\">Duration:<\/span><\/h3><\/div><div class=\"wgl-infobox_content\"><p><span>January 1. - December 31. 2023<\/span><\/p><\/div><\/div><\/div><\/div>\t\t\t\t<\/div>\n\t\t\t\t<\/div>\n\t\t\t\t<div class=\"elementor-element elementor-element-76dca06b elementor-view-stacked elementor-shape-circle elementor-widget__width-initial aleft elementor-widget-icon-box wgl-icon-box elementor-widget elementor-widget-wgl-info-box\" data-id=\"76dca06b\" data-element_type=\"widget\" data-e-type=\"widget\" data-widget_type=\"wgl-info-box.default\">\n\t\t\t\t<div class=\"elementor-widget-container\">\n\t\t\t\t\t<div class=\"wgl-infobox\"><div class=\"wgl-infobox_wrapper wgl-layout-left\"><div class=\"media-wrapper icon-wrapper\"><span class=\"wgl-icon\" ><i class=\"icon elementor-icon far fa-user\" aria-hidden=\"true\"><\/i><\/span><\/div><div class=\"content_wrapper\"><div class=\"wgl-infobox-title_wrapper\"><h3 class=\"wgl-infobox_title\"><span class=\"wgl-infobox_title-idle\">Users:<\/span><\/h3><\/div><div class=\"wgl-infobox_content\"><p>The local population, tourists, visitors<\/p><\/div><\/div><\/div><\/div>\t\t\t\t<\/div>\n\t\t\t\t<\/div>\n\t\t\t\t<div class=\"elementor-element elementor-element-6875474e elementor-view-stacked elementor-shape-circle elementor-widget__width-initial aleft elementor-widget-icon-box wgl-icon-box elementor-widget elementor-widget-wgl-info-box\" data-id=\"6875474e\" data-element_type=\"widget\" data-e-type=\"widget\" data-widget_type=\"wgl-info-box.default\">\n\t\t\t\t<div class=\"elementor-widget-container\">\n\t\t\t\t\t<div class=\"wgl-infobox\"><div class=\"wgl-infobox_wrapper wgl-layout-left\"><div class=\"media-wrapper icon-wrapper\"><span class=\"wgl-icon\" ><i class=\"icon elementor-icon far fa-handshake\" aria-hidden=\"true\"><\/i><\/span><\/div><div class=\"content_wrapper\"><div class=\"wgl-infobox-title_wrapper\"><h3 class=\"wgl-infobox_title\"><span class=\"wgl-infobox_title-idle\">Donor:<\/span><\/h3><\/div><div class=\"wgl-infobox_content\"><p>The municipality of Tisno<\/p><\/div><\/div><\/div><\/div>\t\t\t\t<\/div>\n\t\t\t\t<\/div>\n\t\t\t\t<div class=\"elementor-element elementor-element-904256f elementor-view-stacked elementor-shape-circle elementor-widget__width-initial aleft elementor-widget-icon-box wgl-icon-box elementor-widget elementor-widget-wgl-info-box\" data-id=\"904256f\" data-element_type=\"widget\" data-e-type=\"widget\" data-widget_type=\"wgl-info-box.default\">\n\t\t\t\t<div class=\"elementor-widget-container\">\n\t\t\t\t\t<div class=\"wgl-infobox\"><div class=\"wgl-infobox_wrapper wgl-layout-left\"><div class=\"media-wrapper icon-wrapper\"><span class=\"wgl-icon\" ><i class=\"icon elementor-icon far fa-money-bill-alt\" aria-hidden=\"true\"><\/i><\/span><\/div><div class=\"content_wrapper\"><div class=\"wgl-infobox-title_wrapper\"><h3 class=\"wgl-infobox_title\"><span class=\"wgl-infobox_title-idle\">Project value:<\/span><\/h3><\/div><div class=\"wgl-infobox_content\"><p><span>3.584,00 \u20ac<\/span><\/p><\/div><\/div><\/div><\/div>\t\t\t\t<\/div>\n\t\t\t\t<\/div>\n\t\t\t\t\t<\/div>\n\t\t<\/div>\n\t\t\t\t\t<\/div>\n\t\t<\/section>\n\t\t\t\t<\/div>","protected":false},"excerpt":{"rendered":"<p>Saluti da Tisno NASLOVNICA Doprinos valorizaciji i promociji kulturne ba\u0161tine i turisti\u010dkih atrakcija na podru\u010dju mjesta Tisno Projekt \u201cSALUTI DA TISNO\u201d posve\u0107en je valorizaciji kulturno-povijesne ba\u0161tine Op\u0107ine Tisno kroz obilje\u017eavanje i opisivanje objekata kulturno-povijesne ba\u0161tine. Projekt se sastoji od dvije komponente: Interpretacija objekata kulturne ba\u0161tine Op\u0107ine Tisno Prva komponenta obuhva\u0107a objekte koje smo prepoznali kao potencijalno atraktivne i zanimljive turistima, posjetiteljima, ali i doma\u0107em stanovni\u0161tvu. Radi se o talijanskim vilama na podru\u010dju Tisnog. Tijekom 18. stolje\u0107a u Tisno su se doselile bogate obitelji iz Italije koje su se s vremenom asimilirale i pomije\u0161ale s doma\u0107im stanovni\u0161tvom. Iz tog vremena ostalo je 11 vila. Ideja je ozna\u010diti vile kako bi\u00a0prezentirali javnosti, dosad ve\u0107inom zanemarenu i malo poznatu, a izuzetno vrijednu ba\u0161tinu. Ozna\u010davanjem talijanskih vila otvorit \u0107emo novu, inovativnu i jedinstvenu kulturno-povijesnu rutu. Digitalizacija ba\u0161tine \u2013 Crkva sv. Martina i arheolo\u0161ki lokalitet Ivinj Projektom\u00a0Od Argonaute za Tisno 2022.\u00a0izra\u0111ena je web stranica arheolo\u0161kog lokaliteta Ivinj (ivinj.eu) i njom prezentirana povijesna, kulturna i prirodna ba\u0161tina povezana s navedenim lokalitetom. Kako bi i dalje valorizirali navedeno podru\u010dje, potrebno ga je pravovremeno a\u017eurirati i obnavljati dodatnim sadr\u017eajem, kao i biti aktivno prisutan na dru\u0161tvenim mre\u017eama. Podizanjem web stranice arheolo\u0161kog lokaliteta, na jednom mjestu se okupljaju svi materijali vezani za ovo nalazi\u0161te, a prezentacijom lokaliteta na aktualnim dru\u0161tvenim mre\u017eama (Instagram i Facebook) lokalitet postaje prisutniji me\u0111u zajednicom. Tako\u0111er, podi\u017ee se razina svijesti o zna\u010daju ovog arheolo\u0161kog lokaliteta kod domicilnog stanovni\u0161tva, a zatim i kod turista i posjetitelja. Izvori: Josip \u0106uzela, Ivo \u0160prljan (2019) Otok Murter: pogled na ba\u0161tinu. Op\u0107ina Tisno. Branko Pavlov (2021) Tisno i Ti\u0161njani kroz stolje\u0107a.\u00a0 INFORMACIJE O PROJEKTU Ciljevi: 1. Interpretacija objekata kulturne ba\u0161tine Op\u0107ine Tisno Obilje\u017eavanje objekata kulturne ba\u0161tine te stvaranje i brendiranje nove kulturno &#8211; ba\u0161tinske rute. 2. Digitalizacija ba\u0161tine \u2013 Crkva sv. Martina i arheolo\u0161ki lokalitet Ivinj Cilj je napravljenu web stranicu ivinj.eu, koja prezentira svu prirodnu i kulturnu ba\u0161tinu ovog lokaliteta, pravovremeno a\u017eurirati dodatnim sadr\u017eajem kako bi se postigao \u0161to ve\u0107i anga\u017eman i doseg do \u017eeljenih ciljnih skupina, kao i promovirati vezane sadr\u017eaje i sam lokalitet na dru\u0161tvenim mre\u017eama. Trajanje: 1. sije\u010danj- 31. prosinca 2023. Korisnici: Lokalno stanovni\u0161tvo, turisti i posjetitelji Donator: Op\u0107ina Tisno Vrijednost: 3.584,00 \u20ac<\/p>","protected":false},"author":1,"featured_media":0,"parent":0,"menu_order":0,"comment_status":"closed","ping_status":"closed","template":"elementor_header_footer","meta":{"footnotes":""},"class_list":["post-3851","page","type-page","status-publish","hentry"],"_links":{"self":[{"href":"https:\/\/ivinj.com\/en\/wp-json\/wp\/v2\/pages\/3851","targetHints":{"allow":["GET"]}}],"collection":[{"href":"https:\/\/ivinj.com\/en\/wp-json\/wp\/v2\/pages"}],"about":[{"href":"https:\/\/ivinj.com\/en\/wp-json\/wp\/v2\/types\/page"}],"author":[{"embeddable":true,"href":"https:\/\/ivinj.com\/en\/wp-json\/wp\/v2\/users\/1"}],"replies":[{"embeddable":true,"href":"https:\/\/ivinj.com\/en\/wp-json\/wp\/v2\/comments?post=3851"}],"version-history":[{"count":41,"href":"https:\/\/ivinj.com\/en\/wp-json\/wp\/v2\/pages\/3851\/revisions"}],"predecessor-version":[{"id":5446,"href":"https:\/\/ivinj.com\/en\/wp-json\/wp\/v2\/pages\/3851\/revisions\/5446"}],"wp:attachment":[{"href":"https:\/\/ivinj.com\/en\/wp-json\/wp\/v2\/media?parent=3851"}],"curies":[{"name":"wp","href":"https:\/\/api.w.org\/{rel}","templated":true}]}}