{"id":4303,"date":"2024-10-18T10:50:09","date_gmt":"2024-10-18T10:50:09","guid":{"rendered":"https:\/\/ivinj.com\/?page_id=4303"},"modified":"2026-04-14T10:51:19","modified_gmt":"2026-04-14T10:51:19","slug":"crkve-tisnoga","status":"publish","type":"page","link":"https:\/\/ivinj.com\/en\/crkve-tisnoga\/","title":{"rendered":"TISNO CHURCHES"},"content":{"rendered":"<div data-elementor-type=\"wp-page\" data-elementor-id=\"4303\" class=\"elementor elementor-4303\">\n\t\t\t\t<div class=\"elementor-element elementor-element-ef5e833 e-flex e-con-boxed wpr-particle-no wpr-jarallax-no wpr-parallax-no wpr-sticky-section-no wpr-equal-height-no e-con e-parent\" data-id=\"ef5e833\" data-element_type=\"container\" data-e-type=\"container\" data-settings=\"{&quot;background_background&quot;:&quot;classic&quot;}\">\n\t\t\t\t\t<div class=\"e-con-inner\">\n\t\t\t\t<div class=\"elementor-element elementor-element-c4d94d8 elementor-widget elementor-widget-page-title\" data-id=\"c4d94d8\" data-element_type=\"widget\" data-e-type=\"widget\" data-settings=\"{&quot;align_mobile&quot;:&quot;center&quot;}\" data-widget_type=\"page-title.default\">\n\t\t\t\t<div class=\"elementor-widget-container\">\n\t\t\t\t\t\t\t\n\t\t<div class=\"hfe-page-title hfe-page-title-wrapper elementor-widget-heading\">\n\n\t\t\t\t\t\t\t\t\t\t\t<a href=\"https:\/\/ivinj.com\/en\">\n\t\t\t\t\t\t<h2 class=\"elementor-heading-title elementor-size-default\">\n\t\t\t\t\t\t\t\t\n\t\t\t\tTISNO CHURCHES  \n\t\t\t<\/h2> \n\t\t\t\t\t\t\t\t\t<\/a>\n\t\t\t\t\t<\/div>\n\t\t\t\t\t\t<\/div>\n\t\t\t\t<\/div>\n\t\t\t\t<div class=\"elementor-element elementor-element-b87c912 elementor-widget elementor-widget-hfe-breadcrumbs-widget\" data-id=\"b87c912\" data-element_type=\"widget\" data-e-type=\"widget\" data-widget_type=\"hfe-breadcrumbs-widget.default\">\n\t\t\t\t<div class=\"elementor-widget-container\">\n\t\t\t\t\t<nav aria-label=\"Breadcrumb\"><ul class=\"hfe-breadcrumbs hfe-breadcrumbs-show-home\"><li class=\"hfe-breadcrumbs-item hfe-breadcrumbs-first\"><span class=\"hfe-breadcrumbs-home-icon\"><\/span><a href=\"https:\/\/ivinj.com\/en\"><span class=\"hfe-breadcrumbs-text\">HOME PAGE<\/span><\/a><\/li><\/ul><\/nav>\t\t\t\t<\/div>\n\t\t\t\t<\/div>\n\t\t\t\t\t<\/div>\n\t\t\t\t<\/div>\n\t\t<div class=\"elementor-element elementor-element-acad997 e-con-full e-flex wpr-particle-no wpr-jarallax-no wpr-parallax-no wpr-sticky-section-no wpr-equal-height-no e-con e-parent\" data-id=\"acad997\" data-element_type=\"container\" data-e-type=\"container\">\n\t\t<div class=\"elementor-element elementor-element-dc9cbde e-con-full e-flex wpr-particle-no wpr-jarallax-no wpr-parallax-no wpr-sticky-section-no wpr-equal-height-no e-con e-child\" data-id=\"dc9cbde\" data-element_type=\"container\" data-e-type=\"container\">\n\t\t\t\t<div class=\"elementor-element elementor-element-9bed394 elementor-widget elementor-widget-html\" data-id=\"9bed394\" data-element_type=\"widget\" data-e-type=\"widget\" data-widget_type=\"html.default\">\n\t\t\t\t<div class=\"elementor-widget-container\">\n\t\t\t\t\t<iframe src=\"https:\/\/www.google.com\/maps\/d\/u\/0\/embed?mid=1OUMrEgU9TU6BdihN_4Qdq9gGKv-B-BQ&ehbc=2E312F&noprof=1\" width=\"640\" height=\"700\"><\/iframe>\t\t\t\t<\/div>\n\t\t\t\t<\/div>\n\t\t\t\t<\/div>\n\t\t\t\t<\/div>\n\t\t\t\t<section class=\"elementor-section elementor-top-section elementor-element elementor-element-fcf3247 elementor-section-boxed elementor-section-height-default elementor-section-height-default wpr-particle-no wpr-jarallax-no wpr-parallax-no wpr-sticky-section-no wpr-equal-height-no\" data-id=\"fcf3247\" data-element_type=\"section\" data-e-type=\"section\">\n\t\t\t\t\t\t<div class=\"elementor-container elementor-column-gap-default\">\n\t\t\t\t\t<div class=\"elementor-column elementor-col-100 elementor-top-column elementor-element elementor-element-1b24073\" data-id=\"1b24073\" data-element_type=\"column\" data-e-type=\"column\">\n\t\t\t<div class=\"elementor-widget-wrap elementor-element-populated\">\n\t\t\t\t\t\t<section class=\"elementor-section elementor-inner-section elementor-element elementor-element-381e921 elementor-section-boxed elementor-section-height-default elementor-section-height-default wpr-particle-no wpr-jarallax-no wpr-parallax-no wpr-sticky-section-no wpr-equal-height-no\" data-id=\"381e921\" data-element_type=\"section\" data-e-type=\"section\">\n\t\t\t\t\t\t<div class=\"elementor-container elementor-column-gap-default\">\n\t\t\t\t\t<div class=\"elementor-column elementor-col-33 elementor-inner-column elementor-element elementor-element-d2a44df\" data-id=\"d2a44df\" data-element_type=\"column\" data-e-type=\"column\">\n\t\t\t<div class=\"elementor-widget-wrap elementor-element-populated\">\n\t\t\t\t\t\t<div class=\"elementor-element elementor-element-f341168 aleft elementor-widget-image-box wgl-image-box elementor-widget elementor-widget-wgl-info-box\" data-id=\"f341168\" data-element_type=\"widget\" data-e-type=\"widget\" data-widget_type=\"wgl-info-box.default\">\n\t\t\t\t<div class=\"elementor-widget-container\">\n\t\t\t\t\t<div class=\"wgl-infobox\"><a class=\"wgl-infobox__link\" href=\"https:\/\/ivinj.com\/en\/crkva-svetog-roka\/\"><\/a><div class=\"wgl-infobox_wrapper wgl-layout-top\"><div class=\"media-wrapper img-wrapper\"><figure class=\"wgl-image-box_img\"><span ><img fetchpriority=\"high\" decoding=\"async\" width=\"600\" height=\"400\" src=\"https:\/\/ivinj.com\/wp-content\/uploads\/2024\/10\/Tisno-CrkvaSvRoka-Kartica-1.webp\" class=\"attachment-full size-full wp-image-4316\" alt=\"\" srcset=\"https:\/\/ivinj.com\/wp-content\/uploads\/2024\/10\/Tisno-CrkvaSvRoka-Kartica-1.webp 600w, https:\/\/ivinj.com\/wp-content\/uploads\/2024\/10\/Tisno-CrkvaSvRoka-Kartica-1-300x200.webp 300w, https:\/\/ivinj.com\/wp-content\/uploads\/2024\/10\/Tisno-CrkvaSvRoka-Kartica-1-18x12.webp 18w\" sizes=\"(max-width: 600px) 100vw, 600px\" \/><\/span><\/figure><\/div><div class=\"content_wrapper\"><div class=\"wgl-infobox-title_wrapper\"><h3 class=\"wgl-infobox_title\"><span class=\"wgl-infobox_title-idle\">Church of Saint Roch<\/span><\/h3><\/div><div class=\"wgl-infobox_content\"><p><span>It is a village church with a steeple and a baroque portal, known for the procession in honor of St. Roku, the protector from the plague,\u00a0<\/span><span>and today items from the old Ti\u0161njan oil mill are exhibited here.<\/span><\/p><\/div><div class=\"wgl-infobox-button_wrapper\"><div  class=\"wgl-infobox_button button-read-more align-icon-left\"><span>Take a walk<\/span><i class=\"read-more-icon flaticon flaticon-right-arrow\" aria-hidden=\"true\"><\/i><\/div><\/div><\/div><\/div><\/div>\t\t\t\t<\/div>\n\t\t\t\t<\/div>\n\t\t\t\t\t<\/div>\n\t\t<\/div>\n\t\t\t\t<div class=\"elementor-column elementor-col-33 elementor-inner-column elementor-element elementor-element-486e664\" data-id=\"486e664\" data-element_type=\"column\" data-e-type=\"column\">\n\t\t\t<div class=\"elementor-widget-wrap elementor-element-populated\">\n\t\t\t\t\t\t<div class=\"elementor-element elementor-element-2b8dd02 aleft elementor-widget-image-box wgl-image-box elementor-widget elementor-widget-wgl-info-box\" data-id=\"2b8dd02\" data-element_type=\"widget\" data-e-type=\"widget\" data-widget_type=\"wgl-info-box.default\">\n\t\t\t\t<div class=\"elementor-widget-container\">\n\t\t\t\t\t<div class=\"wgl-infobox\"><a class=\"wgl-infobox__link\" href=\"https:\/\/ivinj.com\/en\/crkva-sv-andrije\/\"><\/a><div class=\"wgl-infobox_wrapper wgl-layout-top\"><div class=\"media-wrapper img-wrapper\"><figure class=\"wgl-image-box_img\"><span ><img decoding=\"async\" width=\"600\" height=\"400\" src=\"https:\/\/ivinj.com\/wp-content\/uploads\/2024\/10\/Tisno-CrkvaSvAndrije-Kartica.webp\" class=\"attachment-full size-full wp-image-4317\" alt=\"\" srcset=\"https:\/\/ivinj.com\/wp-content\/uploads\/2024\/10\/Tisno-CrkvaSvAndrije-Kartica.webp 600w, https:\/\/ivinj.com\/wp-content\/uploads\/2024\/10\/Tisno-CrkvaSvAndrije-Kartica-300x200.webp 300w, https:\/\/ivinj.com\/wp-content\/uploads\/2024\/10\/Tisno-CrkvaSvAndrije-Kartica-18x12.webp 18w\" sizes=\"(max-width: 600px) 100vw, 600px\" \/><\/span><\/figure><\/div><div class=\"content_wrapper\"><div class=\"wgl-infobox-title_wrapper\"><h3 class=\"wgl-infobox_title\"><span class=\"wgl-infobox_title-idle\">Saint Andrew's Church<\/span><\/h3><\/div><div class=\"wgl-infobox_content\"><p><span>The Church of St. Andrew in Tisno, located on a hill in the Rat area, is a historic building restored after a lightning strike in 1943, with which a legend is attached, and today it is no longer in operation.<\/span><\/p><\/div><div class=\"wgl-infobox-button_wrapper\"><div  class=\"wgl-infobox_button button-read-more align-icon-left\"><span>Take a walk<\/span><i class=\"read-more-icon flaticon flaticon-right-arrow\" aria-hidden=\"true\"><\/i><\/div><\/div><\/div><\/div><\/div>\t\t\t\t<\/div>\n\t\t\t\t<\/div>\n\t\t\t\t\t<\/div>\n\t\t<\/div>\n\t\t\t\t<div class=\"elementor-column elementor-col-33 elementor-inner-column elementor-element elementor-element-8cc3f12\" data-id=\"8cc3f12\" data-element_type=\"column\" data-e-type=\"column\">\n\t\t\t<div class=\"elementor-widget-wrap elementor-element-populated\">\n\t\t\t\t\t\t<div class=\"elementor-element elementor-element-889acc6 aleft elementor-widget-image-box wgl-image-box elementor-widget elementor-widget-wgl-info-box\" data-id=\"889acc6\" data-element_type=\"widget\" data-e-type=\"widget\" data-widget_type=\"wgl-info-box.default\">\n\t\t\t\t<div class=\"elementor-widget-container\">\n\t\t\t\t\t<div class=\"wgl-infobox\"><a class=\"wgl-infobox__link\" href=\"https:\/\/ivinj.com\/en\/crkva-i-zvonik-svetog-duha\/\"><\/a><div class=\"wgl-infobox_wrapper wgl-layout-top\"><div class=\"media-wrapper img-wrapper\"><figure class=\"wgl-image-box_img\"><span ><img decoding=\"async\" width=\"600\" height=\"400\" src=\"https:\/\/ivinj.com\/wp-content\/uploads\/2024\/10\/Tisno-CrkvaSvDuha-Kartica.webp\" class=\"attachment-full size-full wp-image-4319\" alt=\"\" srcset=\"https:\/\/ivinj.com\/wp-content\/uploads\/2024\/10\/Tisno-CrkvaSvDuha-Kartica.webp 600w, https:\/\/ivinj.com\/wp-content\/uploads\/2024\/10\/Tisno-CrkvaSvDuha-Kartica-300x200.webp 300w, https:\/\/ivinj.com\/wp-content\/uploads\/2024\/10\/Tisno-CrkvaSvDuha-Kartica-18x12.webp 18w\" sizes=\"(max-width: 600px) 100vw, 600px\" \/><\/span><\/figure><\/div><div class=\"content_wrapper\"><div class=\"wgl-infobox-title_wrapper\"><h3 class=\"wgl-infobox_title\"><span class=\"wgl-infobox_title-idle\">Church of the Holy Spirit<\/span><\/h3><\/div><div class=\"wgl-infobox_content\"><div class=\"map-popup-body\"><p>It is a building with a 31-meter high Baroque bell tower, rich in history and works of art such as the Gothic statue of the Virgin and Child, and tombs from the 17th and 18th centuries.<\/p><\/div><\/div><div class=\"wgl-infobox-button_wrapper\"><div  class=\"wgl-infobox_button button-read-more align-icon-left\"><span>Take a walk<\/span><i class=\"read-more-icon flaticon flaticon-right-arrow\" aria-hidden=\"true\"><\/i><\/div><\/div><\/div><\/div><\/div>\t\t\t\t<\/div>\n\t\t\t\t<\/div>\n\t\t\t\t\t<\/div>\n\t\t<\/div>\n\t\t\t\t\t<\/div>\n\t\t<\/section>\n\t\t\t\t<section class=\"elementor-section elementor-inner-section elementor-element elementor-element-b7c8edc elementor-section-boxed elementor-section-height-default elementor-section-height-default wpr-particle-no wpr-jarallax-no wpr-parallax-no wpr-sticky-section-no wpr-equal-height-no\" data-id=\"b7c8edc\" data-element_type=\"section\" data-e-type=\"section\">\n\t\t\t\t\t\t<div class=\"elementor-container elementor-column-gap-default\">\n\t\t\t\t\t<div class=\"elementor-column elementor-col-33 elementor-inner-column elementor-element elementor-element-edf23d2\" data-id=\"edf23d2\" data-element_type=\"column\" data-e-type=\"column\">\n\t\t\t<div class=\"elementor-widget-wrap elementor-element-populated\">\n\t\t\t\t\t\t<div class=\"elementor-element elementor-element-3bd145f aleft elementor-widget-image-box wgl-image-box elementor-widget elementor-widget-wgl-info-box\" data-id=\"3bd145f\" data-element_type=\"widget\" data-e-type=\"widget\" data-widget_type=\"wgl-info-box.default\">\n\t\t\t\t<div class=\"elementor-widget-container\">\n\t\t\t\t\t<div class=\"wgl-infobox\"><a class=\"wgl-infobox__link\" href=\"https:\/\/ivinj.com\/en\/crkva-gospe-od-karavaja\/\"><\/a><div class=\"wgl-infobox_wrapper wgl-layout-top\"><div class=\"media-wrapper img-wrapper\"><figure class=\"wgl-image-box_img\"><span ><img loading=\"lazy\" decoding=\"async\" width=\"600\" height=\"400\" src=\"https:\/\/ivinj.com\/wp-content\/uploads\/2024\/10\/Tisno-CrkvaGospeOdKaravaja-Kartica.webp\" class=\"attachment-full size-full wp-image-4318\" alt=\"\" srcset=\"https:\/\/ivinj.com\/wp-content\/uploads\/2024\/10\/Tisno-CrkvaGospeOdKaravaja-Kartica.webp 600w, https:\/\/ivinj.com\/wp-content\/uploads\/2024\/10\/Tisno-CrkvaGospeOdKaravaja-Kartica-300x200.webp 300w, https:\/\/ivinj.com\/wp-content\/uploads\/2024\/10\/Tisno-CrkvaGospeOdKaravaja-Kartica-18x12.webp 18w\" sizes=\"(max-width: 600px) 100vw, 600px\" \/><\/span><\/figure><\/div><div class=\"content_wrapper\"><div class=\"wgl-infobox-title_wrapper\"><h3 class=\"wgl-infobox_title\"><span class=\"wgl-infobox_title-idle\">Church of Our Lady of Caravaggio<\/span><\/h3><\/div><div class=\"wgl-infobox_content\"><p><span>The votive church is located on Bro\u0161\u0107ica hill and surrounded by cypresses, which attracts thousands of believers every year who walk up 214 steps to reach it.<\/span><\/p><\/div><div class=\"wgl-infobox-button_wrapper\"><div  class=\"wgl-infobox_button button-read-more align-icon-left\"><span>Take a walk<\/span><i class=\"read-more-icon flaticon flaticon-right-arrow\" aria-hidden=\"true\"><\/i><\/div><\/div><\/div><\/div><\/div>\t\t\t\t<\/div>\n\t\t\t\t<\/div>\n\t\t\t\t\t<\/div>\n\t\t<\/div>\n\t\t\t\t<div class=\"elementor-column elementor-col-33 elementor-inner-column elementor-element elementor-element-51a6f84\" data-id=\"51a6f84\" data-element_type=\"column\" data-e-type=\"column\">\n\t\t\t<div class=\"elementor-widget-wrap\">\n\t\t\t\t\t\t\t<\/div>\n\t\t<\/div>\n\t\t\t\t<div class=\"elementor-column elementor-col-33 elementor-inner-column elementor-element elementor-element-977d31e\" data-id=\"977d31e\" data-element_type=\"column\" data-e-type=\"column\">\n\t\t\t<div class=\"elementor-widget-wrap\">\n\t\t\t\t\t\t\t<\/div>\n\t\t<\/div>\n\t\t\t\t\t<\/div>\n\t\t<\/section>\n\t\t\t\t\t<\/div>\n\t\t<\/div>\n\t\t\t\t\t<\/div>\n\t\t<\/section>\n\t\t\t\t<section class=\"elementor-section elementor-top-section elementor-element elementor-element-6bf45fd elementor-section-boxed elementor-section-height-default elementor-section-height-default wpr-particle-no wpr-jarallax-no wpr-parallax-no wpr-sticky-section-no wpr-equal-height-no\" data-id=\"6bf45fd\" data-element_type=\"section\" data-e-type=\"section\" data-settings=\"{&quot;background_background&quot;:&quot;classic&quot;}\">\n\t\t\t\t\t\t<div class=\"elementor-container elementor-column-gap-default\">\n\t\t\t\t\t<div class=\"elementor-column elementor-col-50 elementor-top-column elementor-element elementor-element-85607c0\" data-id=\"85607c0\" data-element_type=\"column\" data-e-type=\"column\">\n\t\t\t<div class=\"elementor-widget-wrap elementor-element-populated\">\n\t\t\t\t\t\t<div class=\"elementor-element elementor-element-66170b1 elementor-widget__width-inherit aleft elementor-widget elementor-widget-wgl-double-heading\" data-id=\"66170b1\" data-element_type=\"widget\" data-e-type=\"widget\" data-widget_type=\"wgl-double-heading.default\">\n\t\t\t\t<div class=\"elementor-widget-container\">\n\t\t\t\t\t<div class=\"wgl-double-heading\"><div class=\"dblh__subtitle\">#Ti\u0161njanskeCrkve<\/div><h3 class=\"dblh__title-wrapper\"><span class=\"dblh__title dblh__title-1\">Discover the beauty of heritage through the eyes of visitors<\/span><\/h3><\/div>\t\t\t\t<\/div>\n\t\t\t\t<\/div>\n\t\t\t\t\t<\/div>\n\t\t<\/div>\n\t\t\t\t<div class=\"elementor-column elementor-col-50 elementor-top-column elementor-element elementor-element-65112c1\" data-id=\"65112c1\" data-element_type=\"column\" data-e-type=\"column\">\n\t\t\t<div class=\"elementor-widget-wrap\">\n\t\t\t\t\t\t\t<\/div>\n\t\t<\/div>\n\t\t\t\t\t<\/div>\n\t\t<\/section>\n\t\t\t\t<section class=\"elementor-section elementor-top-section elementor-element elementor-element-6238120 elementor-section-boxed elementor-section-height-default elementor-section-height-default wpr-particle-no wpr-jarallax-no wpr-parallax-no wpr-sticky-section-no wpr-equal-height-no\" data-id=\"6238120\" data-element_type=\"section\" data-e-type=\"section\" data-settings=\"{&quot;background_background&quot;:&quot;classic&quot;}\">\n\t\t\t\t\t\t<div class=\"elementor-container elementor-column-gap-default\">\n\t\t\t\t\t<div class=\"elementor-column elementor-col-100 elementor-top-column elementor-element elementor-element-638db69\" data-id=\"638db69\" data-element_type=\"column\" data-e-type=\"column\">\n\t\t\t<div class=\"elementor-widget-wrap elementor-element-populated\">\n\t\t\t\t\t\t<div class=\"elementor-element elementor-element-ec1929d elementor-hidden-mobile elementor-widget elementor-widget-html\" data-id=\"ec1929d\" data-element_type=\"widget\" data-e-type=\"widget\" data-widget_type=\"html.default\">\n\t\t\t\t<div class=\"elementor-widget-container\">\n\t\t\t\t\t<iframe src=\"https:\/\/widget.taggbox.com\/2140205\" style=\"width:100%;height:600px;border:none;\"><\/iframe>\t\t\t\t<\/div>\n\t\t\t\t<\/div>\n\t\t\t\t<div class=\"elementor-element elementor-element-3e5a4c1 elementor-hidden-desktop elementor-hidden-tablet_extra elementor-hidden-tablet elementor-widget elementor-widget-html\" data-id=\"3e5a4c1\" data-element_type=\"widget\" data-e-type=\"widget\" data-widget_type=\"html.default\">\n\t\t\t\t<div class=\"elementor-widget-container\">\n\t\t\t\t\t<iframe src=\"https:\/\/widget.taggbox.com\/2140205\" style=\"width:100%;height:1500px;border:none;\"><\/iframe>\t\t\t\t<\/div>\n\t\t\t\t<\/div>\n\t\t\t\t\t<\/div>\n\t\t<\/div>\n\t\t\t\t\t<\/div>\n\t\t<\/section>\n\t\t\t\t<section class=\"elementor-section elementor-top-section elementor-element elementor-element-f4beddb elementor-section-boxed elementor-section-height-default elementor-section-height-default wpr-particle-no wpr-jarallax-no wpr-parallax-no wpr-sticky-section-no wpr-equal-height-no\" data-id=\"f4beddb\" data-element_type=\"section\" data-e-type=\"section\" data-settings=\"{&quot;background_background&quot;:&quot;classic&quot;}\">\n\t\t\t\t\t\t<div class=\"elementor-container elementor-column-gap-default\">\n\t\t\t\t\t<div class=\"elementor-column elementor-col-100 elementor-top-column elementor-element elementor-element-ad30ff9\" data-id=\"ad30ff9\" data-element_type=\"column\" data-e-type=\"column\">\n\t\t\t<div class=\"elementor-widget-wrap elementor-element-populated\">\n\t\t\t\t\t\t<div class=\"elementor-element elementor-element-b0c0269 elementor-widget elementor-widget-text-editor\" data-id=\"b0c0269\" data-element_type=\"widget\" data-e-type=\"widget\" data-widget_type=\"text-editor.default\">\n\t\t\t\t<div class=\"elementor-widget-container\">\n\t\t\t\t\t\t\t\t\t<p>Share your photos of Tisno churches on Instagram with one of our hashtags <strong>#ivinj #visitivinj #argonauta #arheoloskilocalitet #tisno #visittisno #pirovac #visitpirovac #ljekovitoblato #makirina #viletisnog #tisnjanskivelikani #sakralna arhitektura #crkvetisnoga #murter #visit_jezera #visitcroatia #beautifulcroatia #croatiaphotography #discovertisno<\/strong>\u00a0and show the beauty of heritage through the eyes of visitors.<\/p>\t\t\t\t\t\t\t\t<\/div>\n\t\t\t\t<\/div>\n\t\t\t\t\t<\/div>\n\t\t<\/div>\n\t\t\t\t\t<\/div>\n\t\t<\/section>\n\t\t\t\t<\/div>","protected":false},"excerpt":{"rendered":"<p>CRKVE TISNOGA NASLOVNICA Crkva Svetog Roka Seoska je crkva sa zvonikom na preslicu i baroknim portalom, poznata po procesiji u \u010dast Sv. Roku, za\u0161titniku od kuge, a\u00a0danas su ovdje izlo\u017eeni predmeti iz stare ti\u0161njanske uljare. Krenite u \u0161etnju Crkva Svetog Andrije Crkva Svetog Andrije u Tisnom, smje\u0161tena na brijegu u predjelu Rat, povijesna je gra\u0111evina obnovljena nakon udara groma 1943. godine uz koji se ve\u017ee legenda, a danas vi\u0161e nije u funkciji. Krenite u \u0161etnju Crkva Svetog Duha Gra\u0111evina je s baroknim zvonikom visokim 31 metar, bogata povije\u0161\u0107u i umjetni\u010dkim djelima poput goti\u010dkog kipa Bogorodice s Djetetom, te s grobnicama iz 17. i 18. stolje\u0107a. Krenite u \u0161etnju Crkva Gospe od Karavaja Zavjetna je crkva smje\u0161tena na brdu Bro\u0161\u0107ica i okru\u017eena \u010dempresima koja svake godine privla\u010di tisu\u0107e vjernika koji prolaze 214 stepenica do nje. Krenite u \u0161etnju #Ti\u0161njanskeCrkve Otkrijte ljepotu ba\u0161tine kroz o\u010di posjetitelja Podijelite svoje fotografije ti\u0161njanskih crkava na Instagramu s nekim od na\u0161ih hashtagova #ivinj #visitivinj #argonauta #arheoloskilocalitet #tisno #visittisno #pirovac #visitpirovac #ljekovitoblato #makirina #viletisnog #tisnjanskivelikani #sakralna arhitektura #crkvetisnoga #murter #visit_jezera #visitcroatia #beautifulcroatia #croatiaphotography #discovertisno\u00a0i prika\u017eite ljepotu ba\u0161tine kroz o\u010di posjetitelja.<\/p>","protected":false},"author":1,"featured_media":0,"parent":0,"menu_order":0,"comment_status":"closed","ping_status":"closed","template":"elementor_header_footer","meta":{"footnotes":""},"class_list":["post-4303","page","type-page","status-publish","hentry"],"_links":{"self":[{"href":"https:\/\/ivinj.com\/en\/wp-json\/wp\/v2\/pages\/4303","targetHints":{"allow":["GET"]}}],"collection":[{"href":"https:\/\/ivinj.com\/en\/wp-json\/wp\/v2\/pages"}],"about":[{"href":"https:\/\/ivinj.com\/en\/wp-json\/wp\/v2\/types\/page"}],"author":[{"embeddable":true,"href":"https:\/\/ivinj.com\/en\/wp-json\/wp\/v2\/users\/1"}],"replies":[{"embeddable":true,"href":"https:\/\/ivinj.com\/en\/wp-json\/wp\/v2\/comments?post=4303"}],"version-history":[{"count":123,"href":"https:\/\/ivinj.com\/en\/wp-json\/wp\/v2\/pages\/4303\/revisions"}],"predecessor-version":[{"id":5875,"href":"https:\/\/ivinj.com\/en\/wp-json\/wp\/v2\/pages\/4303\/revisions\/5875"}],"wp:attachment":[{"href":"https:\/\/ivinj.com\/en\/wp-json\/wp\/v2\/media?parent=4303"}],"curies":[{"name":"wp","href":"https:\/\/api.w.org\/{rel}","templated":true}]}}