{"id":4353,"date":"2024-10-21T13:05:13","date_gmt":"2024-10-21T13:05:13","guid":{"rendered":"https:\/\/ivinj.com\/?page_id=4353"},"modified":"2025-01-13T10:08:22","modified_gmt":"2025-01-13T10:08:22","slug":"pravila-privatnosti","status":"publish","type":"page","link":"https:\/\/ivinj.com\/en\/pravila-privatnosti\/","title":{"rendered":"Pravila privatnosti"},"content":{"rendered":"<div data-elementor-type=\"wp-page\" data-elementor-id=\"4353\" class=\"elementor elementor-4353\">\n\t\t\t\t<div class=\"elementor-element elementor-element-9b9a0f0 e-flex e-con-boxed wpr-particle-no wpr-jarallax-no wpr-parallax-no wpr-sticky-section-no wpr-equal-height-no e-con e-parent\" data-id=\"9b9a0f0\" data-element_type=\"container\" data-e-type=\"container\" data-settings=\"{&quot;background_background&quot;:&quot;classic&quot;}\">\n\t\t\t\t\t<div class=\"e-con-inner\">\n\t\t\t\t<div class=\"elementor-element elementor-element-02c6aff elementor-widget elementor-widget-page-title\" data-id=\"02c6aff\" data-element_type=\"widget\" data-e-type=\"widget\" data-settings=\"{&quot;align_mobile&quot;:&quot;center&quot;}\" data-widget_type=\"page-title.default\">\n\t\t\t\t<div class=\"elementor-widget-container\">\n\t\t\t\t\t\t\t\n\t\t<div class=\"hfe-page-title hfe-page-title-wrapper elementor-widget-heading\">\n\n\t\t\t\t\t\t\t\t\t\t\t<a href=\"https:\/\/ivinj.com\/en\">\n\t\t\t\t\t\t<h2 class=\"elementor-heading-title elementor-size-default\">\n\t\t\t\t\t\t\t\t\n\t\t\t\tPravila privatnosti  \n\t\t\t<\/h2> \n\t\t\t\t\t\t\t\t\t<\/a>\n\t\t\t\t\t<\/div>\n\t\t\t\t\t\t<\/div>\n\t\t\t\t<\/div>\n\t\t\t\t<div class=\"elementor-element elementor-element-6e744fe elementor-widget elementor-widget-hfe-breadcrumbs-widget\" data-id=\"6e744fe\" data-element_type=\"widget\" data-e-type=\"widget\" data-widget_type=\"hfe-breadcrumbs-widget.default\">\n\t\t\t\t<div class=\"elementor-widget-container\">\n\t\t\t\t\t<nav aria-label=\"Breadcrumb\"><ul class=\"hfe-breadcrumbs hfe-breadcrumbs-show-home\"><li class=\"hfe-breadcrumbs-item hfe-breadcrumbs-first\"><span class=\"hfe-breadcrumbs-home-icon\"><\/span><a href=\"https:\/\/ivinj.com\/en\"><span class=\"hfe-breadcrumbs-text\">HOME PAGE<\/span><\/a><\/li><\/ul><\/nav>\t\t\t\t<\/div>\n\t\t\t\t<\/div>\n\t\t\t\t\t<\/div>\n\t\t\t\t<\/div>\n\t\t\t\t<section class=\"elementor-section elementor-top-section elementor-element elementor-element-8dbca63 elementor-section-content-middle elementor-reverse-tablet elementor-reverse-mobile elementor-section-boxed elementor-section-height-default elementor-section-height-default wpr-particle-no wpr-jarallax-no wpr-parallax-no wpr-sticky-section-no wpr-equal-height-no\" data-id=\"8dbca63\" data-element_type=\"section\" data-e-type=\"section\">\n\t\t\t\t\t\t<div class=\"elementor-container elementor-column-gap-default\">\n\t\t\t\t\t<div class=\"elementor-column elementor-col-100 elementor-top-column elementor-element elementor-element-4acacb6\" data-id=\"4acacb6\" data-element_type=\"column\" data-e-type=\"column\">\n\t\t\t<div class=\"elementor-widget-wrap elementor-element-populated\">\n\t\t\t\t\t\t<div class=\"elementor-element elementor-element-2c93896 elementor-widget__width-initial elementor-widget-tablet__width-inherit elementor-widget elementor-widget-text-editor\" data-id=\"2c93896\" data-element_type=\"widget\" data-e-type=\"widget\" data-widget_type=\"text-editor.default\">\n\t\t\t\t<div class=\"elementor-widget-container\">\n\t\t\t\t\t\t\t\t\t<p>Ova Pravila o za\u0161titi privatnosti opisuju kako prikupljamo, upotrebljavamo i obra\u0111ujemo va\u0161e podatke, uklju\u010duju\u0107i i osobne podatke, u vezi s va\u0161im pristupom i kori\u0161tenjem na\u0161e web stranice.<\/p><p>\u010cvrsto smo predani \u010duvanju va\u0161ih privatnih informacija.<\/p>\t\t\t\t\t\t\t\t<\/div>\n\t\t\t\t<\/div>\n\t\t\t\t<div class=\"elementor-element elementor-element-d7b7ae2 aleft elementor-widget elementor-widget-wgl-double-heading\" data-id=\"d7b7ae2\" data-element_type=\"widget\" data-e-type=\"widget\" data-widget_type=\"wgl-double-heading.default\">\n\t\t\t\t<div class=\"elementor-widget-container\">\n\t\t\t\t\t<div class=\"wgl-double-heading\"><h5 class=\"dblh__title-wrapper\"><span class=\"dblh__title dblh__title-1\">Op\u0107e informacije<\/span><\/h5><\/div>\t\t\t\t<\/div>\n\t\t\t\t<\/div>\n\t\t\t\t<div class=\"elementor-element elementor-element-7d70b3c elementor-widget__width-initial elementor-widget-tablet__width-inherit elementor-widget elementor-widget-text-editor\" data-id=\"7d70b3c\" data-element_type=\"widget\" data-e-type=\"widget\" data-widget_type=\"text-editor.default\">\n\t\t\t\t<div class=\"elementor-widget-container\">\n\t\t\t\t\t\t\t\t\t<p>Ova Pravila za\u0161tite privatnosti\u00a0 opisuju koje va\u0161e osobne podatke prikupljamo, na koji na\u010din obra\u0111ujemo te u koje svrhe ih upotrebljavamo, kao i va\u0161a prava povezana s va\u0161im podacima. Udruga za za\u0161titu prirode i okoli\u0161a te promicanje odr\u017eivog razvoja Argonauta\u00a0kao voditelj obrade obra\u0111uje osobne podatke korisnika svojih usluga i posjetitelja stranice u skladu s va\u017ee\u0107im propisima kojima je regulirana za\u0161tita osobnih podataka (Op\u0107a uredba o za\u0161titi podataka 2016\/679). Po\u0161tujemo va\u0161u privatnost i obra\u0111ujemo osobne podatke po\u0161teno i zakonito, isklju\u010divo na temelju valjanih pravnih osnova, odnosno sukladno va\u0161im suglasnostima za obradu.<\/p>\t\t\t\t\t\t\t\t<\/div>\n\t\t\t\t<\/div>\n\t\t\t\t<div class=\"elementor-element elementor-element-3e25d6e aleft elementor-widget elementor-widget-wgl-double-heading\" data-id=\"3e25d6e\" data-element_type=\"widget\" data-e-type=\"widget\" data-widget_type=\"wgl-double-heading.default\">\n\t\t\t\t<div class=\"elementor-widget-container\">\n\t\t\t\t\t<div class=\"wgl-double-heading\"><h5 class=\"dblh__title-wrapper\"><span class=\"dblh__title dblh__title-1\">Kontaktiranje putem obrazaca<\/span><\/h5><\/div>\t\t\t\t<\/div>\n\t\t\t\t<\/div>\n\t\t\t\t<div class=\"elementor-element elementor-element-a5fb93c elementor-widget__width-initial elementor-widget-tablet__width-inherit elementor-widget elementor-widget-text-editor\" data-id=\"a5fb93c\" data-element_type=\"widget\" data-e-type=\"widget\" data-widget_type=\"text-editor.default\">\n\t\t\t\t<div class=\"elementor-widget-container\">\n\t\t\t\t\t\t\t\t\t<p>Ukoliko nam se obratite putem obrazaca na web stranici s va\u0161im upitima, podatke koje nam pri tome dostavite obra\u0111ujemo isklju\u010divo za pru\u017eanje tra\u017eenih informacija i komuniciranje s vama.<\/p><p>Prilikom va\u0161eg slanja upita putem obrasca spremamo sljede\u0107e podatke: va\u0161e ime i prezime, email adresu, te ostale informacije koje se ti\u010du va\u0161eg upita a navedete ih sami poput adrese, telefona i sl.<\/p>\t\t\t\t\t\t\t\t<\/div>\n\t\t\t\t<\/div>\n\t\t\t\t<div class=\"elementor-element elementor-element-572f4c7 aleft elementor-widget elementor-widget-wgl-double-heading\" data-id=\"572f4c7\" data-element_type=\"widget\" data-e-type=\"widget\" data-widget_type=\"wgl-double-heading.default\">\n\t\t\t\t<div class=\"elementor-widget-container\">\n\t\t\t\t\t<div class=\"wgl-double-heading\"><h5 class=\"dblh__title-wrapper\"><span class=\"dblh__title dblh__title-1\">Primatelji osobnih podataka <\/span><\/h5><\/div>\t\t\t\t<\/div>\n\t\t\t\t<\/div>\n\t\t\t\t<div class=\"elementor-element elementor-element-cbf5acb elementor-widget__width-initial elementor-widget-tablet__width-inherit elementor-widget elementor-widget-text-editor\" data-id=\"cbf5acb\" data-element_type=\"widget\" data-e-type=\"widget\" data-widget_type=\"text-editor.default\">\n\t\t\t\t<div class=\"elementor-widget-container\">\n\t\t\t\t\t\t\t\t\t<p>Udruga Argonauta \u0107e va\u0161e osobne podatke proslje\u0111ivati drugim primateljima isklju\u010divo na temelju zakonske obveze, odnosno opravdanog zahtjeva ovla\u0161tenog javnog tijela (npr. sudova). Po potrebi osobni podatci \u0107e se proslje\u0111ivati i pouzdanim partnerima (izvr\u0161iteljima obrade) u svrhe omogu\u0107avanja korisni\u010dke potpore, odr\u017eavanja informacijskog sustava, istra\u017eivanja tr\u017ei\u0161ta ili sli\u010dnih potreba uz obvezne mjere povjerljivosti i za\u0161tite podataka.<\/p>\t\t\t\t\t\t\t\t<\/div>\n\t\t\t\t<\/div>\n\t\t\t\t<div class=\"elementor-element elementor-element-d0ded85 aleft elementor-widget elementor-widget-wgl-double-heading\" data-id=\"d0ded85\" data-element_type=\"widget\" data-e-type=\"widget\" data-widget_type=\"wgl-double-heading.default\">\n\t\t\t\t<div class=\"elementor-widget-container\">\n\t\t\t\t\t<div class=\"wgl-double-heading\"><h5 class=\"dblh__title-wrapper\"><span class=\"dblh__title dblh__title-1\">Za\u0161tita osobnih podataka <\/span><\/h5><\/div>\t\t\t\t<\/div>\n\t\t\t\t<\/div>\n\t\t\t\t<div class=\"elementor-element elementor-element-7aa0844 elementor-widget__width-initial elementor-widget-tablet__width-inherit elementor-widget elementor-widget-text-editor\" data-id=\"7aa0844\" data-element_type=\"widget\" data-e-type=\"widget\" data-widget_type=\"text-editor.default\">\n\t\t\t\t<div class=\"elementor-widget-container\">\n\t\t\t\t\t\t\t\t\t<p>Prikupljene osobne podatke obra\u0111ujemo uz obaveznu primjenu odgovaraju\u0107ih pravnih, tehni\u010dkih i organizacijskih mjera sigurnosti kako bismo sprije\u010dili svaku neovla\u0161tenu obradu podataka. Pristup va\u0161im osobnim podacima ograni\u010den je samo na one zaposlenike kojima su te informacije nu\u017ene u pru\u017eanju na\u0161ih usluga. Kontinuirano educiramo na\u0161e zaposlenike o va\u017enosti povjerljivosti podataka te \u010duvanju privatnosti i za\u0161titi Va\u0161ih podataka. Prikupljamo samo one podatke koji su nu\u017eni za predmetnu obradu i ne \u010duvamo ih dulje nego li je to potrebno, odnosno odre\u0111eno zakonskim propisima.<\/p>\t\t\t\t\t\t\t\t<\/div>\n\t\t\t\t<\/div>\n\t\t\t\t<div class=\"elementor-element elementor-element-565594a aleft elementor-widget elementor-widget-wgl-double-heading\" data-id=\"565594a\" data-element_type=\"widget\" data-e-type=\"widget\" data-widget_type=\"wgl-double-heading.default\">\n\t\t\t\t<div class=\"elementor-widget-container\">\n\t\t\t\t\t<div class=\"wgl-double-heading\"><h5 class=\"dblh__title-wrapper\"><span class=\"dblh__title dblh__title-1\">Va\u0161a prava<\/span><\/h5><\/div>\t\t\t\t<\/div>\n\t\t\t\t<\/div>\n\t\t\t\t<div class=\"elementor-element elementor-element-7267b05 elementor-widget__width-initial elementor-widget-tablet__width-inherit elementor-widget elementor-widget-text-editor\" data-id=\"7267b05\" data-element_type=\"widget\" data-e-type=\"widget\" data-widget_type=\"text-editor.default\">\n\t\t\t\t<div class=\"elementor-widget-container\">\n\t\t\t\t\t\t\t\t\t<p>U svakom trenutku od nas mo\u017eete zatra\u017eiti informaciju o obradi va\u0161ih osobnih podataka i zatra\u017eiti ostvarivanje sljede\u0107ih prava:<\/p><ul><li>pristup podatcima koji se odnose na vas<\/li><li>ispravak ili dopunu va\u0161ih osobnih podataka kako bi uvijek bili to\u010dni<\/li><li>brisanje osobnih podataka (ukoliko ne postoje opravdani razlozi za \u010duvanje podataka)<\/li><li>ograni\u010denje obrade osobnih podataka, npr. kada prigovarate to\u010dnosti osobnih podataka, a za vrijeme dok ne provjerimo njihovu to\u010dnost.<\/li><li>povla\u010denje suglasnosti za obradu podataka<\/li><\/ul>\t\t\t\t\t\t\t\t<\/div>\n\t\t\t\t<\/div>\n\t\t\t\t<div class=\"elementor-element elementor-element-f36b6e7 aleft elementor-widget elementor-widget-wgl-double-heading\" data-id=\"f36b6e7\" data-element_type=\"widget\" data-e-type=\"widget\" data-widget_type=\"wgl-double-heading.default\">\n\t\t\t\t<div class=\"elementor-widget-container\">\n\t\t\t\t\t<div class=\"wgl-double-heading\"><h5 class=\"dblh__title-wrapper\"><span class=\"dblh__title dblh__title-1\">Kontakt za za\u0161titu osobnih podataka<\/span><\/h5><\/div>\t\t\t\t<\/div>\n\t\t\t\t<\/div>\n\t\t\t\t<div class=\"elementor-element elementor-element-ab74612 elementor-widget__width-initial elementor-widget-tablet__width-inherit elementor-widget elementor-widget-text-editor\" data-id=\"ab74612\" data-element_type=\"widget\" data-e-type=\"widget\" data-widget_type=\"text-editor.default\">\n\t\t\t\t<div class=\"elementor-widget-container\">\n\t\t\t\t\t\t\t\t\t<p>Zahtjeve, pritu\u017ebe ili upite koji se odnose na obradu i za\u0161titu osobnih podatka mo\u017eete uputiti na adresu elektroni\u010dke po\u0161te <a href=\"mailto:mail@argonauta.hr\">mail@argonauta.hr<\/a>.<\/p><p>Sukladno va\u017ee\u0107im zakonskim propisima kojima je regulirana za\u0161tita osobnih podataka svaki zahtjev\/upit bit \u0107e rije\u0161en \u0161to je prije mogu\u0107e, a najkasnije u roku od 30 dana od zaprimanja.<\/p>\t\t\t\t\t\t\t\t<\/div>\n\t\t\t\t<\/div>\n\t\t\t\t\t<\/div>\n\t\t<\/div>\n\t\t\t\t\t<\/div>\n\t\t<\/section>\n\t\t\t\t<\/div>","protected":false},"excerpt":{"rendered":"<p>Pravila privatnosti NASLOVNICA Ova Pravila o za\u0161titi privatnosti opisuju kako prikupljamo, upotrebljavamo i obra\u0111ujemo va\u0161e podatke, uklju\u010duju\u0107i i osobne podatke, u vezi s va\u0161im pristupom i kori\u0161tenjem na\u0161e web stranice. \u010cvrsto smo predani \u010duvanju va\u0161ih privatnih informacija. Op\u0107e informacije Ova Pravila za\u0161tite privatnosti\u00a0 opisuju koje va\u0161e osobne podatke prikupljamo, na koji na\u010din obra\u0111ujemo te u koje svrhe ih upotrebljavamo, kao i va\u0161a prava povezana s va\u0161im podacima. Udruga za za\u0161titu prirode i okoli\u0161a te promicanje odr\u017eivog razvoja Argonauta\u00a0kao voditelj obrade obra\u0111uje osobne podatke korisnika svojih usluga i posjetitelja stranice u skladu s va\u017ee\u0107im propisima kojima je regulirana za\u0161tita osobnih podataka (Op\u0107a uredba o za\u0161titi podataka 2016\/679). Po\u0161tujemo va\u0161u privatnost i obra\u0111ujemo osobne podatke po\u0161teno i zakonito, isklju\u010divo na temelju valjanih pravnih osnova, odnosno sukladno va\u0161im suglasnostima za obradu. Kontaktiranje putem obrazaca Ukoliko nam se obratite putem obrazaca na web stranici s va\u0161im upitima, podatke koje nam pri tome dostavite obra\u0111ujemo isklju\u010divo za pru\u017eanje tra\u017eenih informacija i komuniciranje s vama. Prilikom va\u0161eg slanja upita putem obrasca spremamo sljede\u0107e podatke: va\u0161e ime i prezime, email adresu, te ostale informacije koje se ti\u010du va\u0161eg upita a navedete ih sami poput adrese, telefona i sl. Primatelji osobnih podataka Udruga Argonauta \u0107e va\u0161e osobne podatke proslje\u0111ivati drugim primateljima isklju\u010divo na temelju zakonske obveze, odnosno opravdanog zahtjeva ovla\u0161tenog javnog tijela (npr. sudova). Po potrebi osobni podatci \u0107e se proslje\u0111ivati i pouzdanim partnerima (izvr\u0161iteljima obrade) u svrhe omogu\u0107avanja korisni\u010dke potpore, odr\u017eavanja informacijskog sustava, istra\u017eivanja tr\u017ei\u0161ta ili sli\u010dnih potreba uz obvezne mjere povjerljivosti i za\u0161tite podataka. Za\u0161tita osobnih podataka Prikupljene osobne podatke obra\u0111ujemo uz obaveznu primjenu odgovaraju\u0107ih pravnih, tehni\u010dkih i organizacijskih mjera sigurnosti kako bismo sprije\u010dili svaku neovla\u0161tenu obradu podataka. Pristup va\u0161im osobnim podacima ograni\u010den je samo na one zaposlenike kojima su te informacije nu\u017ene u pru\u017eanju na\u0161ih usluga. Kontinuirano educiramo na\u0161e zaposlenike o va\u017enosti povjerljivosti podataka te \u010duvanju privatnosti i za\u0161titi Va\u0161ih podataka. Prikupljamo samo one podatke koji su nu\u017eni za predmetnu obradu i ne \u010duvamo ih dulje nego li je to potrebno, odnosno odre\u0111eno zakonskim propisima. Va\u0161a prava U svakom trenutku od nas mo\u017eete zatra\u017eiti informaciju o obradi va\u0161ih osobnih podataka i zatra\u017eiti ostvarivanje sljede\u0107ih prava: pristup podatcima koji se odnose na vas ispravak ili dopunu va\u0161ih osobnih podataka kako bi uvijek bili to\u010dni brisanje osobnih podataka (ukoliko ne postoje opravdani razlozi za \u010duvanje podataka) ograni\u010denje obrade osobnih podataka, npr. kada prigovarate to\u010dnosti osobnih podataka, a za vrijeme dok ne provjerimo njihovu to\u010dnost. povla\u010denje suglasnosti za obradu podataka Kontakt za za\u0161titu osobnih podataka Zahtjeve, pritu\u017ebe ili upite koji se odnose na obradu i za\u0161titu osobnih podatka mo\u017eete uputiti na adresu elektroni\u010dke po\u0161te mail@argonauta.hr. Sukladno va\u017ee\u0107im zakonskim propisima kojima je regulirana za\u0161tita osobnih podataka svaki zahtjev\/upit bit \u0107e rije\u0161en \u0161to je prije mogu\u0107e, a najkasnije u roku od 30 dana od zaprimanja.<\/p>","protected":false},"author":1,"featured_media":0,"parent":0,"menu_order":0,"comment_status":"closed","ping_status":"closed","template":"elementor_header_footer","meta":{"footnotes":""},"class_list":["post-4353","page","type-page","status-publish","hentry"],"_links":{"self":[{"href":"https:\/\/ivinj.com\/en\/wp-json\/wp\/v2\/pages\/4353","targetHints":{"allow":["GET"]}}],"collection":[{"href":"https:\/\/ivinj.com\/en\/wp-json\/wp\/v2\/pages"}],"about":[{"href":"https:\/\/ivinj.com\/en\/wp-json\/wp\/v2\/types\/page"}],"author":[{"embeddable":true,"href":"https:\/\/ivinj.com\/en\/wp-json\/wp\/v2\/users\/1"}],"replies":[{"embeddable":true,"href":"https:\/\/ivinj.com\/en\/wp-json\/wp\/v2\/comments?post=4353"}],"version-history":[{"count":10,"href":"https:\/\/ivinj.com\/en\/wp-json\/wp\/v2\/pages\/4353\/revisions"}],"predecessor-version":[{"id":5440,"href":"https:\/\/ivinj.com\/en\/wp-json\/wp\/v2\/pages\/4353\/revisions\/5440"}],"wp:attachment":[{"href":"https:\/\/ivinj.com\/en\/wp-json\/wp\/v2\/media?parent=4353"}],"curies":[{"name":"wp","href":"https:\/\/api.w.org\/{rel}","templated":true}]}}