{"id":4426,"date":"2024-10-24T07:51:25","date_gmt":"2024-10-24T07:51:25","guid":{"rendered":"https:\/\/ivinj.com\/?page_id=4426"},"modified":"2025-02-12T12:56:55","modified_gmt":"2025-02-12T12:56:55","slug":"sime-mazzura","status":"publish","type":"page","link":"https:\/\/ivinj.com\/en\/sime-mazzura\/","title":{"rendered":"\u0160IME MAZZURA"},"content":{"rendered":"<div data-elementor-type=\"wp-page\" data-elementor-id=\"4426\" class=\"elementor elementor-4426\">\n\t\t\t\t<div class=\"elementor-element elementor-element-a06329d e-flex e-con-boxed wpr-particle-no wpr-jarallax-no wpr-parallax-no wpr-sticky-section-no wpr-equal-height-no e-con e-parent\" data-id=\"a06329d\" data-element_type=\"container\" data-e-type=\"container\" data-settings=\"{&quot;background_background&quot;:&quot;classic&quot;}\">\n\t\t\t\t\t<div class=\"e-con-inner\">\n\t\t\t\t<div class=\"elementor-element elementor-element-bf938f5 elementor-widget elementor-widget-page-title\" data-id=\"bf938f5\" data-element_type=\"widget\" data-e-type=\"widget\" data-settings=\"{&quot;align_mobile&quot;:&quot;center&quot;}\" data-widget_type=\"page-title.default\">\n\t\t\t\t<div class=\"elementor-widget-container\">\n\t\t\t\t\t\t\t\n\t\t<div class=\"hfe-page-title hfe-page-title-wrapper elementor-widget-heading\">\n\n\t\t\t\t\t\t\t\t\t\t\t<a href=\"https:\/\/ivinj.com\/en\">\n\t\t\t\t\t\t<h2 class=\"elementor-heading-title elementor-size-default\">\n\t\t\t\t\t\t\t\t\n\t\t\t\t\u0160IME MAZZURA  \n\t\t\t<\/h2> \n\t\t\t\t\t\t\t\t\t<\/a>\n\t\t\t\t\t<\/div>\n\t\t\t\t\t\t<\/div>\n\t\t\t\t<\/div>\n\t\t\t\t<div class=\"elementor-element elementor-element-d4125b9 elementor-widget elementor-widget-hfe-breadcrumbs-widget\" data-id=\"d4125b9\" data-element_type=\"widget\" data-e-type=\"widget\" data-widget_type=\"hfe-breadcrumbs-widget.default\">\n\t\t\t\t<div class=\"elementor-widget-container\">\n\t\t\t\t\t<nav aria-label=\"Breadcrumb\"><ul class=\"hfe-breadcrumbs hfe-breadcrumbs-show-home\"><li class=\"hfe-breadcrumbs-item hfe-breadcrumbs-first\"><span class=\"hfe-breadcrumbs-home-icon\"><\/span><a href=\"https:\/\/ivinj.com\/en\"><span class=\"hfe-breadcrumbs-text\">HOME PAGE<\/span><\/a><\/li><\/ul><\/nav>\t\t\t\t<\/div>\n\t\t\t\t<\/div>\n\t\t\t\t\t<\/div>\n\t\t\t\t<\/div>\n\t\t\t\t<section class=\"elementor-section elementor-top-section elementor-element elementor-element-300ead8 elementor-section-boxed elementor-section-height-default elementor-section-height-default wpr-particle-no wpr-jarallax-no wpr-parallax-no wpr-sticky-section-no wpr-equal-height-no\" data-id=\"300ead8\" data-element_type=\"section\" data-e-type=\"section\" data-settings=\"{&quot;background_background&quot;:&quot;classic&quot;}\">\n\t\t\t\t\t\t<div class=\"elementor-container elementor-column-gap-default\">\n\t\t\t\t\t<div class=\"elementor-column elementor-col-50 elementor-top-column elementor-element elementor-element-7b9e3cf\" data-id=\"7b9e3cf\" data-element_type=\"column\" data-e-type=\"column\">\n\t\t\t<div class=\"elementor-widget-wrap elementor-element-populated\">\n\t\t\t\t\t\t<div class=\"elementor-element elementor-element-28f99ac aleft elementor-widget elementor-widget-wgl-double-heading\" data-id=\"28f99ac\" data-element_type=\"widget\" data-e-type=\"widget\" data-widget_type=\"wgl-double-heading.default\">\n\t\t\t\t<div class=\"elementor-widget-container\">\n\t\t\t\t\t<div class=\"wgl-double-heading\"><div class=\"dblh__subtitle\">Politician and lawyer<\/div><h3 class=\"dblh__title-wrapper\"><span class=\"dblh__title dblh__title-1\">\u0160IME MAZZURA<\/span><\/h3><\/div>\t\t\t\t<\/div>\n\t\t\t\t<\/div>\n\t\t\t\t<div class=\"elementor-element elementor-element-92e2438 elementor-widget elementor-widget-text-editor\" data-id=\"92e2438\" data-element_type=\"widget\" data-e-type=\"widget\" data-widget_type=\"text-editor.default\">\n\t\t\t\t<div class=\"elementor-widget-container\">\n\t\t\t\t\t\t\t\t\t<p>\u0160ime Mazzura was a Croatian politician and publicist born in 1840 in Tisno. Already at an early age, Mazzura lived and studied in many Dalmatian towns, and received inspiration for Croatian nationalistic thought from professors such as Miha Klai\u0107 while attending the gymnasium in Zadar. After graduating, he entered the Law Academy, which he left due to his political views. He continued his law studies in Graz, where he received his doctorate in 1871.<\/p>\t\t\t\t\t\t\t\t<\/div>\n\t\t\t\t<\/div>\n\t\t\t\t<div class=\"elementor-element elementor-element-143a355 elementor-widget elementor-widget-text-editor\" data-id=\"143a355\" data-element_type=\"widget\" data-e-type=\"widget\" data-widget_type=\"text-editor.default\">\n\t\t\t\t<div class=\"elementor-widget-container\">\n\t\t\t\t\t\t\t\t\t<p>Throughout his life and career, he distinguished himself as a defender in the process against Croatian students who burned the Hungarian flag in 1895 and as a defender of Stevan Kalembo in the so-called to the high treason trial in 1908. He became active in journalism, collaborating with many newspapers, and in 1871 he started the newspaper Obzor, which became prominent in Croatia.<\/p>\t\t\t\t\t\t\t\t<\/div>\n\t\t\t\t<\/div>\n\t\t\t\t<div class=\"elementor-element elementor-element-58d863b elementor-widget elementor-widget-text-editor\" data-id=\"58d863b\" data-element_type=\"widget\" data-e-type=\"widget\" data-widget_type=\"text-editor.default\">\n\t\t\t\t<div class=\"elementor-widget-container\">\n\t\t\t\t\t\t\t\t\t<p><span>He stood up for Croatian politics and was one of the founders of the Independent People's Party, and later a member of the Croatian Parliament. As a people's representative in the Croatian Parliament (1884\u20131887, 1897\u20131903), he advocated for the unification of Dalmatia with Croatia and Slavonia, the financial independence of Croatian countries and the joining of Rijeka to the Three Kingdoms. \u0160ime Mazzura died on December 14, 1918 in Zagreb, leaving behind a significant contribution to Croatian society and politics.<\/span><\/p>\t\t\t\t\t\t\t\t<\/div>\n\t\t\t\t<\/div>\n\t\t\t\t<div class=\"elementor-element elementor-element-40683a1 elementor-widget elementor-widget-text-editor\" data-id=\"40683a1\" data-element_type=\"widget\" data-e-type=\"widget\" data-widget_type=\"text-editor.default\">\n\t\t\t\t<div class=\"elementor-widget-container\">\n\t\t\t\t\t\t\t\t\t<p><span style=\"font-size: 16px;\">Sources:<br \/><\/span><span>Branko Pavlov (2021) Tisno i Ti\u0161njani kroz stolje\u0107a. <a href=\"https:\/\/nkc-tisno.hr\/index.php\/novosti\/400-tisno-i-tisnjani-kroz-stoljeca\">https:\/\/nkc-tisno.hr\/index.php\/novosti\/400-tisno-i-tisnjani-kroz-stoljeca<\/a> <\/span><\/p>\t\t\t\t\t\t\t\t<\/div>\n\t\t\t\t<\/div>\n\t\t\t\t\t<\/div>\n\t\t<\/div>\n\t\t\t\t<div class=\"elementor-column elementor-col-50 elementor-top-column elementor-element elementor-element-a129f57\" data-id=\"a129f57\" data-element_type=\"column\" data-e-type=\"column\">\n\t\t\t<div class=\"elementor-widget-wrap elementor-element-populated\">\n\t\t\t\t\t\t<div class=\"elementor-element elementor-element-1147d3e elementor-widget elementor-widget-image\" data-id=\"1147d3e\" data-element_type=\"widget\" data-e-type=\"widget\" data-widget_type=\"image.default\">\n\t\t\t\t<div class=\"elementor-widget-container\">\n\t\t\t\t\t\t\t\t\t\t\t\t\t\t\t<img fetchpriority=\"high\" decoding=\"async\" width=\"576\" height=\"768\" src=\"https:\/\/ivinj.com\/wp-content\/uploads\/2024\/10\/Sime-Mazzura.jpg\" class=\"attachment-full size-full wp-image-4429\" alt=\"\" srcset=\"https:\/\/ivinj.com\/wp-content\/uploads\/2024\/10\/Sime-Mazzura.jpg 576w, https:\/\/ivinj.com\/wp-content\/uploads\/2024\/10\/Sime-Mazzura-225x300.jpg 225w, https:\/\/ivinj.com\/wp-content\/uploads\/2024\/10\/Sime-Mazzura-9x12.jpg 9w\" sizes=\"(max-width: 576px) 100vw, 576px\" \/>\t\t\t\t\t\t\t\t\t\t\t\t\t\t\t<\/div>\n\t\t\t\t<\/div>\n\t\t\t\t<div class=\"elementor-element elementor-element-9a35205 elementor-widget elementor-widget-image\" data-id=\"9a35205\" data-element_type=\"widget\" data-e-type=\"widget\" data-widget_type=\"image.default\">\n\t\t\t\t<div class=\"elementor-widget-container\">\n\t\t\t\t\t\t\t\t\t\t\t\t\t\t\t<img decoding=\"async\" width=\"2560\" height=\"1920\" src=\"https:\/\/ivinj.com\/wp-content\/uploads\/2024\/10\/Sime-Mazzura-Cipele-scaled.jpg\" class=\"attachment-full size-full wp-image-4430\" alt=\"\" srcset=\"https:\/\/ivinj.com\/wp-content\/uploads\/2024\/10\/Sime-Mazzura-Cipele-scaled.jpg 2560w, https:\/\/ivinj.com\/wp-content\/uploads\/2024\/10\/Sime-Mazzura-Cipele-300x225.jpg 300w, https:\/\/ivinj.com\/wp-content\/uploads\/2024\/10\/Sime-Mazzura-Cipele-1024x768.jpg 1024w, https:\/\/ivinj.com\/wp-content\/uploads\/2024\/10\/Sime-Mazzura-Cipele-768x576.jpg 768w, https:\/\/ivinj.com\/wp-content\/uploads\/2024\/10\/Sime-Mazzura-Cipele-1536x1152.jpg 1536w, https:\/\/ivinj.com\/wp-content\/uploads\/2024\/10\/Sime-Mazzura-Cipele-2048x1536.jpg 2048w, https:\/\/ivinj.com\/wp-content\/uploads\/2024\/10\/Sime-Mazzura-Cipele-16x12.jpg 16w\" sizes=\"(max-width: 2560px) 100vw, 2560px\" \/>\t\t\t\t\t\t\t\t\t\t\t\t\t\t\t<\/div>\n\t\t\t\t<\/div>\n\t\t\t\t\t<\/div>\n\t\t<\/div>\n\t\t\t\t\t<\/div>\n\t\t<\/section>\n\t\t<div class=\"elementor-element elementor-element-27d7a7b e-flex e-con-boxed wpr-particle-no wpr-jarallax-no wpr-parallax-no wpr-sticky-section-no wpr-equal-height-no e-con e-parent\" data-id=\"27d7a7b\" data-element_type=\"container\" data-e-type=\"container\" data-settings=\"{&quot;background_background&quot;:&quot;classic&quot;}\">\n\t\t\t\t\t<div class=\"e-con-inner\">\n\t\t\t\t<div class=\"elementor-element elementor-element-9cf4a2d elementor-widget elementor-widget-text-editor\" data-id=\"9cf4a2d\" data-element_type=\"widget\" data-e-type=\"widget\" data-widget_type=\"text-editor.default\">\n\t\t\t\t<div class=\"elementor-widget-container\">\n\t\t\t\t\t\t\t\t\t<p>Uputite se u <span style=\"text-decoration: underline;\"><a href=\"https:\/\/ivinj.com\/en\/tematske-setnje\/\">tematsku \u0161etnju<\/a><\/span> po Tisnom<\/p>\t\t\t\t\t\t\t\t<\/div>\n\t\t\t\t<\/div>\n\t\t\t\t\t<\/div>\n\t\t\t\t<\/div>\n\t\t<div class=\"elementor-element elementor-element-8fbf988 e-con-full e-flex wpr-particle-no wpr-jarallax-no wpr-parallax-no wpr-sticky-section-no wpr-equal-height-no e-con e-parent\" data-id=\"8fbf988\" data-element_type=\"container\" data-e-type=\"container\">\n\t\t<div class=\"elementor-element elementor-element-fe45e43 e-con-full e-flex wpr-particle-no wpr-jarallax-no wpr-parallax-no wpr-sticky-section-no wpr-equal-height-no e-con e-child\" data-id=\"fe45e43\" data-element_type=\"container\" data-e-type=\"container\">\n\t\t\t\t<div class=\"elementor-element elementor-element-b612f98 elementor-widget elementor-widget-html\" data-id=\"b612f98\" data-element_type=\"widget\" data-e-type=\"widget\" data-widget_type=\"html.default\">\n\t\t\t\t<div class=\"elementor-widget-container\">\n\t\t\t\t\t<iframe src=\"https:\/\/www.google.com\/maps\/d\/u\/0\/embed?mid=1-uTZL1QfsC78Kx5T6YxO781TjiQuQkU&ehbc=2E312F&noprof=1\" width=\"640\" height=\"700\"><\/iframe>\t\t\t\t<\/div>\n\t\t\t\t<\/div>\n\t\t\t\t<\/div>\n\t\t\t\t<\/div>\n\t\t\t\t<\/div>","protected":false},"excerpt":{"rendered":"<p>\u0160IME MAZZURA NASLOVNICA Politi\u010dar i odvjetnik \u0160IME MAZZURA \u0160ime Mazzura, politi\u010dar i publicist ro\u0111en 1840. godine u Tisnom, ve\u0107 je u ranoj mladosti \u017eivio i u\u010dio u brojim Dalmatinskim gradovima, a nadahnu\u0107e za hrvatsku narodnja\u010dku misao dobio je od profesora poput Mihe Klai\u0107a dok je poha\u0111ao gimnaziju u Zadru. Nakon \u0161to je maturirao, upisao je Pravoslovnu akademiju, koju je zbog politi\u010dkih stavova napustio. Nastavio je studij prava u Grazu, gdje je doktorirao 1871. godine. Kroz \u017eivot i karijeru se istaknuo kao branitelj u procesu protiv hrvatskih studenata koji su 1895. spalili mad\u017earsku zastavu i kao branitelj Stevana Kalembera u tzv. veleizdajni\u010dkom procesu 1908. Postao je aktivan u novinarstvu, sura\u0111uju\u0107i s mnogim novinama, a 1871. godine pokrenuo je list Obzor, koji je postao istaknut u Hrvatskoj. Zauzimao se za hrvatsku politiku i bio je jedan od osniva\u010da Neodvisne narodne stranke, a kasnije i zastupnik u Hrvatskom saboru.\u00a0 Kao narodni zastupnik u Hrvatskom saboru (1884\u20131887., 1897\u20131903) zauzimao se za sjedinjenje Dalmacije s Hrvatskom i Slavonijom, financijsku samostalnost hrvatskih zemalja i priklju\u010denje Rijeke Trojednoj Kraljevini. \u0160ime Mazzura umro je 14. prosinca 1918. godine u Zagrebu, ostaviv\u0161i iza sebe zna\u010dajan doprinos hrvatskom dru\u0161tvu i politici. Izvori:Branko Pavlov (2021) Tisno i Ti\u0161njani kroz stolje\u0107a. https:\/\/nkc-tisno.hr\/index.php\/novosti\/400-tisno-i-tisnjani-kroz-stoljeca Uputite se u tematsku \u0161etnju po Tisnom<\/p>","protected":false},"author":1,"featured_media":0,"parent":0,"menu_order":0,"comment_status":"closed","ping_status":"closed","template":"elementor_header_footer","meta":{"footnotes":""},"class_list":["post-4426","page","type-page","status-publish","hentry"],"_links":{"self":[{"href":"https:\/\/ivinj.com\/en\/wp-json\/wp\/v2\/pages\/4426","targetHints":{"allow":["GET"]}}],"collection":[{"href":"https:\/\/ivinj.com\/en\/wp-json\/wp\/v2\/pages"}],"about":[{"href":"https:\/\/ivinj.com\/en\/wp-json\/wp\/v2\/types\/page"}],"author":[{"embeddable":true,"href":"https:\/\/ivinj.com\/en\/wp-json\/wp\/v2\/users\/1"}],"replies":[{"embeddable":true,"href":"https:\/\/ivinj.com\/en\/wp-json\/wp\/v2\/comments?post=4426"}],"version-history":[{"count":46,"href":"https:\/\/ivinj.com\/en\/wp-json\/wp\/v2\/pages\/4426\/revisions"}],"predecessor-version":[{"id":5694,"href":"https:\/\/ivinj.com\/en\/wp-json\/wp\/v2\/pages\/4426\/revisions\/5694"}],"wp:attachment":[{"href":"https:\/\/ivinj.com\/en\/wp-json\/wp\/v2\/media?parent=4426"}],"curies":[{"name":"wp","href":"https:\/\/api.w.org\/{rel}","templated":true}]}}