{"id":5737,"date":"2025-06-30T12:58:37","date_gmt":"2025-06-30T12:58:37","guid":{"rendered":"https:\/\/ivinj.com\/?page_id=5737"},"modified":"2026-01-23T11:42:00","modified_gmt":"2026-01-23T11:42:00","slug":"tisnjanskom-ulicom-prolazim-ii","status":"publish","type":"page","link":"https:\/\/ivinj.com\/en\/tisnjanskom-ulicom-prolazim-ii\/","title":{"rendered":"Ti\u0161njanskom ulicom prolazim II"},"content":{"rendered":"<div data-elementor-type=\"wp-page\" data-elementor-id=\"5737\" class=\"elementor elementor-5737\">\n\t\t\t\t<div class=\"elementor-element elementor-element-67e8f561 e-flex e-con-boxed wpr-particle-no wpr-jarallax-no wpr-parallax-no wpr-sticky-section-no wpr-equal-height-no e-con e-parent\" data-id=\"67e8f561\" data-element_type=\"container\" data-e-type=\"container\" data-settings=\"{&quot;background_background&quot;:&quot;classic&quot;}\">\n\t\t\t\t\t<div class=\"e-con-inner\">\n\t\t\t\t<div class=\"elementor-element elementor-element-6b124783 elementor-widget elementor-widget-page-title\" data-id=\"6b124783\" data-element_type=\"widget\" data-e-type=\"widget\" data-settings=\"{&quot;align_mobile&quot;:&quot;center&quot;}\" data-widget_type=\"page-title.default\">\n\t\t\t\t<div class=\"elementor-widget-container\">\n\t\t\t\t\t\t\t\n\t\t<div class=\"hfe-page-title hfe-page-title-wrapper elementor-widget-heading\">\n\n\t\t\t\t\t\t\t\t\t\t\t<a href=\"https:\/\/ivinj.com\/en\">\n\t\t\t\t\t\t<h2 class=\"elementor-heading-title elementor-size-default\">\n\t\t\t\t\t\t\t\t\n\t\t\t\tTi\u0161njanskom ulicom prolazim II  \n\t\t\t<\/h2> \n\t\t\t\t\t\t\t\t\t<\/a>\n\t\t\t\t\t<\/div>\n\t\t\t\t\t\t<\/div>\n\t\t\t\t<\/div>\n\t\t\t\t<div class=\"elementor-element elementor-element-64d26b2b elementor-widget elementor-widget-hfe-breadcrumbs-widget\" data-id=\"64d26b2b\" data-element_type=\"widget\" data-e-type=\"widget\" data-widget_type=\"hfe-breadcrumbs-widget.default\">\n\t\t\t\t<div class=\"elementor-widget-container\">\n\t\t\t\t\t<nav aria-label=\"Breadcrumb\"><ul class=\"hfe-breadcrumbs hfe-breadcrumbs-show-home\"><li class=\"hfe-breadcrumbs-item hfe-breadcrumbs-first\"><span class=\"hfe-breadcrumbs-home-icon\"><\/span><a href=\"https:\/\/ivinj.com\/en\"><span class=\"hfe-breadcrumbs-text\">HOME PAGE<\/span><\/a><\/li><\/ul><\/nav>\t\t\t\t<\/div>\n\t\t\t\t<\/div>\n\t\t\t\t\t<\/div>\n\t\t\t\t<\/div>\n\t\t\t\t<section class=\"elementor-section elementor-top-section elementor-element elementor-element-35fcc84 elementor-reverse-tablet elementor-reverse-mobile elementor-section-boxed elementor-section-height-default elementor-section-height-default wpr-particle-no wpr-jarallax-no wpr-parallax-no wpr-sticky-section-no wpr-equal-height-no\" data-id=\"35fcc84\" data-element_type=\"section\" data-e-type=\"section\">\n\t\t\t\t\t\t<div class=\"elementor-container elementor-column-gap-default\">\n\t\t\t\t\t<div class=\"elementor-column elementor-col-100 elementor-top-column elementor-element elementor-element-3eb6af41\" data-id=\"3eb6af41\" data-element_type=\"column\" data-e-type=\"column\">\n\t\t\t<div class=\"elementor-widget-wrap elementor-element-populated\">\n\t\t\t\t\t\t<div class=\"elementor-element elementor-element-740a40bb aleft elementor-widget elementor-widget-wgl-double-heading\" data-id=\"740a40bb\" data-element_type=\"widget\" data-e-type=\"widget\" data-widget_type=\"wgl-double-heading.default\">\n\t\t\t\t<div class=\"elementor-widget-container\">\n\t\t\t\t\t<div class=\"wgl-double-heading\"><h3 class=\"dblh__title-wrapper\"><span class=\"dblh__title dblh__title-1\">TI\u0160NJANSKOM ULICOM PROLAZIM II<\/span><\/h3><\/div>\t\t\t\t<\/div>\n\t\t\t\t<\/div>\n\t\t\t\t<div class=\"elementor-element elementor-element-3fd5a32f elementor-widget elementor-widget-text-editor\" data-id=\"3fd5a32f\" data-element_type=\"widget\" data-e-type=\"widget\" data-widget_type=\"text-editor.default\">\n\t\t\t\t<div class=\"elementor-widget-container\">\n\t\t\t\t\t\t\t\t\t<p><strong>Project description:<\/strong>The project \"I walk through Ti\u0161njanska street\" is dedicated to the valorization of the cultural and historical heritage of the Municipality of Tisno through the marking and description of the objects of cultural and historical heritage.<\/p>\t\t\t\t\t\t\t\t<\/div>\n\t\t\t\t<\/div>\n\t\t\t\t\t<\/div>\n\t\t<\/div>\n\t\t\t\t\t<\/div>\n\t\t<\/section>\n\t\t\t\t<section class=\"elementor-section elementor-top-section elementor-element elementor-element-1486733a elementor-section-boxed elementor-section-height-default elementor-section-height-default wpr-particle-no wpr-jarallax-no wpr-parallax-no wpr-sticky-section-no wpr-equal-height-no\" data-id=\"1486733a\" data-element_type=\"section\" data-e-type=\"section\" data-settings=\"{&quot;background_background&quot;:&quot;classic&quot;}\">\n\t\t\t\t\t\t<div class=\"elementor-container elementor-column-gap-default\">\n\t\t\t\t\t<div class=\"elementor-column elementor-col-100 elementor-top-column elementor-element elementor-element-270e8ed1\" data-id=\"270e8ed1\" data-element_type=\"column\" data-e-type=\"column\">\n\t\t\t<div class=\"elementor-widget-wrap elementor-element-populated\">\n\t\t\t\t\t\t<div class=\"elementor-element elementor-element-2dd409e2 elementor-widget-tablet__width-inherit acenter elementor-widget elementor-widget-wgl-double-heading\" data-id=\"2dd409e2\" data-element_type=\"widget\" data-e-type=\"widget\" data-widget_type=\"wgl-double-heading.default\">\n\t\t\t\t<div class=\"elementor-widget-container\">\n\t\t\t\t\t<div class=\"wgl-double-heading\"><div class=\"dblh__subtitle\">Valorizacija kulturno-povijesne ba\u0161tine Op\u0107ine Tisno <\/div><\/div>\t\t\t\t<\/div>\n\t\t\t\t<\/div>\n\t\t\t\t\t<\/div>\n\t\t<\/div>\n\t\t\t\t\t<\/div>\n\t\t<\/section>\n\t\t\t\t<section class=\"elementor-section elementor-top-section elementor-element elementor-element-62678029 elementor-section-boxed elementor-section-height-default elementor-section-height-default wpr-particle-no wpr-jarallax-no wpr-parallax-no wpr-sticky-section-no wpr-equal-height-no\" data-id=\"62678029\" data-element_type=\"section\" data-e-type=\"section\">\n\t\t\t\t\t\t<div class=\"elementor-container elementor-column-gap-default\">\n\t\t\t\t\t<div class=\"elementor-column elementor-col-100 elementor-top-column elementor-element elementor-element-711e73f4\" data-id=\"711e73f4\" data-element_type=\"column\" data-e-type=\"column\">\n\t\t\t<div class=\"elementor-widget-wrap elementor-element-populated\">\n\t\t\t\t\t\t<section class=\"elementor-section elementor-inner-section elementor-element elementor-element-25517749 elementor-section-boxed elementor-section-height-default elementor-section-height-default wpr-particle-no wpr-jarallax-no wpr-parallax-no wpr-sticky-section-no wpr-equal-height-no\" data-id=\"25517749\" data-element_type=\"section\" data-e-type=\"section\">\n\t\t\t\t\t\t<div class=\"elementor-container elementor-column-gap-default\">\n\t\t\t\t\t<div class=\"elementor-column elementor-col-100 elementor-inner-column elementor-element elementor-element-57531192\" data-id=\"57531192\" data-element_type=\"column\" data-e-type=\"column\">\n\t\t\t<div class=\"elementor-widget-wrap elementor-element-populated\">\n\t\t\t\t\t\t<div class=\"elementor-element elementor-element-31c84fc9 elementor-widget elementor-widget-text-editor\" data-id=\"31c84fc9\" data-element_type=\"widget\" data-e-type=\"widget\" data-widget_type=\"text-editor.default\">\n\t\t\t\t<div class=\"elementor-widget-container\">\n\t\t\t\t\t\t\t\t\t<p><strong>Projekt se sastoji od \u010detiri komponente:<\/strong><\/p>\t\t\t\t\t\t\t\t<\/div>\n\t\t\t\t<\/div>\n\t\t\t\t<div class=\"elementor-element elementor-element-29ddeb19 elementor-widget elementor-widget-text-editor\" data-id=\"29ddeb19\" data-element_type=\"widget\" data-e-type=\"widget\" data-widget_type=\"text-editor.default\">\n\t\t\t\t<div class=\"elementor-widget-container\">\n\t\t\t\t\t\t\t\t\t<ul class=\"emdene_arrow list_primary_color\"><li><strong><b>Edukativne \u0161etnje kroz povijest Op\u0107ine Tisno<br \/><\/b><\/strong>Upoznat \u0107emo u\u010denike s povijesti Tisnog kroz edukativne i interaktivne \u0161etnje, s naglaskom na zna\u010dajne sakralne i svjetovne lokalitete, te im omogu\u0107iti dublje razumijevanje va\u017enih osoba i doga\u0111aja koji su oblikovali njihovo mjesto<\/li><\/ul>\t\t\t\t\t\t\t\t<\/div>\n\t\t\t\t<\/div>\n\t\t\t\t<div class=\"elementor-element elementor-element-338db09d elementor-widget elementor-widget-text-editor\" data-id=\"338db09d\" data-element_type=\"widget\" data-e-type=\"widget\" data-widget_type=\"text-editor.default\">\n\t\t\t\t<div class=\"elementor-widget-container\">\n\t\t\t\t\t\t\t\t\t<ul class=\"emdene_arrow list_primary_color\"><li><b>Otkrivanje Ivinja \u2013 izvori\u0161te \u017eivota na Otoku<span><br \/><\/span><\/b><span>Omogu\u0107iti \u0107emo u\u010denicima vi\u0161ih razreda osnovnih \u0161kola neposredno iskustvo istra\u017eivanja arheolo\u0161kog lokaliteta Ivinj, kroz interaktivne radionice, kako bi se bolje upoznali s na\u010dinom \u017eivota njihovih predaka<\/span><\/li><\/ul>\t\t\t\t\t\t\t\t<\/div>\n\t\t\t\t<\/div>\n\t\t\t\t<div class=\"elementor-element elementor-element-33a72b8 elementor-widget elementor-widget-text-editor\" data-id=\"33a72b8\" data-element_type=\"widget\" data-e-type=\"widget\" data-widget_type=\"text-editor.default\">\n\t\t\t\t<div class=\"elementor-widget-container\">\n\t\t\t\t\t\t\t\t\t<ul class=\"emdene_arrow list_primary_color\"><li><b>Natje\u010daj za povijesnu pripovijetku o Tisnom<\/b><span><br \/>Potaknuti kreativno istra\u017eivanje kulturne, povijesne i prirodne ba\u0161tine Tisnog kroz pisanje povijesne pripovijetke za mlade, koja \u0107e na zabavan i pristupa\u010dan na\u010din odra\u017eavati klju\u010dne aspekte ti\u0161njanskog identiteta<\/span><\/li><\/ul>\t\t\t\t\t\t\t\t<\/div>\n\t\t\t\t<\/div>\n\t\t\t\t<div class=\"elementor-element elementor-element-96522d3 elementor-widget elementor-widget-text-editor\" data-id=\"96522d3\" data-element_type=\"widget\" data-e-type=\"widget\" data-widget_type=\"text-editor.default\">\n\t\t\t\t<div class=\"elementor-widget-container\">\n\t\t\t\t\t\t\t\t\t<ul class=\"emdene_arrow list_primary_color\"><li><b>Digitalizacija ba\u0161tine \u2013 Ivinj<br \/><\/b><span>Osigurati stalnu promociju i valorizaciju arheolo\u0161kog lokaliteta Ivinj putem digitalnih platformi, redovito a\u017euriraju\u0107i web stranicu i dru\u0161tvene mre\u017ee kako bi se pove\u0107ala vidljivost i svijest o kulturnom zna\u010daju Tisnog, te omogu\u0107ila \u0161ira dostupnost informacija svim zainteresiranim korisnicima<\/span><\/li><\/ul>\t\t\t\t\t\t\t\t<\/div>\n\t\t\t\t<\/div>\n\t\t\t\t\t<\/div>\n\t\t<\/div>\n\t\t\t\t\t<\/div>\n\t\t<\/section>\n\t\t\t\t\t<\/div>\n\t\t<\/div>\n\t\t\t\t\t<\/div>\n\t\t<\/section>\n\t\t\t\t<section class=\"elementor-section elementor-top-section elementor-element elementor-element-5eec0b27 elementor-section-boxed elementor-section-height-default elementor-section-height-default wpr-particle-no wpr-jarallax-no wpr-parallax-no wpr-sticky-section-no wpr-equal-height-no\" data-id=\"5eec0b27\" data-element_type=\"section\" data-e-type=\"section\">\n\t\t\t\t\t\t<div class=\"elementor-container elementor-column-gap-default\">\n\t\t\t\t\t<div class=\"elementor-column elementor-col-100 elementor-top-column elementor-element elementor-element-238a2ca6\" data-id=\"238a2ca6\" data-element_type=\"column\" data-e-type=\"column\">\n\t\t\t<div class=\"elementor-widget-wrap elementor-element-populated\">\n\t\t\t\t\t\t<div class=\"elementor-element elementor-element-3362d0c5 elementor-widget elementor-widget-image\" data-id=\"3362d0c5\" data-element_type=\"widget\" data-e-type=\"widget\" data-widget_type=\"image.default\">\n\t\t\t\t<div class=\"elementor-widget-container\">\n\t\t\t\t\t\t\t\t\t\t\t\t\t\t\t<img fetchpriority=\"high\" decoding=\"async\" width=\"1920\" height=\"1080\" src=\"https:\/\/ivinj.com\/wp-content\/uploads\/2024\/10\/TisnoPanorama.webp\" class=\"attachment-full size-full wp-image-4567\" alt=\"\" srcset=\"https:\/\/ivinj.com\/wp-content\/uploads\/2024\/10\/TisnoPanorama.webp 1920w, https:\/\/ivinj.com\/wp-content\/uploads\/2024\/10\/TisnoPanorama-300x169.webp 300w, https:\/\/ivinj.com\/wp-content\/uploads\/2024\/10\/TisnoPanorama-1024x576.webp 1024w, https:\/\/ivinj.com\/wp-content\/uploads\/2024\/10\/TisnoPanorama-768x432.webp 768w, https:\/\/ivinj.com\/wp-content\/uploads\/2024\/10\/TisnoPanorama-1536x864.webp 1536w, https:\/\/ivinj.com\/wp-content\/uploads\/2024\/10\/TisnoPanorama-18x10.webp 18w\" sizes=\"(max-width: 1920px) 100vw, 1920px\" \/>\t\t\t\t\t\t\t\t\t\t\t\t\t\t\t<\/div>\n\t\t\t\t<\/div>\n\t\t\t\t\t<\/div>\n\t\t<\/div>\n\t\t\t\t\t<\/div>\n\t\t<\/section>\n\t\t\t\t<section class=\"elementor-section elementor-top-section elementor-element elementor-element-3116ebda elementor-section-boxed elementor-section-height-default elementor-section-height-default wpr-particle-no wpr-jarallax-no wpr-parallax-no wpr-sticky-section-no wpr-equal-height-no\" data-id=\"3116ebda\" data-element_type=\"section\" data-e-type=\"section\" data-settings=\"{&quot;background_background&quot;:&quot;classic&quot;}\">\n\t\t\t\t\t\t<div class=\"elementor-container elementor-column-gap-default\">\n\t\t\t\t\t<div class=\"elementor-column elementor-col-100 elementor-top-column elementor-element elementor-element-137082d3\" data-id=\"137082d3\" data-element_type=\"column\" data-e-type=\"column\">\n\t\t\t<div class=\"elementor-widget-wrap elementor-element-populated\">\n\t\t\t\t\t\t<div class=\"elementor-element elementor-element-525b832f aleft elementor-widget elementor-widget-wgl-double-heading\" data-id=\"525b832f\" data-element_type=\"widget\" data-e-type=\"widget\" data-widget_type=\"wgl-double-heading.default\">\n\t\t\t\t<div class=\"elementor-widget-container\">\n\t\t\t\t\t<div class=\"wgl-double-heading\"><h3 class=\"dblh__title-wrapper\"><span class=\"dblh__title dblh__title-1\">PROJECT INFO<\/span><\/h3><\/div>\t\t\t\t<\/div>\n\t\t\t\t<\/div>\n\t\t\t\t<div class=\"elementor-element elementor-element-2e9ad829 elementor-view-stacked elementor-shape-circle elementor-widget__width-initial aleft elementor-widget-icon-box wgl-icon-box elementor-widget elementor-widget-wgl-info-box\" data-id=\"2e9ad829\" data-element_type=\"widget\" data-e-type=\"widget\" data-widget_type=\"wgl-info-box.default\">\n\t\t\t\t<div class=\"elementor-widget-container\">\n\t\t\t\t\t<div class=\"wgl-infobox\"><div class=\"wgl-infobox_wrapper wgl-layout-left\"><div class=\"media-wrapper icon-wrapper\"><span class=\"wgl-icon\" ><i class=\"icon elementor-icon far fa-list-alt\" aria-hidden=\"true\"><\/i><\/span><\/div><div class=\"content_wrapper\"><div class=\"wgl-infobox-title_wrapper\"><h3 class=\"wgl-infobox_title\"><span class=\"wgl-infobox_title-idle\">Goals:<\/span><\/h3><\/div><div class=\"wgl-infobox_content\"><ol><li><span>Povezati lokalnu zajednicu, osobito mlade, s kulturnom i povijesnom ba\u0161tinom Tisnog. <\/span><\/li><li><span>Kroz edukativne aktivnosti, digitalne alate i kreativne inicijative, projekt \u017eeli podi\u0107i svijest o va\u017enosti sakralne i svjetovne ba\u0161tine Tisnog, te oja\u010dati lokalni identitet i osje\u0107aj za zajednicu. <\/span><\/li><li><span>Osigurati dugoro\u010dnu edukaciju o ba\u0161tini, unaprijediti kulturni turizam i potaknuti zajednicu na o\u010duvanje i valorizaciju ba\u0161tine Tisnog za budu\u0107e generacije.<\/span><\/li><\/ol><\/div><\/div><\/div><\/div>\t\t\t\t<\/div>\n\t\t\t\t<\/div>\n\t\t\t\t<div class=\"elementor-element elementor-element-297e32b4 elementor-view-stacked elementor-shape-circle elementor-widget__width-initial aleft elementor-widget-icon-box wgl-icon-box elementor-widget elementor-widget-wgl-info-box\" data-id=\"297e32b4\" data-element_type=\"widget\" data-e-type=\"widget\" data-widget_type=\"wgl-info-box.default\">\n\t\t\t\t<div class=\"elementor-widget-container\">\n\t\t\t\t\t<div class=\"wgl-infobox\"><div class=\"wgl-infobox_wrapper wgl-layout-left\"><div class=\"media-wrapper icon-wrapper\"><span class=\"wgl-icon\" ><i class=\"icon elementor-icon far fa-calendar-alt\" aria-hidden=\"true\"><\/i><\/span><\/div><div class=\"content_wrapper\"><div class=\"wgl-infobox-title_wrapper\"><h3 class=\"wgl-infobox_title\"><span class=\"wgl-infobox_title-idle\">Duration:<\/span><\/h3><\/div><div class=\"wgl-infobox_content\"><p><span>27. velja\u010de 2025. - 31. prosinca 2025.<\/span><\/p><\/div><\/div><\/div><\/div>\t\t\t\t<\/div>\n\t\t\t\t<\/div>\n\t\t\t\t<div class=\"elementor-element elementor-element-1c73ae4e elementor-view-stacked elementor-shape-circle elementor-widget__width-initial aleft elementor-widget-icon-box wgl-icon-box elementor-widget elementor-widget-wgl-info-box\" data-id=\"1c73ae4e\" data-element_type=\"widget\" data-e-type=\"widget\" data-widget_type=\"wgl-info-box.default\">\n\t\t\t\t<div class=\"elementor-widget-container\">\n\t\t\t\t\t<div class=\"wgl-infobox\"><div class=\"wgl-infobox_wrapper wgl-layout-left\"><div class=\"media-wrapper icon-wrapper\"><span class=\"wgl-icon\" ><i class=\"icon elementor-icon far fa-user\" aria-hidden=\"true\"><\/i><\/span><\/div><div class=\"content_wrapper\"><div class=\"wgl-infobox-title_wrapper\"><h3 class=\"wgl-infobox_title\"><span class=\"wgl-infobox_title-idle\">Users:<\/span><\/h3><\/div><div class=\"wgl-infobox_content\"><p>U\u010denici osnovne \u0161kole, spisatelji i ilustratori, lokalno stanovni\u0161tvo, turisti i posjetitelji<\/p><\/div><\/div><\/div><\/div>\t\t\t\t<\/div>\n\t\t\t\t<\/div>\n\t\t\t\t<div class=\"elementor-element elementor-element-f9de63b elementor-view-stacked elementor-shape-circle elementor-widget__width-initial aleft elementor-widget-icon-box wgl-icon-box elementor-widget elementor-widget-wgl-info-box\" data-id=\"f9de63b\" data-element_type=\"widget\" data-e-type=\"widget\" data-widget_type=\"wgl-info-box.default\">\n\t\t\t\t<div class=\"elementor-widget-container\">\n\t\t\t\t\t<div class=\"wgl-infobox\"><div class=\"wgl-infobox_wrapper wgl-layout-left\"><div class=\"media-wrapper icon-wrapper\"><span class=\"wgl-icon\" ><i class=\"icon elementor-icon far fa-handshake\" aria-hidden=\"true\"><\/i><\/span><\/div><div class=\"content_wrapper\"><div class=\"wgl-infobox-title_wrapper\"><h3 class=\"wgl-infobox_title\"><span class=\"wgl-infobox_title-idle\">Donor:<\/span><\/h3><\/div><div class=\"wgl-infobox_content\"><p>The municipality of Tisno<\/p><\/div><\/div><\/div><\/div>\t\t\t\t<\/div>\n\t\t\t\t<\/div>\n\t\t\t\t<div class=\"elementor-element elementor-element-a4ed501 elementor-view-stacked elementor-shape-circle elementor-widget__width-initial aleft elementor-widget-icon-box wgl-icon-box elementor-widget elementor-widget-wgl-info-box\" data-id=\"a4ed501\" data-element_type=\"widget\" data-e-type=\"widget\" data-widget_type=\"wgl-info-box.default\">\n\t\t\t\t<div class=\"elementor-widget-container\">\n\t\t\t\t\t<div class=\"wgl-infobox\"><div class=\"wgl-infobox_wrapper wgl-layout-left\"><div class=\"media-wrapper icon-wrapper\"><span class=\"wgl-icon\" ><i class=\"icon elementor-icon fas fa-money-bill\" aria-hidden=\"true\"><\/i><\/span><\/div><div class=\"content_wrapper\"><div class=\"wgl-infobox-title_wrapper\"><h3 class=\"wgl-infobox_title\"><span class=\"wgl-infobox_title-idle\">Iznos financiranja:<\/span><\/h3><\/div><div class=\"wgl-infobox_content\"><p><span>4.000,00 \u20ac<\/span><\/p><\/div><\/div><\/div><\/div>\t\t\t\t<\/div>\n\t\t\t\t<\/div>\n\t\t\t\t\t<\/div>\n\t\t<\/div>\n\t\t\t\t\t<\/div>\n\t\t<\/section>\n\t\t\t\t<\/div>","protected":false},"excerpt":{"rendered":"<p>Ti\u0161njanskom ulicom prolazim II NASLOVNICA TI\u0160NJANSKOM ULICOM PROLAZIM II Opis projekta:Projekt \u201cTi\u0161njanskom ulicom prolazim\u201d posve\u0107en je valorizaciji kulturno-povijesne ba\u0161tine Op\u0107ine Tisno kroz obilje\u017eavanje i opisivanje objekata kulturno-povijesne ba\u0161tine. Valorizacija kulturno-povijesne ba\u0161tine Op\u0107ine Tisno Projekt se sastoji od \u010detiri komponente: Edukativne \u0161etnje kroz povijest Op\u0107ine TisnoUpoznat \u0107emo u\u010denike s povijesti Tisnog kroz edukativne i interaktivne \u0161etnje, s naglaskom na zna\u010dajne sakralne i svjetovne lokalitete, te im omogu\u0107iti dublje razumijevanje va\u017enih osoba i doga\u0111aja koji su oblikovali njihovo mjesto Otkrivanje Ivinja \u2013 izvori\u0161te \u017eivota na OtokuOmogu\u0107iti \u0107emo u\u010denicima vi\u0161ih razreda osnovnih \u0161kola neposredno iskustvo istra\u017eivanja arheolo\u0161kog lokaliteta Ivinj, kroz interaktivne radionice, kako bi se bolje upoznali s na\u010dinom \u017eivota njihovih predaka Natje\u010daj za povijesnu pripovijetku o TisnomPotaknuti kreativno istra\u017eivanje kulturne, povijesne i prirodne ba\u0161tine Tisnog kroz pisanje povijesne pripovijetke za mlade, koja \u0107e na zabavan i pristupa\u010dan na\u010din odra\u017eavati klju\u010dne aspekte ti\u0161njanskog identiteta Digitalizacija ba\u0161tine \u2013 IvinjOsigurati stalnu promociju i valorizaciju arheolo\u0161kog lokaliteta Ivinj putem digitalnih platformi, redovito a\u017euriraju\u0107i web stranicu i dru\u0161tvene mre\u017ee kako bi se pove\u0107ala vidljivost i svijest o kulturnom zna\u010daju Tisnog, te omogu\u0107ila \u0161ira dostupnost informacija svim zainteresiranim korisnicima INFORMACIJE O PROJEKTU Ciljevi: Povezati lokalnu zajednicu, osobito mlade, s kulturnom i povijesnom ba\u0161tinom Tisnog. Kroz edukativne aktivnosti, digitalne alate i kreativne inicijative, projekt \u017eeli podi\u0107i svijest o va\u017enosti sakralne i svjetovne ba\u0161tine Tisnog, te oja\u010dati lokalni identitet i osje\u0107aj za zajednicu. Osigurati dugoro\u010dnu edukaciju o ba\u0161tini, unaprijediti kulturni turizam i potaknuti zajednicu na o\u010duvanje i valorizaciju ba\u0161tine Tisnog za budu\u0107e generacije. Trajanje: 27. velja\u010de 2025. &#8211; 31. prosinca 2025. Korisnici: U\u010denici osnovne \u0161kole, spisatelji i ilustratori, lokalno stanovni\u0161tvo, turisti i posjetitelji Donator: Op\u0107ina Tisno Iznos financiranja: 4.000,00 \u20ac<\/p>","protected":false},"author":1,"featured_media":0,"parent":0,"menu_order":0,"comment_status":"closed","ping_status":"closed","template":"elementor_header_footer","meta":{"footnotes":""},"class_list":["post-5737","page","type-page","status-publish","hentry"],"_links":{"self":[{"href":"https:\/\/ivinj.com\/en\/wp-json\/wp\/v2\/pages\/5737","targetHints":{"allow":["GET"]}}],"collection":[{"href":"https:\/\/ivinj.com\/en\/wp-json\/wp\/v2\/pages"}],"about":[{"href":"https:\/\/ivinj.com\/en\/wp-json\/wp\/v2\/types\/page"}],"author":[{"embeddable":true,"href":"https:\/\/ivinj.com\/en\/wp-json\/wp\/v2\/users\/1"}],"replies":[{"embeddable":true,"href":"https:\/\/ivinj.com\/en\/wp-json\/wp\/v2\/comments?post=5737"}],"version-history":[{"count":8,"href":"https:\/\/ivinj.com\/en\/wp-json\/wp\/v2\/pages\/5737\/revisions"}],"predecessor-version":[{"id":5833,"href":"https:\/\/ivinj.com\/en\/wp-json\/wp\/v2\/pages\/5737\/revisions\/5833"}],"wp:attachment":[{"href":"https:\/\/ivinj.com\/en\/wp-json\/wp\/v2\/media?parent=5737"}],"curies":[{"name":"wp","href":"https:\/\/api.w.org\/{rel}","templated":true}]}}