{"id":5860,"date":"2026-04-14T11:23:28","date_gmt":"2026-04-14T11:23:28","guid":{"rendered":"https:\/\/ivinj.com\/?page_id=5860"},"modified":"2026-04-16T06:38:53","modified_gmt":"2026-04-16T06:38:53","slug":"putovima-vjekoslava-kaleba","status":"publish","type":"page","link":"https:\/\/ivinj.com\/en\/putovima-vjekoslava-kaleba\/","title":{"rendered":"Putovima Vjekoslava Kaleba"},"content":{"rendered":"<div data-elementor-type=\"wp-page\" data-elementor-id=\"5860\" class=\"elementor elementor-5860\">\n\t\t\t\t<div class=\"elementor-element elementor-element-42325ce e-flex e-con-boxed wpr-particle-no wpr-jarallax-no wpr-parallax-no wpr-sticky-section-no wpr-equal-height-no e-con e-parent\" data-id=\"42325ce\" data-element_type=\"container\" data-e-type=\"container\" data-settings=\"{&quot;background_background&quot;:&quot;classic&quot;}\">\n\t\t\t\t\t<div class=\"e-con-inner\">\n\t\t\t\t<div class=\"elementor-element elementor-element-3d87e74 elementor-widget elementor-widget-page-title\" data-id=\"3d87e74\" data-element_type=\"widget\" data-e-type=\"widget\" data-settings=\"{&quot;align_mobile&quot;:&quot;center&quot;}\" data-widget_type=\"page-title.default\">\n\t\t\t\t<div class=\"elementor-widget-container\">\n\t\t\t\t\t\t\t\n\t\t<div class=\"hfe-page-title hfe-page-title-wrapper elementor-widget-heading\">\n\n\t\t\t\t\t\t\t\t\t\t\t<a href=\"https:\/\/ivinj.com\/en\">\n\t\t\t\t\t\t<h2 class=\"elementor-heading-title elementor-size-default\">\n\t\t\t\t\t\t\t\t\n\t\t\t\tPutovima Vjekoslava Kaleba  \n\t\t\t<\/h2> \n\t\t\t\t\t\t\t\t\t<\/a>\n\t\t\t\t\t<\/div>\n\t\t\t\t\t\t<\/div>\n\t\t\t\t<\/div>\n\t\t\t\t<div class=\"elementor-element elementor-element-fa025bf elementor-widget elementor-widget-hfe-breadcrumbs-widget\" data-id=\"fa025bf\" data-element_type=\"widget\" data-e-type=\"widget\" data-widget_type=\"hfe-breadcrumbs-widget.default\">\n\t\t\t\t<div class=\"elementor-widget-container\">\n\t\t\t\t\t<nav aria-label=\"Breadcrumb\"><ul class=\"hfe-breadcrumbs hfe-breadcrumbs-show-home\"><li class=\"hfe-breadcrumbs-item hfe-breadcrumbs-first\"><span class=\"hfe-breadcrumbs-home-icon\"><\/span><a href=\"https:\/\/ivinj.com\/en\"><span class=\"hfe-breadcrumbs-text\">HOME PAGE<\/span><\/a><\/li><\/ul><\/nav>\t\t\t\t<\/div>\n\t\t\t\t<\/div>\n\t\t\t\t\t<\/div>\n\t\t\t\t<\/div>\n\t\t<div class=\"elementor-element elementor-element-dc438fb e-flex e-con-boxed wpr-particle-no wpr-jarallax-no wpr-parallax-no wpr-sticky-section-no wpr-equal-height-no e-con e-parent\" data-id=\"dc438fb\" data-element_type=\"container\" data-e-type=\"container\" data-settings=\"{&quot;background_background&quot;:&quot;classic&quot;}\">\n\t\t\t\t\t<div class=\"e-con-inner\">\n\t\t<div class=\"elementor-element elementor-element-0bfb830 e-con-full e-flex wpr-particle-no wpr-jarallax-no wpr-parallax-no wpr-sticky-section-no wpr-equal-height-no e-con e-child\" data-id=\"0bfb830\" data-element_type=\"container\" data-e-type=\"container\">\n\t\t\t\t<div class=\"elementor-element elementor-element-8b8c635 aleft elementor-widget elementor-widget-wgl-double-heading\" data-id=\"8b8c635\" data-element_type=\"widget\" data-e-type=\"widget\" data-widget_type=\"wgl-double-heading.default\">\n\t\t\t\t<div class=\"elementor-widget-container\">\n\t\t\t\t\t<div class=\"wgl-double-heading\"><div class=\"dblh__subtitle\">Tematska \u0161etnja<\/div><h3 class=\"dblh__title-wrapper\"><span class=\"dblh__title dblh__title-1\">PUTOVIMA VJEKOSLAVA KALEBA<\/span><\/h3><\/div>\t\t\t\t<\/div>\n\t\t\t\t<\/div>\n\t\t\t\t<div class=\"elementor-element elementor-element-6c4f10b elementor-widget-tablet__width-inherit elementor-widget elementor-widget-text-editor\" data-id=\"6c4f10b\" data-element_type=\"widget\" data-e-type=\"widget\" data-widget_type=\"text-editor.default\">\n\t\t\t\t<div class=\"elementor-widget-container\">\n\t\t\t\t\t\t\t\t\t<div dir=\"ltr\"><div dir=\"ltr\"><p>Projekt \u201ePutovima Vjekoslava Kaleba\u201c posve\u0107en je o\u010duvanju i promicanju \u017eivota i knji\u017eevnog stvarala\u0161tva hrvatskog knji\u017eevnika i akademika Vjekoslava Kaleba.<\/p><p>Sredi\u0161nji dio projekta \u010dini kulturna ruta kroz Tisno koja povezuje mjesta va\u017ena za njegov \u017eivot i sje\u0107anje na njega: Narodnu knji\u017enicu i \u010ditaonicu Tisno, umjetni\u010dku intervenciju s bron\u010danim reljefom cipela, rodnu ku\u0107u i Osnovnu \u0161kolu Vjekoslava Kaleba.<\/p><p>Ruta je nadopunjena interaktivnom online kartom s QR kodovima koji omogu\u0107uju pristup dodatnim sadr\u017eajima \u2013 tekstovima, fotografijama i audio zapisima.<\/p>Projekt je ostvaren u suradnji Narodne knji\u017enice i \u010ditaonice Tisno, Osnovne \u0161kole Vjekoslava Kaleba, Op\u0107ine Tisno, Udruge Argonauta i lokalne zajednice s ciljem o\u010duvanja zavi\u010dajne kulturne ba\u0161tine i upoznavanja novih generacija s djelom Vjekoslava Kaleba.<\/div><\/div>\t\t\t\t\t\t\t\t<\/div>\n\t\t\t\t<\/div>\n\t\t\t\t<\/div>\n\t\t<div class=\"elementor-element elementor-element-75ec60b e-con-full e-flex wpr-particle-no wpr-jarallax-no wpr-parallax-no wpr-sticky-section-no wpr-equal-height-no e-con e-child\" data-id=\"75ec60b\" data-element_type=\"container\" data-e-type=\"container\">\n\t\t\t\t<div class=\"elementor-element elementor-element-ba71f56 elementor-widget elementor-widget-image\" data-id=\"ba71f56\" data-element_type=\"widget\" data-e-type=\"widget\" data-widget_type=\"image.default\">\n\t\t\t\t<div class=\"elementor-widget-container\">\n\t\t\t\t\t\t\t\t\t\t\t\t\t\t\t<img fetchpriority=\"high\" decoding=\"async\" width=\"600\" height=\"800\" src=\"https:\/\/ivinj.com\/wp-content\/uploads\/2024\/10\/Vjekoslav-Kaleb.jpg\" class=\"attachment-full size-full wp-image-4387\" alt=\"\" srcset=\"https:\/\/ivinj.com\/wp-content\/uploads\/2024\/10\/Vjekoslav-Kaleb.jpg 600w, https:\/\/ivinj.com\/wp-content\/uploads\/2024\/10\/Vjekoslav-Kaleb-225x300.jpg 225w, https:\/\/ivinj.com\/wp-content\/uploads\/2024\/10\/Vjekoslav-Kaleb-9x12.jpg 9w\" sizes=\"(max-width: 600px) 100vw, 600px\" \/>\t\t\t\t\t\t\t\t\t\t\t\t\t\t\t<\/div>\n\t\t\t\t<\/div>\n\t\t\t\t<\/div>\n\t\t\t\t\t<\/div>\n\t\t\t\t<\/div>\n\t\t<div class=\"elementor-element elementor-element-b4c1d86 e-con-full e-flex wpr-particle-no wpr-jarallax-no wpr-parallax-no wpr-sticky-section-no wpr-equal-height-no e-con e-parent\" data-id=\"b4c1d86\" data-element_type=\"container\" data-e-type=\"container\">\n\t\t<div class=\"elementor-element elementor-element-8773b78 e-con-full e-flex wpr-particle-no wpr-jarallax-no wpr-parallax-no wpr-sticky-section-no wpr-equal-height-no e-con e-child\" data-id=\"8773b78\" data-element_type=\"container\" data-e-type=\"container\">\n\t\t\t\t<div class=\"elementor-element elementor-element-49cf6af elementor-widget elementor-widget-html\" data-id=\"49cf6af\" data-element_type=\"widget\" data-e-type=\"widget\" data-widget_type=\"html.default\">\n\t\t\t\t<div class=\"elementor-widget-container\">\n\t\t\t\t\t<iframe src=\"https:\/\/www.google.com\/maps\/d\/u\/0\/embed?mid=1sZgM_IWJ67zGC-T7_lifR8nY2iZpwvc&ehbc=2E312F&noprof=1\" width=\"640\" height=\"500\"><\/iframe>\t\t\t\t<\/div>\n\t\t\t\t<\/div>\n\t\t\t\t<\/div>\n\t\t\t\t<\/div>\n\t\t<div class=\"elementor-element elementor-element-305d5d2 e-flex e-con-boxed wpr-particle-no wpr-jarallax-no wpr-parallax-no wpr-sticky-section-no wpr-equal-height-no e-con e-parent\" data-id=\"305d5d2\" data-element_type=\"container\" data-e-type=\"container\">\n\t\t\t\t\t<div class=\"e-con-inner\">\n\t\t<div class=\"elementor-element elementor-element-11727a8 e-con-full e-flex wpr-particle-no wpr-jarallax-no wpr-parallax-no wpr-sticky-section-no wpr-equal-height-no e-con e-child\" data-id=\"11727a8\" data-element_type=\"container\" data-e-type=\"container\">\n\t\t\t\t<div class=\"elementor-element elementor-element-70e7f53 elementor-widget elementor-widget-text-editor\" data-id=\"70e7f53\" data-element_type=\"widget\" data-e-type=\"widget\" data-widget_type=\"text-editor.default\">\n\t\t\t\t<div class=\"elementor-widget-container\">\n\t\t\t\t\t\t\t\t\t<p>Uputite se u <span style=\"text-decoration: underline;\"><a href=\"https:\/\/ivinj.com\/en\/tematske-setnje\/\">tematsku \u0161etnju<\/a><\/span> po Tisnom<\/p>\t\t\t\t\t\t\t\t<\/div>\n\t\t\t\t<\/div>\n\t\t\t\t<\/div>\n\t\t<div class=\"elementor-element elementor-element-edf1228 e-con-full e-flex wpr-particle-no wpr-jarallax-no wpr-parallax-no wpr-sticky-section-no wpr-equal-height-no e-con e-child\" data-id=\"edf1228\" data-element_type=\"container\" data-e-type=\"container\">\n\t\t<div class=\"elementor-element elementor-element-42da756 e-con-full e-flex wpr-particle-no wpr-jarallax-no wpr-parallax-no wpr-sticky-section-no wpr-equal-height-no e-con e-child\" data-id=\"42da756\" data-element_type=\"container\" data-e-type=\"container\">\n\t\t<div class=\"elementor-element elementor-element-01c1b58 e-con-full e-flex wpr-particle-no wpr-jarallax-no wpr-parallax-no wpr-sticky-section-no wpr-equal-height-no e-con e-child\" data-id=\"01c1b58\" data-element_type=\"container\" data-e-type=\"container\">\n\t\t\t\t<div class=\"elementor-element elementor-element-e9bc31d aleft elementor-widget-image-box wgl-image-box elementor-widget elementor-widget-wgl-info-box\" data-id=\"e9bc31d\" data-element_type=\"widget\" data-e-type=\"widget\" data-widget_type=\"wgl-info-box.default\">\n\t\t\t\t<div class=\"elementor-widget-container\">\n\t\t\t\t\t<div class=\"wgl-infobox\"><a class=\"wgl-infobox__link\" href=\"https:\/\/ivinj.com\/en\/osnovna-skola-vjekoslava-kaleba\/\"><\/a><div class=\"wgl-infobox_wrapper wgl-layout-top\"><div class=\"media-wrapper img-wrapper\"><figure class=\"wgl-image-box_img\"><span ><img decoding=\"async\" width=\"600\" height=\"400\" src=\"https:\/\/ivinj.com\/wp-content\/uploads\/2026\/04\/Argonauta-Ivinj-OsVK-600-400.jpg\" class=\"attachment-full size-full wp-image-5961\" alt=\"\" srcset=\"https:\/\/ivinj.com\/wp-content\/uploads\/2026\/04\/Argonauta-Ivinj-OsVK-600-400.jpg 600w, https:\/\/ivinj.com\/wp-content\/uploads\/2026\/04\/Argonauta-Ivinj-OsVK-600-400-300x200.jpg 300w, https:\/\/ivinj.com\/wp-content\/uploads\/2026\/04\/Argonauta-Ivinj-OsVK-600-400-18x12.jpg 18w\" sizes=\"(max-width: 600px) 100vw, 600px\" \/><\/span><\/figure><\/div><div class=\"content_wrapper\"><div class=\"wgl-infobox-title_wrapper\"><h3 class=\"wgl-infobox_title\"><span class=\"wgl-infobox_title-idle\">Osnovna \u0161kola Vjekoslava Kaleba<\/span><\/h3><\/div><div class=\"wgl-infobox-button_wrapper\"><div  class=\"wgl-infobox_button button-read-more align-icon-left\"><span>Take a walk<\/span><i class=\"read-more-icon flaticon flaticon-right-arrow\" aria-hidden=\"true\"><\/i><\/div><\/div><\/div><\/div><\/div>\t\t\t\t<\/div>\n\t\t\t\t<\/div>\n\t\t\t\t<\/div>\n\t\t<div class=\"elementor-element elementor-element-698dfa6 e-con-full e-flex wpr-particle-no wpr-jarallax-no wpr-parallax-no wpr-sticky-section-no wpr-equal-height-no e-con e-child\" data-id=\"698dfa6\" data-element_type=\"container\" data-e-type=\"container\">\n\t\t\t\t<div class=\"elementor-element elementor-element-8d804ec aleft elementor-widget-image-box wgl-image-box elementor-widget elementor-widget-wgl-info-box\" data-id=\"8d804ec\" data-element_type=\"widget\" data-e-type=\"widget\" data-widget_type=\"wgl-info-box.default\">\n\t\t\t\t<div class=\"elementor-widget-container\">\n\t\t\t\t\t<div class=\"wgl-infobox\"><a class=\"wgl-infobox__link\" href=\"https:\/\/ivinj.com\/en\/narodna-knjiznica-i-citaonica-tisno\/\"><\/a><div class=\"wgl-infobox_wrapper wgl-layout-top\"><div class=\"media-wrapper img-wrapper\"><figure class=\"wgl-image-box_img\"><span ><img decoding=\"async\" src=\"https:\/\/ivinj.com\/wp-content\/uploads\/elementor\/thumbs\/Ivinj-Katunaric-Slika5-qh58wafu7esxo2ov8utj4kevrksi5t8qyvdlhmjq8w.jpg\" title=\"Ivinj-Katunaric-Slika5\" alt=\"Ivinj-Katunaric-Slika5\" loading=\"lazy\" \/><\/span><\/figure><\/div><div class=\"content_wrapper\"><div class=\"wgl-infobox-title_wrapper\"><h3 class=\"wgl-infobox_title\"><span class=\"wgl-infobox_title-idle\">Narodna knji\u017enica i \u010ditaonica Tisno<\/span><\/h3><\/div><div class=\"wgl-infobox-button_wrapper\"><div  class=\"wgl-infobox_button button-read-more align-icon-left\"><span>Take a walk<\/span><i class=\"read-more-icon flaticon flaticon-right-arrow\" aria-hidden=\"true\"><\/i><\/div><\/div><\/div><\/div><\/div>\t\t\t\t<\/div>\n\t\t\t\t<\/div>\n\t\t\t\t<\/div>\n\t\t<div class=\"elementor-element elementor-element-d22c944 e-con-full e-flex wpr-particle-no wpr-jarallax-no wpr-parallax-no wpr-sticky-section-no wpr-equal-height-no e-con e-child\" data-id=\"d22c944\" data-element_type=\"container\" data-e-type=\"container\">\n\t\t\t\t<div class=\"elementor-element elementor-element-366a6b2 aleft elementor-widget-image-box wgl-image-box elementor-widget elementor-widget-wgl-info-box\" data-id=\"366a6b2\" data-element_type=\"widget\" data-e-type=\"widget\" data-widget_type=\"wgl-info-box.default\">\n\t\t\t\t<div class=\"elementor-widget-container\">\n\t\t\t\t\t<div class=\"wgl-infobox\"><a class=\"wgl-infobox__link\" href=\"https:\/\/ivinj.com\/en\/spomen-obiljezje-s-cipelama\/\"><\/a><div class=\"wgl-infobox_wrapper wgl-layout-top\"><div class=\"media-wrapper img-wrapper\"><figure class=\"wgl-image-box_img\"><span ><img decoding=\"async\" src=\"https:\/\/ivinj.com\/wp-content\/uploads\/elementor\/thumbs\/Argonauta-Ivinj-VKCipele-rm2vs53ck2mp1ddam6ir35glhuorxtb4gvv977tork.jpg\" title=\"Argonauta-Ivinj-VKCipele\" alt=\"Argonauta-Ivinj-VKCipele\" loading=\"lazy\" \/><\/span><\/figure><\/div><div class=\"content_wrapper\"><div class=\"wgl-infobox-title_wrapper\"><h3 class=\"wgl-infobox_title\"><span class=\"wgl-infobox_title-idle\">Spomen-obilje\u017eje<br> s cipelama<\/span><\/h3><\/div><div class=\"wgl-infobox-button_wrapper\"><div  class=\"wgl-infobox_button button-read-more align-icon-left\"><span>Take a walk<\/span><i class=\"read-more-icon flaticon flaticon-right-arrow\" aria-hidden=\"true\"><\/i><\/div><\/div><\/div><\/div><\/div>\t\t\t\t<\/div>\n\t\t\t\t<\/div>\n\t\t\t\t<\/div>\n\t\t<div class=\"elementor-element elementor-element-7dc4ad4 e-con-full e-flex wpr-particle-no wpr-jarallax-no wpr-parallax-no wpr-sticky-section-no wpr-equal-height-no e-con e-child\" data-id=\"7dc4ad4\" data-element_type=\"container\" data-e-type=\"container\">\n\t\t\t\t<div class=\"elementor-element elementor-element-7e24ac4 aleft elementor-widget-image-box wgl-image-box elementor-widget elementor-widget-wgl-info-box\" data-id=\"7e24ac4\" data-element_type=\"widget\" data-e-type=\"widget\" data-widget_type=\"wgl-info-box.default\">\n\t\t\t\t<div class=\"elementor-widget-container\">\n\t\t\t\t\t<div class=\"wgl-infobox\"><a class=\"wgl-infobox__link\" href=\"https:\/\/ivinj.com\/en\/rodna-kuca-vjekoslava-kaleba\/\"><\/a><div class=\"wgl-infobox_wrapper wgl-layout-top\"><div class=\"media-wrapper img-wrapper\"><figure class=\"wgl-image-box_img\"><span ><img decoding=\"async\" width=\"600\" height=\"400\" src=\"https:\/\/ivinj.com\/wp-content\/uploads\/2026\/04\/Argonauta-Ivinj-RodnaKuca-600-400.jpg\" class=\"attachment-full size-full wp-image-5963\" alt=\"\" srcset=\"https:\/\/ivinj.com\/wp-content\/uploads\/2026\/04\/Argonauta-Ivinj-RodnaKuca-600-400.jpg 600w, https:\/\/ivinj.com\/wp-content\/uploads\/2026\/04\/Argonauta-Ivinj-RodnaKuca-600-400-300x200.jpg 300w, https:\/\/ivinj.com\/wp-content\/uploads\/2026\/04\/Argonauta-Ivinj-RodnaKuca-600-400-18x12.jpg 18w\" sizes=\"(max-width: 600px) 100vw, 600px\" \/><\/span><\/figure><\/div><div class=\"content_wrapper\"><div class=\"wgl-infobox-title_wrapper\"><h3 class=\"wgl-infobox_title\"><span class=\"wgl-infobox_title-idle\">Rodna ku\u0107a<br> Vjekoslava Kaleba<\/span><\/h3><\/div><div class=\"wgl-infobox-button_wrapper\"><div  class=\"wgl-infobox_button button-read-more align-icon-left\"><span>Take a walk<\/span><i class=\"read-more-icon flaticon flaticon-right-arrow\" aria-hidden=\"true\"><\/i><\/div><\/div><\/div><\/div><\/div>\t\t\t\t<\/div>\n\t\t\t\t<\/div>\n\t\t\t\t<\/div>\n\t\t\t\t<\/div>\n\t\t\t\t<\/div>\n\t\t\t\t\t<\/div>\n\t\t\t\t<\/div>\n\t\t\t\t<\/div>","protected":false},"excerpt":{"rendered":"<p>Putovima Vjekoslava Kaleba NASLOVNICA Tematska \u0161etnja PUTOVIMA VJEKOSLAVA KALEBA Projekt \u201ePutovima Vjekoslava Kaleba\u201c posve\u0107en je o\u010duvanju i promicanju \u017eivota i knji\u017eevnog stvarala\u0161tva hrvatskog knji\u017eevnika i akademika Vjekoslava Kaleba. Sredi\u0161nji dio projekta \u010dini kulturna ruta kroz Tisno koja povezuje mjesta va\u017ena za njegov \u017eivot i sje\u0107anje na njega: Narodnu knji\u017enicu i \u010ditaonicu Tisno, umjetni\u010dku intervenciju s bron\u010danim reljefom cipela, rodnu ku\u0107u i Osnovnu \u0161kolu Vjekoslava Kaleba. Ruta je nadopunjena interaktivnom online kartom s QR kodovima koji omogu\u0107uju pristup dodatnim sadr\u017eajima \u2013 tekstovima, fotografijama i audio zapisima. Projekt je ostvaren u suradnji Narodne knji\u017enice i \u010ditaonice Tisno, Osnovne \u0161kole Vjekoslava Kaleba, Op\u0107ine Tisno, Udruge Argonauta i lokalne zajednice s ciljem o\u010duvanja zavi\u010dajne kulturne ba\u0161tine i upoznavanja novih generacija s djelom Vjekoslava Kaleba. Uputite se u tematsku \u0161etnju po Tisnom Osnovna \u0161kola Vjekoslava Kaleba Krenite u \u0161etnju Narodna knji\u017enica i \u010ditaonica Tisno Krenite u \u0161etnju Spomen-obilje\u017eje s cipelama Krenite u \u0161etnju Rodna ku\u0107a Vjekoslava Kaleba Krenite u \u0161etnju<\/p>","protected":false},"author":1,"featured_media":0,"parent":0,"menu_order":0,"comment_status":"closed","ping_status":"closed","template":"elementor_header_footer","meta":{"footnotes":""},"class_list":["post-5860","page","type-page","status-publish","hentry"],"_links":{"self":[{"href":"https:\/\/ivinj.com\/en\/wp-json\/wp\/v2\/pages\/5860","targetHints":{"allow":["GET"]}}],"collection":[{"href":"https:\/\/ivinj.com\/en\/wp-json\/wp\/v2\/pages"}],"about":[{"href":"https:\/\/ivinj.com\/en\/wp-json\/wp\/v2\/types\/page"}],"author":[{"embeddable":true,"href":"https:\/\/ivinj.com\/en\/wp-json\/wp\/v2\/users\/1"}],"replies":[{"embeddable":true,"href":"https:\/\/ivinj.com\/en\/wp-json\/wp\/v2\/comments?post=5860"}],"version-history":[{"count":47,"href":"https:\/\/ivinj.com\/en\/wp-json\/wp\/v2\/pages\/5860\/revisions"}],"predecessor-version":[{"id":6041,"href":"https:\/\/ivinj.com\/en\/wp-json\/wp\/v2\/pages\/5860\/revisions\/6041"}],"wp:attachment":[{"href":"https:\/\/ivinj.com\/en\/wp-json\/wp\/v2\/media?parent=5860"}],"curies":[{"name":"wp","href":"https:\/\/api.w.org\/{rel}","templated":true}]}}