{"id":5970,"date":"2026-04-15T10:36:23","date_gmt":"2026-04-15T10:36:23","guid":{"rendered":"https:\/\/ivinj.com\/?page_id=5970"},"modified":"2026-04-16T07:20:58","modified_gmt":"2026-04-16T07:20:58","slug":"osnovna-skola-vjekoslava-kaleba","status":"publish","type":"page","link":"https:\/\/ivinj.com\/en\/osnovna-skola-vjekoslava-kaleba\/","title":{"rendered":"Osnovna \u0161kola Vjekoslava Kaleba"},"content":{"rendered":"<div data-elementor-type=\"wp-page\" data-elementor-id=\"5970\" class=\"elementor elementor-5970\">\n\t\t\t\t<div class=\"elementor-element elementor-element-06cb878 e-flex e-con-boxed wpr-particle-no wpr-jarallax-no wpr-parallax-no wpr-sticky-section-no wpr-equal-height-no e-con e-parent\" data-id=\"06cb878\" data-element_type=\"container\" data-e-type=\"container\" data-settings=\"{&quot;background_background&quot;:&quot;classic&quot;}\">\n\t\t\t\t\t<div class=\"e-con-inner\">\n\t\t\t\t<div class=\"elementor-element elementor-element-1e8205e elementor-widget elementor-widget-page-title\" data-id=\"1e8205e\" data-element_type=\"widget\" data-e-type=\"widget\" data-settings=\"{&quot;align_mobile&quot;:&quot;center&quot;}\" data-widget_type=\"page-title.default\">\n\t\t\t\t<div class=\"elementor-widget-container\">\n\t\t\t\t\t\t\t\n\t\t<div class=\"hfe-page-title hfe-page-title-wrapper elementor-widget-heading\">\n\n\t\t\t\t\t\t\t\t\t\t\t<a href=\"https:\/\/ivinj.com\/en\">\n\t\t\t\t\t\t<h2 class=\"elementor-heading-title elementor-size-default\">\n\t\t\t\t\t\t\t\t\n\t\t\t\tOsnovna \u0161kola Vjekoslava Kaleba  \n\t\t\t<\/h2> \n\t\t\t\t\t\t\t\t\t<\/a>\n\t\t\t\t\t<\/div>\n\t\t\t\t\t\t<\/div>\n\t\t\t\t<\/div>\n\t\t\t\t<div class=\"elementor-element elementor-element-4276e33 elementor-widget elementor-widget-hfe-breadcrumbs-widget\" data-id=\"4276e33\" data-element_type=\"widget\" data-e-type=\"widget\" data-widget_type=\"hfe-breadcrumbs-widget.default\">\n\t\t\t\t<div class=\"elementor-widget-container\">\n\t\t\t\t\t<nav aria-label=\"Breadcrumb\"><ul class=\"hfe-breadcrumbs hfe-breadcrumbs-show-home\"><li class=\"hfe-breadcrumbs-item hfe-breadcrumbs-first\"><span class=\"hfe-breadcrumbs-home-icon\"><\/span><a href=\"https:\/\/ivinj.com\/en\"><span class=\"hfe-breadcrumbs-text\">HOME PAGE<\/span><\/a><\/li><\/ul><\/nav>\t\t\t\t<\/div>\n\t\t\t\t<\/div>\n\t\t\t\t\t<\/div>\n\t\t\t\t<\/div>\n\t\t<div class=\"elementor-element elementor-element-b10b36f e-flex e-con-boxed wpr-particle-no wpr-jarallax-no wpr-parallax-no wpr-sticky-section-no wpr-equal-height-no e-con e-parent\" data-id=\"b10b36f\" data-element_type=\"container\" data-e-type=\"container\" data-settings=\"{&quot;background_background&quot;:&quot;classic&quot;}\">\n\t\t\t\t\t<div class=\"e-con-inner\">\n\t\t<div class=\"elementor-element elementor-element-8e45d8a e-con-full e-flex wpr-particle-no wpr-jarallax-no wpr-parallax-no wpr-sticky-section-no wpr-equal-height-no e-con e-child\" data-id=\"8e45d8a\" data-element_type=\"container\" data-e-type=\"container\">\n\t\t\t\t<div class=\"elementor-element elementor-element-c8f3bc5 aleft elementor-widget elementor-widget-wgl-double-heading\" data-id=\"c8f3bc5\" data-element_type=\"widget\" data-e-type=\"widget\" data-widget_type=\"wgl-double-heading.default\">\n\t\t\t\t<div class=\"elementor-widget-container\">\n\t\t\t\t\t<div class=\"wgl-double-heading\"><div class=\"dblh__subtitle\">Putovima Vjekoslava Kaleba<\/div><h3 class=\"dblh__title-wrapper\"><span class=\"dblh__title dblh__title-1\">Osnovna \u0161kola Vjekoslava Kaleba, Tisno<\/span><\/h3><\/div>\t\t\t\t<\/div>\n\t\t\t\t<\/div>\n\t\t\t\t<div class=\"elementor-element elementor-element-ffd47d7 elementor-widget-tablet__width-inherit elementor-widget elementor-widget-text-editor\" data-id=\"ffd47d7\" data-element_type=\"widget\" data-e-type=\"widget\" data-widget_type=\"text-editor.default\">\n\t\t\t\t<div class=\"elementor-widget-container\">\n\t\t\t\t\t\t\t\t\t<div dir=\"ltr\"><div dir=\"ltr\"><p>Osnovna \u0161kola u Tisnom od 2007. godine nosi ime <a href=\"https:\/\/os-tisno.skole.hr\/\">Osnovna \u0161kola Vjekoslava Kaleba<\/a>. Time je trajno sa\u010duvana uspomena na knji\u017eevnika, u\u010ditelja i akademika ro\u0111enog u Tisnom 1905. godine. \u0160kola redovito njeguje uspomenu na Kaleba kroz nastavu, projekte, radionice i priredbe.<\/p><p>Danas u\u010denici kroz razli\u010dite aktivnosti upoznaju njegov \u017eivot, djela i zna\u010denje za hrvatsku knji\u017eevnost i zavi\u010dajnu kulturu.<\/p><\/div><\/div>\t\t\t\t\t\t\t\t<\/div>\n\t\t\t\t<\/div>\n\t\t\t\t<\/div>\n\t\t<div class=\"elementor-element elementor-element-e483dca e-con-full e-flex wpr-particle-no wpr-jarallax-no wpr-parallax-no wpr-sticky-section-no wpr-equal-height-no e-con e-child\" data-id=\"e483dca\" data-element_type=\"container\" data-e-type=\"container\">\n\t\t\t\t<div class=\"elementor-element elementor-element-dbe4be0 elementor-widget elementor-widget-image\" data-id=\"dbe4be0\" data-element_type=\"widget\" data-e-type=\"widget\" data-widget_type=\"image.default\">\n\t\t\t\t<div class=\"elementor-widget-container\">\n\t\t\t\t\t\t\t\t\t\t\t\t\t\t\t<img fetchpriority=\"high\" decoding=\"async\" width=\"600\" height=\"400\" src=\"https:\/\/ivinj.com\/wp-content\/uploads\/2026\/04\/Argonauta-Ivinj-OsVK-600-400.jpg\" class=\"attachment-full size-full wp-image-5961\" alt=\"\" srcset=\"https:\/\/ivinj.com\/wp-content\/uploads\/2026\/04\/Argonauta-Ivinj-OsVK-600-400.jpg 600w, https:\/\/ivinj.com\/wp-content\/uploads\/2026\/04\/Argonauta-Ivinj-OsVK-600-400-300x200.jpg 300w, https:\/\/ivinj.com\/wp-content\/uploads\/2026\/04\/Argonauta-Ivinj-OsVK-600-400-18x12.jpg 18w\" sizes=\"(max-width: 600px) 100vw, 600px\" \/>\t\t\t\t\t\t\t\t\t\t\t\t\t\t\t<\/div>\n\t\t\t\t<\/div>\n\t\t\t\t<\/div>\n\t\t\t\t\t<\/div>\n\t\t\t\t<\/div>\n\t\t<div class=\"elementor-element elementor-element-dfe0d52 e-flex e-con-boxed wpr-particle-no wpr-jarallax-no wpr-parallax-no wpr-sticky-section-no wpr-equal-height-no e-con e-child\" data-id=\"dfe0d52\" data-element_type=\"container\" data-e-type=\"container\" data-settings=\"{&quot;background_background&quot;:&quot;classic&quot;}\">\n\t\t\t\t\t<div class=\"e-con-inner\">\n\t\t<div class=\"elementor-element elementor-element-f1eaa5f e-con-full e-flex wpr-particle-no wpr-jarallax-no wpr-parallax-no wpr-sticky-section-no wpr-equal-height-no e-con e-child\" data-id=\"f1eaa5f\" data-element_type=\"container\" data-e-type=\"container\">\n\t\t<div class=\"elementor-element elementor-element-23bc5ab e-con-full e-flex wpr-particle-no wpr-jarallax-no wpr-parallax-no wpr-sticky-section-no wpr-equal-height-no e-con e-child\" data-id=\"23bc5ab\" data-element_type=\"container\" data-e-type=\"container\">\n\t\t\t\t<div class=\"elementor-element elementor-element-8839710 elementor-widget elementor-widget-heading\" data-id=\"8839710\" data-element_type=\"widget\" data-e-type=\"widget\" data-widget_type=\"heading.default\">\n\t\t\t\t<div class=\"elementor-widget-container\">\n\t\t\t\t\t<h4 class=\"elementor-heading-title elementor-size-default\">Zadatak za u\u010denike<\/h4>\t\t\t\t<\/div>\n\t\t\t\t<\/div>\n\t\t\t\t<div class=\"elementor-element elementor-element-f55dccb elementor-widget elementor-widget-text-editor\" data-id=\"f55dccb\" data-element_type=\"widget\" data-e-type=\"widget\" data-widget_type=\"text-editor.default\">\n\t\t\t\t<div class=\"elementor-widget-container\">\n\t\t\t\t\t\t\t\t\t<p>Poslu\u0161aj ulomak koji \u010ditaju u\u010denici \u0161kole i napi\u0161i jednu rije\u010d <br \/>ili sliku iz teksta koja ti je ostala u sje\u0107anju.<\/p>\t\t\t\t\t\t\t\t<\/div>\n\t\t\t\t<\/div>\n\t\t\t\t<\/div>\n\t\t<div class=\"elementor-element elementor-element-0406f78 e-con-full e-flex wpr-particle-no wpr-jarallax-no wpr-parallax-no wpr-sticky-section-no wpr-equal-height-no e-con e-child\" data-id=\"0406f78\" data-element_type=\"container\" data-e-type=\"container\">\n\t\t\t\t<div class=\"elementor-element elementor-element-baf21b4 elementor-widget elementor-widget-html\" data-id=\"baf21b4\" data-element_type=\"widget\" data-e-type=\"widget\" data-widget_type=\"html.default\">\n\t\t\t\t<div class=\"elementor-widget-container\">\n\t\t\t\t\t<audio controls class=\"karta-audio\">\n  <source src=\"https:\/\/ivinj.com\/wp-content\/uploads\/2026\/04\/Vjekoslav-Kaleb-Trideset-konja-ulomak.mp3\" type=\"audio\/mpeg\">\n<\/audio>\t\t\t\t<\/div>\n\t\t\t\t<\/div>\n\t\t\t\t<\/div>\n\t\t\t\t<\/div>\n\t\t\t\t\t<\/div>\n\t\t\t\t<\/div>\n\t\t<div class=\"elementor-element elementor-element-a91b7d5 e-flex e-con-boxed wpr-particle-no wpr-jarallax-no wpr-parallax-no wpr-sticky-section-no wpr-equal-height-no e-con e-parent\" data-id=\"a91b7d5\" data-element_type=\"container\" data-e-type=\"container\" data-settings=\"{&quot;background_background&quot;:&quot;classic&quot;}\">\n\t\t\t\t\t<div class=\"e-con-inner\">\n\t\t\t\t<div class=\"elementor-element elementor-element-2e4403c elementor-widget elementor-widget-text-editor\" data-id=\"2e4403c\" data-element_type=\"widget\" data-e-type=\"widget\" data-widget_type=\"text-editor.default\">\n\t\t\t\t<div class=\"elementor-widget-container\">\n\t\t\t\t\t\t\t\t\t<p>Uputite se u <span style=\"text-decoration: underline;\"><a href=\"https:\/\/ivinj.com\/en\/tematske-setnje\/\">tematsku \u0161etnju<\/a><\/span> po Tisnom<\/p>\t\t\t\t\t\t\t\t<\/div>\n\t\t\t\t<\/div>\n\t\t<div class=\"elementor-element elementor-element-0be5355 e-con-full e-flex wpr-particle-no wpr-jarallax-no wpr-parallax-no wpr-sticky-section-no wpr-equal-height-no e-con e-child\" data-id=\"0be5355\" data-element_type=\"container\" data-e-type=\"container\">\n\t\t<div class=\"elementor-element elementor-element-ffffba3 e-con-full e-flex wpr-particle-no wpr-jarallax-no wpr-parallax-no wpr-sticky-section-no wpr-equal-height-no e-con e-child\" data-id=\"ffffba3\" data-element_type=\"container\" data-e-type=\"container\">\n\t\t\t\t<div class=\"elementor-element elementor-element-622e2ba elementor-widget elementor-widget-html\" data-id=\"622e2ba\" data-element_type=\"widget\" data-e-type=\"widget\" data-widget_type=\"html.default\">\n\t\t\t\t<div class=\"elementor-widget-container\">\n\t\t\t\t\t<iframe src=\"https:\/\/www.google.com\/maps\/d\/u\/0\/embed?mid=1QUky066kfsrRMW-iyZqYAQ9KzWtwXE4&ehbc=2E312F&noprof=1\" width=\"640\" height=\"500\"><\/iframe>\t\t\t\t<\/div>\n\t\t\t\t<\/div>\n\t\t\t\t<\/div>\n\t\t\t\t<\/div>\n\t\t\t\t\t<\/div>\n\t\t\t\t<\/div>\n\t\t\t\t<\/div>","protected":false},"excerpt":{"rendered":"<p>Osnovna \u0161kola Vjekoslava Kaleba NASLOVNICA Putovima Vjekoslava Kaleba Osnovna \u0161kola Vjekoslava Kaleba, Tisno Osnovna \u0161kola u Tisnom od 2007. godine nosi ime Osnovna \u0161kola Vjekoslava Kaleba. Time je trajno sa\u010duvana uspomena na knji\u017eevnika, u\u010ditelja i akademika ro\u0111enog u Tisnom 1905. godine. \u0160kola redovito njeguje uspomenu na Kaleba kroz nastavu, projekte, radionice i priredbe. Danas u\u010denici kroz razli\u010dite aktivnosti upoznaju njegov \u017eivot, djela i zna\u010denje za hrvatsku knji\u017eevnost i zavi\u010dajnu kulturu. Zadatak za u\u010denike Poslu\u0161aj ulomak koji \u010ditaju u\u010denici \u0161kole i napi\u0161i jednu rije\u010d ili sliku iz teksta koja ti je ostala u sje\u0107anju. Uputite se u tematsku \u0161etnju po Tisnom<\/p>","protected":false},"author":1,"featured_media":0,"parent":0,"menu_order":0,"comment_status":"closed","ping_status":"closed","template":"elementor_header_footer","meta":{"footnotes":""},"class_list":["post-5970","page","type-page","status-publish","hentry"],"_links":{"self":[{"href":"https:\/\/ivinj.com\/en\/wp-json\/wp\/v2\/pages\/5970","targetHints":{"allow":["GET"]}}],"collection":[{"href":"https:\/\/ivinj.com\/en\/wp-json\/wp\/v2\/pages"}],"about":[{"href":"https:\/\/ivinj.com\/en\/wp-json\/wp\/v2\/types\/page"}],"author":[{"embeddable":true,"href":"https:\/\/ivinj.com\/en\/wp-json\/wp\/v2\/users\/1"}],"replies":[{"embeddable":true,"href":"https:\/\/ivinj.com\/en\/wp-json\/wp\/v2\/comments?post=5970"}],"version-history":[{"count":16,"href":"https:\/\/ivinj.com\/en\/wp-json\/wp\/v2\/pages\/5970\/revisions"}],"predecessor-version":[{"id":6065,"href":"https:\/\/ivinj.com\/en\/wp-json\/wp\/v2\/pages\/5970\/revisions\/6065"}],"wp:attachment":[{"href":"https:\/\/ivinj.com\/en\/wp-json\/wp\/v2\/media?parent=5970"}],"curies":[{"name":"wp","href":"https:\/\/api.w.org\/{rel}","templated":true}]}}