{"id":5997,"date":"2026-04-15T12:02:02","date_gmt":"2026-04-15T12:02:02","guid":{"rendered":"https:\/\/ivinj.com\/?page_id=5997"},"modified":"2026-04-16T07:24:06","modified_gmt":"2026-04-16T07:24:06","slug":"narodna-knjiznica-i-citaonica-tisno","status":"publish","type":"page","link":"https:\/\/ivinj.com\/en\/narodna-knjiznica-i-citaonica-tisno\/","title":{"rendered":"Narodna knji\u017enica i \u010ditaonica Tisno"},"content":{"rendered":"<div data-elementor-type=\"wp-page\" data-elementor-id=\"5997\" class=\"elementor elementor-5997\">\n\t\t\t\t<div class=\"elementor-element elementor-element-8adc1da e-flex e-con-boxed wpr-particle-no wpr-jarallax-no wpr-parallax-no wpr-sticky-section-no wpr-equal-height-no e-con e-parent\" data-id=\"8adc1da\" data-element_type=\"container\" data-e-type=\"container\" data-settings=\"{&quot;background_background&quot;:&quot;classic&quot;}\">\n\t\t\t\t\t<div class=\"e-con-inner\">\n\t\t\t\t<div class=\"elementor-element elementor-element-b376464 elementor-widget elementor-widget-page-title\" data-id=\"b376464\" data-element_type=\"widget\" data-e-type=\"widget\" data-settings=\"{&quot;align_mobile&quot;:&quot;center&quot;}\" data-widget_type=\"page-title.default\">\n\t\t\t\t<div class=\"elementor-widget-container\">\n\t\t\t\t\t\t\t\n\t\t<div class=\"hfe-page-title hfe-page-title-wrapper elementor-widget-heading\">\n\n\t\t\t\t\t\t\t\t\t\t\t<a href=\"https:\/\/ivinj.com\/en\">\n\t\t\t\t\t\t<h2 class=\"elementor-heading-title elementor-size-default\">\n\t\t\t\t\t\t\t\t\n\t\t\t\tNarodna knji\u017enica i \u010ditaonica Tisno  \n\t\t\t<\/h2> \n\t\t\t\t\t\t\t\t\t<\/a>\n\t\t\t\t\t<\/div>\n\t\t\t\t\t\t<\/div>\n\t\t\t\t<\/div>\n\t\t\t\t<div class=\"elementor-element elementor-element-860d294 elementor-widget elementor-widget-hfe-breadcrumbs-widget\" data-id=\"860d294\" data-element_type=\"widget\" data-e-type=\"widget\" data-widget_type=\"hfe-breadcrumbs-widget.default\">\n\t\t\t\t<div class=\"elementor-widget-container\">\n\t\t\t\t\t<nav aria-label=\"Breadcrumb\"><ul class=\"hfe-breadcrumbs hfe-breadcrumbs-show-home\"><li class=\"hfe-breadcrumbs-item hfe-breadcrumbs-first\"><span class=\"hfe-breadcrumbs-home-icon\"><\/span><a href=\"https:\/\/ivinj.com\/en\"><span class=\"hfe-breadcrumbs-text\">HOME PAGE<\/span><\/a><\/li><\/ul><\/nav>\t\t\t\t<\/div>\n\t\t\t\t<\/div>\n\t\t\t\t\t<\/div>\n\t\t\t\t<\/div>\n\t\t<div class=\"elementor-element elementor-element-0cd2254 e-flex e-con-boxed wpr-particle-no wpr-jarallax-no wpr-parallax-no wpr-sticky-section-no wpr-equal-height-no e-con e-parent\" data-id=\"0cd2254\" data-element_type=\"container\" data-e-type=\"container\" data-settings=\"{&quot;background_background&quot;:&quot;classic&quot;}\">\n\t\t\t\t\t<div class=\"e-con-inner\">\n\t\t<div class=\"elementor-element elementor-element-85808c6 e-con-full e-flex wpr-particle-no wpr-jarallax-no wpr-parallax-no wpr-sticky-section-no wpr-equal-height-no e-con e-child\" data-id=\"85808c6\" data-element_type=\"container\" data-e-type=\"container\">\n\t\t<div class=\"elementor-element elementor-element-268c885 e-con-full e-flex wpr-particle-no wpr-jarallax-no wpr-parallax-no wpr-sticky-section-no wpr-equal-height-no e-con e-child\" data-id=\"268c885\" data-element_type=\"container\" data-e-type=\"container\">\n\t\t\t\t<div class=\"elementor-element elementor-element-95d8152 aleft elementor-widget elementor-widget-wgl-double-heading\" data-id=\"95d8152\" data-element_type=\"widget\" data-e-type=\"widget\" data-widget_type=\"wgl-double-heading.default\">\n\t\t\t\t<div class=\"elementor-widget-container\">\n\t\t\t\t\t<div class=\"wgl-double-heading\"><div class=\"dblh__subtitle\">Putovima Vjekoslava Kaleba<\/div><h3 class=\"dblh__title-wrapper\"><span class=\"dblh__title dblh__title-1\">Narodna knji\u017enica i \u010ditaonica Tisno<\/span><\/h3><\/div>\t\t\t\t<\/div>\n\t\t\t\t<\/div>\n\t\t\t\t<div class=\"elementor-element elementor-element-cfbee32 elementor-widget-tablet__width-inherit elementor-widget elementor-widget-text-editor\" data-id=\"cfbee32\" data-element_type=\"widget\" data-e-type=\"widget\" data-widget_type=\"text-editor.default\">\n\t\t\t\t<div class=\"elementor-widget-container\">\n\t\t\t\t\t\t\t\t\t<div dir=\"ltr\"><div dir=\"ltr\"><p>Narodna knji\u017enica i \u010ditaonica Tisno u svojoj <a href=\"https:\/\/nkc-tisno.hr\/zavicajna-zbirka-vjekoslav-kaleb\">zavi\u010dajnoj zbirci<\/a> prikuplja, \u010duva i daje na kori\u0161tenje gra\u0111u koja svjedo\u010di o \u017eivotu i djelu Vjekoslava Kaleba. Zbirka obuhva\u0107a knjige, \u010dlanke, fotografije i druge dokumente povezane s autorom, njegovim \u017eivotom u rodnom Tisnom i njegovim knji\u017eevnim opusom. Posebnu vrijednost \u010dine fotografije, dokumentarna gra\u0111a i rukopisna bilje\u0161ka autora o umjetnosti.<\/p><p>Knji\u017enica redovito organizira kulturna i edukativna doga\u0111anja posve\u0107ena Kalebu te sura\u0111uje s Osnovnom \u0161kolom Vjekoslava Kaleba Tisno. Posebno se isti\u010de projekt \u201eKalebi\u0107i u svijetu pri\u010da\u201c, u kojem su u\u010denici kroz \u010ditanje, istra\u017eivanje i kreativne aktivnosti upoznavali \u017eivot i djelo pisca.<\/p><p>U sklopu interaktivne karte ovdje se mo\u017ee poslu\u0161ati i intervju s knji\u017eni\u010darkom Mirelom Klarin Petrina, koja je statirala u snimanju televizijske adaptacije Trideset konja.<\/p><\/div><\/div>\t\t\t\t\t\t\t\t<\/div>\n\t\t\t\t<\/div>\n\t\t\t\t<\/div>\n\t\t<div class=\"elementor-element elementor-element-cb037cd e-con-full e-flex wpr-particle-no wpr-jarallax-no wpr-parallax-no wpr-sticky-section-no wpr-equal-height-no e-con e-child\" data-id=\"cb037cd\" data-element_type=\"container\" data-e-type=\"container\">\n\t\t\t\t<div class=\"elementor-element elementor-element-815bd57 elementor-widget elementor-widget-image\" data-id=\"815bd57\" data-element_type=\"widget\" data-e-type=\"widget\" data-widget_type=\"image.default\">\n\t\t\t\t<div class=\"elementor-widget-container\">\n\t\t\t\t\t\t\t\t\t\t\t\t\t\t\t<img fetchpriority=\"high\" decoding=\"async\" width=\"800\" height=\"600\" src=\"https:\/\/ivinj.com\/wp-content\/uploads\/2023\/12\/Ivinj-Katunaric-Slika5.jpg\" class=\"attachment-full size-full wp-image-3966\" alt=\"\" srcset=\"https:\/\/ivinj.com\/wp-content\/uploads\/2023\/12\/Ivinj-Katunaric-Slika5.jpg 800w, https:\/\/ivinj.com\/wp-content\/uploads\/2023\/12\/Ivinj-Katunaric-Slika5-300x225.jpg 300w, https:\/\/ivinj.com\/wp-content\/uploads\/2023\/12\/Ivinj-Katunaric-Slika5-768x576.jpg 768w, https:\/\/ivinj.com\/wp-content\/uploads\/2023\/12\/Ivinj-Katunaric-Slika5-16x12.jpg 16w\" sizes=\"(max-width: 800px) 100vw, 800px\" \/>\t\t\t\t\t\t\t\t\t\t\t\t\t\t\t<\/div>\n\t\t\t\t<\/div>\n\t\t<div class=\"elementor-element elementor-element-74f0eb3 e-con-full e-flex wpr-particle-no wpr-jarallax-no wpr-parallax-no wpr-sticky-section-no wpr-equal-height-no e-con e-child\" data-id=\"74f0eb3\" data-element_type=\"container\" data-e-type=\"container\" data-settings=\"{&quot;background_background&quot;:&quot;classic&quot;}\">\n\t\t\t\t<div class=\"elementor-element elementor-element-572de5d elementor-widget elementor-widget-heading\" data-id=\"572de5d\" data-element_type=\"widget\" data-e-type=\"widget\" data-widget_type=\"heading.default\">\n\t\t\t\t<div class=\"elementor-widget-container\">\n\t\t\t\t\t<h4 class=\"elementor-heading-title elementor-size-default\">Zadatak za u\u010denike<\/h4>\t\t\t\t<\/div>\n\t\t\t\t<\/div>\n\t\t\t\t<div class=\"elementor-element elementor-element-f4d4970 elementor-widget elementor-widget-text-editor\" data-id=\"f4d4970\" data-element_type=\"widget\" data-e-type=\"widget\" data-widget_type=\"text-editor.default\">\n\t\t\t\t<div class=\"elementor-widget-container\">\n\t\t\t\t\t\t\t\t\t<p>Prona\u0111i jedno Kalebovo djelo u knji\u017enici i zapi\u0161i njegov naslov.<\/p>\t\t\t\t\t\t\t\t<\/div>\n\t\t\t\t<\/div>\n\t\t\t\t<\/div>\n\t\t\t\t<\/div>\n\t\t\t\t<\/div>\n\t\t\t\t\t<\/div>\n\t\t\t\t<\/div>\n\t\t<div class=\"elementor-element elementor-element-e15c0d2 e-flex e-con-boxed wpr-particle-no wpr-jarallax-no wpr-parallax-no wpr-sticky-section-no wpr-equal-height-no e-con e-child\" data-id=\"e15c0d2\" data-element_type=\"container\" data-e-type=\"container\" data-settings=\"{&quot;background_background&quot;:&quot;classic&quot;}\">\n\t\t\t\t\t<div class=\"e-con-inner\">\n\t\t<div class=\"elementor-element elementor-element-e3f3afb e-con-full e-flex wpr-particle-no wpr-jarallax-no wpr-parallax-no wpr-sticky-section-no wpr-equal-height-no e-con e-child\" data-id=\"e3f3afb\" data-element_type=\"container\" data-e-type=\"container\">\n\t\t<div class=\"elementor-element elementor-element-a983b33 e-con-full e-flex wpr-particle-no wpr-jarallax-no wpr-parallax-no wpr-sticky-section-no wpr-equal-height-no e-con e-child\" data-id=\"a983b33\" data-element_type=\"container\" data-e-type=\"container\">\n\t\t\t\t<div class=\"elementor-element elementor-element-449ca70 elementor-widget elementor-widget-heading\" data-id=\"449ca70\" data-element_type=\"widget\" data-e-type=\"widget\" data-widget_type=\"heading.default\">\n\t\t\t\t<div class=\"elementor-widget-container\">\n\t\t\t\t\t<h4 class=\"elementor-heading-title elementor-size-default\">Intervju s knji\u017eni\u010darkom \u2013 Trideset konja: knji\u017eevnost na filmu<\/h4>\t\t\t\t<\/div>\n\t\t\t\t<\/div>\n\t\t\t\t<div class=\"elementor-element elementor-element-f002b37 elementor-widget elementor-widget-html\" data-id=\"f002b37\" data-element_type=\"widget\" data-e-type=\"widget\" data-widget_type=\"html.default\">\n\t\t\t\t<div class=\"elementor-widget-container\">\n\t\t\t\t\t<audio controls class=\"karta-audio\">\n  <source src=\"https:\/\/ivinj.com\/wp-content\/uploads\/2026\/04\/Intervju-s-Mirelom-Klarin-Petrina.mp3\" type=\"audio\/mpeg\">\n<\/audio>\t\t\t\t<\/div>\n\t\t\t\t<\/div>\n\t\t\t\t<\/div>\n\t\t<div class=\"elementor-element elementor-element-33495a9 e-con-full e-flex wpr-particle-no wpr-jarallax-no wpr-parallax-no wpr-sticky-section-no wpr-equal-height-no e-con e-child\" data-id=\"33495a9\" data-element_type=\"container\" data-e-type=\"container\">\n\t\t\t\t<div class=\"elementor-element elementor-element-d4985c3 elementor-widget elementor-widget-text-editor\" data-id=\"d4985c3\" data-element_type=\"widget\" data-e-type=\"widget\" data-widget_type=\"text-editor.default\">\n\t\t\t\t<div class=\"elementor-widget-container\">\n\t\t\t\t\t\t\t\t\t<p>Trideset konja je hrvatski televizijski film iz 1988. godine nastao u produkciji RTV Zagreb. Film je re\u017eirao Mladen Juran, a scenarij je napisao Ivo Bre\u0161an prema istoimenoj noveli knji\u017eevnika Vjekoslava Kaleba. Premijerno je prikazan 21. o\u017eujka 1988. godine na Prvom programu Televizije Zagreb.<\/p><p>Radnja filma smje\u0161tena je na otoku Murteru u vrijeme nakon Drugoga svjetskog rata, a dio scena sniman je u Tisnome, \u010dime je vjerno prikazan prostor kakav je Kaleb opisivao u svojim djelima. U filmu su nastupili poznati glumci poput Borisa Dvornika, Milene Dravi\u0107 i Svena Laste.<\/p><p>Film je oblikovan kao britka crna komedija koja kroz humor i satiru prikazuje dru\u0161tvene promjene i posljedice nacionalizacije u poratnom razdoblju.<\/p>\t\t\t\t\t\t\t\t<\/div>\n\t\t\t\t<\/div>\n\t\t\t\t<\/div>\n\t\t\t\t<\/div>\n\t\t\t\t\t<\/div>\n\t\t\t\t<\/div>\n\t\t<div class=\"elementor-element elementor-element-64a6c66 e-flex e-con-boxed wpr-particle-no wpr-jarallax-no wpr-parallax-no wpr-sticky-section-no wpr-equal-height-no e-con e-parent\" data-id=\"64a6c66\" data-element_type=\"container\" data-e-type=\"container\" data-settings=\"{&quot;background_background&quot;:&quot;classic&quot;}\">\n\t\t\t\t\t<div class=\"e-con-inner\">\n\t\t\t\t<div class=\"elementor-element elementor-element-cd82ee8 elementor-widget elementor-widget-text-editor\" data-id=\"cd82ee8\" data-element_type=\"widget\" data-e-type=\"widget\" data-widget_type=\"text-editor.default\">\n\t\t\t\t<div class=\"elementor-widget-container\">\n\t\t\t\t\t\t\t\t\t<p>Uputite se u <span style=\"text-decoration: underline;\"><a href=\"https:\/\/ivinj.com\/en\/tematske-setnje\/\">tematsku \u0161etnju<\/a><\/span> po Tisnom<\/p>\t\t\t\t\t\t\t\t<\/div>\n\t\t\t\t<\/div>\n\t\t<div class=\"elementor-element elementor-element-d614692 e-con-full e-flex wpr-particle-no wpr-jarallax-no wpr-parallax-no wpr-sticky-section-no wpr-equal-height-no e-con e-child\" data-id=\"d614692\" data-element_type=\"container\" data-e-type=\"container\">\n\t\t<div class=\"elementor-element elementor-element-2b99644 e-con-full e-flex wpr-particle-no wpr-jarallax-no wpr-parallax-no wpr-sticky-section-no wpr-equal-height-no e-con e-child\" data-id=\"2b99644\" data-element_type=\"container\" data-e-type=\"container\">\n\t\t\t\t<div class=\"elementor-element elementor-element-2627861 elementor-widget elementor-widget-html\" data-id=\"2627861\" data-element_type=\"widget\" data-e-type=\"widget\" data-widget_type=\"html.default\">\n\t\t\t\t<div class=\"elementor-widget-container\">\n\t\t\t\t\t<iframe src=\"https:\/\/www.google.com\/maps\/d\/u\/0\/embed?mid=1tGwxL1vew39B79XUMg7eExlPNIFSpPA&ehbc=2E312F&noprof=1\" width=\"640\" height=\"500\"><\/iframe>\t\t\t\t<\/div>\n\t\t\t\t<\/div>\n\t\t\t\t<\/div>\n\t\t\t\t<\/div>\n\t\t\t\t\t<\/div>\n\t\t\t\t<\/div>\n\t\t\t\t<\/div>","protected":false},"excerpt":{"rendered":"<p>Narodna knji\u017enica i \u010ditaonica Tisno NASLOVNICA Putovima Vjekoslava Kaleba Narodna knji\u017enica i \u010ditaonica Tisno Narodna knji\u017enica i \u010ditaonica Tisno u svojoj zavi\u010dajnoj zbirci prikuplja, \u010duva i daje na kori\u0161tenje gra\u0111u koja svjedo\u010di o \u017eivotu i djelu Vjekoslava Kaleba. Zbirka obuhva\u0107a knjige, \u010dlanke, fotografije i druge dokumente povezane s autorom, njegovim \u017eivotom u rodnom Tisnom i njegovim knji\u017eevnim opusom. Posebnu vrijednost \u010dine fotografije, dokumentarna gra\u0111a i rukopisna bilje\u0161ka autora o umjetnosti. Knji\u017enica redovito organizira kulturna i edukativna doga\u0111anja posve\u0107ena Kalebu te sura\u0111uje s Osnovnom \u0161kolom Vjekoslava Kaleba Tisno. Posebno se isti\u010de projekt \u201eKalebi\u0107i u svijetu pri\u010da\u201c, u kojem su u\u010denici kroz \u010ditanje, istra\u017eivanje i kreativne aktivnosti upoznavali \u017eivot i djelo pisca. U sklopu interaktivne karte ovdje se mo\u017ee poslu\u0161ati i intervju s knji\u017eni\u010darkom Mirelom Klarin Petrina, koja je statirala u snimanju televizijske adaptacije Trideset konja. Zadatak za u\u010denike Prona\u0111i jedno Kalebovo djelo u knji\u017enici i zapi\u0161i njegov naslov. Intervju s knji\u017eni\u010darkom \u2013 Trideset konja: knji\u017eevnost na filmu Trideset konja je hrvatski televizijski film iz 1988. godine nastao u produkciji RTV Zagreb. Film je re\u017eirao Mladen Juran, a scenarij je napisao Ivo Bre\u0161an prema istoimenoj noveli knji\u017eevnika Vjekoslava Kaleba. Premijerno je prikazan 21. o\u017eujka 1988. godine na Prvom programu Televizije Zagreb. Radnja filma smje\u0161tena je na otoku Murteru u vrijeme nakon Drugoga svjetskog rata, a dio scena sniman je u Tisnome, \u010dime je vjerno prikazan prostor kakav je Kaleb opisivao u svojim djelima. U filmu su nastupili poznati glumci poput Borisa Dvornika, Milene Dravi\u0107 i Svena Laste. Film je oblikovan kao britka crna komedija koja kroz humor i satiru prikazuje dru\u0161tvene promjene i posljedice nacionalizacije u poratnom razdoblju. Uputite se u tematsku \u0161etnju po Tisnom<\/p>","protected":false},"author":1,"featured_media":0,"parent":0,"menu_order":0,"comment_status":"closed","ping_status":"closed","template":"elementor_header_footer","meta":{"footnotes":""},"class_list":["post-5997","page","type-page","status-publish","hentry"],"_links":{"self":[{"href":"https:\/\/ivinj.com\/en\/wp-json\/wp\/v2\/pages\/5997","targetHints":{"allow":["GET"]}}],"collection":[{"href":"https:\/\/ivinj.com\/en\/wp-json\/wp\/v2\/pages"}],"about":[{"href":"https:\/\/ivinj.com\/en\/wp-json\/wp\/v2\/types\/page"}],"author":[{"embeddable":true,"href":"https:\/\/ivinj.com\/en\/wp-json\/wp\/v2\/users\/1"}],"replies":[{"embeddable":true,"href":"https:\/\/ivinj.com\/en\/wp-json\/wp\/v2\/comments?post=5997"}],"version-history":[{"count":22,"href":"https:\/\/ivinj.com\/en\/wp-json\/wp\/v2\/pages\/5997\/revisions"}],"predecessor-version":[{"id":6068,"href":"https:\/\/ivinj.com\/en\/wp-json\/wp\/v2\/pages\/5997\/revisions\/6068"}],"wp:attachment":[{"href":"https:\/\/ivinj.com\/en\/wp-json\/wp\/v2\/media?parent=5997"}],"curies":[{"name":"wp","href":"https:\/\/api.w.org\/{rel}","templated":true}]}}