{"id":6013,"date":"2026-04-15T12:54:51","date_gmt":"2026-04-15T12:54:51","guid":{"rendered":"https:\/\/ivinj.com\/?page_id=6013"},"modified":"2026-04-16T08:55:00","modified_gmt":"2026-04-16T08:55:00","slug":"spomen-obiljezje-s-cipelama","status":"publish","type":"page","link":"https:\/\/ivinj.com\/en\/spomen-obiljezje-s-cipelama\/","title":{"rendered":"Spomen-obilje\u017eje s cipelama"},"content":{"rendered":"<div data-elementor-type=\"wp-page\" data-elementor-id=\"6013\" class=\"elementor elementor-6013\">\n\t\t\t\t<div class=\"elementor-element elementor-element-1258358 e-flex e-con-boxed wpr-particle-no wpr-jarallax-no wpr-parallax-no wpr-sticky-section-no wpr-equal-height-no e-con e-parent\" data-id=\"1258358\" data-element_type=\"container\" data-e-type=\"container\" data-settings=\"{&quot;background_background&quot;:&quot;classic&quot;}\">\n\t\t\t\t\t<div class=\"e-con-inner\">\n\t\t\t\t<div class=\"elementor-element elementor-element-f64dc00 elementor-widget elementor-widget-page-title\" data-id=\"f64dc00\" data-element_type=\"widget\" data-e-type=\"widget\" data-settings=\"{&quot;align_mobile&quot;:&quot;center&quot;}\" data-widget_type=\"page-title.default\">\n\t\t\t\t<div class=\"elementor-widget-container\">\n\t\t\t\t\t\t\t\n\t\t<div class=\"hfe-page-title hfe-page-title-wrapper elementor-widget-heading\">\n\n\t\t\t\t\t\t\t\t\t\t\t<a href=\"https:\/\/ivinj.com\/en\">\n\t\t\t\t\t\t<h2 class=\"elementor-heading-title elementor-size-default\">\n\t\t\t\t\t\t\t\t\n\t\t\t\tSpomen-obilje\u017eje s cipelama  \n\t\t\t<\/h2> \n\t\t\t\t\t\t\t\t\t<\/a>\n\t\t\t\t\t<\/div>\n\t\t\t\t\t\t<\/div>\n\t\t\t\t<\/div>\n\t\t\t\t<div class=\"elementor-element elementor-element-a4c4308 elementor-widget elementor-widget-hfe-breadcrumbs-widget\" data-id=\"a4c4308\" data-element_type=\"widget\" data-e-type=\"widget\" data-widget_type=\"hfe-breadcrumbs-widget.default\">\n\t\t\t\t<div class=\"elementor-widget-container\">\n\t\t\t\t\t<nav aria-label=\"Breadcrumb\"><ul class=\"hfe-breadcrumbs hfe-breadcrumbs-show-home\"><li class=\"hfe-breadcrumbs-item hfe-breadcrumbs-first\"><span class=\"hfe-breadcrumbs-home-icon\"><\/span><a href=\"https:\/\/ivinj.com\/en\"><span class=\"hfe-breadcrumbs-text\">HOME PAGE<\/span><\/a><\/li><\/ul><\/nav>\t\t\t\t<\/div>\n\t\t\t\t<\/div>\n\t\t\t\t\t<\/div>\n\t\t\t\t<\/div>\n\t\t<div class=\"elementor-element elementor-element-6b608c3 e-flex e-con-boxed wpr-particle-no wpr-jarallax-no wpr-parallax-no wpr-sticky-section-no wpr-equal-height-no e-con e-parent\" data-id=\"6b608c3\" data-element_type=\"container\" data-e-type=\"container\" data-settings=\"{&quot;background_background&quot;:&quot;classic&quot;}\">\n\t\t\t\t\t<div class=\"e-con-inner\">\n\t\t<div class=\"elementor-element elementor-element-8bfca17 e-con-full e-flex wpr-particle-no wpr-jarallax-no wpr-parallax-no wpr-sticky-section-no wpr-equal-height-no e-con e-child\" data-id=\"8bfca17\" data-element_type=\"container\" data-e-type=\"container\">\n\t\t\t\t<div class=\"elementor-element elementor-element-7c3bcd3 aleft elementor-widget elementor-widget-wgl-double-heading\" data-id=\"7c3bcd3\" data-element_type=\"widget\" data-e-type=\"widget\" data-widget_type=\"wgl-double-heading.default\">\n\t\t\t\t<div class=\"elementor-widget-container\">\n\t\t\t\t\t<div class=\"wgl-double-heading\"><div class=\"dblh__subtitle\">Putovima Vjekoslava Kaleba<\/div><h3 class=\"dblh__title-wrapper\"><span class=\"dblh__title dblh__title-1\">Spomen-obilje\u017eje s cipelama<\/span><\/h3><\/div>\t\t\t\t<\/div>\n\t\t\t\t<\/div>\n\t\t\t\t<div class=\"elementor-element elementor-element-8018ecc elementor-widget-tablet__width-inherit elementor-widget elementor-widget-text-editor\" data-id=\"8018ecc\" data-element_type=\"widget\" data-e-type=\"widget\" data-widget_type=\"text-editor.default\">\n\t\t\t\t<div class=\"elementor-widget-container\">\n\t\t\t\t\t\t\t\t\t<div dir=\"ltr\"><div dir=\"ltr\"><p>Umjetni\u010dka intervencija u javnom prostoru, uzdignuti reljef u bronci koji prikazuje cipele kao simbol \u017eivotnog puta Vjekoslava Kaleba.<\/p><p>Cipele u ovoj umjetni\u010dkoj interpretaciji nose sna\u017eno simboli\u010dko zna\u010denje. One predstavljaju \u010dovjekov hod kroz \u017eivot, tragove koje ostavljamo u prostoru i vremenu. U mnogim kulturama cipela ili njezino odsustvo ima duboko zna\u010denje.<\/p><p>Cipele posve\u0107ene Vjekoslavu Kalebu simboliziraju njegov \u017eivotni i stvarala\u010dki put \u2013 od djetinjstva u Tisnom, preko \u0161kolovanja i u\u010diteljskog poziva, do knji\u017eevnog stvarala\u0161tva kojim je postao jedan od va\u017enih hrvatskih pripovjeda\u010da 20. stolje\u0107a. Iako je ve\u0107i dio \u017eivota proveo izvan rodnoga mjesta, Tisno je ostalo sna\u017ean izvor nadahnu\u0107a za njegova djela.<\/p><p>Umjetni\u010dki koncept ove intervencije osmislio je na\u010delnik Op\u0107ine Tisno, \u00a0Kristijan Jareb, dok je autor bron\u010danog reljefa cipela Teo Bau\u010di\u0107, \u010dlan Hrvatskog udru\u017eenja likovnih umjetnika iz Splita. Uz cipele Vjekoslava Kaleba nalaze se i cipele drugih istaknutih Ti\u0161njana \u2013 Milana Me\u0161trova, \u0160ime Mazzure i \u0160ime Vla\u0161i\u0107a \u2013 koje podsje\u0107aju na njihove \u017eivotne puteve i doprinos zajednici.<\/p><\/div><\/div>\t\t\t\t\t\t\t\t<\/div>\n\t\t\t\t<\/div>\n\t\t\t\t<\/div>\n\t\t<div class=\"elementor-element elementor-element-0a3c4b6 e-con-full e-flex wpr-particle-no wpr-jarallax-no wpr-parallax-no wpr-sticky-section-no wpr-equal-height-no e-con e-child\" data-id=\"0a3c4b6\" data-element_type=\"container\" data-e-type=\"container\">\n\t\t\t\t<div class=\"elementor-element elementor-element-b4f48f3 elementor-widget elementor-widget-image\" data-id=\"b4f48f3\" data-element_type=\"widget\" data-e-type=\"widget\" data-widget_type=\"image.default\">\n\t\t\t\t<div class=\"elementor-widget-container\">\n\t\t\t\t\t\t\t\t\t\t\t\t\t\t\t<img fetchpriority=\"high\" decoding=\"async\" width=\"800\" height=\"600\" src=\"https:\/\/ivinj.com\/wp-content\/uploads\/2026\/04\/Argonauta-Ivinj-VKCipele.jpg\" class=\"attachment-full size-full wp-image-6037\" alt=\"\" srcset=\"https:\/\/ivinj.com\/wp-content\/uploads\/2026\/04\/Argonauta-Ivinj-VKCipele.jpg 800w, https:\/\/ivinj.com\/wp-content\/uploads\/2026\/04\/Argonauta-Ivinj-VKCipele-300x225.jpg 300w, https:\/\/ivinj.com\/wp-content\/uploads\/2026\/04\/Argonauta-Ivinj-VKCipele-768x576.jpg 768w, https:\/\/ivinj.com\/wp-content\/uploads\/2026\/04\/Argonauta-Ivinj-VKCipele-16x12.jpg 16w\" sizes=\"(max-width: 800px) 100vw, 800px\" \/>\t\t\t\t\t\t\t\t\t\t\t\t\t\t\t<\/div>\n\t\t\t\t<\/div>\n\t\t\t\t<div class=\"elementor-element elementor-element-b06b007 elementor-widget-tablet__width-inherit elementor-widget elementor-widget-text-editor\" data-id=\"b06b007\" data-element_type=\"widget\" data-e-type=\"widget\" data-widget_type=\"text-editor.default\">\n\t\t\t\t<div class=\"elementor-widget-container\">\n\t\t\t\t\t\t\t\t\t<div dir=\"ltr\"><div dir=\"ltr\"><p><em>\u201eJesam li pjesnik, \u0161to misli\u0161?<\/em><br \/>\u2014 Po nogama bi mogao biti.<br \/>\u2014 Je li tako?!<br \/>\u2014 To je vidljivo i iz daleka.<br \/>\u2014 Nastavimo put po zemlji.\u201c<\/p><p>Vjekoslav Kaleb, <em><strong>Divota pra\u0161ine<\/strong><\/em><\/p><\/div><\/div>\t\t\t\t\t\t\t\t<\/div>\n\t\t\t\t<\/div>\n\t\t\t\t<\/div>\n\t\t\t\t\t<\/div>\n\t\t\t\t<\/div>\n\t\t<div class=\"elementor-element elementor-element-e02bb53 e-flex e-con-boxed wpr-particle-no wpr-jarallax-no wpr-parallax-no wpr-sticky-section-no wpr-equal-height-no e-con e-child\" data-id=\"e02bb53\" data-element_type=\"container\" data-e-type=\"container\" data-settings=\"{&quot;background_background&quot;:&quot;classic&quot;}\">\n\t\t\t\t\t<div class=\"e-con-inner\">\n\t\t<div class=\"elementor-element elementor-element-67d8510 e-con-full e-flex wpr-particle-no wpr-jarallax-no wpr-parallax-no wpr-sticky-section-no wpr-equal-height-no e-con e-child\" data-id=\"67d8510\" data-element_type=\"container\" data-e-type=\"container\">\n\t\t<div class=\"elementor-element elementor-element-26d4f03 e-con-full e-flex wpr-particle-no wpr-jarallax-no wpr-parallax-no wpr-sticky-section-no wpr-equal-height-no e-con e-child\" data-id=\"26d4f03\" data-element_type=\"container\" data-e-type=\"container\">\n\t\t\t\t<div class=\"elementor-element elementor-element-5f51bb4 elementor-widget elementor-widget-heading\" data-id=\"5f51bb4\" data-element_type=\"widget\" data-e-type=\"widget\" data-widget_type=\"heading.default\">\n\t\t\t\t<div class=\"elementor-widget-container\">\n\t\t\t\t\t<h4 class=\"elementor-heading-title elementor-size-default\">Zadatak za u\u010denike<\/h4>\t\t\t\t<\/div>\n\t\t\t\t<\/div>\n\t\t\t\t<div class=\"elementor-element elementor-element-8c6e90d elementor-widget elementor-widget-text-editor\" data-id=\"8c6e90d\" data-element_type=\"widget\" data-e-type=\"widget\" data-widget_type=\"text-editor.default\">\n\t\t\t\t<div class=\"elementor-widget-container\">\n\t\t\t\t\t\t\t\t\t<p>\u0160to za vas zna\u010di &#8220;put&#8221;?<\/p>\t\t\t\t\t\t\t\t<\/div>\n\t\t\t\t<\/div>\n\t\t\t\t<\/div>\n\t\t<div class=\"elementor-element elementor-element-5352382 e-con-full e-flex wpr-particle-no wpr-jarallax-no wpr-parallax-no wpr-sticky-section-no wpr-equal-height-no e-con e-child\" data-id=\"5352382\" data-element_type=\"container\" data-e-type=\"container\">\n\t\t\t\t<\/div>\n\t\t\t\t<\/div>\n\t\t\t\t\t<\/div>\n\t\t\t\t<\/div>\n\t\t<div class=\"elementor-element elementor-element-7d2feb8 e-flex e-con-boxed wpr-particle-no wpr-jarallax-no wpr-parallax-no wpr-sticky-section-no wpr-equal-height-no e-con e-parent\" data-id=\"7d2feb8\" data-element_type=\"container\" data-e-type=\"container\" data-settings=\"{&quot;background_background&quot;:&quot;classic&quot;}\">\n\t\t\t\t\t<div class=\"e-con-inner\">\n\t\t\t\t<div class=\"elementor-element elementor-element-9d6223b elementor-widget elementor-widget-text-editor\" data-id=\"9d6223b\" data-element_type=\"widget\" data-e-type=\"widget\" data-widget_type=\"text-editor.default\">\n\t\t\t\t<div class=\"elementor-widget-container\">\n\t\t\t\t\t\t\t\t\t<p>Uputite se u <span style=\"text-decoration: underline;\"><a href=\"https:\/\/ivinj.com\/en\/tematske-setnje\/\">tematsku \u0161etnju<\/a><\/span> po Tisnom<\/p>\t\t\t\t\t\t\t\t<\/div>\n\t\t\t\t<\/div>\n\t\t<div class=\"elementor-element elementor-element-855da8a e-con-full e-flex wpr-particle-no wpr-jarallax-no wpr-parallax-no wpr-sticky-section-no wpr-equal-height-no e-con e-child\" data-id=\"855da8a\" data-element_type=\"container\" data-e-type=\"container\">\n\t\t<div class=\"elementor-element elementor-element-cd64b84 e-con-full e-flex wpr-particle-no wpr-jarallax-no wpr-parallax-no wpr-sticky-section-no wpr-equal-height-no e-con e-child\" data-id=\"cd64b84\" data-element_type=\"container\" data-e-type=\"container\">\n\t\t\t\t<div class=\"elementor-element elementor-element-f2292ce elementor-widget elementor-widget-html\" data-id=\"f2292ce\" data-element_type=\"widget\" data-e-type=\"widget\" data-widget_type=\"html.default\">\n\t\t\t\t<div class=\"elementor-widget-container\">\n\t\t\t\t\t<iframe src=\"https:\/\/www.google.com\/maps\/d\/u\/0\/embed?mid=1rTpj3L1CCuhZmFa6cv2jcaulKyBq39g&ehbc=2E312F&noprof=1\" width=\"640\" height=\"500\"><\/iframe>\t\t\t\t<\/div>\n\t\t\t\t<\/div>\n\t\t\t\t<\/div>\n\t\t\t\t<\/div>\n\t\t\t\t\t<\/div>\n\t\t\t\t<\/div>\n\t\t\t\t<\/div>","protected":false},"excerpt":{"rendered":"<p>Spomen-obilje\u017eje s cipelama NASLOVNICA Putovima Vjekoslava Kaleba Spomen-obilje\u017eje s cipelama Umjetni\u010dka intervencija u javnom prostoru, uzdignuti reljef u bronci koji prikazuje cipele kao simbol \u017eivotnog puta Vjekoslava Kaleba. Cipele u ovoj umjetni\u010dkoj interpretaciji nose sna\u017eno simboli\u010dko zna\u010denje. One predstavljaju \u010dovjekov hod kroz \u017eivot, tragove koje ostavljamo u prostoru i vremenu. U mnogim kulturama cipela ili njezino odsustvo ima duboko zna\u010denje. Cipele posve\u0107ene Vjekoslavu Kalebu simboliziraju njegov \u017eivotni i stvarala\u010dki put \u2013 od djetinjstva u Tisnom, preko \u0161kolovanja i u\u010diteljskog poziva, do knji\u017eevnog stvarala\u0161tva kojim je postao jedan od va\u017enih hrvatskih pripovjeda\u010da 20. stolje\u0107a. Iako je ve\u0107i dio \u017eivota proveo izvan rodnoga mjesta, Tisno je ostalo sna\u017ean izvor nadahnu\u0107a za njegova djela. Umjetni\u010dki koncept ove intervencije osmislio je na\u010delnik Op\u0107ine Tisno, \u00a0Kristijan Jareb, dok je autor bron\u010danog reljefa cipela Teo Bau\u010di\u0107, \u010dlan Hrvatskog udru\u017eenja likovnih umjetnika iz Splita. Uz cipele Vjekoslava Kaleba nalaze se i cipele drugih istaknutih Ti\u0161njana \u2013 Milana Me\u0161trova, \u0160ime Mazzure i \u0160ime Vla\u0161i\u0107a \u2013 koje podsje\u0107aju na njihove \u017eivotne puteve i doprinos zajednici. \u201eJesam li pjesnik, \u0161to misli\u0161?\u2014 Po nogama bi mogao biti.\u2014 Je li tako?!\u2014 To je vidljivo i iz daleka.\u2014 Nastavimo put po zemlji.\u201c Vjekoslav Kaleb, Divota pra\u0161ine Zadatak za u\u010denike \u0160to za vas zna\u010di &#8220;put&#8221;? Uputite se u tematsku \u0161etnju po Tisnom<\/p>","protected":false},"author":1,"featured_media":0,"parent":0,"menu_order":0,"comment_status":"closed","ping_status":"closed","template":"elementor_header_footer","meta":{"footnotes":""},"class_list":["post-6013","page","type-page","status-publish","hentry"],"_links":{"self":[{"href":"https:\/\/ivinj.com\/en\/wp-json\/wp\/v2\/pages\/6013","targetHints":{"allow":["GET"]}}],"collection":[{"href":"https:\/\/ivinj.com\/en\/wp-json\/wp\/v2\/pages"}],"about":[{"href":"https:\/\/ivinj.com\/en\/wp-json\/wp\/v2\/types\/page"}],"author":[{"embeddable":true,"href":"https:\/\/ivinj.com\/en\/wp-json\/wp\/v2\/users\/1"}],"replies":[{"embeddable":true,"href":"https:\/\/ivinj.com\/en\/wp-json\/wp\/v2\/comments?post=6013"}],"version-history":[{"count":13,"href":"https:\/\/ivinj.com\/en\/wp-json\/wp\/v2\/pages\/6013\/revisions"}],"predecessor-version":[{"id":6090,"href":"https:\/\/ivinj.com\/en\/wp-json\/wp\/v2\/pages\/6013\/revisions\/6090"}],"wp:attachment":[{"href":"https:\/\/ivinj.com\/en\/wp-json\/wp\/v2\/media?parent=6013"}],"curies":[{"name":"wp","href":"https:\/\/api.w.org\/{rel}","templated":true}]}}