{"id":6019,"date":"2026-04-15T13:10:59","date_gmt":"2026-04-15T13:10:59","guid":{"rendered":"https:\/\/ivinj.com\/?page_id=6019"},"modified":"2026-04-16T08:57:34","modified_gmt":"2026-04-16T08:57:34","slug":"rodna-kuca-vjekoslava-kaleba","status":"publish","type":"page","link":"https:\/\/ivinj.com\/en\/rodna-kuca-vjekoslava-kaleba\/","title":{"rendered":"Rodna ku\u0107a Vjekoslava Kaleba"},"content":{"rendered":"<div data-elementor-type=\"wp-page\" data-elementor-id=\"6019\" class=\"elementor elementor-6019\">\n\t\t\t\t<div class=\"elementor-element elementor-element-08a06cd e-flex e-con-boxed wpr-particle-no wpr-jarallax-no wpr-parallax-no wpr-sticky-section-no wpr-equal-height-no e-con e-parent\" data-id=\"08a06cd\" data-element_type=\"container\" data-e-type=\"container\" data-settings=\"{&quot;background_background&quot;:&quot;classic&quot;}\">\n\t\t\t\t\t<div class=\"e-con-inner\">\n\t\t\t\t<div class=\"elementor-element elementor-element-85c223d elementor-widget elementor-widget-page-title\" data-id=\"85c223d\" data-element_type=\"widget\" data-e-type=\"widget\" data-settings=\"{&quot;align_mobile&quot;:&quot;center&quot;}\" data-widget_type=\"page-title.default\">\n\t\t\t\t<div class=\"elementor-widget-container\">\n\t\t\t\t\t\t\t\n\t\t<div class=\"hfe-page-title hfe-page-title-wrapper elementor-widget-heading\">\n\n\t\t\t\t\t\t\t\t\t\t\t<a href=\"https:\/\/ivinj.com\/en\">\n\t\t\t\t\t\t<h2 class=\"elementor-heading-title elementor-size-default\">\n\t\t\t\t\t\t\t\t\n\t\t\t\tRodna ku\u0107a Vjekoslava Kaleba  \n\t\t\t<\/h2> \n\t\t\t\t\t\t\t\t\t<\/a>\n\t\t\t\t\t<\/div>\n\t\t\t\t\t\t<\/div>\n\t\t\t\t<\/div>\n\t\t\t\t<div class=\"elementor-element elementor-element-1a8446b elementor-widget elementor-widget-hfe-breadcrumbs-widget\" data-id=\"1a8446b\" data-element_type=\"widget\" data-e-type=\"widget\" data-widget_type=\"hfe-breadcrumbs-widget.default\">\n\t\t\t\t<div class=\"elementor-widget-container\">\n\t\t\t\t\t<nav aria-label=\"Breadcrumb\"><ul class=\"hfe-breadcrumbs hfe-breadcrumbs-show-home\"><li class=\"hfe-breadcrumbs-item hfe-breadcrumbs-first\"><span class=\"hfe-breadcrumbs-home-icon\"><\/span><a href=\"https:\/\/ivinj.com\/en\"><span class=\"hfe-breadcrumbs-text\">HOME PAGE<\/span><\/a><\/li><\/ul><\/nav>\t\t\t\t<\/div>\n\t\t\t\t<\/div>\n\t\t\t\t\t<\/div>\n\t\t\t\t<\/div>\n\t\t<div class=\"elementor-element elementor-element-3216eb1 e-flex e-con-boxed wpr-particle-no wpr-jarallax-no wpr-parallax-no wpr-sticky-section-no wpr-equal-height-no e-con e-parent\" data-id=\"3216eb1\" data-element_type=\"container\" data-e-type=\"container\" data-settings=\"{&quot;background_background&quot;:&quot;classic&quot;}\">\n\t\t\t\t\t<div class=\"e-con-inner\">\n\t\t<div class=\"elementor-element elementor-element-23a1b36 e-con-full e-flex wpr-particle-no wpr-jarallax-no wpr-parallax-no wpr-sticky-section-no wpr-equal-height-no e-con e-child\" data-id=\"23a1b36\" data-element_type=\"container\" data-e-type=\"container\">\n\t\t\t\t<div class=\"elementor-element elementor-element-bd59f19 aleft elementor-widget elementor-widget-wgl-double-heading\" data-id=\"bd59f19\" data-element_type=\"widget\" data-e-type=\"widget\" data-widget_type=\"wgl-double-heading.default\">\n\t\t\t\t<div class=\"elementor-widget-container\">\n\t\t\t\t\t<div class=\"wgl-double-heading\"><div class=\"dblh__subtitle\">Putovima Vjekoslava Kaleba<\/div><h3 class=\"dblh__title-wrapper\"><span class=\"dblh__title dblh__title-1\">Rodna ku\u0107a<br> Vjekoslava Kaleba<\/span><\/h3><\/div>\t\t\t\t<\/div>\n\t\t\t\t<\/div>\n\t\t\t\t<div class=\"elementor-element elementor-element-aca6e0c elementor-widget-tablet__width-inherit elementor-widget elementor-widget-text-editor\" data-id=\"aca6e0c\" data-element_type=\"widget\" data-e-type=\"widget\" data-widget_type=\"text-editor.default\">\n\t\t\t\t<div class=\"elementor-widget-container\">\n\t\t\t\t\t\t\t\t\t<p>U Tisnom je 27. rujna 1905. godine ro\u0111en Vjekoslav Kaleb, jedan od najva\u017enijih hrvatskih pripovjeda\u010da 20. stolje\u0107a. Vrijeme u\u010diteljevanja provedeno u selima dalmatinske zagore te oto\u010dnom i te\u017ea\u010dkom okru\u017eenju sna\u017eno je obilje\u017eilo njegov knji\u017eevni izraz. U svojim djelima \u010desto opisuje \u017eivot ljudi dalmatinskog kr\u0161a, siroma\u0161tvo, prirodu, ljudsku izdr\u017eljivost i unutarnje borbe pojedinca.<\/p><p>Na njegovoj rodnoj ku\u0107i postavljena je spomen-plo\u010da, sve\u010dano otkrivena po\u010detkom listopada 1996. godine, nekoliko mjeseci nakon njegove smrti. Otkrio ju je akademik Petar \u0160egedin.<\/p>\t\t\t\t\t\t\t\t<\/div>\n\t\t\t\t<\/div>\n\t\t\t\t<\/div>\n\t\t<div class=\"elementor-element elementor-element-8e694fb e-con-full e-flex wpr-particle-no wpr-jarallax-no wpr-parallax-no wpr-sticky-section-no wpr-equal-height-no e-con e-child\" data-id=\"8e694fb\" data-element_type=\"container\" data-e-type=\"container\">\n\t\t\t\t<div class=\"elementor-element elementor-element-08378c3 elementor-widget elementor-widget-image\" data-id=\"08378c3\" data-element_type=\"widget\" data-e-type=\"widget\" data-widget_type=\"image.default\">\n\t\t\t\t<div class=\"elementor-widget-container\">\n\t\t\t\t\t\t\t\t\t\t\t\t\t\t\t<img fetchpriority=\"high\" decoding=\"async\" width=\"600\" height=\"400\" src=\"https:\/\/ivinj.com\/wp-content\/uploads\/2026\/04\/Argonauta-Ivinj-RodnaKuca-600-400.jpg\" class=\"attachment-full size-full wp-image-5963\" alt=\"\" srcset=\"https:\/\/ivinj.com\/wp-content\/uploads\/2026\/04\/Argonauta-Ivinj-RodnaKuca-600-400.jpg 600w, https:\/\/ivinj.com\/wp-content\/uploads\/2026\/04\/Argonauta-Ivinj-RodnaKuca-600-400-300x200.jpg 300w, https:\/\/ivinj.com\/wp-content\/uploads\/2026\/04\/Argonauta-Ivinj-RodnaKuca-600-400-18x12.jpg 18w\" sizes=\"(max-width: 600px) 100vw, 600px\" \/>\t\t\t\t\t\t\t\t\t\t\t\t\t\t\t<\/div>\n\t\t\t\t<\/div>\n\t\t\t\t<\/div>\n\t\t\t\t\t<\/div>\n\t\t\t\t<\/div>\n\t\t<div class=\"elementor-element elementor-element-64651d4 e-flex e-con-boxed wpr-particle-no wpr-jarallax-no wpr-parallax-no wpr-sticky-section-no wpr-equal-height-no e-con e-parent\" data-id=\"64651d4\" data-element_type=\"container\" data-e-type=\"container\" data-settings=\"{&quot;background_background&quot;:&quot;classic&quot;}\">\n\t\t\t\t\t<div class=\"e-con-inner\">\n\t\t<div class=\"elementor-element elementor-element-dc38146 e-con-full e-flex wpr-particle-no wpr-jarallax-no wpr-parallax-no wpr-sticky-section-no wpr-equal-height-no e-con e-child\" data-id=\"dc38146\" data-element_type=\"container\" data-e-type=\"container\">\n\t\t\t\t<div class=\"elementor-element elementor-element-6338d51 elementor-widget elementor-widget-text-editor\" data-id=\"6338d51\" data-element_type=\"widget\" data-e-type=\"widget\" data-widget_type=\"text-editor.default\">\n\t\t\t\t<div class=\"elementor-widget-container\">\n\t\t\t\t\t\t\t\t\t<p>Vremenska crta \u017eivota\u00a0<\/p>\t\t\t\t\t\t\t\t<\/div>\n\t\t\t\t<\/div>\n\t\t\t\t<div class=\"elementor-element elementor-element-4fb990d elementor-widget elementor-widget-html\" data-id=\"4fb990d\" data-element_type=\"widget\" data-e-type=\"widget\" data-widget_type=\"html.default\">\n\t\t\t\t<div class=\"elementor-widget-container\">\n\t\t\t\t\t<style>\n  .htl-outer { overflow-x: auto; }\n  .htl { display: flex; align-items: flex-start; min-width: 900px; position: relative; }\n  .htl-line { position: absolute; top: 50px; left: 0rem; right: 0rem; height: 2px; background: #E96E53; z-index: 0; }\n  .htl-item { flex: 1; display: flex; flex-direction: column; align-items: center; position: relative; z-index: 1; padding: 0 8px; }\n  .htl-year { font-family: 'Bona Nova', serif; font-size: 24px; font-weight: 700; color: #E96E53; text-align: center;}\n  .htl-dot { width: 14px; height: 14px; border-radius: 50%; background: #E96E53; flex-shrink: 0; margin-bottom: 12px; }\n  .htl-card { background: #FCF8F4; border: 1.5px solid #E96E53; border-radius: 10px; padding: 10px 12px; font-size: 12.5px; line-height: 1.55; color: #2C2C2A; text-align: center; width: 100%; box-sizing: border-box; }\n  .htl-card em { font-style: italic; }\n<\/style>\n\n<div class=\"htl-outer\">\n  <div class=\"htl\">\n    <div class=\"htl-line\"><\/div>\n\n    <div class=\"htl-item\">\n      <div class=\"htl-year\">1905.<\/div>\n      <div class=\"htl-dot\"><\/div>\n      <div class=\"htl-card\">Ro\u0111en je u Tisnome 27. rujna. Od 1912. do 1918. polazio \u0161estogodi\u0161nju osnovnu \u0161kolu u Tisnomu. Maturirao 1924. u \u0160ibeniku, postao u\u010diteljem i o\u017eenio Anticu ro\u0111. Sarjanovi\u0107. Od 1924. do 1936. radio kao u\u010ditelj u Konjevratima, \u0160riokama, Le\u0107evici, Betini i Murteru.<\/div>\n    <\/div>\n\n    <div class=\"htl-item\">\n      <div class=\"htl-year\">1940.<\/div>\n      <div class=\"htl-dot\"><\/div>\n      <div class=\"htl-card\">Prvu zbirku novela <em>Na kamenju<\/em> objavio je 1940. Zbirka do\u017eivljava veliki uspjeh \u2014 po\u010dinje njegov knji\u017eevni put.<\/div>\n    <\/div>\n\n    <div class=\"htl-item\">\n      <div class=\"htl-year\">1961.<\/div>\n      <div class=\"htl-dot\"><\/div>\n      <div class=\"htl-card\">Postaje redoviti \u010dlan Hrvatske akademije znanosti i umjetnosti.<\/div>\n    <\/div>\n\n    <div class=\"htl-item\">\n      <div class=\"htl-year\">1986.<\/div>\n      <div class=\"htl-dot\"><\/div>\n      <div class=\"htl-card\">Dobitnik nagrade \"Vladimir Nazor\" za \u017eivotno djelo.<\/div>\n    <\/div>\n\n    <div class=\"htl-item\">\n      <div class=\"htl-year\">1996.<\/div>\n      <div class=\"htl-dot\"><\/div>\n      <div class=\"htl-card\">Povodom 90. ro\u0111endana odlikovan Redom Ante Star\u010devi\u0107a i Spomenicom Domovinske zahvalnosti. Preminuo 13. travnja u Zagrebu.<\/div>\n    <\/div>\n\n  <\/div>\n<\/div>\n\n<script>\ndocument.addEventListener('DOMContentLoaded', function() {\n  const slider = document.querySelector('.htl-outer');\n  if (!slider) return;\n  let isDown = false, startX, scrollLeft;\n\n  slider.addEventListener('mousedown', e => {\n    isDown = true;\n    slider.style.cursor = 'grabbing';\n    startX = e.pageX - slider.offsetLeft;\n    scrollLeft = slider.scrollLeft;\n  });\n  slider.addEventListener('mouseleave', () => { isDown = false; slider.style.cursor = 'grab'; });\n  slider.addEventListener('mouseup', () => { isDown = false; slider.style.cursor = 'grab'; });\n  slider.addEventListener('mousemove', e => {\n    if (!isDown) return;\n    e.preventDefault();\n    const x = e.pageX - slider.offsetLeft;\n    slider.scrollLeft = scrollLeft - (x - startX);\n  });\n\n  slider.style.cursor = 'grab';\n});\n<\/script>\t\t\t\t<\/div>\n\t\t\t\t<\/div>\n\t\t\t\t<\/div>\n\t\t\t\t\t<\/div>\n\t\t\t\t<\/div>\n\t\t<div class=\"elementor-element elementor-element-d795b59 e-flex e-con-boxed wpr-particle-no wpr-jarallax-no wpr-parallax-no wpr-sticky-section-no wpr-equal-height-no e-con e-child\" data-id=\"d795b59\" data-element_type=\"container\" data-e-type=\"container\" data-settings=\"{&quot;background_background&quot;:&quot;classic&quot;}\">\n\t\t\t\t\t<div class=\"e-con-inner\">\n\t\t<div class=\"elementor-element elementor-element-2259c05 e-con-full e-flex wpr-particle-no wpr-jarallax-no wpr-parallax-no wpr-sticky-section-no wpr-equal-height-no e-con e-child\" data-id=\"2259c05\" data-element_type=\"container\" data-e-type=\"container\">\n\t\t<div class=\"elementor-element elementor-element-b05b49b e-con-full e-flex wpr-particle-no wpr-jarallax-no wpr-parallax-no wpr-sticky-section-no wpr-equal-height-no e-con e-child\" data-id=\"b05b49b\" data-element_type=\"container\" data-e-type=\"container\">\n\t\t\t\t<div class=\"elementor-element elementor-element-c7388f4 elementor-widget elementor-widget-heading\" data-id=\"c7388f4\" data-element_type=\"widget\" data-e-type=\"widget\" data-widget_type=\"heading.default\">\n\t\t\t\t<div class=\"elementor-widget-container\">\n\t\t\t\t\t<h4 class=\"elementor-heading-title elementor-size-default\">Zadatak za u\u010denike<\/h4>\t\t\t\t<\/div>\n\t\t\t\t<\/div>\n\t\t\t\t<div class=\"elementor-element elementor-element-8565282 elementor-widget elementor-widget-text-editor\" data-id=\"8565282\" data-element_type=\"widget\" data-e-type=\"widget\" data-widget_type=\"text-editor.default\">\n\t\t\t\t<div class=\"elementor-widget-container\">\n\t\t\t\t\t\t\t\t\t<p>Zamisli da je Vjekoslav Kaleb postao slikar. Nacrtaj kako zami\u0161lja\u0161 prizor iz njegova rodnog Tisnog koji bi mo\u017eda naslikao.<\/p><p>Mo\u017ee\u0161 nacrtati: more i kamen, staru ku\u0107u ili cipele kao simbol puta.<\/p>\t\t\t\t\t\t\t\t<\/div>\n\t\t\t\t<\/div>\n\t\t\t\t<\/div>\n\t\t<div class=\"elementor-element elementor-element-5b9e8af e-con-full e-flex wpr-particle-no wpr-jarallax-no wpr-parallax-no wpr-sticky-section-no wpr-equal-height-no e-con e-child\" data-id=\"5b9e8af\" data-element_type=\"container\" data-e-type=\"container\">\n\t\t\t\t<div class=\"elementor-element elementor-element-760241d elementor-widget elementor-widget-heading\" data-id=\"760241d\" data-element_type=\"widget\" data-e-type=\"widget\" data-widget_type=\"heading.default\">\n\t\t\t\t<div class=\"elementor-widget-container\">\n\t\t\t\t\t<h4 class=\"elementor-heading-title elementor-size-default\">Jeste li znali?<\/h4>\t\t\t\t<\/div>\n\t\t\t\t<\/div>\n\t\t\t\t<div class=\"elementor-element elementor-element-02e2004 elementor-widget elementor-widget-text-editor\" data-id=\"02e2004\" data-element_type=\"widget\" data-e-type=\"widget\" data-widget_type=\"text-editor.default\">\n\t\t\t\t<div class=\"elementor-widget-container\">\n\t\t\t\t\t\t\t\t\t<p><span>Da je Vjekoslav Kaleb u mladosti \u017eelio postati slikar? Kaleb je cijeloga \u017eivota zadr\u017eao ljubav prema umjetnosti. <\/span><\/p><p><span>Osim \u0161to je postao poznat knji\u017eevnik, bavio se i slikarstvom.<\/span><\/p>\t\t\t\t\t\t\t\t<\/div>\n\t\t\t\t<\/div>\n\t\t\t\t<\/div>\n\t\t\t\t<\/div>\n\t\t\t\t\t<\/div>\n\t\t\t\t<\/div>\n\t\t<div class=\"elementor-element elementor-element-921d1f8 e-flex e-con-boxed wpr-particle-no wpr-jarallax-no wpr-parallax-no wpr-sticky-section-no wpr-equal-height-no e-con e-parent\" data-id=\"921d1f8\" data-element_type=\"container\" data-e-type=\"container\" data-settings=\"{&quot;background_background&quot;:&quot;classic&quot;}\">\n\t\t\t\t\t<div class=\"e-con-inner\">\n\t\t\t\t<div class=\"elementor-element elementor-element-e766308 elementor-widget elementor-widget-text-editor\" data-id=\"e766308\" data-element_type=\"widget\" data-e-type=\"widget\" data-widget_type=\"text-editor.default\">\n\t\t\t\t<div class=\"elementor-widget-container\">\n\t\t\t\t\t\t\t\t\t<p>Uputite se u <span style=\"text-decoration: underline;\"><a href=\"https:\/\/ivinj.com\/en\/tematske-setnje\/\">tematsku \u0161etnju<\/a><\/span> po Tisnom<\/p>\t\t\t\t\t\t\t\t<\/div>\n\t\t\t\t<\/div>\n\t\t<div class=\"elementor-element elementor-element-157c468 e-con-full e-flex wpr-particle-no wpr-jarallax-no wpr-parallax-no wpr-sticky-section-no wpr-equal-height-no e-con e-child\" data-id=\"157c468\" data-element_type=\"container\" data-e-type=\"container\">\n\t\t<div class=\"elementor-element elementor-element-dd29a25 e-con-full e-flex wpr-particle-no wpr-jarallax-no wpr-parallax-no wpr-sticky-section-no wpr-equal-height-no e-con e-child\" data-id=\"dd29a25\" data-element_type=\"container\" data-e-type=\"container\">\n\t\t\t\t<div class=\"elementor-element elementor-element-7f789d0 elementor-widget elementor-widget-html\" data-id=\"7f789d0\" data-element_type=\"widget\" data-e-type=\"widget\" data-widget_type=\"html.default\">\n\t\t\t\t<div class=\"elementor-widget-container\">\n\t\t\t\t\t<iframe src=\"https:\/\/www.google.com\/maps\/d\/u\/0\/embed?mid=1zfyOoD1XKvbLeyKJEGhWu-kws_ap27U&ehbc=2E312F&noprof=1\" width=\"640\" height=\"500\"><\/iframe>\t\t\t\t<\/div>\n\t\t\t\t<\/div>\n\t\t\t\t<\/div>\n\t\t\t\t<\/div>\n\t\t\t\t\t<\/div>\n\t\t\t\t<\/div>\n\t\t\t\t<\/div>","protected":false},"excerpt":{"rendered":"<p>Rodna ku\u0107a Vjekoslava Kaleba NASLOVNICA Putovima Vjekoslava Kaleba Rodna ku\u0107a Vjekoslava Kaleba U Tisnom je 27. rujna 1905. godine ro\u0111en Vjekoslav Kaleb, jedan od najva\u017enijih hrvatskih pripovjeda\u010da 20. stolje\u0107a. Vrijeme u\u010diteljevanja provedeno u selima dalmatinske zagore te oto\u010dnom i te\u017ea\u010dkom okru\u017eenju sna\u017eno je obilje\u017eilo njegov knji\u017eevni izraz. U svojim djelima \u010desto opisuje \u017eivot ljudi dalmatinskog kr\u0161a, siroma\u0161tvo, prirodu, ljudsku izdr\u017eljivost i unutarnje borbe pojedinca. Na njegovoj rodnoj ku\u0107i postavljena je spomen-plo\u010da, sve\u010dano otkrivena po\u010detkom listopada 1996. godine, nekoliko mjeseci nakon njegove smrti. Otkrio ju je akademik Petar \u0160egedin. Vremenska crta \u017eivota\u00a0 1905. Ro\u0111en je u Tisnome 27. rujna. Od 1912. do 1918. polazio \u0161estogodi\u0161nju osnovnu \u0161kolu u Tisnomu. Maturirao 1924. u \u0160ibeniku, postao u\u010diteljem i o\u017eenio Anticu ro\u0111. Sarjanovi\u0107. Od 1924. do 1936. radio kao u\u010ditelj u Konjevratima, \u0160riokama, Le\u0107evici, Betini i Murteru. 1940. Prvu zbirku novela Na kamenju objavio je 1940. Zbirka do\u017eivljava veliki uspjeh \u2014 po\u010dinje njegov knji\u017eevni put. 1961. Postaje redoviti \u010dlan Hrvatske akademije znanosti i umjetnosti. 1986. Dobitnik nagrade &#8220;Vladimir Nazor&#8221; za \u017eivotno djelo. 1996. Povodom 90. ro\u0111endana odlikovan Redom Ante Star\u010devi\u0107a i Spomenicom Domovinske zahvalnosti. Preminuo 13. travnja u Zagrebu. Zadatak za u\u010denike Zamisli da je Vjekoslav Kaleb postao slikar. Nacrtaj kako zami\u0161lja\u0161 prizor iz njegova rodnog Tisnog koji bi mo\u017eda naslikao. Mo\u017ee\u0161 nacrtati: more i kamen, staru ku\u0107u ili cipele kao simbol puta. Jeste li znali? Da je Vjekoslav Kaleb u mladosti \u017eelio postati slikar? Kaleb je cijeloga \u017eivota zadr\u017eao ljubav prema umjetnosti. Osim \u0161to je postao poznat knji\u017eevnik, bavio se i slikarstvom. Uputite se u tematsku \u0161etnju po Tisnom<\/p>","protected":false},"author":1,"featured_media":0,"parent":0,"menu_order":0,"comment_status":"closed","ping_status":"closed","template":"elementor_header_footer","meta":{"footnotes":""},"class_list":["post-6019","page","type-page","status-publish","hentry"],"_links":{"self":[{"href":"https:\/\/ivinj.com\/en\/wp-json\/wp\/v2\/pages\/6019","targetHints":{"allow":["GET"]}}],"collection":[{"href":"https:\/\/ivinj.com\/en\/wp-json\/wp\/v2\/pages"}],"about":[{"href":"https:\/\/ivinj.com\/en\/wp-json\/wp\/v2\/types\/page"}],"author":[{"embeddable":true,"href":"https:\/\/ivinj.com\/en\/wp-json\/wp\/v2\/users\/1"}],"replies":[{"embeddable":true,"href":"https:\/\/ivinj.com\/en\/wp-json\/wp\/v2\/comments?post=6019"}],"version-history":[{"count":22,"href":"https:\/\/ivinj.com\/en\/wp-json\/wp\/v2\/pages\/6019\/revisions"}],"predecessor-version":[{"id":6093,"href":"https:\/\/ivinj.com\/en\/wp-json\/wp\/v2\/pages\/6019\/revisions\/6093"}],"wp:attachment":[{"href":"https:\/\/ivinj.com\/en\/wp-json\/wp\/v2\/media?parent=6019"}],"curies":[{"name":"wp","href":"https:\/\/api.w.org\/{rel}","templated":true}]}}